{"id":9052,"date":"2016-08-29T09:57:37","date_gmt":"2016-08-29T13:57:37","guid":{"rendered":"https:\/\/www.imtbike.com\/self-guided-tours-2\/"},"modified":"2025-05-23T05:17:08","modified_gmt":"2025-05-23T09:17:08","slug":"tours-autoguiados","status":"publish","type":"page","link":"https:\/\/www.imtbike.com\/pt-br\/tours-autoguiados\/","title":{"rendered":"Autoguiados"},"content":{"rendered":"<div class=\"right grid_4 hide-for-small\" style=\"margin-bottom: 20px;\">\n<div class=\"left full brochure\">\n<div class=\"image lightGreyBG left\"><a href=\"https:\/\/www.imtbike.com\/be\/wp-content\/uploads\/2025\/05\/Tours-em-moto-Autoguiados-IMTBIKE-mayo.pdf\" target=\"_blank\" rel=\"noopener\"><img decoding=\"async\" loading=\"lazy\" class=\"left full\" src=\"https:\/\/www.imtbike.com\/be\/wp-content\/themes\/IMTNew\/images\/TourPageGraphics\/pdf.png\" alt=\"Descarregue o folheto\" width=\"502\" height=\"511\" \/><\/a><\/div>\n<div class=\"imageText lightGreyBG left horizontalSpacer verticalSpacer\" style=\"padding-left: 1em !important; padding-right: 1em !important;\">\n<h3><a class=\"blue\" style=\"color: #33383e !important;\" href=\"https:\/\/www.imtbike.com\/be\/wp-content\/uploads\/2025\/05\/Tours-em-moto-Autoguiados-IMTBIKE-mayo.pdf\" target=\"_blank\" rel=\"noopener\">Descarregue o folheto<\/a><\/h3>\n<\/div>\n<\/div>\n<\/div>\n<p><strong>Ter a liberdade de pilotar e escolher seu ritmo viagem e ainda poder contar com o conforto de um planejamento de hospedagem e sugest\u00e3o de rotas \u2013 IMTBIKE Self-Guided Tours foi feito pensando em voc\u00ea. <\/strong><\/p>\n<p>N\u00f3s na IMTBIKE cuidaremos de todos os detalhes de seu tour: reservas de hot\u00e9is, manual de viagem, mapas Michelin e um GPS formatado para sua rota. Al\u00e9m disso, um Guia IMTBIKE far\u00e1 uma reuni\u00e3o de briefing em sua chegada e ainda estaremos dispon\u00edveis por telefone para qualquer duvida durante sua viagem.<\/p>\n<p><a href=\"https:\/\/www.imtbike.com\/pt-br\/tours-autoguiados\/autoguiados-booking\/\">Comence seu\u00a0Autoguiado agora \u2192<\/a><\/p>\n<div class=\"tborder fullLength\" style=\"padding-top: 40px; margin-top: 40px;\">\n<p><strong>Itens inclu\u00eddos no Self-Guided Tour<\/strong><\/p>\n<div class=\"grid_6\">\n<ul>\n<li style=\"text-align: left;\">Hospedagem em hot\u00e9is incr\u00edveis<\/li>\n<li style=\"text-align: left;\">Novos modelos BMW com 3 malas BMW<\/li>\n<li style=\"text-align: left;\">GPS para o l\u00edder do grupo, pr\u00e9-carregado com as rotas di\u00e1rias<\/li>\n<li style=\"text-align: left;\">Mapas Michelin com sua rota e rotas alternativas<\/li>\n<li style=\"text-align: left;\">Briefing com um Guia IMTBIKE para conhecer todos os detalhes de seu tour<\/li>\n<li style=\"text-align: left;\">Manual detalhado de viagem digital com +\/- 50 p\u00e1ginas.<\/li>\n<\/ul>\n<\/div>\n<div class=\"grid_6\">\n<ul>\n<li style=\"text-align: left;\">Caf\u00e9 da manh\u00e3 completo todas as manh\u00e3s<\/li>\n<li style=\"text-align: left;\">Lista com recomenda\u00e7\u00e3o de Restaurantes &amp; Bares<\/li>\n<li style=\"text-align: left;\">Seguro Cobertura Total para motocicleta<\/li>\n<li style=\"text-align: left;\">Assist\u00eancia telef\u00f3nica 24 horas da IMTBIKE caso tenha alguma d\u00favida<\/li>\n<li style=\"text-align: left;\">Roadside Assistence BMW 24\/7 \u2013 assist\u00eancia oficial BMW<\/li>\n<li style=\"text-align: left;\">Kit Tour IMTBIKE<\/li>\n<li style=\"text-align: left;\">O valor do traslado do aeroporto est\u00e1 inclu\u00eddo no in\u00edcio do tour.<\/li>\n<\/ul>\n<\/div>\n<\/div>\n<div class=\"tborder fullLength clear\" style=\"padding-top: 20px; margin-top: 40px;\">\n<p><strong>N\u00e3o inclu\u00eddo:<\/strong> Passagem de avi\u00e3o, Gasolina, Refei\u00e7\u00f5es y Jantares.<\/p>\n<\/div>\n","protected":false},"excerpt":{"rendered":"<p><a href=\"https:\/\/www.imtbike.com\/be\/wp-content\/uploads\/2025\/05\/Tours-em-moto-Autoguiados-IMTBIKE-mayo.pdf\" target=\"_blank\" rel=\"noopener\"><img decoding=\"async\" loading=\"lazy\" class=\"left full\" src=\"https:\/\/www.imtbike.com\/be\/wp-content\/themes\/IMTNew\/images\/TourPageGraphics\/pdf.png\" alt=\"Descarregue o folheto\" width=\"502\" height=\"511\" \/><\/a><\/p>\n<p><a class=\"blue\" style=\"color: #33383e !important;\" href=\"https:\/\/www.imtbike.com\/be\/wp-content\/uploads\/2025\/05\/Tours-em-moto-Autoguiados-IMTBIKE-mayo.pdf\" target=\"_blank\" rel=\"noopener\">Descarregue o folheto<\/a><\/p>\n<p>Ter a liberdade de pilotar e escolher seu ritmo viagem e ainda poder contar com o conforto de um planejamento de hospedagem e sugest\u00e3o de rotas \u2013 IMTBIKE Self-Guided Tours foi feito pensando em voc\u00ea.<\/p>\n<p> <a class=\"read-more\" href=\"https:\/\/www.imtbike.com\/pt-br\/tours-autoguiados\/\"> Read More<\/a><\/p>\n","protected":false},"author":21,"featured_media":12358,"parent":0,"menu_order":0,"comment_status":"closed","ping_status":"closed","template":"","meta":{"footnotes":""},"acf":[],"yoast_head":"<!-- This site is optimized with the Yoast SEO plugin v22.6 - https:\/\/yoast.com\/wordpress\/plugins\/seo\/ -->\n<title>Autoguiados - IMTBike<\/title>\n<meta name=\"description\" content=\"Explore viagens de moto autoguiadas com a IMTBIKE! Rotas BMW pela Europa com liberdade total, suporte e trajetos profissionalmente desenhados.\" \/>\n<meta name=\"robots\" content=\"index, follow, max-snippet:-1, max-image-preview:large, max-video-preview:-1\" \/>\n<link rel=\"canonical\" href=\"https:\/\/www.imtbike.com\/pt-br\/tours-autoguiados\/\" \/>\n<meta property=\"og:locale\" content=\"pt_BR\" \/>\n<meta property=\"og:type\" content=\"article\" \/>\n<meta property=\"og:title\" content=\"Autoguiados - IMTBike\" \/>\n<meta property=\"og:description\" content=\"Explore viagens de moto autoguiadas com a IMTBIKE! Rotas BMW pela Europa com liberdade total, suporte e trajetos profissionalmente desenhados.\" \/>\n<meta property=\"og:url\" content=\"https:\/\/www.imtbike.com\/pt-br\/tours-autoguiados\/\" \/>\n<meta property=\"og:site_name\" content=\"IMTBike\" \/>\n<meta property=\"article:modified_time\" content=\"2025-05-23T09:17:08+00:00\" \/>\n<meta property=\"og:image\" content=\"https:\/\/www.imtbike.com\/be\/wp-content\/uploads\/2016\/08\/Self-guided-1.jpg\" \/>\n\t<meta property=\"og:image:width\" content=\"1198\" \/>\n\t<meta property=\"og:image:height\" content=\"449\" \/>\n\t<meta property=\"og:image:type\" content=\"image\/jpeg\" \/>\n<meta name=\"twitter:label1\" content=\"Est. reading time\" \/>\n\t<meta name=\"twitter:data1\" content=\"2 minutes\" \/>\n<script type=\"application\/ld+json\" class=\"yoast-schema-graph\">{\"@context\":\"https:\/\/schema.org\",\"@graph\":[{\"@type\":\"WebPage\",\"@id\":\"https:\/\/www.imtbike.com\/pt-br\/tours-autoguiados\/\",\"url\":\"https:\/\/www.imtbike.com\/pt-br\/tours-autoguiados\/\",\"name\":\"Autoguiados - IMTBike\",\"isPartOf\":{\"@id\":\"https:\/\/www.imtbike.com\/#website\"},\"primaryImageOfPage\":{\"@id\":\"https:\/\/www.imtbike.com\/pt-br\/tours-autoguiados\/#primaryimage\"},\"image\":{\"@id\":\"https:\/\/www.imtbike.com\/pt-br\/tours-autoguiados\/#primaryimage\"},\"thumbnailUrl\":\"https:\/\/www.imtbike.com\/be\/wp-content\/uploads\/2016\/08\/Self-guided-1.jpg\",\"datePublished\":\"2016-08-29T13:57:37+00:00\",\"dateModified\":\"2025-05-23T09:17:08+00:00\",\"description\":\"Explore viagens de moto autoguiadas com a IMTBIKE! Rotas BMW pela Europa com liberdade total, suporte e trajetos profissionalmente desenhados.\",\"breadcrumb\":{\"@id\":\"https:\/\/www.imtbike.com\/pt-br\/tours-autoguiados\/#breadcrumb\"},\"inLanguage\":\"pt-BR\",\"potentialAction\":[{\"@type\":\"ReadAction\",\"target\":[\"https:\/\/www.imtbike.com\/pt-br\/tours-autoguiados\/\"]}]},{\"@type\":\"ImageObject\",\"inLanguage\":\"pt-BR\",\"@id\":\"https:\/\/www.imtbike.com\/pt-br\/tours-autoguiados\/#primaryimage\",\"url\":\"https:\/\/www.imtbike.com\/be\/wp-content\/uploads\/2016\/08\/Self-guided-1.jpg\",\"contentUrl\":\"https:\/\/www.imtbike.com\/be\/wp-content\/uploads\/2016\/08\/Self-guided-1.jpg\",\"width\":1198,\"height\":449},{\"@type\":\"BreadcrumbList\",\"@id\":\"https:\/\/www.imtbike.com\/pt-br\/tours-autoguiados\/#breadcrumb\",\"itemListElement\":[{\"@type\":\"ListItem\",\"position\":1,\"name\":\"Home\",\"item\":\"https:\/\/www.imtbike.com\/\"},{\"@type\":\"ListItem\",\"position\":2,\"name\":\"Autoguiados\"}]},{\"@type\":\"WebSite\",\"@id\":\"https:\/\/www.imtbike.com\/#website\",\"url\":\"https:\/\/www.imtbike.com\/\",\"name\":\"IMTBike\",\"description\":\"Passion for Motorcycling\",\"potentialAction\":[{\"@type\":\"SearchAction\",\"target\":{\"@type\":\"EntryPoint\",\"urlTemplate\":\"https:\/\/www.imtbike.com\/?s={search_term_string}\"},\"query-input\":\"required name=search_term_string\"}],\"inLanguage\":\"pt-BR\"}]}<\/script>\n<!-- \/ Yoast SEO plugin. -->","yoast_head_json":{"title":"Autoguiados - IMTBike","description":"Explore viagens de moto autoguiadas com a IMTBIKE! Rotas BMW pela Europa com liberdade total, suporte e trajetos profissionalmente desenhados.","robots":{"index":"index","follow":"follow","max-snippet":"max-snippet:-1","max-image-preview":"max-image-preview:large","max-video-preview":"max-video-preview:-1"},"canonical":"https:\/\/www.imtbike.com\/pt-br\/tours-autoguiados\/","og_locale":"pt_BR","og_type":"article","og_title":"Autoguiados - IMTBike","og_description":"Explore viagens de moto autoguiadas com a IMTBIKE! Rotas BMW pela Europa com liberdade total, suporte e trajetos profissionalmente desenhados.","og_url":"https:\/\/www.imtbike.com\/pt-br\/tours-autoguiados\/","og_site_name":"IMTBike","article_modified_time":"2025-05-23T09:17:08+00:00","og_image":[{"width":1198,"height":449,"url":"https:\/\/www.imtbike.com\/be\/wp-content\/uploads\/2016\/08\/Self-guided-1.jpg","type":"image\/jpeg"}],"twitter_misc":{"Est. reading time":"2 minutes"},"schema":{"@context":"https:\/\/schema.org","@graph":[{"@type":"WebPage","@id":"https:\/\/www.imtbike.com\/pt-br\/tours-autoguiados\/","url":"https:\/\/www.imtbike.com\/pt-br\/tours-autoguiados\/","name":"Autoguiados - IMTBike","isPartOf":{"@id":"https:\/\/www.imtbike.com\/#website"},"primaryImageOfPage":{"@id":"https:\/\/www.imtbike.com\/pt-br\/tours-autoguiados\/#primaryimage"},"image":{"@id":"https:\/\/www.imtbike.com\/pt-br\/tours-autoguiados\/#primaryimage"},"thumbnailUrl":"https:\/\/www.imtbike.com\/be\/wp-content\/uploads\/2016\/08\/Self-guided-1.jpg","datePublished":"2016-08-29T13:57:37+00:00","dateModified":"2025-05-23T09:17:08+00:00","description":"Explore viagens de moto autoguiadas com a IMTBIKE! Rotas BMW pela Europa com liberdade total, suporte e trajetos profissionalmente desenhados.","breadcrumb":{"@id":"https:\/\/www.imtbike.com\/pt-br\/tours-autoguiados\/#breadcrumb"},"inLanguage":"pt-BR","potentialAction":[{"@type":"ReadAction","target":["https:\/\/www.imtbike.com\/pt-br\/tours-autoguiados\/"]}]},{"@type":"ImageObject","inLanguage":"pt-BR","@id":"https:\/\/www.imtbike.com\/pt-br\/tours-autoguiados\/#primaryimage","url":"https:\/\/www.imtbike.com\/be\/wp-content\/uploads\/2016\/08\/Self-guided-1.jpg","contentUrl":"https:\/\/www.imtbike.com\/be\/wp-content\/uploads\/2016\/08\/Self-guided-1.jpg","width":1198,"height":449},{"@type":"BreadcrumbList","@id":"https:\/\/www.imtbike.com\/pt-br\/tours-autoguiados\/#breadcrumb","itemListElement":[{"@type":"ListItem","position":1,"name":"Home","item":"https:\/\/www.imtbike.com\/"},{"@type":"ListItem","position":2,"name":"Autoguiados"}]},{"@type":"WebSite","@id":"https:\/\/www.imtbike.com\/#website","url":"https:\/\/www.imtbike.com\/","name":"IMTBike","description":"Passion for Motorcycling","potentialAction":[{"@type":"SearchAction","target":{"@type":"EntryPoint","urlTemplate":"https:\/\/www.imtbike.com\/?s={search_term_string}"},"query-input":"required name=search_term_string"}],"inLanguage":"pt-BR"}]}},"jetpack_sharing_enabled":true,"_links":{"self":[{"href":"https:\/\/www.imtbike.com\/pt-br\/wp-json\/wp\/v2\/pages\/9052"}],"collection":[{"href":"https:\/\/www.imtbike.com\/pt-br\/wp-json\/wp\/v2\/pages"}],"about":[{"href":"https:\/\/www.imtbike.com\/pt-br\/wp-json\/wp\/v2\/types\/page"}],"author":[{"embeddable":true,"href":"https:\/\/www.imtbike.com\/pt-br\/wp-json\/wp\/v2\/users\/21"}],"replies":[{"embeddable":true,"href":"https:\/\/www.imtbike.com\/pt-br\/wp-json\/wp\/v2\/comments?post=9052"}],"version-history":[{"count":10,"href":"https:\/\/www.imtbike.com\/pt-br\/wp-json\/wp\/v2\/pages\/9052\/revisions"}],"predecessor-version":[{"id":46407,"href":"https:\/\/www.imtbike.com\/pt-br\/wp-json\/wp\/v2\/pages\/9052\/revisions\/46407"}],"wp:featuredmedia":[{"embeddable":true,"href":"https:\/\/www.imtbike.com\/pt-br\/wp-json\/wp\/v2\/media\/12358"}],"wp:attachment":[{"href":"https:\/\/www.imtbike.com\/pt-br\/wp-json\/wp\/v2\/media?parent=9052"}],"curies":[{"name":"wp","href":"https:\/\/api.w.org\/{rel}","templated":true}]}}