{"id":9050,"date":"2016-09-01T13:50:18","date_gmt":"2016-09-01T17:50:18","guid":{"rendered":"https:\/\/www.imtbike.com\/self-guided-booking-2\/"},"modified":"2025-05-23T05:37:30","modified_gmt":"2025-05-23T09:37:30","slug":"autoguiados-booking","status":"publish","type":"page","link":"https:\/\/www.imtbike.com\/pt-br\/tours-autoguiados\/autoguiados-booking\/","title":{"rendered":"Reserva de Tours Autoguiados"},"content":{"rendered":"<div class=\"right grid_4 hide-for-small\" style=\"margin-bottom: 20px;\">\n<div class=\"left full brochure\">\n<div class=\"image lightGreyBG left\"><a href=\"https:\/\/www.imtbike.com\/be\/wp-content\/uploads\/2023\/12\/Tours-em-moto-Autoguiados-IMTBIKE.pdf\" target=\"_blank\" rel=\"noopener\"><img decoding=\"async\" loading=\"lazy\" class=\"left full\" src=\"https:\/\/www.imtbike.com\/be\/wp-content\/themes\/IMT\/images\/TourPageGraphics\/pdf.png\" alt=\"Descarregue o folheto\" width=\"502\" height=\"511\" \/><\/a><\/div>\n<div class=\"imageText lightGreyBG left horizontalSpacer verticalSpacer\" style=\"padding-left: 1em !important; padding-right: 1em !important;\">\n<h3\n\n\n<h3><a class=\"blue\" style=\"color: #33383e !important;\" href=\"https:\/\/www.imtbike.com\/be\/wp-content\/uploads\/2023\/12\/Tours-em-moto-Autoguiados-IMTBIKE.pdf\" target=\"_blank\" rel=\"noopener\">Descarregue o folheto<\/a><\/h3>\n<\/div>\n<\/div>\n<\/div>\n<p><strong>Gosta da liberdade de conduzir por si mesmo mas tamb\u00e9m gosta do conforto de ter todos os pequenos detalhes organizados para si (como hot\u00e9is excelentes e rotas incr\u00edveis?) Se sim, os Tours Autoguiados da IMTBIKE s\u00e3o para si!<\/strong><\/p>\n<p>A IMTBIKE encarrega-se de todas as reservas de hot\u00e9is e restaurantes, prepara-lhe um detalhado livro de rota e fornece-lhe mapas Michelin. Alem disso proporciona-lhe um GPS Garmin para o tour com as rotas di\u00e1rias e os destinos j\u00e1 introduzidos. Um guia IMTBIKE vai-lhe dar as boas vindas e far\u00e1 um \u201cbriefing\u201d onde lhe explicar\u00e1 todos os detalhes da rota, e estaremos sempre \u00e1 dist\u00e2ncia de um telefonema para o caso de ter alguma d\u00favida. Se conduzir por sua conta \u00e9 a forma como mais gosta de percorrer quil\u00f3metros em moto, os nossos tours Autoguiados s\u00e3o exatamente o que est\u00e1 \u00e0 procura!<\/p>\n","protected":false},"excerpt":{"rendered":"<p><a href=\"https:\/\/www.imtbike.com\/be\/wp-content\/uploads\/2023\/12\/Tours-em-moto-Autoguiados-IMTBIKE.pdf\" target=\"_blank\" rel=\"noopener\"><img decoding=\"async\" loading=\"lazy\" class=\"left full\" src=\"https:\/\/www.imtbike.com\/be\/wp-content\/themes\/IMT\/images\/TourPageGraphics\/pdf.png\" alt=\"Descarregue o folheto\" width=\"502\" height=\"511\" \/><\/a> <a class=\"read-more\" href=\"https:\/\/www.imtbike.com\/pt-br\/tours-autoguiados\/autoguiados-booking\/\"> Read More<\/a><\/p>\n","protected":false},"author":21,"featured_media":0,"parent":9052,"menu_order":0,"comment_status":"closed","ping_status":"closed","template":"","meta":{"footnotes":""},"acf":[],"yoast_head":"<!-- This site is optimized with the Yoast SEO plugin v22.6 - https:\/\/yoast.com\/wordpress\/plugins\/seo\/ -->\n<title>Reserva de Tours Autoguiados - IMTBike<\/title>\n<meta name=\"description\" content=\"Reserve sua viagem autoguiada com a IMTBIKE! Aventura de moto BMW com roteiros profissionais, liberdade total e suporte especializado.\" \/>\n<meta name=\"robots\" content=\"index, follow, max-snippet:-1, max-image-preview:large, max-video-preview:-1\" \/>\n<link rel=\"canonical\" href=\"https:\/\/www.imtbike.com\/pt-br\/tours-autoguiados\/autoguiados-booking\/\" \/>\n<meta property=\"og:locale\" content=\"pt_BR\" \/>\n<meta property=\"og:type\" content=\"article\" \/>\n<meta property=\"og:title\" content=\"Reserva de Tours Autoguiados - IMTBike\" \/>\n<meta property=\"og:description\" content=\"Reserve sua viagem autoguiada com a IMTBIKE! Aventura de moto BMW com roteiros profissionais, liberdade total e suporte especializado.\" \/>\n<meta property=\"og:url\" content=\"https:\/\/www.imtbike.com\/pt-br\/tours-autoguiados\/autoguiados-booking\/\" \/>\n<meta property=\"og:site_name\" content=\"IMTBike\" \/>\n<meta property=\"article:modified_time\" content=\"2025-05-23T09:37:30+00:00\" \/>\n<meta property=\"og:image\" content=\"https:\/\/www.imtbike.com\/be\/wp-content\/themes\/IMT\/images\/TourPageGraphics\/pdf.png\" \/>\n<meta name=\"twitter:label1\" content=\"Est. reading time\" \/>\n\t<meta name=\"twitter:data1\" content=\"1 minute\" \/>\n<script type=\"application\/ld+json\" class=\"yoast-schema-graph\">{\"@context\":\"https:\/\/schema.org\",\"@graph\":[{\"@type\":\"WebPage\",\"@id\":\"https:\/\/www.imtbike.com\/pt-br\/tours-autoguiados\/autoguiados-booking\/\",\"url\":\"https:\/\/www.imtbike.com\/pt-br\/tours-autoguiados\/autoguiados-booking\/\",\"name\":\"Reserva de Tours Autoguiados - IMTBike\",\"isPartOf\":{\"@id\":\"https:\/\/www.imtbike.com\/#website\"},\"primaryImageOfPage\":{\"@id\":\"https:\/\/www.imtbike.com\/pt-br\/tours-autoguiados\/autoguiados-booking\/#primaryimage\"},\"image\":{\"@id\":\"https:\/\/www.imtbike.com\/pt-br\/tours-autoguiados\/autoguiados-booking\/#primaryimage\"},\"thumbnailUrl\":\"https:\/\/www.imtbike.com\/be\/wp-content\/themes\/IMT\/images\/TourPageGraphics\/pdf.png\",\"datePublished\":\"2016-09-01T17:50:18+00:00\",\"dateModified\":\"2025-05-23T09:37:30+00:00\",\"description\":\"Reserve sua viagem autoguiada com a IMTBIKE! Aventura de moto BMW com roteiros profissionais, liberdade total e suporte especializado.\",\"breadcrumb\":{\"@id\":\"https:\/\/www.imtbike.com\/pt-br\/tours-autoguiados\/autoguiados-booking\/#breadcrumb\"},\"inLanguage\":\"pt-BR\",\"potentialAction\":[{\"@type\":\"ReadAction\",\"target\":[\"https:\/\/www.imtbike.com\/pt-br\/tours-autoguiados\/autoguiados-booking\/\"]}]},{\"@type\":\"ImageObject\",\"inLanguage\":\"pt-BR\",\"@id\":\"https:\/\/www.imtbike.com\/pt-br\/tours-autoguiados\/autoguiados-booking\/#primaryimage\",\"url\":\"https:\/\/www.imtbike.com\/be\/wp-content\/themes\/IMT\/images\/TourPageGraphics\/pdf.png\",\"contentUrl\":\"https:\/\/www.imtbike.com\/be\/wp-content\/themes\/IMT\/images\/TourPageGraphics\/pdf.png\"},{\"@type\":\"BreadcrumbList\",\"@id\":\"https:\/\/www.imtbike.com\/pt-br\/tours-autoguiados\/autoguiados-booking\/#breadcrumb\",\"itemListElement\":[{\"@type\":\"ListItem\",\"position\":1,\"name\":\"Home\",\"item\":\"https:\/\/www.imtbike.com\/\"},{\"@type\":\"ListItem\",\"position\":2,\"name\":\"Autoguiados\",\"item\":\"https:\/\/www.imtbike.com\/pt-br\/tours-autoguiados\/\"},{\"@type\":\"ListItem\",\"position\":3,\"name\":\"Reserva de Tours Autoguiados\"}]},{\"@type\":\"WebSite\",\"@id\":\"https:\/\/www.imtbike.com\/#website\",\"url\":\"https:\/\/www.imtbike.com\/\",\"name\":\"IMTBike\",\"description\":\"Passion for Motorcycling\",\"potentialAction\":[{\"@type\":\"SearchAction\",\"target\":{\"@type\":\"EntryPoint\",\"urlTemplate\":\"https:\/\/www.imtbike.com\/?s={search_term_string}\"},\"query-input\":\"required name=search_term_string\"}],\"inLanguage\":\"pt-BR\"}]}<\/script>\n<!-- \/ Yoast SEO plugin. -->","yoast_head_json":{"title":"Reserva de Tours Autoguiados - IMTBike","description":"Reserve sua viagem autoguiada com a IMTBIKE! Aventura de moto BMW com roteiros profissionais, liberdade total e suporte especializado.","robots":{"index":"index","follow":"follow","max-snippet":"max-snippet:-1","max-image-preview":"max-image-preview:large","max-video-preview":"max-video-preview:-1"},"canonical":"https:\/\/www.imtbike.com\/pt-br\/tours-autoguiados\/autoguiados-booking\/","og_locale":"pt_BR","og_type":"article","og_title":"Reserva de Tours Autoguiados - IMTBike","og_description":"Reserve sua viagem autoguiada com a IMTBIKE! Aventura de moto BMW com roteiros profissionais, liberdade total e suporte especializado.","og_url":"https:\/\/www.imtbike.com\/pt-br\/tours-autoguiados\/autoguiados-booking\/","og_site_name":"IMTBike","article_modified_time":"2025-05-23T09:37:30+00:00","og_image":[{"url":"https:\/\/www.imtbike.com\/be\/wp-content\/themes\/IMT\/images\/TourPageGraphics\/pdf.png"}],"twitter_misc":{"Est. reading time":"1 minute"},"schema":{"@context":"https:\/\/schema.org","@graph":[{"@type":"WebPage","@id":"https:\/\/www.imtbike.com\/pt-br\/tours-autoguiados\/autoguiados-booking\/","url":"https:\/\/www.imtbike.com\/pt-br\/tours-autoguiados\/autoguiados-booking\/","name":"Reserva de Tours Autoguiados - IMTBike","isPartOf":{"@id":"https:\/\/www.imtbike.com\/#website"},"primaryImageOfPage":{"@id":"https:\/\/www.imtbike.com\/pt-br\/tours-autoguiados\/autoguiados-booking\/#primaryimage"},"image":{"@id":"https:\/\/www.imtbike.com\/pt-br\/tours-autoguiados\/autoguiados-booking\/#primaryimage"},"thumbnailUrl":"https:\/\/www.imtbike.com\/be\/wp-content\/themes\/IMT\/images\/TourPageGraphics\/pdf.png","datePublished":"2016-09-01T17:50:18+00:00","dateModified":"2025-05-23T09:37:30+00:00","description":"Reserve sua viagem autoguiada com a IMTBIKE! Aventura de moto BMW com roteiros profissionais, liberdade total e suporte especializado.","breadcrumb":{"@id":"https:\/\/www.imtbike.com\/pt-br\/tours-autoguiados\/autoguiados-booking\/#breadcrumb"},"inLanguage":"pt-BR","potentialAction":[{"@type":"ReadAction","target":["https:\/\/www.imtbike.com\/pt-br\/tours-autoguiados\/autoguiados-booking\/"]}]},{"@type":"ImageObject","inLanguage":"pt-BR","@id":"https:\/\/www.imtbike.com\/pt-br\/tours-autoguiados\/autoguiados-booking\/#primaryimage","url":"https:\/\/www.imtbike.com\/be\/wp-content\/themes\/IMT\/images\/TourPageGraphics\/pdf.png","contentUrl":"https:\/\/www.imtbike.com\/be\/wp-content\/themes\/IMT\/images\/TourPageGraphics\/pdf.png"},{"@type":"BreadcrumbList","@id":"https:\/\/www.imtbike.com\/pt-br\/tours-autoguiados\/autoguiados-booking\/#breadcrumb","itemListElement":[{"@type":"ListItem","position":1,"name":"Home","item":"https:\/\/www.imtbike.com\/"},{"@type":"ListItem","position":2,"name":"Autoguiados","item":"https:\/\/www.imtbike.com\/pt-br\/tours-autoguiados\/"},{"@type":"ListItem","position":3,"name":"Reserva de Tours Autoguiados"}]},{"@type":"WebSite","@id":"https:\/\/www.imtbike.com\/#website","url":"https:\/\/www.imtbike.com\/","name":"IMTBike","description":"Passion for Motorcycling","potentialAction":[{"@type":"SearchAction","target":{"@type":"EntryPoint","urlTemplate":"https:\/\/www.imtbike.com\/?s={search_term_string}"},"query-input":"required name=search_term_string"}],"inLanguage":"pt-BR"}]}},"jetpack_sharing_enabled":true,"_links":{"self":[{"href":"https:\/\/www.imtbike.com\/pt-br\/wp-json\/wp\/v2\/pages\/9050"}],"collection":[{"href":"https:\/\/www.imtbike.com\/pt-br\/wp-json\/wp\/v2\/pages"}],"about":[{"href":"https:\/\/www.imtbike.com\/pt-br\/wp-json\/wp\/v2\/types\/page"}],"author":[{"embeddable":true,"href":"https:\/\/www.imtbike.com\/pt-br\/wp-json\/wp\/v2\/users\/21"}],"replies":[{"embeddable":true,"href":"https:\/\/www.imtbike.com\/pt-br\/wp-json\/wp\/v2\/comments?post=9050"}],"version-history":[{"count":3,"href":"https:\/\/www.imtbike.com\/pt-br\/wp-json\/wp\/v2\/pages\/9050\/revisions"}],"predecessor-version":[{"id":42094,"href":"https:\/\/www.imtbike.com\/pt-br\/wp-json\/wp\/v2\/pages\/9050\/revisions\/42094"}],"up":[{"embeddable":true,"href":"https:\/\/www.imtbike.com\/pt-br\/wp-json\/wp\/v2\/pages\/9052"}],"wp:attachment":[{"href":"https:\/\/www.imtbike.com\/pt-br\/wp-json\/wp\/v2\/media?parent=9050"}],"curies":[{"name":"wp","href":"https:\/\/api.w.org\/{rel}","templated":true}]}}