{"id":4025,"date":"2014-02-10T11:01:01","date_gmt":"2014-02-10T16:01:01","guid":{"rendered":"https:\/\/www.imtbike.com\/?page_id=4025"},"modified":"2020-11-17T04:50:51","modified_gmt":"2020-11-17T09:50:51","slug":"condicoes-das-rewards_","status":"publish","type":"page","link":"https:\/\/www.imtbike.com\/pt-br\/footer-portuguese\/condicoes-das-rewards_\/","title":{"rendered":"Termos e condi\u00e7\u00f5es dos Rewards"},"content":{"rendered":"<p>A IMTBIKE se reserva o direito de alterar, modificar ou cancelar um ou todos os termos de seu programa de recompensas sem aviso pr\u00e9vio aos seus clientes.<\/p>\n<p>Da mesma forma, a IMTBIKE reserva-se o direito de n\u00e3o trocar pontos por recompensas a qualquer momento, se a IMTBIKE considerar que n\u00e3o pode faz\u00ea-lo.<\/p>\n<p>Se algum cliente IMTBIKE for considerado \u201cpersona non grata\u201d pela IMTBIKE, seus pontos ser\u00e3o automaticamente cancelados.<\/p>\n<p>Os pontos IMTBIKE Rewards n\u00e3o podem ser trocados por dinheiro.<\/p>\n<p>Os pontos IMTBIKE Rewards n\u00e3o podem ser usados nos nossos\u00a0Global Tours e n\u00e3o se ganham ao fazer os nossos\u00a0Global Tours.<\/p>\n<p>Todos os servi\u00e7os contratados pelo IMTBIKE Rewards Program est\u00e3o sujeitos aos TERMOS E CONDI\u00c7\u00d5ES gerais da IMTBIKE, publicados em sua p\u00e1gina web.<\/p>\n","protected":false},"excerpt":{"rendered":"<p>A IMTBIKE se reserva o direito de alterar, modificar ou cancelar um ou todos os termos de seu programa de recompensas sem aviso pr\u00e9vio aos seus clientes.<\/p>\n<p>Da mesma forma,<\/p>\n<p> <a class=\"read-more\" href=\"https:\/\/www.imtbike.com\/pt-br\/footer-portuguese\/condicoes-das-rewards_\/\"> Read More<\/a><\/p>\n","protected":false},"author":21,"featured_media":0,"parent":4011,"menu_order":0,"comment_status":"open","ping_status":"open","template":"","meta":{"footnotes":""},"acf":[],"yoast_head":"<!-- This site is optimized with the Yoast SEO plugin v22.6 - https:\/\/yoast.com\/wordpress\/plugins\/seo\/ -->\n<title>Termos e condi\u00e7\u00f5es dos Rewards - IMTBike<\/title>\n<meta name=\"robots\" content=\"index, follow, max-snippet:-1, max-image-preview:large, max-video-preview:-1\" \/>\n<link rel=\"canonical\" href=\"https:\/\/www.imtbike.com\/footer\/rewards-terms-conditions\/\" \/>\n<meta property=\"og:locale\" content=\"pt_BR\" \/>\n<meta property=\"og:type\" content=\"article\" \/>\n<meta property=\"og:title\" content=\"Termos e condi\u00e7\u00f5es dos Rewards - IMTBike\" \/>\n<meta property=\"og:description\" content=\"A IMTBIKE se reserva o direito de alterar, modificar ou cancelar um ou todos os termos de seu programa de recompensas sem aviso pr\u00e9vio aos seus clientes. Da mesma forma, Read More\" \/>\n<meta property=\"og:url\" content=\"https:\/\/www.imtbike.com\/footer\/rewards-terms-conditions\/\" \/>\n<meta property=\"og:site_name\" content=\"IMTBike\" \/>\n<meta property=\"article:modified_time\" content=\"2020-11-17T09:50:51+00:00\" \/>\n<meta property=\"og:image\" content=\"https:\/\/www.imtbike.com\/be\/wp-content\/uploads\/2016\/03\/default.jpg\" \/>\n<meta name=\"twitter:label1\" content=\"Est. reading time\" \/>\n\t<meta name=\"twitter:data1\" content=\"1 minute\" \/>\n<script type=\"application\/ld+json\" class=\"yoast-schema-graph\">{\"@context\":\"https:\/\/schema.org\",\"@graph\":[{\"@type\":\"WebPage\",\"@id\":\"https:\/\/www.imtbike.com\/footer\/rewards-terms-conditions\/\",\"url\":\"https:\/\/www.imtbike.com\/footer\/rewards-terms-conditions\/\",\"name\":\"Termos e condi\u00e7\u00f5es dos Rewards - IMTBike\",\"isPartOf\":{\"@id\":\"https:\/\/www.imtbike.com\/#website\"},\"datePublished\":\"2014-02-10T16:01:01+00:00\",\"dateModified\":\"2020-11-17T09:50:51+00:00\",\"breadcrumb\":{\"@id\":\"https:\/\/www.imtbike.com\/footer\/rewards-terms-conditions\/#breadcrumb\"},\"inLanguage\":\"pt-BR\",\"potentialAction\":[{\"@type\":\"ReadAction\",\"target\":[\"https:\/\/www.imtbike.com\/footer\/rewards-terms-conditions\/\"]}]},{\"@type\":\"BreadcrumbList\",\"@id\":\"https:\/\/www.imtbike.com\/footer\/rewards-terms-conditions\/#breadcrumb\",\"itemListElement\":[{\"@type\":\"ListItem\",\"position\":1,\"name\":\"Home\",\"item\":\"https:\/\/www.imtbike.com\/\"},{\"@type\":\"ListItem\",\"position\":2,\"name\":\"Footer &#8211; portuguese\",\"item\":\"https:\/\/www.imtbike.com\/footer\/\"},{\"@type\":\"ListItem\",\"position\":3,\"name\":\"Termos e condi\u00e7\u00f5es dos Rewards\"}]},{\"@type\":\"WebSite\",\"@id\":\"https:\/\/www.imtbike.com\/#website\",\"url\":\"https:\/\/www.imtbike.com\/\",\"name\":\"IMTBike\",\"description\":\"Passion for Motorcycling\",\"potentialAction\":[{\"@type\":\"SearchAction\",\"target\":{\"@type\":\"EntryPoint\",\"urlTemplate\":\"https:\/\/www.imtbike.com\/?s={search_term_string}\"},\"query-input\":\"required name=search_term_string\"}],\"inLanguage\":\"pt-BR\"}]}<\/script>\n<!-- \/ Yoast SEO plugin. -->","yoast_head_json":{"title":"Termos e condi\u00e7\u00f5es dos Rewards - IMTBike","robots":{"index":"index","follow":"follow","max-snippet":"max-snippet:-1","max-image-preview":"max-image-preview:large","max-video-preview":"max-video-preview:-1"},"canonical":"https:\/\/www.imtbike.com\/footer\/rewards-terms-conditions\/","og_locale":"pt_BR","og_type":"article","og_title":"Termos e condi\u00e7\u00f5es dos Rewards - IMTBike","og_description":"A IMTBIKE se reserva o direito de alterar, modificar ou cancelar um ou todos os termos de seu programa de recompensas sem aviso pr\u00e9vio aos seus clientes. Da mesma forma, Read More","og_url":"https:\/\/www.imtbike.com\/footer\/rewards-terms-conditions\/","og_site_name":"IMTBike","article_modified_time":"2020-11-17T09:50:51+00:00","og_image":[{"url":"https:\/\/www.imtbike.com\/be\/wp-content\/uploads\/2016\/03\/default.jpg"}],"twitter_misc":{"Est. reading time":"1 minute"},"schema":{"@context":"https:\/\/schema.org","@graph":[{"@type":"WebPage","@id":"https:\/\/www.imtbike.com\/footer\/rewards-terms-conditions\/","url":"https:\/\/www.imtbike.com\/footer\/rewards-terms-conditions\/","name":"Termos e condi\u00e7\u00f5es dos Rewards - IMTBike","isPartOf":{"@id":"https:\/\/www.imtbike.com\/#website"},"datePublished":"2014-02-10T16:01:01+00:00","dateModified":"2020-11-17T09:50:51+00:00","breadcrumb":{"@id":"https:\/\/www.imtbike.com\/footer\/rewards-terms-conditions\/#breadcrumb"},"inLanguage":"pt-BR","potentialAction":[{"@type":"ReadAction","target":["https:\/\/www.imtbike.com\/footer\/rewards-terms-conditions\/"]}]},{"@type":"BreadcrumbList","@id":"https:\/\/www.imtbike.com\/footer\/rewards-terms-conditions\/#breadcrumb","itemListElement":[{"@type":"ListItem","position":1,"name":"Home","item":"https:\/\/www.imtbike.com\/"},{"@type":"ListItem","position":2,"name":"Footer &#8211; portuguese","item":"https:\/\/www.imtbike.com\/footer\/"},{"@type":"ListItem","position":3,"name":"Termos e condi\u00e7\u00f5es dos Rewards"}]},{"@type":"WebSite","@id":"https:\/\/www.imtbike.com\/#website","url":"https:\/\/www.imtbike.com\/","name":"IMTBike","description":"Passion for Motorcycling","potentialAction":[{"@type":"SearchAction","target":{"@type":"EntryPoint","urlTemplate":"https:\/\/www.imtbike.com\/?s={search_term_string}"},"query-input":"required name=search_term_string"}],"inLanguage":"pt-BR"}]}},"jetpack_sharing_enabled":true,"_links":{"self":[{"href":"https:\/\/www.imtbike.com\/pt-br\/wp-json\/wp\/v2\/pages\/4025"}],"collection":[{"href":"https:\/\/www.imtbike.com\/pt-br\/wp-json\/wp\/v2\/pages"}],"about":[{"href":"https:\/\/www.imtbike.com\/pt-br\/wp-json\/wp\/v2\/types\/page"}],"author":[{"embeddable":true,"href":"https:\/\/www.imtbike.com\/pt-br\/wp-json\/wp\/v2\/users\/21"}],"replies":[{"embeddable":true,"href":"https:\/\/www.imtbike.com\/pt-br\/wp-json\/wp\/v2\/comments?post=4025"}],"version-history":[{"count":2,"href":"https:\/\/www.imtbike.com\/pt-br\/wp-json\/wp\/v2\/pages\/4025\/revisions"}],"predecessor-version":[{"id":24274,"href":"https:\/\/www.imtbike.com\/pt-br\/wp-json\/wp\/v2\/pages\/4025\/revisions\/24274"}],"up":[{"embeddable":true,"href":"https:\/\/www.imtbike.com\/pt-br\/wp-json\/wp\/v2\/pages\/4011"}],"wp:attachment":[{"href":"https:\/\/www.imtbike.com\/pt-br\/wp-json\/wp\/v2\/media?parent=4025"}],"curies":[{"name":"wp","href":"https:\/\/api.w.org\/{rel}","templated":true}]}}