{"id":4017,"date":"2014-02-10T11:01:26","date_gmt":"2014-02-10T16:01:26","guid":{"rendered":"https:\/\/www.imtbike.com\/?page_id=4017"},"modified":"2020-03-23T07:14:20","modified_gmt":"2020-03-23T11:14:20","slug":"seguro-de-cancelamento_","status":"publish","type":"page","link":"https:\/\/www.imtbike.com\/pt-br\/footer-portuguese\/seguro-de-cancelamento_\/","title":{"rendered":"Seguro de Cancelamento de Tours"},"content":{"rendered":"<h2><strong>Seguro de Cancelamento ou Interrup\u00e7\u00e3o de Viagem IMTBIKE<\/strong><\/h2>\n<p>A IMTBIKE SL. oferece um seguro de cancelamento ou interrup\u00e7\u00e3o de viagem. Os clientes que escolham esta op\u00e7\u00e3o podem receber um reembolso quando um cliente ou companheiro de viagem tem que cancelar ou interromper a viagem por raz\u00f5es cobertas pelo seguro.<\/p>\n<p>O seguro n\u00e3o cobre despesas que n\u00e3o tenham sido pagas \u00e0 IMTBike, tais como bilhetes de avi\u00e3o, ou despesas efetuadas antes do in\u00edcio ou depois do tour, tais como o pr\u00e9-pagamento de noites extra de hotel reservados pela IMTBike como cortesia.<\/p>\n<p>Este seguro s\u00f3 pode ser comprado no momento da reserva do tour. A IMTBike n\u00e3o aceita o pedido de compra desta op\u00e7\u00e3o de prote\u00e7\u00e3o depois do tour estar reservado. O seu passageiro ou colega de quarto ser\u00e1 considerado como companheiro de viagem. Se est\u00e1 num quarto individual, antes do in\u00edcio do tour, pode designar um companheiro de viagem.<\/p>\n<p>O custo desta prote\u00e7\u00e3o \u00e9 de 7,5% de todo o pre\u00e7o do tour, incluindo os upgrades de moto, suplementos de quarto individual e custos de passageiros, excluindo a seguran\u00e7a VIP e qualquer dinheiro n\u00e3o pago \u00e0 IMTBike.<\/p>\n<p>A IMTBike efetuar\u00e1 um reembolso se o cliente comprou que este seguro for impedido de iniciar ou completar o tour devido \u00e0s seguintes situa\u00e7\u00f5es:<\/p>\n<ul>\n<li>Doen\u00e7a, les\u00e3o acidental ou morte do cliente, do companheiro de viagem do cliente, de um membro familiar directo ou parceiro de neg\u00f3cios directo do cliente ou do companheiro de viagem. Este pedido deve ser fundamentado pela declara\u00e7\u00e3o de um m\u00e9dico ou outra documenta\u00e7\u00e3o apropriada.<\/li>\n<li>O cliente ou o companheiro de viagem foi obrigado a participar num j\u00fari ou foi intimado.<\/li>\n<li>O cliente ou o companheiro de viagem teve a sua casa inabit\u00e1vel devido a fogo, inunda\u00e7\u00e3o ou qualquer outro desastre natural.<\/li>\n<li>O cliente ou o companheiro de viagem viu-se envolvido diretamente num acidente de tr\u00e1fego confirmado por um relat\u00f3rio policial, quando se dirigia para in\u00edcio do tour.<\/li>\n<li>O cliente ou o companheiro de viagem, qualquer um dos dois que seja militar, foi chamado ao servi\u00e7o durante o per\u00edodo em que decorre o tour.<\/li>\n<li>Greves, desastres naturais ou mau tempo que resultem no cancelamento do voo e que impe\u00e7am o cliente de chegar a cidade de partida a tempo de participar no tour.<\/li>\n<li>Despedimento, se o cliente esteve no mesmo emprego nos tr\u00eas \u00faltimos anos consecutivos, e foi despedido sem justa causa depois de ter comprado o seguro.<\/li>\n<\/ul>\n<p>Este seguro exclui especificamente:<\/p>\n<ul>\n<li>Despesas n\u00e3o inclu\u00eddas no pre\u00e7o do tour, tais como despesas com linhas a\u00e9reas e noites extra de hotel.<\/li>\n<li>Seguro VIP.<\/li>\n<li>Bagagem perdida.<\/li>\n<li>Custos m\u00e9dicos, incluindo a evacua\u00e7\u00e3o m\u00e9dica.<\/li>\n<li>Condi\u00e7\u00f5es pr\u00e9-existentes. Condi\u00e7\u00f5es pr\u00e9-existentes s\u00e3o quaisquer les\u00f5es ocorridas at\u00e9 \u00e1 data de compra deste seguro, incluindo o pr\u00f3prio dia de compra e qualquer doen\u00e7a que tenha ocorrido durante os 120 dias antes da data de compra, incluindo o pr\u00f3prio dia de compra desta protec\u00e7\u00e3o, para a qual foi aconselhado o tratamento m\u00e9dico ou com sintomas que causariam uma pessoa prudente a procurar o diagn\u00f3stico, cuidado ou tratamento.<\/li>\n<\/ul>\n<p>Se o cancelamento ocorre antes do in\u00edcio do tour, ser\u00e1 reembolsado o custo total.<br \/>\nSe o cancelamento ocorre durante a viagem (e foi comprado o seguro), ser\u00e1 devolvida uma quantidade proporcional em fun\u00e7\u00e3o dos dias de tour que n\u00e3o se desfrutar\u00e3o.<\/p>\n<p>No caso de cancelamento de voos pelas linhas a\u00e9reas ou de acidente, que fa\u00e7a com que seja imposs\u00edvel para o cliente ou para o companheiro chegar ao ponto de partida do tour, estes t\u00eam a op\u00e7\u00e3o de cancelar o tour e receber o reembolso completo to pagamento do tour ou unir-se ao tour uma vez j\u00e1 tenha come\u00e7ado. Se o cliente deseja juntar-se a um tour em curso, a IMTBike avisar\u00e1 o cliente da viabilidade de o fazer. Se se considerar vi\u00e1vel pela IMTBike e o cliente necessita que a IMTBike o ajude com uma organiza\u00e7\u00e3o alternativa, todos os custos adicionais ser\u00e3o da responsabilidade do cliente e n\u00e3o ser\u00e1 devolvida nenhuma quantidade proporcional pelos dias de tour que n\u00e3o foram usados.<\/p>\n","protected":false},"excerpt":{"rendered":"<p>Seguro de Cancelamento ou Interrup\u00e7\u00e3o de Viagem IMTBIKE<\/p>\n<p>A IMTBIKE SL. oferece um seguro de cancelamento ou interrup\u00e7\u00e3o de viagem. Os clientes que escolham esta op\u00e7\u00e3o podem receber um reembolso quando um cliente ou companheiro de viagem tem que cancelar ou interromper a viagem por raz\u00f5es cobertas pelo seguro.<\/p>\n<p> <a class=\"read-more\" href=\"https:\/\/www.imtbike.com\/pt-br\/footer-portuguese\/seguro-de-cancelamento_\/\"> Read More<\/a><\/p>\n","protected":false},"author":21,"featured_media":0,"parent":4011,"menu_order":0,"comment_status":"open","ping_status":"open","template":"","meta":{"footnotes":""},"acf":[],"yoast_head":"<!-- This site is optimized with the Yoast SEO plugin v22.6 - https:\/\/yoast.com\/wordpress\/plugins\/seo\/ -->\n<title>Seguro de Cancelamento de Tours - IMTBike<\/title>\n<meta name=\"robots\" content=\"index, follow, max-snippet:-1, max-image-preview:large, max-video-preview:-1\" \/>\n<link rel=\"canonical\" href=\"https:\/\/www.imtbike.com\/footer\/cancellation_insurance\/\" \/>\n<meta property=\"og:locale\" content=\"pt_BR\" \/>\n<meta property=\"og:type\" content=\"article\" \/>\n<meta property=\"og:title\" content=\"Seguro de Cancelamento de Tours - IMTBike\" \/>\n<meta property=\"og:description\" content=\"Seguro de Cancelamento ou Interrup\u00e7\u00e3o de Viagem IMTBIKE A IMTBIKE SL. oferece um seguro de cancelamento ou interrup\u00e7\u00e3o de viagem. Os clientes que escolham esta op\u00e7\u00e3o podem receber um reembolso quando um cliente ou companheiro de viagem tem que cancelar ou interromper a viagem por raz\u00f5es cobertas pelo seguro. Read More\" \/>\n<meta property=\"og:url\" content=\"https:\/\/www.imtbike.com\/footer\/cancellation_insurance\/\" \/>\n<meta property=\"og:site_name\" content=\"IMTBike\" \/>\n<meta property=\"article:modified_time\" content=\"2020-03-23T11:14:20+00:00\" \/>\n<meta property=\"og:image\" content=\"https:\/\/www.imtbike.com\/be\/wp-content\/uploads\/2016\/03\/default.jpg\" \/>\n<meta name=\"twitter:label1\" content=\"Est. reading time\" \/>\n\t<meta name=\"twitter:data1\" content=\"4 minutes\" \/>\n<script type=\"application\/ld+json\" class=\"yoast-schema-graph\">{\"@context\":\"https:\/\/schema.org\",\"@graph\":[{\"@type\":\"WebPage\",\"@id\":\"https:\/\/www.imtbike.com\/footer\/cancellation_insurance\/\",\"url\":\"https:\/\/www.imtbike.com\/footer\/cancellation_insurance\/\",\"name\":\"Seguro de Cancelamento de Tours - IMTBike\",\"isPartOf\":{\"@id\":\"https:\/\/www.imtbike.com\/#website\"},\"datePublished\":\"2014-02-10T16:01:26+00:00\",\"dateModified\":\"2020-03-23T11:14:20+00:00\",\"breadcrumb\":{\"@id\":\"https:\/\/www.imtbike.com\/footer\/cancellation_insurance\/#breadcrumb\"},\"inLanguage\":\"pt-BR\",\"potentialAction\":[{\"@type\":\"ReadAction\",\"target\":[\"https:\/\/www.imtbike.com\/footer\/cancellation_insurance\/\"]}]},{\"@type\":\"BreadcrumbList\",\"@id\":\"https:\/\/www.imtbike.com\/footer\/cancellation_insurance\/#breadcrumb\",\"itemListElement\":[{\"@type\":\"ListItem\",\"position\":1,\"name\":\"Home\",\"item\":\"https:\/\/www.imtbike.com\/\"},{\"@type\":\"ListItem\",\"position\":2,\"name\":\"Footer &#8211; portuguese\",\"item\":\"https:\/\/www.imtbike.com\/footer\/\"},{\"@type\":\"ListItem\",\"position\":3,\"name\":\"Seguro de Cancelamento de Tours\"}]},{\"@type\":\"WebSite\",\"@id\":\"https:\/\/www.imtbike.com\/#website\",\"url\":\"https:\/\/www.imtbike.com\/\",\"name\":\"IMTBike\",\"description\":\"Passion for Motorcycling\",\"potentialAction\":[{\"@type\":\"SearchAction\",\"target\":{\"@type\":\"EntryPoint\",\"urlTemplate\":\"https:\/\/www.imtbike.com\/?s={search_term_string}\"},\"query-input\":\"required name=search_term_string\"}],\"inLanguage\":\"pt-BR\"}]}<\/script>\n<!-- \/ Yoast SEO plugin. -->","yoast_head_json":{"title":"Seguro de Cancelamento de Tours - IMTBike","robots":{"index":"index","follow":"follow","max-snippet":"max-snippet:-1","max-image-preview":"max-image-preview:large","max-video-preview":"max-video-preview:-1"},"canonical":"https:\/\/www.imtbike.com\/footer\/cancellation_insurance\/","og_locale":"pt_BR","og_type":"article","og_title":"Seguro de Cancelamento de Tours - IMTBike","og_description":"Seguro de Cancelamento ou Interrup\u00e7\u00e3o de Viagem IMTBIKE A IMTBIKE SL. oferece um seguro de cancelamento ou interrup\u00e7\u00e3o de viagem. Os clientes que escolham esta op\u00e7\u00e3o podem receber um reembolso quando um cliente ou companheiro de viagem tem que cancelar ou interromper a viagem por raz\u00f5es cobertas pelo seguro. Read More","og_url":"https:\/\/www.imtbike.com\/footer\/cancellation_insurance\/","og_site_name":"IMTBike","article_modified_time":"2020-03-23T11:14:20+00:00","og_image":[{"url":"https:\/\/www.imtbike.com\/be\/wp-content\/uploads\/2016\/03\/default.jpg"}],"twitter_misc":{"Est. reading time":"4 minutes"},"schema":{"@context":"https:\/\/schema.org","@graph":[{"@type":"WebPage","@id":"https:\/\/www.imtbike.com\/footer\/cancellation_insurance\/","url":"https:\/\/www.imtbike.com\/footer\/cancellation_insurance\/","name":"Seguro de Cancelamento de Tours - IMTBike","isPartOf":{"@id":"https:\/\/www.imtbike.com\/#website"},"datePublished":"2014-02-10T16:01:26+00:00","dateModified":"2020-03-23T11:14:20+00:00","breadcrumb":{"@id":"https:\/\/www.imtbike.com\/footer\/cancellation_insurance\/#breadcrumb"},"inLanguage":"pt-BR","potentialAction":[{"@type":"ReadAction","target":["https:\/\/www.imtbike.com\/footer\/cancellation_insurance\/"]}]},{"@type":"BreadcrumbList","@id":"https:\/\/www.imtbike.com\/footer\/cancellation_insurance\/#breadcrumb","itemListElement":[{"@type":"ListItem","position":1,"name":"Home","item":"https:\/\/www.imtbike.com\/"},{"@type":"ListItem","position":2,"name":"Footer &#8211; portuguese","item":"https:\/\/www.imtbike.com\/footer\/"},{"@type":"ListItem","position":3,"name":"Seguro de Cancelamento de Tours"}]},{"@type":"WebSite","@id":"https:\/\/www.imtbike.com\/#website","url":"https:\/\/www.imtbike.com\/","name":"IMTBike","description":"Passion for Motorcycling","potentialAction":[{"@type":"SearchAction","target":{"@type":"EntryPoint","urlTemplate":"https:\/\/www.imtbike.com\/?s={search_term_string}"},"query-input":"required name=search_term_string"}],"inLanguage":"pt-BR"}]}},"jetpack_sharing_enabled":true,"_links":{"self":[{"href":"https:\/\/www.imtbike.com\/pt-br\/wp-json\/wp\/v2\/pages\/4017"}],"collection":[{"href":"https:\/\/www.imtbike.com\/pt-br\/wp-json\/wp\/v2\/pages"}],"about":[{"href":"https:\/\/www.imtbike.com\/pt-br\/wp-json\/wp\/v2\/types\/page"}],"author":[{"embeddable":true,"href":"https:\/\/www.imtbike.com\/pt-br\/wp-json\/wp\/v2\/users\/21"}],"replies":[{"embeddable":true,"href":"https:\/\/www.imtbike.com\/pt-br\/wp-json\/wp\/v2\/comments?post=4017"}],"version-history":[{"count":3,"href":"https:\/\/www.imtbike.com\/pt-br\/wp-json\/wp\/v2\/pages\/4017\/revisions"}],"predecessor-version":[{"id":19325,"href":"https:\/\/www.imtbike.com\/pt-br\/wp-json\/wp\/v2\/pages\/4017\/revisions\/19325"}],"up":[{"embeddable":true,"href":"https:\/\/www.imtbike.com\/pt-br\/wp-json\/wp\/v2\/pages\/4011"}],"wp:attachment":[{"href":"https:\/\/www.imtbike.com\/pt-br\/wp-json\/wp\/v2\/media?parent=4017"}],"curies":[{"name":"wp","href":"https:\/\/api.w.org\/{rel}","templated":true}]}}