{"id":4007,"date":"2014-06-13T13:30:18","date_gmt":"2014-10-16T16:37:00","guid":{"rendered":"https:\/\/www.imtbike.com\/?page_id=4007"},"modified":"2018-02-02T10:30:20","modified_gmt":"2018-02-02T15:30:20","slug":"programa-imtbike-rewards","status":"publish","type":"page","link":"https:\/\/www.imtbike.com\/pt-br\/programa-imtbike-rewards\/","title":{"rendered":"IMTBIKE Rewards"},"content":{"rendered":"<p>Na IMTBIKE, valorizamos os nossos clientes que retornam e criamos os pontos IMTBIKE Rewards para lhes agradecer pela confian\u00e7a que nos d\u00e3o, de cada vez que se juntam a um tour ou alugam uma moto.<\/p>\n<h3>Como Funciona:<\/h3>\n<p>Cada vez que participa num tour ou aluga uma moto na IMTBIKE, est\u00e1 automaticamente a ganhar pontos! Isso \u00e9 tudo o que necessita para aproveitar os benef\u00edcios dos IMTBIKE Rewards. Pode facilmente ver quantos pontos tem acumulados fazendo login no MyIMTBike com o seu username e password. Cada ponto de Reward tem equival\u00eancia ao valor de 1 Euro que pode ser deduzido do pre\u00e7o final do seu tour ou aluguel.<\/p>\n<div style=\"margin-left: -1em; margin-right: -1em; padding: 0; background: url('https:\/\/www.imtbike.com\/be\/wp-content\/uploads\/2014\/06\/imtbike-rewards-bg.png') 0 0 no-repeat; background-size: cover; text-align: center;\" class=\"show-for-small\"><img decoding=\"async\" src=\"https:\/\/www.imtbike.com\/be\/wp-content\/uploads\/2014\/06\/imtbike-rewards-mobile-pt.png\" alt=\"imtbike-rewards-full\" class=\"alignnone size-full wp-image-12130\" style=\"width: 100%;\" \/><\/div>\n<div style=\"margin-left: -1em; margin-right: -1em; padding: 5em; background: url('https:\/\/www.imtbike.com\/be\/wp-content\/uploads\/2014\/06\/imtbike-rewards-bg.png') 0 0 no-repeat; background-size: cover; text-align: center;\" class=\"hide-for-small\"><img decoding=\"async\" src=\"https:\/\/www.imtbike.com\/be\/wp-content\/uploads\/2014\/06\/imtbike-rewards-full-pt.png\" alt=\"imtbike-rewards-full\" class=\"alignnone size-full wp-image-12130\" style=\"width: calc(100% - 10em);\" \/><\/div>\n","protected":false},"excerpt":{"rendered":"<p>Na IMTBIKE, valorizamos os nossos clientes que retornam e criamos os pontos IMTBIKE Rewards para lhes agradecer pela confian\u00e7a que nos d\u00e3o, de cada vez que se juntam a um tour ou alugam uma moto.<\/p>\n<p> <a class=\"read-more\" href=\"https:\/\/www.imtbike.com\/pt-br\/programa-imtbike-rewards\/\"> Read More<\/a><\/p>\n","protected":false},"author":21,"featured_media":920,"parent":0,"menu_order":1,"comment_status":"open","ping_status":"closed","template":"","meta":{"footnotes":""},"acf":[],"yoast_head":"<!-- This site is optimized with the Yoast SEO plugin v22.6 - https:\/\/yoast.com\/wordpress\/plugins\/seo\/ -->\n<title>Programa IMTBike Rewards<\/title>\n<meta name=\"description\" content=\"A IMTBike valoriza muito os seus clientes! Ganhe pontos e seja recompensado por cada vez que aluga uma moto ou faz um tour. \u00c9 assim t\u00e3o f\u00e1cil!\" \/>\n<meta name=\"robots\" content=\"index, follow, max-snippet:-1, max-image-preview:large, max-video-preview:-1\" \/>\n<link rel=\"canonical\" href=\"https:\/\/www.imtbike.com\/myimtbike-rewards\/\" \/>\n<meta property=\"og:locale\" content=\"pt_BR\" \/>\n<meta property=\"og:type\" content=\"article\" \/>\n<meta property=\"og:title\" content=\"Programa IMTBike Rewards\" \/>\n<meta property=\"og:description\" content=\"A IMTBike valoriza muito os seus clientes! Ganhe pontos e seja recompensado por cada vez que aluga uma moto ou faz um tour. \u00c9 assim t\u00e3o f\u00e1cil!\" \/>\n<meta property=\"og:url\" content=\"https:\/\/www.imtbike.com\/myimtbike-rewards\/\" \/>\n<meta property=\"og:site_name\" content=\"IMTBike\" \/>\n<meta property=\"article:modified_time\" content=\"2018-02-02T15:30:20+00:00\" \/>\n<meta property=\"og:image\" content=\"https:\/\/www.imtbike.com\/be\/wp-content\/uploads\/2014\/06\/tours-faq.jpg\" \/>\n\t<meta property=\"og:image:width\" content=\"1440\" \/>\n\t<meta property=\"og:image:height\" content=\"350\" \/>\n\t<meta property=\"og:image:type\" content=\"image\/jpeg\" \/>\n<meta name=\"twitter:label1\" content=\"Est. reading time\" \/>\n\t<meta name=\"twitter:data1\" content=\"1 minute\" \/>\n<script type=\"application\/ld+json\" class=\"yoast-schema-graph\">{\"@context\":\"https:\/\/schema.org\",\"@graph\":[{\"@type\":\"WebPage\",\"@id\":\"https:\/\/www.imtbike.com\/myimtbike-rewards\/\",\"url\":\"https:\/\/www.imtbike.com\/myimtbike-rewards\/\",\"name\":\"Programa IMTBike Rewards\",\"isPartOf\":{\"@id\":\"https:\/\/www.imtbike.com\/#website\"},\"primaryImageOfPage\":{\"@id\":\"https:\/\/www.imtbike.com\/myimtbike-rewards\/#primaryimage\"},\"image\":{\"@id\":\"https:\/\/www.imtbike.com\/myimtbike-rewards\/#primaryimage\"},\"thumbnailUrl\":\"https:\/\/www.imtbike.com\/be\/wp-content\/uploads\/2014\/06\/tours-faq.jpg\",\"datePublished\":\"2014-10-16T16:37:00+00:00\",\"dateModified\":\"2018-02-02T15:30:20+00:00\",\"description\":\"A IMTBike valoriza muito os seus clientes! Ganhe pontos e seja recompensado por cada vez que aluga uma moto ou faz um tour. \u00c9 assim t\u00e3o f\u00e1cil!\",\"breadcrumb\":{\"@id\":\"https:\/\/www.imtbike.com\/myimtbike-rewards\/#breadcrumb\"},\"inLanguage\":\"pt-BR\",\"potentialAction\":[{\"@type\":\"ReadAction\",\"target\":[\"https:\/\/www.imtbike.com\/myimtbike-rewards\/\"]}]},{\"@type\":\"ImageObject\",\"inLanguage\":\"pt-BR\",\"@id\":\"https:\/\/www.imtbike.com\/myimtbike-rewards\/#primaryimage\",\"url\":\"https:\/\/www.imtbike.com\/be\/wp-content\/uploads\/2014\/06\/tours-faq.jpg\",\"contentUrl\":\"https:\/\/www.imtbike.com\/be\/wp-content\/uploads\/2014\/06\/tours-faq.jpg\",\"width\":1440,\"height\":350,\"caption\":\"Tours FAQ\"},{\"@type\":\"BreadcrumbList\",\"@id\":\"https:\/\/www.imtbike.com\/myimtbike-rewards\/#breadcrumb\",\"itemListElement\":[{\"@type\":\"ListItem\",\"position\":1,\"name\":\"Home\",\"item\":\"https:\/\/www.imtbike.com\/\"},{\"@type\":\"ListItem\",\"position\":2,\"name\":\"IMTBIKE Rewards\"}]},{\"@type\":\"WebSite\",\"@id\":\"https:\/\/www.imtbike.com\/#website\",\"url\":\"https:\/\/www.imtbike.com\/\",\"name\":\"IMTBike\",\"description\":\"Passion for Motorcycling\",\"potentialAction\":[{\"@type\":\"SearchAction\",\"target\":{\"@type\":\"EntryPoint\",\"urlTemplate\":\"https:\/\/www.imtbike.com\/?s={search_term_string}\"},\"query-input\":\"required name=search_term_string\"}],\"inLanguage\":\"pt-BR\"}]}<\/script>\n<!-- \/ Yoast SEO plugin. -->","yoast_head_json":{"title":"Programa IMTBike Rewards","description":"A IMTBike valoriza muito os seus clientes! Ganhe pontos e seja recompensado por cada vez que aluga uma moto ou faz um tour. \u00c9 assim t\u00e3o f\u00e1cil!","robots":{"index":"index","follow":"follow","max-snippet":"max-snippet:-1","max-image-preview":"max-image-preview:large","max-video-preview":"max-video-preview:-1"},"canonical":"https:\/\/www.imtbike.com\/myimtbike-rewards\/","og_locale":"pt_BR","og_type":"article","og_title":"Programa IMTBike Rewards","og_description":"A IMTBike valoriza muito os seus clientes! Ganhe pontos e seja recompensado por cada vez que aluga uma moto ou faz um tour. \u00c9 assim t\u00e3o f\u00e1cil!","og_url":"https:\/\/www.imtbike.com\/myimtbike-rewards\/","og_site_name":"IMTBike","article_modified_time":"2018-02-02T15:30:20+00:00","og_image":[{"width":1440,"height":350,"url":"https:\/\/www.imtbike.com\/be\/wp-content\/uploads\/2014\/06\/tours-faq.jpg","type":"image\/jpeg"}],"twitter_misc":{"Est. reading time":"1 minute"},"schema":{"@context":"https:\/\/schema.org","@graph":[{"@type":"WebPage","@id":"https:\/\/www.imtbike.com\/myimtbike-rewards\/","url":"https:\/\/www.imtbike.com\/myimtbike-rewards\/","name":"Programa IMTBike Rewards","isPartOf":{"@id":"https:\/\/www.imtbike.com\/#website"},"primaryImageOfPage":{"@id":"https:\/\/www.imtbike.com\/myimtbike-rewards\/#primaryimage"},"image":{"@id":"https:\/\/www.imtbike.com\/myimtbike-rewards\/#primaryimage"},"thumbnailUrl":"https:\/\/www.imtbike.com\/be\/wp-content\/uploads\/2014\/06\/tours-faq.jpg","datePublished":"2014-10-16T16:37:00+00:00","dateModified":"2018-02-02T15:30:20+00:00","description":"A IMTBike valoriza muito os seus clientes! Ganhe pontos e seja recompensado por cada vez que aluga uma moto ou faz um tour. \u00c9 assim t\u00e3o f\u00e1cil!","breadcrumb":{"@id":"https:\/\/www.imtbike.com\/myimtbike-rewards\/#breadcrumb"},"inLanguage":"pt-BR","potentialAction":[{"@type":"ReadAction","target":["https:\/\/www.imtbike.com\/myimtbike-rewards\/"]}]},{"@type":"ImageObject","inLanguage":"pt-BR","@id":"https:\/\/www.imtbike.com\/myimtbike-rewards\/#primaryimage","url":"https:\/\/www.imtbike.com\/be\/wp-content\/uploads\/2014\/06\/tours-faq.jpg","contentUrl":"https:\/\/www.imtbike.com\/be\/wp-content\/uploads\/2014\/06\/tours-faq.jpg","width":1440,"height":350,"caption":"Tours FAQ"},{"@type":"BreadcrumbList","@id":"https:\/\/www.imtbike.com\/myimtbike-rewards\/#breadcrumb","itemListElement":[{"@type":"ListItem","position":1,"name":"Home","item":"https:\/\/www.imtbike.com\/"},{"@type":"ListItem","position":2,"name":"IMTBIKE Rewards"}]},{"@type":"WebSite","@id":"https:\/\/www.imtbike.com\/#website","url":"https:\/\/www.imtbike.com\/","name":"IMTBike","description":"Passion for Motorcycling","potentialAction":[{"@type":"SearchAction","target":{"@type":"EntryPoint","urlTemplate":"https:\/\/www.imtbike.com\/?s={search_term_string}"},"query-input":"required name=search_term_string"}],"inLanguage":"pt-BR"}]}},"jetpack_sharing_enabled":true,"_links":{"self":[{"href":"https:\/\/www.imtbike.com\/pt-br\/wp-json\/wp\/v2\/pages\/4007"}],"collection":[{"href":"https:\/\/www.imtbike.com\/pt-br\/wp-json\/wp\/v2\/pages"}],"about":[{"href":"https:\/\/www.imtbike.com\/pt-br\/wp-json\/wp\/v2\/types\/page"}],"author":[{"embeddable":true,"href":"https:\/\/www.imtbike.com\/pt-br\/wp-json\/wp\/v2\/users\/21"}],"replies":[{"embeddable":true,"href":"https:\/\/www.imtbike.com\/pt-br\/wp-json\/wp\/v2\/comments?post=4007"}],"version-history":[{"count":0,"href":"https:\/\/www.imtbike.com\/pt-br\/wp-json\/wp\/v2\/pages\/4007\/revisions"}],"wp:featuredmedia":[{"embeddable":true,"href":"https:\/\/www.imtbike.com\/pt-br\/wp-json\/wp\/v2\/media\/920"}],"wp:attachment":[{"href":"https:\/\/www.imtbike.com\/pt-br\/wp-json\/wp\/v2\/media?parent=4007"}],"curies":[{"name":"wp","href":"https:\/\/api.w.org\/{rel}","templated":true}]}}