{"id":4002,"date":"2014-01-29T15:36:06","date_gmt":"2014-01-29T20:36:06","guid":{"rendered":"https:\/\/www.imtbike.com\/?page_id=4002"},"modified":"2014-10-16T12:35:31","modified_gmt":"2014-10-16T16:35:31","slug":"myimtbike","status":"publish","type":"page","link":"https:\/\/www.imtbike.com\/pt-br\/myimtbike\/","title":{"rendered":"MyIMTBike"},"content":{"rendered":"<ul class=\"left full noMargin whiteBG\">\n<li class=\"grid_4 paddingTop paddingBottom\">\n<h3>My IMTBike<\/h3>\n<div class=\"button darkBlueBG left\">\n<h3 class=\"noMargin verticalSpacer horizontalSpacer\"><a href=\"https:\/\/www.myimtbike.com\/home.asp?orig=1\" target=\"_blank\">Entrar agora<\/a><\/h3>\n<\/div>\n<\/li>\n<li class=\"grid_7 paddingTop paddingBottom\">\n<h3>My IMTBike Rewards<\/h3>\n<p>A IMTBike valoriza muito os seus clientes! A confian\u00e7a que nos d\u00e3o quando voltam e percorrem as estradas outra vez e outra vez connosco \u00e9 algo com o qual nos sentimos muito recompensados. \u00c9 por isto que criamos o Programa IMTBike Rewards. <a title=\"MyIMTBike Rewards\" href=\"https:\/\/www.imtbike.com\/myimtbike\/myimtbike-rewards\/\">Mais Informa\u00e7\u00e3o<\/a><\/li>\n<\/ul>\n","protected":false},"excerpt":{"rendered":"<ul class=\"left full noMargin whiteBG\">\n<li class=\"grid_4 paddingTop paddingBottom\">\nMy IMTBike<\/p>\n<p><a href=\"https:\/\/www.myimtbike.com\/home.asp?orig=1\" target=\"_blank\">Entrar agora<\/a><\/p>\n<\/li>\n<li class=\"grid_7 paddingTop paddingBottom\">\nMy IMTBike Rewards<\/p>\n<p>A IMTBike valoriza muito os seus clientes! A confian\u00e7a que nos d\u00e3o quando voltam e percorrem as estradas outra vez e outra vez connosco \u00e9 algo com o qual nos sentimos muito recompensados.<\/p>\n<\/li>\n<\/ul>\n<p> <a class=\"read-more\" href=\"https:\/\/www.imtbike.com\/pt-br\/myimtbike\/\"> Read More<\/a><\/p>\n","protected":false},"author":21,"featured_media":877,"parent":0,"menu_order":8,"comment_status":"open","ping_status":"open","template":"","meta":{"footnotes":""},"acf":[],"yoast_head":"<!-- This site is optimized with the Yoast SEO plugin v22.6 - https:\/\/yoast.com\/wordpress\/plugins\/seo\/ -->\n<title>MyIMTBike<\/title>\n<meta name=\"robots\" content=\"index, follow, max-snippet:-1, max-image-preview:large, max-video-preview:-1\" \/>\n<link rel=\"canonical\" href=\"https:\/\/www.imtbike.com\/myimtbike\/\" \/>\n<meta property=\"og:locale\" content=\"pt_BR\" \/>\n<meta property=\"og:type\" content=\"article\" \/>\n<meta property=\"og:title\" content=\"MyIMTBike\" \/>\n<meta property=\"og:description\" content=\"My IMTBike Entrar agora  My IMTBike Rewards A IMTBike valoriza muito os seus clientes! A confian\u00e7a que nos d\u00e3o quando voltam e percorrem as estradas outra vez e outra vez connosco \u00e9 algo com o qual nos sentimos muito recompensados. Read More\" \/>\n<meta property=\"og:url\" content=\"https:\/\/www.imtbike.com\/myimtbike\/\" \/>\n<meta property=\"og:site_name\" content=\"IMTBike\" \/>\n<meta property=\"article:modified_time\" content=\"2014-10-16T16:35:31+00:00\" \/>\n<meta property=\"og:image\" content=\"https:\/\/www.imtbike.com\/be\/wp-content\/uploads\/2014\/01\/IMTBike-myRewards.jpg\" \/>\n\t<meta property=\"og:image:width\" content=\"1094\" \/>\n\t<meta property=\"og:image:height\" content=\"273\" \/>\n\t<meta property=\"og:image:type\" content=\"image\/jpeg\" \/>\n<script type=\"application\/ld+json\" class=\"yoast-schema-graph\">{\"@context\":\"https:\/\/schema.org\",\"@graph\":[{\"@type\":\"WebPage\",\"@id\":\"https:\/\/www.imtbike.com\/myimtbike\/\",\"url\":\"https:\/\/www.imtbike.com\/myimtbike\/\",\"name\":\"MyIMTBike\",\"isPartOf\":{\"@id\":\"https:\/\/www.imtbike.com\/#website\"},\"primaryImageOfPage\":{\"@id\":\"https:\/\/www.imtbike.com\/myimtbike\/#primaryimage\"},\"image\":{\"@id\":\"https:\/\/www.imtbike.com\/myimtbike\/#primaryimage\"},\"thumbnailUrl\":\"https:\/\/www.imtbike.com\/be\/wp-content\/uploads\/2014\/01\/IMTBike-myRewards.jpg\",\"datePublished\":\"2014-01-29T20:36:06+00:00\",\"dateModified\":\"2014-10-16T16:35:31+00:00\",\"breadcrumb\":{\"@id\":\"https:\/\/www.imtbike.com\/myimtbike\/#breadcrumb\"},\"inLanguage\":\"pt-BR\",\"potentialAction\":[{\"@type\":\"ReadAction\",\"target\":[\"https:\/\/www.imtbike.com\/myimtbike\/\"]}]},{\"@type\":\"ImageObject\",\"inLanguage\":\"pt-BR\",\"@id\":\"https:\/\/www.imtbike.com\/myimtbike\/#primaryimage\",\"url\":\"https:\/\/www.imtbike.com\/be\/wp-content\/uploads\/2014\/01\/IMTBike-myRewards.jpg\",\"contentUrl\":\"https:\/\/www.imtbike.com\/be\/wp-content\/uploads\/2014\/01\/IMTBike-myRewards.jpg\",\"width\":1094,\"height\":273},{\"@type\":\"BreadcrumbList\",\"@id\":\"https:\/\/www.imtbike.com\/myimtbike\/#breadcrumb\",\"itemListElement\":[{\"@type\":\"ListItem\",\"position\":1,\"name\":\"Home\",\"item\":\"https:\/\/www.imtbike.com\/\"},{\"@type\":\"ListItem\",\"position\":2,\"name\":\"MyIMTBike\"}]},{\"@type\":\"WebSite\",\"@id\":\"https:\/\/www.imtbike.com\/#website\",\"url\":\"https:\/\/www.imtbike.com\/\",\"name\":\"IMTBike\",\"description\":\"Passion for Motorcycling\",\"potentialAction\":[{\"@type\":\"SearchAction\",\"target\":{\"@type\":\"EntryPoint\",\"urlTemplate\":\"https:\/\/www.imtbike.com\/?s={search_term_string}\"},\"query-input\":\"required name=search_term_string\"}],\"inLanguage\":\"pt-BR\"}]}<\/script>\n<!-- \/ Yoast SEO plugin. -->","yoast_head_json":{"title":"MyIMTBike","robots":{"index":"index","follow":"follow","max-snippet":"max-snippet:-1","max-image-preview":"max-image-preview:large","max-video-preview":"max-video-preview:-1"},"canonical":"https:\/\/www.imtbike.com\/myimtbike\/","og_locale":"pt_BR","og_type":"article","og_title":"MyIMTBike","og_description":"My IMTBike Entrar agora  My IMTBike Rewards A IMTBike valoriza muito os seus clientes! A confian\u00e7a que nos d\u00e3o quando voltam e percorrem as estradas outra vez e outra vez connosco \u00e9 algo com o qual nos sentimos muito recompensados. Read More","og_url":"https:\/\/www.imtbike.com\/myimtbike\/","og_site_name":"IMTBike","article_modified_time":"2014-10-16T16:35:31+00:00","og_image":[{"width":1094,"height":273,"url":"https:\/\/www.imtbike.com\/be\/wp-content\/uploads\/2014\/01\/IMTBike-myRewards.jpg","type":"image\/jpeg"}],"schema":{"@context":"https:\/\/schema.org","@graph":[{"@type":"WebPage","@id":"https:\/\/www.imtbike.com\/myimtbike\/","url":"https:\/\/www.imtbike.com\/myimtbike\/","name":"MyIMTBike","isPartOf":{"@id":"https:\/\/www.imtbike.com\/#website"},"primaryImageOfPage":{"@id":"https:\/\/www.imtbike.com\/myimtbike\/#primaryimage"},"image":{"@id":"https:\/\/www.imtbike.com\/myimtbike\/#primaryimage"},"thumbnailUrl":"https:\/\/www.imtbike.com\/be\/wp-content\/uploads\/2014\/01\/IMTBike-myRewards.jpg","datePublished":"2014-01-29T20:36:06+00:00","dateModified":"2014-10-16T16:35:31+00:00","breadcrumb":{"@id":"https:\/\/www.imtbike.com\/myimtbike\/#breadcrumb"},"inLanguage":"pt-BR","potentialAction":[{"@type":"ReadAction","target":["https:\/\/www.imtbike.com\/myimtbike\/"]}]},{"@type":"ImageObject","inLanguage":"pt-BR","@id":"https:\/\/www.imtbike.com\/myimtbike\/#primaryimage","url":"https:\/\/www.imtbike.com\/be\/wp-content\/uploads\/2014\/01\/IMTBike-myRewards.jpg","contentUrl":"https:\/\/www.imtbike.com\/be\/wp-content\/uploads\/2014\/01\/IMTBike-myRewards.jpg","width":1094,"height":273},{"@type":"BreadcrumbList","@id":"https:\/\/www.imtbike.com\/myimtbike\/#breadcrumb","itemListElement":[{"@type":"ListItem","position":1,"name":"Home","item":"https:\/\/www.imtbike.com\/"},{"@type":"ListItem","position":2,"name":"MyIMTBike"}]},{"@type":"WebSite","@id":"https:\/\/www.imtbike.com\/#website","url":"https:\/\/www.imtbike.com\/","name":"IMTBike","description":"Passion for Motorcycling","potentialAction":[{"@type":"SearchAction","target":{"@type":"EntryPoint","urlTemplate":"https:\/\/www.imtbike.com\/?s={search_term_string}"},"query-input":"required name=search_term_string"}],"inLanguage":"pt-BR"}]}},"jetpack_sharing_enabled":true,"_links":{"self":[{"href":"https:\/\/www.imtbike.com\/pt-br\/wp-json\/wp\/v2\/pages\/4002"}],"collection":[{"href":"https:\/\/www.imtbike.com\/pt-br\/wp-json\/wp\/v2\/pages"}],"about":[{"href":"https:\/\/www.imtbike.com\/pt-br\/wp-json\/wp\/v2\/types\/page"}],"author":[{"embeddable":true,"href":"https:\/\/www.imtbike.com\/pt-br\/wp-json\/wp\/v2\/users\/21"}],"replies":[{"embeddable":true,"href":"https:\/\/www.imtbike.com\/pt-br\/wp-json\/wp\/v2\/comments?post=4002"}],"version-history":[{"count":0,"href":"https:\/\/www.imtbike.com\/pt-br\/wp-json\/wp\/v2\/pages\/4002\/revisions"}],"wp:featuredmedia":[{"embeddable":true,"href":"https:\/\/www.imtbike.com\/pt-br\/wp-json\/wp\/v2\/media\/877"}],"wp:attachment":[{"href":"https:\/\/www.imtbike.com\/pt-br\/wp-json\/wp\/v2\/media?parent=4002"}],"curies":[{"name":"wp","href":"https:\/\/api.w.org\/{rel}","templated":true}]}}