{"id":3996,"date":"2014-01-29T15:33:09","date_gmt":"2014-01-29T20:33:09","guid":{"rendered":"https:\/\/www.imtbike.com\/?page_id=3996"},"modified":"2026-01-19T06:17:49","modified_gmt":"2026-01-19T11:17:49","slug":"contacto","status":"publish","type":"page","link":"https:\/\/www.imtbike.com\/pt-br\/contacto\/","title":{"rendered":"Contacto"},"content":{"rendered":"<div class=\"contact\">\n<div class=\"clear\">\n<div class=\"grid_4 paddingTop paddingBottom\">\n<p>Para informa\u00e7\u00f5es acerca de qualquer central de alugu\u00e9is IMTBike, por favor contacte o nosso escrit\u00f3rio central em Madrid.<\/p>\n<p><a class=\"whatsapp-chat\" href=\"https:\/\/wa.me\/34654165993?text=Seu%20Nome:%0ASeu%20Sobrenome:%0ASeu%20Pa\u00eds:%0ASeu%20Email:%0AEscreva%20sua%20mensagem:%0AOl\u00e1%20IMTBIKE\" target=\"_blank\" rel=\"noopener\">WhatsApp Chat <span class=\"whatsapp-chat-extra\">+ 34654165993 \u2014 (10h \u2013 19h)<\/span><\/a><\/p>\n<\/div>\n<div class=\"grid_4 paddingTop paddingBottom\">\n<h3>Escrit\u00f3rio central em Espanha<\/h3>\n<p>Calle Chapiner\u00eda 6-B<br \/>\nPol. Ind. Ventorro del Cano<br \/>\n28925 Alcorc\u00f3n, Madrid<\/p>\n<p class=\"strong\">Tel. +34-91-633-72-22<br \/>\nFax. +34-91-591-97-66<br \/>\n<a href=\"mailto:tours@imtbike.com\">tours@imtbike.com<\/a><br \/>\n<a href=\"mailto:rental@imtbike.com\">rental@imtbike.com<\/a><\/p>\n<\/div>\n<div class=\"grid_4 paddingTop paddingBottom\">\n<h3>Telefone E.U.A.<\/h3>\n<p class=\"strong\">Tel. (412) IMT-BIKE \u2014 (412) 468-2453<br \/>\nFax.+34-91-591-97-66<br \/>\n<a href=\"mailto:tours@imtbike.com\">tours@imtbike.com<\/a><br \/>\n<a href=\"mailto:rental@imtbike.com\">rental@imtbike.com<\/a><\/p>\n<\/div>\n<\/div>\n<div id=\"contact_form\" class=\"clear paddingTop paddingBottom\">\n<div class=\"wpcf7 no-js\" id=\"wpcf7-f3434-o1\" lang=\"en-US\" dir=\"ltr\">\n<div class=\"screen-reader-response\"><p role=\"status\" aria-live=\"polite\" aria-atomic=\"true\"><\/p> <ul><\/ul><\/div>\n<form action=\"\/pt-br\/wp-json\/wp\/v2\/pages\/3996#wpcf7-f3434-o1\" method=\"post\" class=\"wpcf7-form init\" aria-label=\"Contact form\" novalidate=\"novalidate\" data-status=\"init\">\n<div style=\"display: none;\">\n<input type=\"hidden\" name=\"_wpcf7\" value=\"3434\" \/>\n<input type=\"hidden\" name=\"_wpcf7_version\" value=\"5.9.8\" \/>\n<input type=\"hidden\" name=\"_wpcf7_locale\" value=\"en_US\" \/>\n<input type=\"hidden\" name=\"_wpcf7_unit_tag\" value=\"wpcf7-f3434-o1\" \/>\n<input type=\"hidden\" name=\"_wpcf7_container_post\" value=\"0\" \/>\n<input type=\"hidden\" name=\"_wpcf7_posted_data_hash\" value=\"\" \/>\n<input type=\"hidden\" name=\"_wpcf7_recaptcha_response\" value=\"\" \/>\n<\/div>\n<div  class=\"grid_4 paddingTop paddingBottom\">\n\t<p>Nome (obrigat\u00f3rio)\n\t<\/p>\n\t<p><span class=\"wpcf7-form-control-wrap\" data-name=\"first-name\"><input size=\"40\" maxlength=\"400\" class=\"wpcf7-form-control wpcf7-text wpcf7-validates-as-required border tborder rborder\" aria-required=\"true\" aria-invalid=\"false\" value=\"\" type=\"text\" name=\"first-name\" \/><\/span>\n\t<\/p>\n\t<p>Apelido (obrigat\u00f3rio)\n\t<\/p>\n\t<p><span class=\"wpcf7-form-control-wrap\" data-name=\"last-name\"><input size=\"40\" maxlength=\"400\" class=\"wpcf7-form-control wpcf7-text wpcf7-validates-as-required border tborder rborder\" aria-required=\"true\" aria-invalid=\"false\" value=\"\" type=\"text\" name=\"last-name\" \/><\/span>\n\t<\/p>\n\t<p>Consulta Tipo\n\t<\/p>\n\t<p><span class=\"wpcf7-form-control-wrap\" data-name=\"inquiry-type\"><select class=\"wpcf7-form-control wpcf7-select wpcf7-validates-as-required\" aria-required=\"true\" aria-invalid=\"false\" name=\"inquiry-type\"><option value=\"Tours\">Tours<\/option><option value=\"Aluguel\">Aluguel<\/option><option value=\"Armazenagem\">Armazenagem<\/option><\/select><\/span>\n\t<\/p>\n<\/div>\n<div  class=\"grid_4 paddingTop paddingBottom\">\n\t<p>Email (obrigat\u00f3rio)\n\t<\/p>\n\t<p><span class=\"wpcf7-form-control-wrap\" data-name=\"your-email\"><input size=\"40\" maxlength=\"400\" class=\"wpcf7-form-control wpcf7-email wpcf7-validates-as-required wpcf7-text wpcf7-validates-as-email border tborder rborder\" aria-required=\"true\" aria-invalid=\"false\" value=\"\" type=\"email\" name=\"your-email\" \/><\/span>\n\t<\/p>\n\t<p>Pa\u00eds\n\t<\/p>\n\t<p><span class=\"wpcf7-form-control-wrap\" data-name=\"country\"><input size=\"40\" maxlength=\"400\" class=\"wpcf7-form-control wpcf7-text border tborder rborder\" aria-invalid=\"false\" value=\"\" type=\"text\" name=\"country\" \/><\/span>\n\t<\/p>\n\t<p><input type=\"hidden\" name=\"_wpcf7_captcha_challenge_captcha-868\" value=\"2831636178\" \/><img class=\"wpcf7-form-control wpcf7-captchac wpcf7-captcha-captcha-868 right verticalSpacer\" width=\"84\" height=\"28\" alt=\"captcha\" src=\"https:\/\/www.imtbike.com\/be\/wp-content\/uploads\/wpcf7_captcha\/2831636178.png\" \/> Introduza o seguinte c\u00f3digo:<br \/>\n<span class=\"wpcf7-form-control-wrap\" data-name=\"captcha-868\"><input size=\"40\" class=\"wpcf7-form-control wpcf7-captchar border tborder rborder\" autocomplete=\"off\" aria-invalid=\"false\" value=\"\" type=\"text\" name=\"captcha-868\" \/><\/span>\n\t<\/p>\n<\/div>\n<div  class=\"grid_4 paddingTop paddingBottom\">\n\t<p>Mensagem\n\t<\/p>\n\t<p><span class=\"wpcf7-form-control-wrap\" data-name=\"your-message\"><textarea cols=\"40\" rows=\"10\" maxlength=\"2000\" class=\"wpcf7-form-control wpcf7-textarea border tborder rborder\" aria-invalid=\"false\" name=\"your-message\"><\/textarea><\/span>\n\t<\/p>\n\t<p class=\"left\"><span class=\"wpcf7-form-control-wrap\" data-name=\"acceptance\"><span class=\"wpcf7-form-control wpcf7-acceptance\"><span class=\"wpcf7-list-item\"><input type=\"checkbox\" name=\"acceptance\" value=\"1\" checked=\"checked\" aria-invalid=\"false\" \/><\/span><\/span><\/span> Li e aceito a <a href=\"\/footer-portuguese\/politica-de-privacidade\/\">Pol\u00edtica de Privacidade<\/a>.\n\t<\/p>\n\t<div style=\"display: none;\">\n\t\t<p><span class=\"wpcf7-form-control-wrap\" data-name=\"DBLANGUAGE\"><select class=\"wpcf7-form-control wpcf7-select\" id=\"mce-DBLANGUAGE\" aria-invalid=\"false\" name=\"DBLANGUAGE\"><option value=\"pt\">pt<\/option><\/select><\/span><br \/>\n<span class=\"wpcf7-form-control-wrap\" data-name=\"DBBROCHURE\"><select class=\"wpcf7-form-control wpcf7-select\" id=\"mce-DBBROCHURE\" aria-invalid=\"false\" name=\"DBBROCHURE\"><option value=\"yes\">yes<\/option><\/select><\/span>\n\t\t<\/p>\n\t<\/div>\n\t<div class=\"clear\">\n\t<\/div>\n\t<p class=\"left\"><input class=\"wpcf7-form-control wpcf7-submit has-spinner button yellowBG\" type=\"submit\" value=\"Enviar\" \/>\n\t<\/p>\n<\/div><div class=\"wpcf7-response-output\" aria-hidden=\"true\"><\/div>\n<\/form>\n<\/div>\n<\/div>\n<div class=\"grid_12 paddingTop tborder\">\n<h3>Onde Alugar<\/h3>\n<\/div>\n<div class=\"clear\">\n<div class=\"grid_4 paddingTop paddingBottom\"><strong><a href=\"https:\/\/www.imtbike.com\/pt-br\/alugel-motos-espanha-portugal\/localizacoes\/malaga\/\">Malaga<\/a><\/strong><br \/>\nWalter Scott, 5<br \/>\nPol. Ind. VILLA ROSA<br \/>\n29004 \u2013 Malaga<br \/>\n<a href=\"mailto:rental@imtbike.com\">Email<\/a><\/div>\n<div class=\"grid_4 paddingTop paddingBottom\"><strong><a href=\"https:\/\/www.imtbike.com\/pt-br\/alugel-motos-espanha-portugal\/localizacoes\/bilbau\/\">Bilbau<\/a><\/strong><br \/>\nAvenida Txorierri Etorbidea 20<br \/>\nPabell\u00f3n 4<br \/>\n48180 Loiu, Bizkaia<br \/>\n<a href=\"mailto:rental@imtbike.com\">Email<\/a><\/div>\n<\/div>\n<div class=\"grid_4 paddingTop paddingBottom\"><strong><a href=\"https:\/\/www.imtbike.com\/pt-br\/alugel-motos-espanha-portugal\/localizacoes\/barcelona\/\">Barcelona<\/a><\/strong><br \/>\nCalle Melcior de Palau, 157<br \/>\n08014 Barcelona<br \/>\n<a href=\"mailto:rental@imtbike.com\">Email<\/a><\/div>\n<div class=\"clear\">\n<div class=\"grid_4 paddingTop paddingBottom\"><strong><a href=\"https:\/\/www.imtbike.com\/pt-br\/alugel-motos-espanha-portugal\/localizacoes\/lisboa\/\">Lisboa<\/a><\/strong><br \/>\nRua de Santa Marta 72-C<br \/>\n1150-298 &#8211; Lisboa<br \/>\n<a href=\"mailto:rental@imtbike.com\">Email<\/a><\/div>\n<\/div>\n<div class=\"grid_4 paddingTop paddingBottom\"><strong><a href=\"https:\/\/www.imtbike.com\/pt-br\/alugel-motos-espanha-portugal\/localizacoes\/madrid\/\">Madrid<\/a><\/strong><br \/>\nCalle Chapineria, 6B<br \/>\nPol Ind Ventorro del Cano<br \/>\n28925 \u2013 Alcorc\u00f3n \u2013 Madrid<br \/>\n<a href=\"mailto:rental@imtbike.com\">Email<\/a><\/div>\n<\/div>\n<div class=\"clear\"><\/div>\n","protected":false},"excerpt":{"rendered":"<p>Para informa\u00e7\u00f5es acerca de qualquer central de alugu\u00e9is IMTBike, por favor contacte o nosso escrit\u00f3rio central em Madrid.<\/p>\n<p><a class=\"whatsapp-chat\" href=\"https:\/\/wa.me\/34654165993?text=Seu%20Nome:%0ASeu%20Sobrenome:%0ASeu%20Pa\u00eds:%0ASeu%20Email:%0AEscreva%20sua%20mensagem:%0AOl\u00e1%20IMTBIKE\" target=\"_blank\" rel=\"noopener\">WhatsApp Chat + 34654165993 \u2014 (10h \u2013 19h)<\/a><\/p>\n<p>Escrit\u00f3rio central em Espanha<\/p>\n<p>Calle Chapiner\u00eda 6-B<br \/>\nPol.<\/p>\n<p> <a class=\"read-more\" href=\"https:\/\/www.imtbike.com\/pt-br\/contacto\/\"> Read More<\/a><\/p>\n","protected":false},"author":21,"featured_media":0,"parent":0,"menu_order":6,"comment_status":"open","ping_status":"open","template":"","meta":{"footnotes":""},"acf":[],"yoast_head":"<!-- This site is optimized with the Yoast SEO plugin v22.6 - https:\/\/yoast.com\/wordpress\/plugins\/seo\/ -->\n<title>Contacto IMTBike<\/title>\n<meta name=\"description\" content=\"Aqui vai encontrar a morada, telefone e email do escrit\u00f3rio principal da IMTBike em Madrid, Espanha.\" \/>\n<meta name=\"robots\" content=\"index, follow, max-snippet:-1, max-image-preview:large, max-video-preview:-1\" \/>\n<link rel=\"canonical\" href=\"https:\/\/www.imtbike.com\/pt-br\/contacto\/\" \/>\n<meta property=\"og:locale\" content=\"pt_BR\" \/>\n<meta property=\"og:type\" content=\"article\" \/>\n<meta property=\"og:title\" content=\"Contacto IMTBike\" \/>\n<meta property=\"og:description\" content=\"Aqui vai encontrar a morada, telefone e email do escrit\u00f3rio principal da IMTBike em Madrid, Espanha.\" \/>\n<meta property=\"og:url\" content=\"https:\/\/www.imtbike.com\/pt-br\/contacto\/\" \/>\n<meta property=\"og:site_name\" content=\"IMTBike\" \/>\n<meta property=\"article:modified_time\" content=\"2026-01-19T11:17:49+00:00\" \/>\n<meta property=\"og:image\" content=\"https:\/\/www.imtbike.com\/be\/wp-content\/uploads\/2016\/03\/default.jpg\" \/>\n<meta name=\"twitter:label1\" content=\"Est. reading time\" \/>\n\t<meta name=\"twitter:data1\" content=\"1 minute\" \/>\n<script type=\"application\/ld+json\" class=\"yoast-schema-graph\">{\"@context\":\"https:\/\/schema.org\",\"@graph\":[{\"@type\":\"WebPage\",\"@id\":\"https:\/\/www.imtbike.com\/pt-br\/contacto\/\",\"url\":\"https:\/\/www.imtbike.com\/pt-br\/contacto\/\",\"name\":\"Contacto IMTBike\",\"isPartOf\":{\"@id\":\"https:\/\/www.imtbike.com\/#website\"},\"datePublished\":\"2014-01-29T20:33:09+00:00\",\"dateModified\":\"2026-01-19T11:17:49+00:00\",\"description\":\"Aqui vai encontrar a morada, telefone e email do escrit\u00f3rio principal da IMTBike em Madrid, Espanha.\",\"breadcrumb\":{\"@id\":\"https:\/\/www.imtbike.com\/pt-br\/contacto\/#breadcrumb\"},\"inLanguage\":\"pt-BR\",\"potentialAction\":[{\"@type\":\"ReadAction\",\"target\":[\"https:\/\/www.imtbike.com\/pt-br\/contacto\/\"]}]},{\"@type\":\"BreadcrumbList\",\"@id\":\"https:\/\/www.imtbike.com\/pt-br\/contacto\/#breadcrumb\",\"itemListElement\":[{\"@type\":\"ListItem\",\"position\":1,\"name\":\"Home\",\"item\":\"https:\/\/www.imtbike.com\/\"},{\"@type\":\"ListItem\",\"position\":2,\"name\":\"Contacto\"}]},{\"@type\":\"WebSite\",\"@id\":\"https:\/\/www.imtbike.com\/#website\",\"url\":\"https:\/\/www.imtbike.com\/\",\"name\":\"IMTBike\",\"description\":\"Passion for Motorcycling\",\"potentialAction\":[{\"@type\":\"SearchAction\",\"target\":{\"@type\":\"EntryPoint\",\"urlTemplate\":\"https:\/\/www.imtbike.com\/?s={search_term_string}\"},\"query-input\":\"required name=search_term_string\"}],\"inLanguage\":\"pt-BR\"}]}<\/script>\n<!-- \/ Yoast SEO plugin. -->","yoast_head_json":{"title":"Contacto IMTBike","description":"Aqui vai encontrar a morada, telefone e email do escrit\u00f3rio principal da IMTBike em Madrid, Espanha.","robots":{"index":"index","follow":"follow","max-snippet":"max-snippet:-1","max-image-preview":"max-image-preview:large","max-video-preview":"max-video-preview:-1"},"canonical":"https:\/\/www.imtbike.com\/pt-br\/contacto\/","og_locale":"pt_BR","og_type":"article","og_title":"Contacto IMTBike","og_description":"Aqui vai encontrar a morada, telefone e email do escrit\u00f3rio principal da IMTBike em Madrid, Espanha.","og_url":"https:\/\/www.imtbike.com\/pt-br\/contacto\/","og_site_name":"IMTBike","article_modified_time":"2026-01-19T11:17:49+00:00","og_image":[{"url":"https:\/\/www.imtbike.com\/be\/wp-content\/uploads\/2016\/03\/default.jpg"}],"twitter_misc":{"Est. reading time":"1 minute"},"schema":{"@context":"https:\/\/schema.org","@graph":[{"@type":"WebPage","@id":"https:\/\/www.imtbike.com\/pt-br\/contacto\/","url":"https:\/\/www.imtbike.com\/pt-br\/contacto\/","name":"Contacto IMTBike","isPartOf":{"@id":"https:\/\/www.imtbike.com\/#website"},"datePublished":"2014-01-29T20:33:09+00:00","dateModified":"2026-01-19T11:17:49+00:00","description":"Aqui vai encontrar a morada, telefone e email do escrit\u00f3rio principal da IMTBike em Madrid, Espanha.","breadcrumb":{"@id":"https:\/\/www.imtbike.com\/pt-br\/contacto\/#breadcrumb"},"inLanguage":"pt-BR","potentialAction":[{"@type":"ReadAction","target":["https:\/\/www.imtbike.com\/pt-br\/contacto\/"]}]},{"@type":"BreadcrumbList","@id":"https:\/\/www.imtbike.com\/pt-br\/contacto\/#breadcrumb","itemListElement":[{"@type":"ListItem","position":1,"name":"Home","item":"https:\/\/www.imtbike.com\/"},{"@type":"ListItem","position":2,"name":"Contacto"}]},{"@type":"WebSite","@id":"https:\/\/www.imtbike.com\/#website","url":"https:\/\/www.imtbike.com\/","name":"IMTBike","description":"Passion for Motorcycling","potentialAction":[{"@type":"SearchAction","target":{"@type":"EntryPoint","urlTemplate":"https:\/\/www.imtbike.com\/?s={search_term_string}"},"query-input":"required name=search_term_string"}],"inLanguage":"pt-BR"}]}},"jetpack_sharing_enabled":true,"_links":{"self":[{"href":"https:\/\/www.imtbike.com\/pt-br\/wp-json\/wp\/v2\/pages\/3996"}],"collection":[{"href":"https:\/\/www.imtbike.com\/pt-br\/wp-json\/wp\/v2\/pages"}],"about":[{"href":"https:\/\/www.imtbike.com\/pt-br\/wp-json\/wp\/v2\/types\/page"}],"author":[{"embeddable":true,"href":"https:\/\/www.imtbike.com\/pt-br\/wp-json\/wp\/v2\/users\/21"}],"replies":[{"embeddable":true,"href":"https:\/\/www.imtbike.com\/pt-br\/wp-json\/wp\/v2\/comments?post=3996"}],"version-history":[{"count":10,"href":"https:\/\/www.imtbike.com\/pt-br\/wp-json\/wp\/v2\/pages\/3996\/revisions"}],"predecessor-version":[{"id":47831,"href":"https:\/\/www.imtbike.com\/pt-br\/wp-json\/wp\/v2\/pages\/3996\/revisions\/47831"}],"wp:attachment":[{"href":"https:\/\/www.imtbike.com\/pt-br\/wp-json\/wp\/v2\/media?parent=3996"}],"curies":[{"name":"wp","href":"https:\/\/api.w.org\/{rel}","templated":true}]}}