{"id":3991,"date":"2014-04-03T07:51:34","date_gmt":"2014-04-03T11:51:34","guid":{"rendered":"https:\/\/www.imtbike.com\/?page_id=3991"},"modified":"2023-05-08T13:51:29","modified_gmt":"2023-05-08T17:51:29","slug":"a-familia-imtbike","status":"publish","type":"page","link":"https:\/\/www.imtbike.com\/pt-br\/acerca\/a-familia-imtbike\/","title":{"rendered":"A Fam\u00edlia IMTBIKE"},"content":{"rendered":"<p>A IMTBIKE foi fundada em 1997 em Madrid, Espanha. Desde ent\u00e3o temos tido o prazer de mostrar a beleza de Espanha, Portugal, Marrocos, Fran\u00e7a e It\u00e1lia a milhares de motociclistas de mais de 90 pa\u00edses. Estamos muito orgulhosos da reputa\u00e7\u00e3o que fomos ganhando como um dos principais operadores de turismo em moto do mundo. \u00c9 a nossa dedica\u00e7\u00e3o \u00e0 alta qualidade, sempre comprometidos com que todos os membros dos nossos tours tenham a aventura da sua vida, e a nossa paix\u00e3o pelo motociclismo que faz com que um Tour IMTBIKE seja o centro de umas f\u00e9rias inesquec\u00edveis.<\/p>\n","protected":false},"excerpt":{"rendered":"<p>A IMTBIKE foi fundada em 1997 em Madrid, Espanha. Desde ent\u00e3o temos tido o prazer de mostrar a beleza de Espanha, Portugal, Marrocos, Fran\u00e7a e It\u00e1lia a milhares de motociclistas de mais de 90 pa\u00edses.<\/p>\n<p> <a class=\"read-more\" href=\"https:\/\/www.imtbike.com\/pt-br\/acerca\/a-familia-imtbike\/\"> Read More<\/a><\/p>\n","protected":false},"author":21,"featured_media":44889,"parent":3986,"menu_order":0,"comment_status":"open","ping_status":"open","template":"","meta":{"footnotes":""},"acf":[],"yoast_head":"<!-- This site is optimized with the Yoast SEO plugin v22.6 - https:\/\/yoast.com\/wordpress\/plugins\/seo\/ -->\n<title>A Fam\u00edlia IMTBike | Gestores e Staff | Guias &amp; Agentes<\/title>\n<meta name=\"description\" content=\"A IMTBike foi fundada em 1997 e desenvolveu a reputa\u00e7\u00e3o por ser um dos principais operadores de turismo em moto do mundo.\" \/>\n<meta name=\"robots\" content=\"index, follow, max-snippet:-1, max-image-preview:large, max-video-preview:-1\" \/>\n<link rel=\"canonical\" href=\"https:\/\/www.imtbike.com\/pt-br\/acerca\/a-familia-imtbike\/\" \/>\n<meta property=\"og:locale\" content=\"pt_BR\" \/>\n<meta property=\"og:type\" content=\"article\" \/>\n<meta property=\"og:title\" content=\"A Fam\u00edlia IMTBike | Gestores e Staff | Guias &amp; Agentes\" \/>\n<meta property=\"og:description\" content=\"A IMTBike foi fundada em 1997 e desenvolveu a reputa\u00e7\u00e3o por ser um dos principais operadores de turismo em moto do mundo.\" \/>\n<meta property=\"og:url\" content=\"https:\/\/www.imtbike.com\/pt-br\/acerca\/a-familia-imtbike\/\" \/>\n<meta property=\"og:site_name\" content=\"IMTBike\" \/>\n<meta property=\"article:modified_time\" content=\"2023-05-08T17:51:29+00:00\" \/>\n<meta property=\"og:image\" content=\"https:\/\/www.imtbike.com\/be\/wp-content\/uploads\/2023\/05\/banner-family-2023.jpg\" \/>\n\t<meta property=\"og:image:width\" content=\"1198\" \/>\n\t<meta property=\"og:image:height\" content=\"360\" \/>\n\t<meta property=\"og:image:type\" content=\"image\/jpeg\" \/>\n<meta name=\"twitter:label1\" content=\"Est. reading time\" \/>\n\t<meta name=\"twitter:data1\" content=\"1 minute\" \/>\n<script type=\"application\/ld+json\" class=\"yoast-schema-graph\">{\"@context\":\"https:\/\/schema.org\",\"@graph\":[{\"@type\":\"WebPage\",\"@id\":\"https:\/\/www.imtbike.com\/pt-br\/acerca\/a-familia-imtbike\/\",\"url\":\"https:\/\/www.imtbike.com\/pt-br\/acerca\/a-familia-imtbike\/\",\"name\":\"A Fam\u00edlia IMTBike | Gestores e Staff | Guias & Agentes\",\"isPartOf\":{\"@id\":\"https:\/\/www.imtbike.com\/#website\"},\"primaryImageOfPage\":{\"@id\":\"https:\/\/www.imtbike.com\/pt-br\/acerca\/a-familia-imtbike\/#primaryimage\"},\"image\":{\"@id\":\"https:\/\/www.imtbike.com\/pt-br\/acerca\/a-familia-imtbike\/#primaryimage\"},\"thumbnailUrl\":\"https:\/\/www.imtbike.com\/be\/wp-content\/uploads\/2024\/12\/PB300224-EDIT2.jpg\",\"datePublished\":\"2014-04-03T11:51:34+00:00\",\"dateModified\":\"2023-05-08T17:51:29+00:00\",\"description\":\"A IMTBike foi fundada em 1997 e desenvolveu a reputa\u00e7\u00e3o por ser um dos principais operadores de turismo em moto do mundo.\",\"breadcrumb\":{\"@id\":\"https:\/\/www.imtbike.com\/pt-br\/acerca\/a-familia-imtbike\/#breadcrumb\"},\"inLanguage\":\"pt-BR\",\"potentialAction\":[{\"@type\":\"ReadAction\",\"target\":[\"https:\/\/www.imtbike.com\/pt-br\/acerca\/a-familia-imtbike\/\"]}]},{\"@type\":\"ImageObject\",\"inLanguage\":\"pt-BR\",\"@id\":\"https:\/\/www.imtbike.com\/pt-br\/acerca\/a-familia-imtbike\/#primaryimage\",\"url\":\"https:\/\/www.imtbike.com\/be\/wp-content\/uploads\/2024\/12\/PB300224-EDIT2.jpg\",\"contentUrl\":\"https:\/\/www.imtbike.com\/be\/wp-content\/uploads\/2024\/12\/PB300224-EDIT2.jpg\",\"width\":1920,\"height\":1315,\"caption\":\"OLYMPUS DIGITAL CAMERA\"},{\"@type\":\"BreadcrumbList\",\"@id\":\"https:\/\/www.imtbike.com\/pt-br\/acerca\/a-familia-imtbike\/#breadcrumb\",\"itemListElement\":[{\"@type\":\"ListItem\",\"position\":1,\"name\":\"Home\",\"item\":\"https:\/\/www.imtbike.com\/\"},{\"@type\":\"ListItem\",\"position\":2,\"name\":\"Acerca da IMTBIKE\",\"item\":\"https:\/\/www.imtbike.com\/pt-br\/acerca\/\"},{\"@type\":\"ListItem\",\"position\":3,\"name\":\"A Fam\u00edlia IMTBIKE\"}]},{\"@type\":\"WebSite\",\"@id\":\"https:\/\/www.imtbike.com\/#website\",\"url\":\"https:\/\/www.imtbike.com\/\",\"name\":\"IMTBike\",\"description\":\"Passion for Motorcycling\",\"potentialAction\":[{\"@type\":\"SearchAction\",\"target\":{\"@type\":\"EntryPoint\",\"urlTemplate\":\"https:\/\/www.imtbike.com\/?s={search_term_string}\"},\"query-input\":\"required name=search_term_string\"}],\"inLanguage\":\"pt-BR\"}]}<\/script>\n<!-- \/ Yoast SEO plugin. -->","yoast_head_json":{"title":"A Fam\u00edlia IMTBike | Gestores e Staff | Guias & Agentes","description":"A IMTBike foi fundada em 1997 e desenvolveu a reputa\u00e7\u00e3o por ser um dos principais operadores de turismo em moto do mundo.","robots":{"index":"index","follow":"follow","max-snippet":"max-snippet:-1","max-image-preview":"max-image-preview:large","max-video-preview":"max-video-preview:-1"},"canonical":"https:\/\/www.imtbike.com\/pt-br\/acerca\/a-familia-imtbike\/","og_locale":"pt_BR","og_type":"article","og_title":"A Fam\u00edlia IMTBike | Gestores e Staff | Guias & Agentes","og_description":"A IMTBike foi fundada em 1997 e desenvolveu a reputa\u00e7\u00e3o por ser um dos principais operadores de turismo em moto do mundo.","og_url":"https:\/\/www.imtbike.com\/pt-br\/acerca\/a-familia-imtbike\/","og_site_name":"IMTBike","article_modified_time":"2023-05-08T17:51:29+00:00","og_image":[{"width":1198,"height":360,"url":"https:\/\/www.imtbike.com\/be\/wp-content\/uploads\/2023\/05\/banner-family-2023.jpg","type":"image\/jpeg"}],"twitter_misc":{"Est. reading time":"1 minute"},"schema":{"@context":"https:\/\/schema.org","@graph":[{"@type":"WebPage","@id":"https:\/\/www.imtbike.com\/pt-br\/acerca\/a-familia-imtbike\/","url":"https:\/\/www.imtbike.com\/pt-br\/acerca\/a-familia-imtbike\/","name":"A Fam\u00edlia IMTBike | Gestores e Staff | Guias & Agentes","isPartOf":{"@id":"https:\/\/www.imtbike.com\/#website"},"primaryImageOfPage":{"@id":"https:\/\/www.imtbike.com\/pt-br\/acerca\/a-familia-imtbike\/#primaryimage"},"image":{"@id":"https:\/\/www.imtbike.com\/pt-br\/acerca\/a-familia-imtbike\/#primaryimage"},"thumbnailUrl":"https:\/\/www.imtbike.com\/be\/wp-content\/uploads\/2024\/12\/PB300224-EDIT2.jpg","datePublished":"2014-04-03T11:51:34+00:00","dateModified":"2023-05-08T17:51:29+00:00","description":"A IMTBike foi fundada em 1997 e desenvolveu a reputa\u00e7\u00e3o por ser um dos principais operadores de turismo em moto do mundo.","breadcrumb":{"@id":"https:\/\/www.imtbike.com\/pt-br\/acerca\/a-familia-imtbike\/#breadcrumb"},"inLanguage":"pt-BR","potentialAction":[{"@type":"ReadAction","target":["https:\/\/www.imtbike.com\/pt-br\/acerca\/a-familia-imtbike\/"]}]},{"@type":"ImageObject","inLanguage":"pt-BR","@id":"https:\/\/www.imtbike.com\/pt-br\/acerca\/a-familia-imtbike\/#primaryimage","url":"https:\/\/www.imtbike.com\/be\/wp-content\/uploads\/2024\/12\/PB300224-EDIT2.jpg","contentUrl":"https:\/\/www.imtbike.com\/be\/wp-content\/uploads\/2024\/12\/PB300224-EDIT2.jpg","width":1920,"height":1315,"caption":"OLYMPUS DIGITAL CAMERA"},{"@type":"BreadcrumbList","@id":"https:\/\/www.imtbike.com\/pt-br\/acerca\/a-familia-imtbike\/#breadcrumb","itemListElement":[{"@type":"ListItem","position":1,"name":"Home","item":"https:\/\/www.imtbike.com\/"},{"@type":"ListItem","position":2,"name":"Acerca da IMTBIKE","item":"https:\/\/www.imtbike.com\/pt-br\/acerca\/"},{"@type":"ListItem","position":3,"name":"A Fam\u00edlia IMTBIKE"}]},{"@type":"WebSite","@id":"https:\/\/www.imtbike.com\/#website","url":"https:\/\/www.imtbike.com\/","name":"IMTBike","description":"Passion for Motorcycling","potentialAction":[{"@type":"SearchAction","target":{"@type":"EntryPoint","urlTemplate":"https:\/\/www.imtbike.com\/?s={search_term_string}"},"query-input":"required name=search_term_string"}],"inLanguage":"pt-BR"}]}},"jetpack_sharing_enabled":true,"_links":{"self":[{"href":"https:\/\/www.imtbike.com\/pt-br\/wp-json\/wp\/v2\/pages\/3991"}],"collection":[{"href":"https:\/\/www.imtbike.com\/pt-br\/wp-json\/wp\/v2\/pages"}],"about":[{"href":"https:\/\/www.imtbike.com\/pt-br\/wp-json\/wp\/v2\/types\/page"}],"author":[{"embeddable":true,"href":"https:\/\/www.imtbike.com\/pt-br\/wp-json\/wp\/v2\/users\/21"}],"replies":[{"embeddable":true,"href":"https:\/\/www.imtbike.com\/pt-br\/wp-json\/wp\/v2\/comments?post=3991"}],"version-history":[{"count":1,"href":"https:\/\/www.imtbike.com\/pt-br\/wp-json\/wp\/v2\/pages\/3991\/revisions"}],"predecessor-version":[{"id":18535,"href":"https:\/\/www.imtbike.com\/pt-br\/wp-json\/wp\/v2\/pages\/3991\/revisions\/18535"}],"up":[{"embeddable":true,"href":"https:\/\/www.imtbike.com\/pt-br\/wp-json\/wp\/v2\/pages\/3986"}],"wp:featuredmedia":[{"embeddable":true,"href":"https:\/\/www.imtbike.com\/pt-br\/wp-json\/wp\/v2\/media\/44889"}],"wp:attachment":[{"href":"https:\/\/www.imtbike.com\/pt-br\/wp-json\/wp\/v2\/media?parent=3991"}],"curies":[{"name":"wp","href":"https:\/\/api.w.org\/{rel}","templated":true}]}}