{"id":3986,"date":"2014-01-29T15:32:48","date_gmt":"2014-01-29T20:32:48","guid":{"rendered":"https:\/\/www.imtbike.com\/?page_id=3986"},"modified":"2025-05-14T11:57:13","modified_gmt":"2025-05-14T15:57:13","slug":"acerca","status":"publish","type":"page","link":"https:\/\/www.imtbike.com\/pt-br\/acerca\/","title":{"rendered":"Acerca da IMTBIKE"},"content":{"rendered":"<div class=\"left bborder verticalSpacer\">\n<p>Na IMTBIKE movemo-nos pela nossa paix\u00e3o pelo motociclismo, por assegurar que voc\u00ea desfruta ao m\u00e1ximo das suas f\u00e9rias em moto e procuramos a perfei\u00e7\u00e3o em todos os detalhes dos nossos tours e em todos os alugu\u00e9is. \u00c9 a combina\u00e7\u00e3o da nossa paix\u00e3o pelo motociclismo e o nosso desejo pela perfei\u00e7\u00e3o que faz o touring com a IMTBIKE se algo de extraordin\u00e1rio. Quando est\u00e1 a explorar as suas op\u00e7\u00f5es de viagens em moto os seus melhores recursos s\u00e3o os seus amigos ou antigos membros de um tour que tenham vivido experi\u00eancias similares. Na IMTBIKE estamos muito orgulhosos na incr\u00edvel reputa\u00e7\u00e3o que fomos ganhando desde 1997 por ter guias excepcionais, motos perfeitas, hot\u00e9is de primeira, rotas desenhadas por profissionais e uma experi\u00eancia de tours em moto da mais alta qualidade.<\/p>\n<\/div>\n<div class=\"grid_8 noPadding rborder\">\n<h2 class=\"horizontalSpacer noMargin bborder grid_12 whiteBG\">Estas s\u00e3o as qualidades que fazem da IMTBIKE uma das melhores empresas de tours em moto e alugu\u00e9is do mundo:<\/h2>\n<div class=\"horizontalSpacer noMargin bborder even grid_12\">\n<div class=\"horizontalSpacer noMargin bborder even\">\n<h3 style=\"padding-top: 16px;\">A IMTBIKE \u00e9 um Parceiro Oficial da BMW Motorrad.<\/h3>\n<div style=\"width: 200px; float: right; padding: 0.5em 0 5px 2em;\"><img decoding=\"async\" loading=\"lazy\" class=\"right\" style=\"float: left; width: 90%; height: auto; padding: 0 0 2em 0;\" src=\"https:\/\/www.imtbike.com\/be\/wp-content\/uploads\/2023\/02\/BMW-2023.png\" alt=\"BMW Sponsors\" width=\"288\" height=\"64\"><img decoding=\"async\" loading=\"lazy\" style=\"float: left; width: 100%; height: auto;\" src=\"https:\/\/www.imtbike.com\/be\/wp-content\/themes\/IMTNew\/images\/BWWtraining.png\" alt=\"BMW Academy Training\" width=\"1500\" height=\"238\"><\/div>\n<p>A IMTBIKE tem sido um Parceiro Oficial da BMW Motorrad desde 1997. Os nossos guias completaram com sucesso a BMW International Tourguide Academy. Isto significa que cumprimos os mais altos standards definidos pela BMW Motorrad para os nossos tours e alugu\u00e9is. Tamb\u00e9m temos dispon\u00edvel o apoio de todos os concession\u00e1rios BMW na Europa. Se alguma vez houver um problema com uma moto, voc\u00ea nunca estar\u00e1 longe de um concession\u00e1rio BMW onde receber\u00e1 tratamento VIP!<\/p>\n<\/div>\n<h3 style=\"padding-top: 16px;\">N\u00f3s conhecemos e adoramos as regi\u00f5es onde fazemos tours.<\/h3>\n<p>Desde 1997 que a IMTBIKE tem feito fant\u00e1sticos tours e alugu\u00e9is em Espanha, Portugal, Marrocos, Fran\u00e7a e It\u00e1lia. Nestes anos n\u00e3o s\u00f3 temos viajado extensivamente por essas regi\u00f5es, aprendendo a sua hist\u00f3ria e culturas, como tamb\u00e9m desenvolvendo rela\u00e7\u00f5es com os habitantes locais. Estamos felizes em poder partilhar todos estes conhecimentos culturais e oferecer-lhe uma experi\u00eancia \u00fanica e aut\u00eantica.<\/p>\n<\/div>\n<div class=\"horizontalSpacer noMargin bborder grid_12 whiteBG\">\n<h3>A IMTBIKE tem guias fant\u00e1sticos.<\/h3>\n<p>Isto \u00e9 o que os nossos membros dos tours nos t\u00eam dito repetidamente, por isso deve ser verdade! Todos os nossos guias cumprem os mais altos standards BMW Motorrad e mais importante, s\u00e3o divertidos e est\u00e3o interessados pessoalmente em ter a certeza que voc\u00ea desfruta ao m\u00e1ximo das suas f\u00e9rias em moto. Todos os nossos guias s\u00e3o multilingue e conhecedores das regi\u00f5es onde fazemos tours e ficam felizes por poder partilhar os seus conhecimentos consigo. Os nossos guias s\u00e3o tamb\u00e9m experientes instrutores que t\u00eam sempre uma abordagem de &#8220;seguran\u00e7a primeiro&#8221; em todas os nossos tours. O seu objetivo principal \u00e9 ter a certeza que todos os membros do tour se mant\u00eam dentro da sua zona de conforto enquanto pilotam. Eles tamb\u00e9m est\u00e3o dispon\u00edveis para partilhar dicas consigo ajud\u00e1-lo a ser um motociclista mais seguro e confiante.<\/p>\n<\/div>\n<div class=\"horizontalSpacer noMargin bborder even grid_12\">\n<h3>Rotas desenhadas por profissionais.<\/h3>\n<p>As rotas IMTBIKE s\u00e3o desenhadas profissionalmente por jornalistas de motos Espanh\u00f3is que incluem o veterano Editor de Turismo da revista MOTOCICLISMO que com os seus mais de 30 anos de experi\u00eancia tamb\u00e9m trabalhou como jornalista para a revista MOTOCICLISMO, LA MOTO e MOTOS.net, que s\u00e3o as publica\u00e7\u00f5es mais importantes de Espanha. As nossas rotas s\u00e3o constantemente inspeccionadas e revistas para ter a certeza que sempre poder\u00e1 desfrutar das melhores estradas para motos nos pa\u00edses onde fazemos tours.<\/p>\n<\/div>\n<div class=\"horizontalSpacer noMargin bborder grid_12 whiteBG\">\n<h3>Frota Nova de motos BMW totalmente equipadas.<\/h3>\n<p>A IMTBIKE tem a maior frota de motos BMW totalmente equipadas da Europa com mais de 190 motos nos seus&nbsp;5 centros de aluguel. A nossa frota \u00e9 renovada cada ano e meio para ter a certeza que voc\u00ea tem sempre uma moto com poucos quil\u00f3metros e em perfeitas condi\u00e7\u00f5es. Todas as nossas motos est\u00e3o equipadas com duas malas laterais BMW e uma topcase com encosto almofadado para que o seu passageiro esteja confort\u00e1vel no seu tour ou aluguel. As nossas motos s\u00e3o tamb\u00e9m inspeccionadas por mec\u00e2nicos da BMW antes de sair para a estrada.<\/p>\n<\/div>\n<div class=\"horizontalSpacer noMargin bborder grid_12 whiteBG\">\n<h3>Hot\u00e9is de primeira qualidade.<\/h3>\n<p>A IMTBIKE usa principalmente hot\u00e9is de 4 e 5 estrelas e estamos constantemente a verificar a se a qualidade destes alojamentos vai de encontro aos standards rigorosos da IMTBIKE. Em Espanha e Portugal usamos Paradores Nacionais e Pousadas. Estes alojamentos s\u00e3o castelos hist\u00f3ricos, pal\u00e1cios e fortalezas que foram convertidos em fant\u00e1sticos hot\u00e9is &#8220;motorcycle-friendly&#8221; com excelente gastronomia. Em Marrocos usamos hot\u00e9is de 4 e 5 estrelas e Riads. Uma Riad \u00e9 um antigo pal\u00e1cio normalmente localizado na Medina ou Casbah que foi convertido num luxuoso hotel de charme.<\/p>\n<\/div>\n<div class=\"horizontalSpacer noMargin bborder even grid_12\">\n<h3>Grupos pequenos.<\/h3>\n<p>N\u00f3s sabemos que a melhor forma de fazer viagens de aventura \u00e9 ir em grupos pequenos. \u00c9 por isto que fazemos todo os esfor\u00e7os para manter os nossos grupos dos tours entre 8 e 12 membros ou 8 motos. Grupos desta dimens\u00e3o criam a sensa\u00e7\u00e3o de viajar com amigos (o que os membros do tour se tornar\u00e3o antes do fim do tour!). Voc\u00ea tamb\u00e9m far\u00e1 amizade com os nossos guias, nunca ser\u00e1 apenas um n\u00famero. Esta camaradagem define os tours IMTBIKE.<\/p>\n<\/div>\n<div class=\"horizontalSpacer noMargin bborder grid_12 whiteBG\">\n<h3>Ve\u00edculos de apoio IMTBIKE.<\/h3>\n<p>Cada tour IMTBIKE t\u00eam sempre dois guias profissionais. O guia principal ir\u00e1 na primeira moto e o condutor da carrinha de apoio seguir\u00e1 sempre o grupo. Se alguma vez necessitar de alguma coisa de dentro da carrinha s\u00f3 tem que encostar ao lado da estrada e o condutor da parar\u00e1 para que voc\u00ea possa aceder ao que necessita de dentro da carrinha. As nossas carrinhas transportar\u00e3o a sua bagagem, qualquer compra que possa querer fazer, pe\u00e7as de substitui\u00e7\u00e3o para as motos e h\u00e1 sempre espa\u00e7o para um amigo ou familiar que gosta de viajar mas prefere quatro rodas.<\/p>\n<\/div>\n<\/div>\n<div class=\"grid_4 noPadding\">\n<div class=\"grid_12 horizontalSpacer\"><a class=\"left\" href=\"https:\/\/imtbike.com\/be\/wp-content\/uploads\/2014\/02\/imtbike160.jpg\" data-lightbox=\"about\"><img decoding=\"async\" class=\"left full size-medium wp-image-477\" src=\"https:\/\/imtbike.com\/be\/wp-content\/uploads\/2014\/02\/imtbike160.jpg\" alt=\"imtbike160\"><\/a><br \/>\n<a class=\"left\" href=\"\/be\/wp-content\/uploads\/2014\/02\/imtbike86.jpg\" data-lightbox=\"about\"><img decoding=\"async\" loading=\"lazy\" width=\"624\" height=\"480\" class=\"left full size-medium wp-image-391\" src=\"\/be\/wp-content\/uploads\/2014\/02\/imtbike86.jpg\" alt=\"imtbike86\" srcset=\"https:\/\/www.imtbike.com\/be\/wp-content\/uploads\/2014\/02\/imtbike86.jpg 624w, https:\/\/www.imtbike.com\/be\/wp-content\/uploads\/2014\/02\/imtbike86-300x231.jpg 300w\" sizes=\"(max-width: 624px) 100vw, 624px\" \/><\/a><br \/>\n<a class=\"left\" href=\"\/be\/wp-content\/uploads\/2014\/02\/imtbike137.jpg\" data-lightbox=\"about\"><img decoding=\"async\" loading=\"lazy\" width=\"650\" height=\"488\" class=\"left full size-medium wp-image-448\" src=\"\/be\/wp-content\/uploads\/2014\/02\/imtbike137.jpg\" alt=\"imtbike137\" srcset=\"https:\/\/www.imtbike.com\/be\/wp-content\/uploads\/2014\/02\/imtbike137.jpg 650w, https:\/\/www.imtbike.com\/be\/wp-content\/uploads\/2014\/02\/imtbike137-300x225.jpg 300w\" sizes=\"(max-width: 650px) 100vw, 650px\" \/><\/a><br \/>\n<a class=\"left\" href=\"https:\/\/www.imtbike.com\/be\/wp-content\/uploads\/2014\/02\/IMG_5803.jpg\" data-lightbox=\"about\"><img decoding=\"async\" class=\"left full alignnone wp-image-1167 size-medium\" src=\"https:\/\/www.imtbike.com\/be\/wp-content\/uploads\/2014\/02\/IMG_5803.jpg\" alt=\"\"><\/a><\/div>\n<div class=\"left yellowBG horizontalSpacer verticalSpacer\">\n<h2><a href=\"https:\/\/www.imtbike.com\/pt-br\/acerca\/a-familia-imtbike\/\">Conhe\u00e7a os nossos Guias<\/a><\/h2>\n<p style=\"text-align: left;\"><img decoding=\"async\" loading=\"lazy\" class=\" wp-image-7576 alignleft\" src=\"https:\/\/www.imtbike.com\/be\/wp-content\/uploads\/2014\/01\/lorenzo.jpg\" alt=\"lorenzo\" width=\"92\" height=\"102\">Estamos muito orgulhosos da reputa\u00e7\u00e3o que ganh\u00e1mos como um dos operadores l\u00edderes de viagens em moto do mundo, e isso come\u00e7a com os nossos guias. <a href=\"https:\/\/www.imtbike.com\/pt-br\/acerca\/a-familia-imtbike\/\">Conhe\u00e7a a equipe \u2192<\/a><\/p>\n<\/div>\n<div class=\"left darkBlueBG horizontalSpacer verticalSpacer\">\n<h2 class=\"yellow\"><a href=\"http:\/\/staging.imtbike.es\/rutas-en-moto\/\">Os nossos Tours<\/a><\/h2>\n<p><img decoding=\"async\" loading=\"lazy\" class=\"alignleft size-medium wp-image-447\" style=\"width: 100%; height: auto; padding: 0 0 1em;\" src=\"\/be\/wp-content\/uploads\/2014\/02\/imtbike136-300x225.jpg\" alt=\"imtbike136\" width=\"300\" height=\"225\" srcset=\"https:\/\/www.imtbike.com\/be\/wp-content\/uploads\/2014\/02\/imtbike136-300x225.jpg 300w, https:\/\/www.imtbike.com\/be\/wp-content\/uploads\/2014\/02\/imtbike136.jpg 650w\" sizes=\"(max-width: 300px) 100vw, 300px\" \/><\/p>\n<p class=\"white\">Desde 1997 que a IMTBike tem feito fant\u00e1sticos tours em Espanha, Portugal, Marrocos, Fran\u00e7a e It\u00e1lia<\/p>\n<p><a class=\"yellow\" href=\"\/imt-tours\/\">Veja os nossos tours \u2192<\/a><\/p>\n<\/div>\n<div class=\"left grid_12 horizontalSpacer\"><a href=\"\/be\/wp-content\/uploads\/2014\/06\/transit-van.jpg\" data-lightbox=\"about\"><img decoding=\"async\" loading=\"lazy\" width=\"300\" height=\"225\" class=\"left full size-full wp-image-923\" src=\"\/be\/wp-content\/uploads\/2014\/01\/support-vehicle.jpg\" alt=\"IMTBike Support Vehicle\"><\/a><\/div>\n<\/div>\n","protected":false},"excerpt":{"rendered":"<p>Na IMTBIKE movemo-nos pela nossa paix\u00e3o pelo motociclismo, por assegurar que voc\u00ea desfruta ao m\u00e1ximo das suas f\u00e9rias em moto e procuramos a perfei\u00e7\u00e3o em todos os detalhes dos nossos tours e em todos os alugu\u00e9is.<\/p>\n<p> <a class=\"read-more\" href=\"https:\/\/www.imtbike.com\/pt-br\/acerca\/\"> Read More<\/a><\/p>\n","protected":false},"author":21,"featured_media":0,"parent":0,"menu_order":5,"comment_status":"open","ping_status":"open","template":"","meta":{"footnotes":""},"acf":[],"yoast_head":"<!-- This site is optimized with the Yoast SEO plugin v22.6 - https:\/\/yoast.com\/wordpress\/plugins\/seo\/ -->\n<title>Acerca da IMTBike<\/title>\n<meta name=\"description\" content=\"Conhe\u00e7a a IMTBIKE Portugal, l\u00edder em viagens de moto guiadas e autoguiadas com paix\u00e3o por motociclismo e excel\u00eancia no servi\u00e7o.\" \/>\n<meta name=\"robots\" content=\"index, follow, max-snippet:-1, max-image-preview:large, max-video-preview:-1\" \/>\n<link rel=\"canonical\" href=\"https:\/\/www.imtbike.com\/pt-br\/acerca\/\" \/>\n<meta property=\"og:locale\" content=\"pt_BR\" \/>\n<meta property=\"og:type\" content=\"article\" \/>\n<meta property=\"og:title\" content=\"Acerca da IMTBike\" \/>\n<meta property=\"og:description\" content=\"Conhe\u00e7a a IMTBIKE Portugal, l\u00edder em viagens de moto guiadas e autoguiadas com paix\u00e3o por motociclismo e excel\u00eancia no servi\u00e7o.\" \/>\n<meta property=\"og:url\" content=\"https:\/\/www.imtbike.com\/pt-br\/acerca\/\" \/>\n<meta property=\"og:site_name\" content=\"IMTBike\" \/>\n<meta property=\"article:modified_time\" content=\"2025-05-14T15:57:13+00:00\" \/>\n<meta property=\"og:image\" content=\"https:\/\/www.imtbike.com\/be\/wp-content\/uploads\/2023\/02\/BMW-2023.png\" \/>\n<meta name=\"twitter:label1\" content=\"Est. reading time\" \/>\n\t<meta name=\"twitter:data1\" content=\"6 minutes\" \/>\n<script type=\"application\/ld+json\" class=\"yoast-schema-graph\">{\"@context\":\"https:\/\/schema.org\",\"@graph\":[{\"@type\":\"WebPage\",\"@id\":\"https:\/\/www.imtbike.com\/pt-br\/acerca\/\",\"url\":\"https:\/\/www.imtbike.com\/pt-br\/acerca\/\",\"name\":\"Acerca da IMTBike\",\"isPartOf\":{\"@id\":\"https:\/\/www.imtbike.com\/#website\"},\"primaryImageOfPage\":{\"@id\":\"https:\/\/www.imtbike.com\/pt-br\/acerca\/#primaryimage\"},\"image\":{\"@id\":\"https:\/\/www.imtbike.com\/pt-br\/acerca\/#primaryimage\"},\"thumbnailUrl\":\"https:\/\/www.imtbike.com\/be\/wp-content\/uploads\/2023\/02\/BMW-2023.png\",\"datePublished\":\"2014-01-29T20:32:48+00:00\",\"dateModified\":\"2025-05-14T15:57:13+00:00\",\"description\":\"Conhe\u00e7a a IMTBIKE Portugal, l\u00edder em viagens de moto guiadas e autoguiadas com paix\u00e3o por motociclismo e excel\u00eancia no servi\u00e7o.\",\"breadcrumb\":{\"@id\":\"https:\/\/www.imtbike.com\/pt-br\/acerca\/#breadcrumb\"},\"inLanguage\":\"pt-BR\",\"potentialAction\":[{\"@type\":\"ReadAction\",\"target\":[\"https:\/\/www.imtbike.com\/pt-br\/acerca\/\"]}]},{\"@type\":\"ImageObject\",\"inLanguage\":\"pt-BR\",\"@id\":\"https:\/\/www.imtbike.com\/pt-br\/acerca\/#primaryimage\",\"url\":\"https:\/\/www.imtbike.com\/be\/wp-content\/uploads\/2023\/02\/BMW-2023.png\",\"contentUrl\":\"https:\/\/www.imtbike.com\/be\/wp-content\/uploads\/2023\/02\/BMW-2023.png\"},{\"@type\":\"BreadcrumbList\",\"@id\":\"https:\/\/www.imtbike.com\/pt-br\/acerca\/#breadcrumb\",\"itemListElement\":[{\"@type\":\"ListItem\",\"position\":1,\"name\":\"Home\",\"item\":\"https:\/\/www.imtbike.com\/\"},{\"@type\":\"ListItem\",\"position\":2,\"name\":\"Acerca da IMTBIKE\"}]},{\"@type\":\"WebSite\",\"@id\":\"https:\/\/www.imtbike.com\/#website\",\"url\":\"https:\/\/www.imtbike.com\/\",\"name\":\"IMTBike\",\"description\":\"Passion for Motorcycling\",\"potentialAction\":[{\"@type\":\"SearchAction\",\"target\":{\"@type\":\"EntryPoint\",\"urlTemplate\":\"https:\/\/www.imtbike.com\/?s={search_term_string}\"},\"query-input\":\"required name=search_term_string\"}],\"inLanguage\":\"pt-BR\"}]}<\/script>\n<!-- \/ Yoast SEO plugin. -->","yoast_head_json":{"title":"Acerca da IMTBike","description":"Conhe\u00e7a a IMTBIKE Portugal, l\u00edder em viagens de moto guiadas e autoguiadas com paix\u00e3o por motociclismo e excel\u00eancia no servi\u00e7o.","robots":{"index":"index","follow":"follow","max-snippet":"max-snippet:-1","max-image-preview":"max-image-preview:large","max-video-preview":"max-video-preview:-1"},"canonical":"https:\/\/www.imtbike.com\/pt-br\/acerca\/","og_locale":"pt_BR","og_type":"article","og_title":"Acerca da IMTBike","og_description":"Conhe\u00e7a a IMTBIKE Portugal, l\u00edder em viagens de moto guiadas e autoguiadas com paix\u00e3o por motociclismo e excel\u00eancia no servi\u00e7o.","og_url":"https:\/\/www.imtbike.com\/pt-br\/acerca\/","og_site_name":"IMTBike","article_modified_time":"2025-05-14T15:57:13+00:00","og_image":[{"url":"https:\/\/www.imtbike.com\/be\/wp-content\/uploads\/2023\/02\/BMW-2023.png"}],"twitter_misc":{"Est. reading time":"6 minutes"},"schema":{"@context":"https:\/\/schema.org","@graph":[{"@type":"WebPage","@id":"https:\/\/www.imtbike.com\/pt-br\/acerca\/","url":"https:\/\/www.imtbike.com\/pt-br\/acerca\/","name":"Acerca da IMTBike","isPartOf":{"@id":"https:\/\/www.imtbike.com\/#website"},"primaryImageOfPage":{"@id":"https:\/\/www.imtbike.com\/pt-br\/acerca\/#primaryimage"},"image":{"@id":"https:\/\/www.imtbike.com\/pt-br\/acerca\/#primaryimage"},"thumbnailUrl":"https:\/\/www.imtbike.com\/be\/wp-content\/uploads\/2023\/02\/BMW-2023.png","datePublished":"2014-01-29T20:32:48+00:00","dateModified":"2025-05-14T15:57:13+00:00","description":"Conhe\u00e7a a IMTBIKE Portugal, l\u00edder em viagens de moto guiadas e autoguiadas com paix\u00e3o por motociclismo e excel\u00eancia no servi\u00e7o.","breadcrumb":{"@id":"https:\/\/www.imtbike.com\/pt-br\/acerca\/#breadcrumb"},"inLanguage":"pt-BR","potentialAction":[{"@type":"ReadAction","target":["https:\/\/www.imtbike.com\/pt-br\/acerca\/"]}]},{"@type":"ImageObject","inLanguage":"pt-BR","@id":"https:\/\/www.imtbike.com\/pt-br\/acerca\/#primaryimage","url":"https:\/\/www.imtbike.com\/be\/wp-content\/uploads\/2023\/02\/BMW-2023.png","contentUrl":"https:\/\/www.imtbike.com\/be\/wp-content\/uploads\/2023\/02\/BMW-2023.png"},{"@type":"BreadcrumbList","@id":"https:\/\/www.imtbike.com\/pt-br\/acerca\/#breadcrumb","itemListElement":[{"@type":"ListItem","position":1,"name":"Home","item":"https:\/\/www.imtbike.com\/"},{"@type":"ListItem","position":2,"name":"Acerca da IMTBIKE"}]},{"@type":"WebSite","@id":"https:\/\/www.imtbike.com\/#website","url":"https:\/\/www.imtbike.com\/","name":"IMTBike","description":"Passion for Motorcycling","potentialAction":[{"@type":"SearchAction","target":{"@type":"EntryPoint","urlTemplate":"https:\/\/www.imtbike.com\/?s={search_term_string}"},"query-input":"required name=search_term_string"}],"inLanguage":"pt-BR"}]}},"jetpack_sharing_enabled":true,"_links":{"self":[{"href":"https:\/\/www.imtbike.com\/pt-br\/wp-json\/wp\/v2\/pages\/3986"}],"collection":[{"href":"https:\/\/www.imtbike.com\/pt-br\/wp-json\/wp\/v2\/pages"}],"about":[{"href":"https:\/\/www.imtbike.com\/pt-br\/wp-json\/wp\/v2\/types\/page"}],"author":[{"embeddable":true,"href":"https:\/\/www.imtbike.com\/pt-br\/wp-json\/wp\/v2\/users\/21"}],"replies":[{"embeddable":true,"href":"https:\/\/www.imtbike.com\/pt-br\/wp-json\/wp\/v2\/comments?post=3986"}],"version-history":[{"count":8,"href":"https:\/\/www.imtbike.com\/pt-br\/wp-json\/wp\/v2\/pages\/3986\/revisions"}],"predecessor-version":[{"id":46458,"href":"https:\/\/www.imtbike.com\/pt-br\/wp-json\/wp\/v2\/pages\/3986\/revisions\/46458"}],"wp:attachment":[{"href":"https:\/\/www.imtbike.com\/pt-br\/wp-json\/wp\/v2\/media?parent=3986"}],"curies":[{"name":"wp","href":"https:\/\/api.w.org\/{rel}","templated":true}]}}