{"id":3977,"date":"2014-04-02T12:55:41","date_gmt":"2014-04-02T16:55:41","guid":{"rendered":"https:\/\/www.imtbike.com\/?page_id=3977"},"modified":"2024-05-09T13:06:49","modified_gmt":"2024-05-09T17:06:49","slug":"armazenagem-de-motos","status":"publish","type":"page","link":"https:\/\/www.imtbike.com\/pt-br\/alugel-motos-espanha-portugal\/armazenagem-de-motos\/","title":{"rendered":"Armazenagem de Motos"},"content":{"rendered":"<p>A IMTBike tem quatro\u00a0Centros de Armazenagem de Motos localizados em Barcelona, Madrid, M\u00e1laga e Lisboa. Todos os nossos Centros de Armazenagem est\u00e3o estrategicamente localizados perto de aeroportos principais, com acesso f\u00e1cil desde autoestradas pr\u00f3ximas. Se voc\u00ea tem uma moto e deseja guard\u00e1-la em Espanha, num ambiente seco e seguro, a IMTBike pode ajud\u00e1-lo.<\/p>\n<p>A IMTBike tem uma frota de mais de\u00a0170 motos BMW e sabemos bem a import\u00e2ncia de manter as motos em perfeitas condi\u00e7\u00f5es. Usando o Servi\u00e7o de Armazenagem de motos da IMTBike em Espanha, vai beneficiar da mesma paix\u00e3o, dedica\u00e7\u00e3o e cuidado pela sua pr\u00f3pria moto.<\/p>\n<div style=\"float: left; width: 100%; margin: 0 0 2em; background: #f5f5f5; padding: 1em; border: 1px solid #ccc;\">\n<h3>Locations<\/h3>\n<div class=\"left half\">\n<h4>Madrid<\/h4>\n<p><iframe loading=\"lazy\" style=\"border: 0;\" src=\"https:\/\/www.google.com\/maps\/embed?pb=!1m14!1m8!1m3!1d97242.24696606857!2d-3.840661!3d40.390677!3m2!1i1024!2i768!4f13.1!3m3!1m2!1s0x0%3A0x54fa98ade1cd861b!2sIMTBike+Tours+%26+Rentals!5e0!3m2!1sen!2sus!4v1396460726123\" width=\"90%\" height=\"300\" frameborder=\"0\"><\/iframe><\/p>\n<div style=\"padding: 0 1em 0 0;\">\n<p style=\"font-size: 0.85em;\">Calle Chapineria, 6B<br \/>\nPol Ind Ventorro del Cano<br \/>\n28925 \u2013 Alcorc\u00f3n \u2013 Madrid<\/p>\n<p style=\"font-size: 0.85em;\"><a href=\"mailto:info@imtbike.com\">Email<\/a><br \/>\n(+34) 91 633 72 22<\/p>\n<\/div>\n<\/div>\n<div class=\"left half\">\n<h4>Barcelona<\/h4>\n<p><iframe loading=\"lazy\" style=\"border: 0;\" src=\"https:\/\/www.google.com\/maps\/embed?pb=!1m14!1m8!1m3!1d5987.298099678123!2d2.139499!3d41.381709!3m2!1i1024!2i768!4f13.1!3m3!1m2!1s0x12a4987df74fed0d%3A0x32c22df1c1ce550c!2sCarrer+Melcior+de+Palau%2C+157!5e0!3m2!1sen!2sus!4v1396460573931\" width=\"90%\" height=\"300\" frameborder=\"0\"><\/iframe><\/p>\n<div style=\"padding: 0 1em 0 0;\">\n<p style=\"font-size: 0.85em;\">Calle Melcior de Palau, 157<br \/>\n08014 Barcelona<\/p>\n<p style=\"font-size: 0.85em;\"><a href=\"mailto:info@imtbike.com\">Email<\/a><br \/>\n(+34) 91 633 72 22<\/p>\n<\/div>\n<\/div>\n<p>&nbsp;<\/p>\n<div class=\"left half\">\n<h4>M\u00e1laga<\/h4>\n<p><iframe loading=\"lazy\" style=\"border: 0;\" src=\"https:\/\/www.google.com\/maps\/embed?pb=!1m18!1m12!1m3!1d27550.90511644378!2d-4.488928244284335!3d36.712385813901626!2m3!1f0!2f0!3f0!3m2!1i1024!2i768!4f13.1!3m3!1m2!1s0x0%3A0x12d0dd1e82a6e02f!2sIMTBIKE%20M%C3%A1laga%20BMW%20Motorcycle%20Tours%20%26%20Rentals!5e0!3m2!1sen!2sca!4v1595361746753!5m2!1sen!2sca\" width=\"90%\" height=\"300\" frameborder=\"0\"><\/iframe><\/p>\n<div style=\"padding: 0 1em 0 0;\">\n<p style=\"font-size: 0.85em;\">Calle Ter, 1, Pol\u00edgono El Viso<br \/>\n2900 &#8211; M\u00e1laga<\/p>\n<p style=\"font-size: 0.85em;\"><a href=\"mailto:info@imtbike.com\">Email<\/a><br \/>\n(+34) 952 026 748<\/p>\n<\/div>\n<\/div>\n<div class=\"left half\">\n<h4>Bilbao<\/h4>\n<p><iframe style=\"border: 0;\" src=\"https:\/\/www.google.com\/maps\/embed?pb=!1m18!1m12!1m3!1d2905.278641087684!2d-2.926202084600296!3d43.266537985365396!2m3!1f0!2f0!3f0!3m2!1i1024!2i768!4f13.1!3m3!1m2!1s0xd4e4fc440cc676f%3A0xf4902038a63f0af1!2sAnselma%20de%20Salces%20Kalea%2C%209%2C%2048007%20Bilbo%2C%20Bizkaia%2C%20Spain!5e0!3m2!1sen!2sca!4v1635866873269!5m2!1sen!2sca\" width=\"90%\" height=\"300\" style=\"border:0;\" allowfullscreen=\"\" loading=\"lazy\"><\/iframe><\/p>\n<div style=\"padding: 0 1em 0 0;\">\n<p style=\"font-size: 0.85em;\">Calle de Anselma de Salces 9<br \/>\n48007 Bilbao, Spain<\/p>\n<p style=\"font-size: 0.85em;\"><a href=\"mailto:bilbao@imtbike.com\">Email<\/a><br \/>\n(+34) 91 633 72 22<\/p>\n<\/div>\n<\/div>\n<div class=\"left half\">\n<h4>Lisboa<\/h4>\n<p><iframe loading=\"lazy\" style=\"border: 0;\" src=\"https:\/\/www.google.com\/maps\/embed?pb=!1m18!1m12!1m3!1d3112.65653118668!2d-9.146850999999982!3d38.725694000000004!2m3!1f0!2f0!3f0!3m2!1i1024!2i768!4f13.1!3m3!1m2!1s0xd193377cadbc571%3A0xcebcf05fc7da28a2!2sIMTBike+(aluguer+y+rutas+motos+BMW)!5e0!3m2!1ses!2ses!4v1415870099507\" width=\"90%\" height=\"300\" frameborder=\"0\"><\/iframe><\/p>\n<div style=\"padding: 0 1em 0 0;\">\n<p style=\"font-size: 0.85em;\">Rua de Santa Marta 72-A<br \/>\n1150-298 \u2013 Lisbon<\/p>\n<p style=\"font-size: 0.85em;\"><a href=\"mailto:info@imtbike.com\">Email<\/a><br \/>\n(+34) 91 633 72 22<\/p>\n<\/div>\n<\/div>\n<\/div>\n<h3>Oferecemos-lhe os seguintes servi\u00e7os para a armazenagem da sua moto:<\/h3>\n<ul>\n<li style=\"list-style-type: none;\">\n<ul>\n<li>Estacionamento Seguro e seco nos nossos centros de armazenagem.<\/li>\n<li>Guarda de equipamento e roupa de moto.<\/li>\n<li>Armaz\u00e9m protegido por alarme com seguran\u00e7a 24 horas.<\/li>\n<li>Seguro.<\/li>\n<li>Quatro\u00a0localiza\u00e7\u00f5es para armazenagem da sua moto em Espanha: Madrid, Barcelona, M\u00e1laga e Lisboa.<\/li>\n<li>Servi\u00e7os b\u00e1sicos de manuten\u00e7\u00e3o dispon\u00edveis por um pre\u00e7o adiciona.<\/li>\n<\/ul>\n<\/li>\n<\/ul>\n","protected":false},"excerpt":{"rendered":"<p>A IMTBike tem quatro\u00a0Centros de Armazenagem de Motos localizados em Barcelona, Madrid, M\u00e1laga e Lisboa. Todos os nossos Centros de Armazenagem est\u00e3o estrategicamente localizados perto de aeroportos principais, com acesso f\u00e1cil desde autoestradas pr\u00f3ximas.<\/p>\n<p> <a class=\"read-more\" href=\"https:\/\/www.imtbike.com\/pt-br\/alugel-motos-espanha-portugal\/armazenagem-de-motos\/\"> Read More<\/a><\/p>\n","protected":false},"author":21,"featured_media":0,"parent":15108,"menu_order":3,"comment_status":"open","ping_status":"closed","template":"","meta":{"footnotes":""},"acf":[],"yoast_head":"<!-- This site is optimized with the Yoast SEO plugin v22.6 - https:\/\/yoast.com\/wordpress\/plugins\/seo\/ -->\n<title>Motorcycle Storage in Madrid, Barcelona, Malaga<\/title>\n<meta name=\"description\" content=\"IMTBike offers fully secure indoor motorcycle storage in Madrid, Barcelona, and Malaga, Spain. 17 years of service makes IMTBike a company you can trust.\" \/>\n<meta name=\"robots\" content=\"index, follow, max-snippet:-1, max-image-preview:large, max-video-preview:-1\" \/>\n<link rel=\"canonical\" href=\"https:\/\/www.imtbike.com\/pt-br\/alugel-motos-espanha-portugal\/armazenagem-de-motos\/\" \/>\n<meta property=\"og:locale\" content=\"pt_BR\" \/>\n<meta property=\"og:type\" content=\"article\" \/>\n<meta property=\"og:title\" content=\"Motorcycle Storage in Madrid, Barcelona, Malaga\" \/>\n<meta property=\"og:description\" content=\"IMTBike offers fully secure indoor motorcycle storage in Madrid, Barcelona, and Malaga, Spain. 17 years of service makes IMTBike a company you can trust.\" \/>\n<meta property=\"og:url\" content=\"https:\/\/www.imtbike.com\/pt-br\/alugel-motos-espanha-portugal\/armazenagem-de-motos\/\" \/>\n<meta property=\"og:site_name\" content=\"IMTBike\" \/>\n<meta property=\"article:modified_time\" content=\"2024-05-09T17:06:49+00:00\" \/>\n<meta property=\"og:image\" content=\"https:\/\/www.imtbike.com\/be\/wp-content\/uploads\/2016\/03\/default.jpg\" \/>\n<meta name=\"twitter:label1\" content=\"Est. reading time\" \/>\n\t<meta name=\"twitter:data1\" content=\"2 minutes\" \/>\n<script type=\"application\/ld+json\" class=\"yoast-schema-graph\">{\"@context\":\"https:\/\/schema.org\",\"@graph\":[{\"@type\":\"WebPage\",\"@id\":\"https:\/\/www.imtbike.com\/pt-br\/alugel-motos-espanha-portugal\/armazenagem-de-motos\/\",\"url\":\"https:\/\/www.imtbike.com\/pt-br\/alugel-motos-espanha-portugal\/armazenagem-de-motos\/\",\"name\":\"Motorcycle Storage in Madrid, Barcelona, Malaga\",\"isPartOf\":{\"@id\":\"https:\/\/www.imtbike.com\/#website\"},\"datePublished\":\"2014-04-02T16:55:41+00:00\",\"dateModified\":\"2024-05-09T17:06:49+00:00\",\"description\":\"IMTBike offers fully secure indoor motorcycle storage in Madrid, Barcelona, and Malaga, Spain. 17 years of service makes IMTBike a company you can trust.\",\"breadcrumb\":{\"@id\":\"https:\/\/www.imtbike.com\/pt-br\/alugel-motos-espanha-portugal\/armazenagem-de-motos\/#breadcrumb\"},\"inLanguage\":\"pt-BR\",\"potentialAction\":[{\"@type\":\"ReadAction\",\"target\":[\"https:\/\/www.imtbike.com\/pt-br\/alugel-motos-espanha-portugal\/armazenagem-de-motos\/\"]}]},{\"@type\":\"BreadcrumbList\",\"@id\":\"https:\/\/www.imtbike.com\/pt-br\/alugel-motos-espanha-portugal\/armazenagem-de-motos\/#breadcrumb\",\"itemListElement\":[{\"@type\":\"ListItem\",\"position\":1,\"name\":\"Home\",\"item\":\"https:\/\/www.imtbike.com\/\"},{\"@type\":\"ListItem\",\"position\":2,\"name\":\"Aluguel de Motos BMW em Espanha e Portugal\",\"item\":\"https:\/\/www.imtbike.com\/motorcycle-rentals\/\"},{\"@type\":\"ListItem\",\"position\":3,\"name\":\"Armazenagem de Motos\"}]},{\"@type\":\"WebSite\",\"@id\":\"https:\/\/www.imtbike.com\/#website\",\"url\":\"https:\/\/www.imtbike.com\/\",\"name\":\"IMTBike\",\"description\":\"Passion for Motorcycling\",\"potentialAction\":[{\"@type\":\"SearchAction\",\"target\":{\"@type\":\"EntryPoint\",\"urlTemplate\":\"https:\/\/www.imtbike.com\/?s={search_term_string}\"},\"query-input\":\"required name=search_term_string\"}],\"inLanguage\":\"pt-BR\"}]}<\/script>\n<!-- \/ Yoast SEO plugin. -->","yoast_head_json":{"title":"Motorcycle Storage in Madrid, Barcelona, Malaga","description":"IMTBike offers fully secure indoor motorcycle storage in Madrid, Barcelona, and Malaga, Spain. 17 years of service makes IMTBike a company you can trust.","robots":{"index":"index","follow":"follow","max-snippet":"max-snippet:-1","max-image-preview":"max-image-preview:large","max-video-preview":"max-video-preview:-1"},"canonical":"https:\/\/www.imtbike.com\/pt-br\/alugel-motos-espanha-portugal\/armazenagem-de-motos\/","og_locale":"pt_BR","og_type":"article","og_title":"Motorcycle Storage in Madrid, Barcelona, Malaga","og_description":"IMTBike offers fully secure indoor motorcycle storage in Madrid, Barcelona, and Malaga, Spain. 17 years of service makes IMTBike a company you can trust.","og_url":"https:\/\/www.imtbike.com\/pt-br\/alugel-motos-espanha-portugal\/armazenagem-de-motos\/","og_site_name":"IMTBike","article_modified_time":"2024-05-09T17:06:49+00:00","og_image":[{"url":"https:\/\/www.imtbike.com\/be\/wp-content\/uploads\/2016\/03\/default.jpg"}],"twitter_misc":{"Est. reading time":"2 minutes"},"schema":{"@context":"https:\/\/schema.org","@graph":[{"@type":"WebPage","@id":"https:\/\/www.imtbike.com\/pt-br\/alugel-motos-espanha-portugal\/armazenagem-de-motos\/","url":"https:\/\/www.imtbike.com\/pt-br\/alugel-motos-espanha-portugal\/armazenagem-de-motos\/","name":"Motorcycle Storage in Madrid, Barcelona, Malaga","isPartOf":{"@id":"https:\/\/www.imtbike.com\/#website"},"datePublished":"2014-04-02T16:55:41+00:00","dateModified":"2024-05-09T17:06:49+00:00","description":"IMTBike offers fully secure indoor motorcycle storage in Madrid, Barcelona, and Malaga, Spain. 17 years of service makes IMTBike a company you can trust.","breadcrumb":{"@id":"https:\/\/www.imtbike.com\/pt-br\/alugel-motos-espanha-portugal\/armazenagem-de-motos\/#breadcrumb"},"inLanguage":"pt-BR","potentialAction":[{"@type":"ReadAction","target":["https:\/\/www.imtbike.com\/pt-br\/alugel-motos-espanha-portugal\/armazenagem-de-motos\/"]}]},{"@type":"BreadcrumbList","@id":"https:\/\/www.imtbike.com\/pt-br\/alugel-motos-espanha-portugal\/armazenagem-de-motos\/#breadcrumb","itemListElement":[{"@type":"ListItem","position":1,"name":"Home","item":"https:\/\/www.imtbike.com\/"},{"@type":"ListItem","position":2,"name":"Aluguel de Motos BMW em Espanha e Portugal","item":"https:\/\/www.imtbike.com\/motorcycle-rentals\/"},{"@type":"ListItem","position":3,"name":"Armazenagem de Motos"}]},{"@type":"WebSite","@id":"https:\/\/www.imtbike.com\/#website","url":"https:\/\/www.imtbike.com\/","name":"IMTBike","description":"Passion for Motorcycling","potentialAction":[{"@type":"SearchAction","target":{"@type":"EntryPoint","urlTemplate":"https:\/\/www.imtbike.com\/?s={search_term_string}"},"query-input":"required name=search_term_string"}],"inLanguage":"pt-BR"}]}},"jetpack_sharing_enabled":true,"_links":{"self":[{"href":"https:\/\/www.imtbike.com\/pt-br\/wp-json\/wp\/v2\/pages\/3977"}],"collection":[{"href":"https:\/\/www.imtbike.com\/pt-br\/wp-json\/wp\/v2\/pages"}],"about":[{"href":"https:\/\/www.imtbike.com\/pt-br\/wp-json\/wp\/v2\/types\/page"}],"author":[{"embeddable":true,"href":"https:\/\/www.imtbike.com\/pt-br\/wp-json\/wp\/v2\/users\/21"}],"replies":[{"embeddable":true,"href":"https:\/\/www.imtbike.com\/pt-br\/wp-json\/wp\/v2\/comments?post=3977"}],"version-history":[{"count":5,"href":"https:\/\/www.imtbike.com\/pt-br\/wp-json\/wp\/v2\/pages\/3977\/revisions"}],"predecessor-version":[{"id":43555,"href":"https:\/\/www.imtbike.com\/pt-br\/wp-json\/wp\/v2\/pages\/3977\/revisions\/43555"}],"up":[{"embeddable":true,"href":"https:\/\/www.imtbike.com\/pt-br\/wp-json\/wp\/v2\/pages\/15108"}],"wp:attachment":[{"href":"https:\/\/www.imtbike.com\/pt-br\/wp-json\/wp\/v2\/media?parent=3977"}],"curies":[{"name":"wp","href":"https:\/\/api.w.org\/{rel}","templated":true}]}}