{"id":3949,"date":"2014-04-02T09:48:21","date_gmt":"2014-04-02T13:48:21","guid":{"rendered":"https:\/\/www.imtbike.com\/?page_id=3949"},"modified":"2020-06-08T12:42:10","modified_gmt":"2020-06-08T16:42:10","slug":"madrid","status":"publish","type":"page","link":"https:\/\/www.imtbike.com\/pt-br\/alugel-motos-espanha-portugal\/localizacoes\/madrid\/","title":{"rendered":"Aluguel de Motos BMW em Madrid"},"content":{"rendered":"<p>Madrid \u00e9 a capital de Espanha e est\u00e1 localizada no centro geogr\u00e1fico da Pen\u00ednsula Ib\u00e9rica num planalto central rodeada de tr\u00eas cadeias montanhosas. O centro hist\u00f3rico de Madrid \u00e9 uma mistura de pitorescas ruas labir\u00ednticas, pra\u00e7as e parques que fazem com que seja muito agrad\u00e1vel para passear durante o dia. \u00c0 noite Madrid vibra com a sua vida noturna e \u00e9 famosa pelos seus numerosos bares, restaurantes e locais com m\u00fasica ao vivo que s\u00e3o muito frequentados por habitantes locais e turistas. &#8220;De Madrid al Cielo&#8221; (De Madrid ao c\u00e9u) \u00e9 o ditado comum que se ouve por Madrid significando que a \u00fanica coisa melhor \u00e9 o c\u00e9u!<a href=\"https:\/\/www.imtbike.com\/be\/wp-content\/uploads\/2014\/04\/Madrid.jpg\" rel=\"attachment wp-att-12997\"><img decoding=\"async\" loading=\"lazy\" class=\"size-medium wp-image-12997 alignright\" src=\"https:\/\/www.imtbike.com\/be\/wp-content\/uploads\/2014\/04\/Madrid-300x194.jpg\" alt=\"motorcycle-rental-in-madrid\" width=\"300\" height=\"194\" srcset=\"https:\/\/www.imtbike.com\/be\/wp-content\/uploads\/2014\/04\/Madrid-300x194.jpg 300w, https:\/\/www.imtbike.com\/be\/wp-content\/uploads\/2014\/04\/Madrid.jpg 322w\" sizes=\"(max-width: 300px) 100vw, 300px\" \/><\/a><\/p>\n<p>Madrid sempre teve uma grande tradi\u00e7\u00e3o motociclista e podem ver-se motos nas suas ruas durante todo o ano. Os arredores de Madrid s\u00e3o um para\u00edso para o motociclista com estradas perfeitas a apenas 30 minutos do centro da cidade. A poucos quil\u00f3metros de Madrid podemos encontrar o Circuito de Jarama onde foram disputados muitos campeonatos do mundo de MotoGP.<\/p>\n<h3>O que visitar em Madrid<\/h3>\n<p>Visitando Madrid n\u00e3o se pode deixar de ver o Museu do Prado, a Porta do Sol, a Pra\u00e7a Maior, o Parque do Retiro e se estiver por Madrid num domingo, a feira do Rastro &#8220;flea market&#8221; \u00e9 sempre um destino imperd\u00edvel.<\/p>\n<h3>Tours IMTBike<\/h3>\n<p>Se est\u00e1 \u00e0 procura de umas f\u00e9rias em moto sem preocupa\u00e7\u00f5es, a IMTBike oferece tamb\u00e9m tours guiados e autoguiados em Espanha, Portugal, Marrocos, Fran\u00e7a e It\u00e1lia. N\u00f3s usamos os melhores hot\u00e9is &#8220;motorcycle-friendly&#8221; e a garantia de estradas incr\u00edveis dia ap\u00f3s dia! Para ver mais informa\u00e7\u00e3o acerca dos tours IMTBike por favor <a href=\"\/imt-motorcycle-tours\">clique aqui<\/a>.<\/p>\n","protected":false},"excerpt":{"rendered":"<p>Madrid \u00e9 a capital de Espanha e est\u00e1 localizada no centro geogr\u00e1fico da Pen\u00ednsula Ib\u00e9rica num planalto central rodeada de tr\u00eas cadeias montanhosas. O centro hist\u00f3rico de Madrid \u00e9 uma mistura de pitorescas ruas labir\u00ednticas,<\/p>\n<p> <a class=\"read-more\" href=\"https:\/\/www.imtbike.com\/pt-br\/alugel-motos-espanha-portugal\/localizacoes\/madrid\/\"> Read More<\/a><\/p>\n","protected":false},"author":21,"featured_media":12400,"parent":3932,"menu_order":0,"comment_status":"open","ping_status":"closed","template":"","meta":{"footnotes":""},"acf":[],"yoast_head":"<!-- This site is optimized with the Yoast SEO plugin v22.6 - https:\/\/yoast.com\/wordpress\/plugins\/seo\/ -->\n<title>Aluguel de Motos BMW em Madrid - IMTBike<\/title>\n<meta name=\"description\" content=\"Aluguel de motos em Madrid. Motos BMW novas e com equipamento completo. Telefone para +34 91 633 72 22 e reserve o seu aluguel de moto em Madrid\" \/>\n<meta name=\"robots\" content=\"index, follow, max-snippet:-1, max-image-preview:large, max-video-preview:-1\" \/>\n<link rel=\"canonical\" href=\"https:\/\/www.imtbike.com\/pt-br\/alugel-motos-espanha-portugal\/localizacoes\/madrid\/\" \/>\n<meta property=\"og:locale\" content=\"pt_BR\" \/>\n<meta property=\"og:type\" content=\"article\" \/>\n<meta property=\"og:title\" content=\"Aluguel de Motos BMW em Madrid - IMTBike\" \/>\n<meta property=\"og:description\" content=\"Aluguel de motos em Madrid. Motos BMW novas e com equipamento completo. Telefone para +34 91 633 72 22 e reserve o seu aluguel de moto em Madrid\" \/>\n<meta property=\"og:url\" content=\"https:\/\/www.imtbike.com\/pt-br\/alugel-motos-espanha-portugal\/localizacoes\/madrid\/\" \/>\n<meta property=\"og:site_name\" content=\"IMTBike\" \/>\n<meta property=\"article:modified_time\" content=\"2020-06-08T16:42:10+00:00\" \/>\n<meta property=\"og:image\" content=\"https:\/\/www.imtbike.com\/be\/wp-content\/uploads\/2014\/04\/madrid-1.jpg\" \/>\n\t<meta property=\"og:image:width\" content=\"1198\" \/>\n\t<meta property=\"og:image:height\" content=\"421\" \/>\n\t<meta property=\"og:image:type\" content=\"image\/jpeg\" \/>\n<meta name=\"twitter:label1\" content=\"Est. reading time\" \/>\n\t<meta name=\"twitter:data1\" content=\"1 minute\" \/>\n<script type=\"application\/ld+json\" class=\"yoast-schema-graph\">{\"@context\":\"https:\/\/schema.org\",\"@graph\":[{\"@type\":\"WebPage\",\"@id\":\"https:\/\/www.imtbike.com\/pt-br\/alugel-motos-espanha-portugal\/localizacoes\/madrid\/\",\"url\":\"https:\/\/www.imtbike.com\/pt-br\/alugel-motos-espanha-portugal\/localizacoes\/madrid\/\",\"name\":\"Aluguel de Motos BMW em Madrid - IMTBike\",\"isPartOf\":{\"@id\":\"https:\/\/www.imtbike.com\/#website\"},\"primaryImageOfPage\":{\"@id\":\"https:\/\/www.imtbike.com\/pt-br\/alugel-motos-espanha-portugal\/localizacoes\/madrid\/#primaryimage\"},\"image\":{\"@id\":\"https:\/\/www.imtbike.com\/pt-br\/alugel-motos-espanha-portugal\/localizacoes\/madrid\/#primaryimage\"},\"thumbnailUrl\":\"https:\/\/www.imtbike.com\/be\/wp-content\/uploads\/2014\/04\/madrid-1.jpg\",\"datePublished\":\"2014-04-02T13:48:21+00:00\",\"dateModified\":\"2020-06-08T16:42:10+00:00\",\"description\":\"Aluguel de motos em Madrid. Motos BMW novas e com equipamento completo. Telefone para +34 91 633 72 22 e reserve o seu aluguel de moto em Madrid\",\"breadcrumb\":{\"@id\":\"https:\/\/www.imtbike.com\/pt-br\/alugel-motos-espanha-portugal\/localizacoes\/madrid\/#breadcrumb\"},\"inLanguage\":\"pt-BR\",\"potentialAction\":[{\"@type\":\"ReadAction\",\"target\":[\"https:\/\/www.imtbike.com\/pt-br\/alugel-motos-espanha-portugal\/localizacoes\/madrid\/\"]}]},{\"@type\":\"ImageObject\",\"inLanguage\":\"pt-BR\",\"@id\":\"https:\/\/www.imtbike.com\/pt-br\/alugel-motos-espanha-portugal\/localizacoes\/madrid\/#primaryimage\",\"url\":\"https:\/\/www.imtbike.com\/be\/wp-content\/uploads\/2014\/04\/madrid-1.jpg\",\"contentUrl\":\"https:\/\/www.imtbike.com\/be\/wp-content\/uploads\/2014\/04\/madrid-1.jpg\",\"width\":1198,\"height\":421},{\"@type\":\"BreadcrumbList\",\"@id\":\"https:\/\/www.imtbike.com\/pt-br\/alugel-motos-espanha-portugal\/localizacoes\/madrid\/#breadcrumb\",\"itemListElement\":[{\"@type\":\"ListItem\",\"position\":1,\"name\":\"Home\",\"item\":\"https:\/\/www.imtbike.com\/\"},{\"@type\":\"ListItem\",\"position\":2,\"name\":\"Aluguel de Motos BMW em Espanha e Portugal\",\"item\":\"https:\/\/www.imtbike.com\/motorcycle-rentals\/\"},{\"@type\":\"ListItem\",\"position\":3,\"name\":\"Localiza\u00e7\u00f5es dos centros de aluguel de Motos\",\"item\":\"https:\/\/www.imtbike.com\/pt-br\/alugel-motos-espanha-portugal\/localizacoes\/\"},{\"@type\":\"ListItem\",\"position\":4,\"name\":\"Aluguel de Motos BMW em Madrid\"}]},{\"@type\":\"WebSite\",\"@id\":\"https:\/\/www.imtbike.com\/#website\",\"url\":\"https:\/\/www.imtbike.com\/\",\"name\":\"IMTBike\",\"description\":\"Passion for Motorcycling\",\"potentialAction\":[{\"@type\":\"SearchAction\",\"target\":{\"@type\":\"EntryPoint\",\"urlTemplate\":\"https:\/\/www.imtbike.com\/?s={search_term_string}\"},\"query-input\":\"required name=search_term_string\"}],\"inLanguage\":\"pt-BR\"}]}<\/script>\n<!-- \/ Yoast SEO plugin. -->","yoast_head_json":{"title":"Aluguel de Motos BMW em Madrid - IMTBike","description":"Aluguel de motos em Madrid. Motos BMW novas e com equipamento completo. Telefone para +34 91 633 72 22 e reserve o seu aluguel de moto em Madrid","robots":{"index":"index","follow":"follow","max-snippet":"max-snippet:-1","max-image-preview":"max-image-preview:large","max-video-preview":"max-video-preview:-1"},"canonical":"https:\/\/www.imtbike.com\/pt-br\/alugel-motos-espanha-portugal\/localizacoes\/madrid\/","og_locale":"pt_BR","og_type":"article","og_title":"Aluguel de Motos BMW em Madrid - IMTBike","og_description":"Aluguel de motos em Madrid. Motos BMW novas e com equipamento completo. Telefone para +34 91 633 72 22 e reserve o seu aluguel de moto em Madrid","og_url":"https:\/\/www.imtbike.com\/pt-br\/alugel-motos-espanha-portugal\/localizacoes\/madrid\/","og_site_name":"IMTBike","article_modified_time":"2020-06-08T16:42:10+00:00","og_image":[{"width":1198,"height":421,"url":"https:\/\/www.imtbike.com\/be\/wp-content\/uploads\/2014\/04\/madrid-1.jpg","type":"image\/jpeg"}],"twitter_misc":{"Est. reading time":"1 minute"},"schema":{"@context":"https:\/\/schema.org","@graph":[{"@type":"WebPage","@id":"https:\/\/www.imtbike.com\/pt-br\/alugel-motos-espanha-portugal\/localizacoes\/madrid\/","url":"https:\/\/www.imtbike.com\/pt-br\/alugel-motos-espanha-portugal\/localizacoes\/madrid\/","name":"Aluguel de Motos BMW em Madrid - IMTBike","isPartOf":{"@id":"https:\/\/www.imtbike.com\/#website"},"primaryImageOfPage":{"@id":"https:\/\/www.imtbike.com\/pt-br\/alugel-motos-espanha-portugal\/localizacoes\/madrid\/#primaryimage"},"image":{"@id":"https:\/\/www.imtbike.com\/pt-br\/alugel-motos-espanha-portugal\/localizacoes\/madrid\/#primaryimage"},"thumbnailUrl":"https:\/\/www.imtbike.com\/be\/wp-content\/uploads\/2014\/04\/madrid-1.jpg","datePublished":"2014-04-02T13:48:21+00:00","dateModified":"2020-06-08T16:42:10+00:00","description":"Aluguel de motos em Madrid. Motos BMW novas e com equipamento completo. Telefone para +34 91 633 72 22 e reserve o seu aluguel de moto em Madrid","breadcrumb":{"@id":"https:\/\/www.imtbike.com\/pt-br\/alugel-motos-espanha-portugal\/localizacoes\/madrid\/#breadcrumb"},"inLanguage":"pt-BR","potentialAction":[{"@type":"ReadAction","target":["https:\/\/www.imtbike.com\/pt-br\/alugel-motos-espanha-portugal\/localizacoes\/madrid\/"]}]},{"@type":"ImageObject","inLanguage":"pt-BR","@id":"https:\/\/www.imtbike.com\/pt-br\/alugel-motos-espanha-portugal\/localizacoes\/madrid\/#primaryimage","url":"https:\/\/www.imtbike.com\/be\/wp-content\/uploads\/2014\/04\/madrid-1.jpg","contentUrl":"https:\/\/www.imtbike.com\/be\/wp-content\/uploads\/2014\/04\/madrid-1.jpg","width":1198,"height":421},{"@type":"BreadcrumbList","@id":"https:\/\/www.imtbike.com\/pt-br\/alugel-motos-espanha-portugal\/localizacoes\/madrid\/#breadcrumb","itemListElement":[{"@type":"ListItem","position":1,"name":"Home","item":"https:\/\/www.imtbike.com\/"},{"@type":"ListItem","position":2,"name":"Aluguel de Motos BMW em Espanha e Portugal","item":"https:\/\/www.imtbike.com\/motorcycle-rentals\/"},{"@type":"ListItem","position":3,"name":"Localiza\u00e7\u00f5es dos centros de aluguel de Motos","item":"https:\/\/www.imtbike.com\/pt-br\/alugel-motos-espanha-portugal\/localizacoes\/"},{"@type":"ListItem","position":4,"name":"Aluguel de Motos BMW em Madrid"}]},{"@type":"WebSite","@id":"https:\/\/www.imtbike.com\/#website","url":"https:\/\/www.imtbike.com\/","name":"IMTBike","description":"Passion for Motorcycling","potentialAction":[{"@type":"SearchAction","target":{"@type":"EntryPoint","urlTemplate":"https:\/\/www.imtbike.com\/?s={search_term_string}"},"query-input":"required name=search_term_string"}],"inLanguage":"pt-BR"}]}},"jetpack_sharing_enabled":true,"_links":{"self":[{"href":"https:\/\/www.imtbike.com\/pt-br\/wp-json\/wp\/v2\/pages\/3949"}],"collection":[{"href":"https:\/\/www.imtbike.com\/pt-br\/wp-json\/wp\/v2\/pages"}],"about":[{"href":"https:\/\/www.imtbike.com\/pt-br\/wp-json\/wp\/v2\/types\/page"}],"author":[{"embeddable":true,"href":"https:\/\/www.imtbike.com\/pt-br\/wp-json\/wp\/v2\/users\/21"}],"replies":[{"embeddable":true,"href":"https:\/\/www.imtbike.com\/pt-br\/wp-json\/wp\/v2\/comments?post=3949"}],"version-history":[{"count":2,"href":"https:\/\/www.imtbike.com\/pt-br\/wp-json\/wp\/v2\/pages\/3949\/revisions"}],"predecessor-version":[{"id":22429,"href":"https:\/\/www.imtbike.com\/pt-br\/wp-json\/wp\/v2\/pages\/3949\/revisions\/22429"}],"up":[{"embeddable":true,"href":"https:\/\/www.imtbike.com\/pt-br\/wp-json\/wp\/v2\/pages\/3932"}],"wp:featuredmedia":[{"embeddable":true,"href":"https:\/\/www.imtbike.com\/pt-br\/wp-json\/wp\/v2\/media\/12400"}],"wp:attachment":[{"href":"https:\/\/www.imtbike.com\/pt-br\/wp-json\/wp\/v2\/media?parent=3949"}],"curies":[{"name":"wp","href":"https:\/\/api.w.org\/{rel}","templated":true}]}}