{"id":3944,"date":"2014-04-02T11:24:17","date_gmt":"2014-04-02T15:24:17","guid":{"rendered":"https:\/\/www.imtbike.com\/?page_id=3944"},"modified":"2021-09-22T10:50:05","modified_gmt":"2021-09-22T14:50:05","slug":"lisboa","status":"publish","type":"page","link":"https:\/\/www.imtbike.com\/pt-br\/alugel-motos-espanha-portugal\/localizacoes\/lisboa\/","title":{"rendered":"Aluguel Motos BMW Lisboa"},"content":{"rendered":"<p>Lisboa \u00e9 a capital de Portugal e \u00e9 tamb\u00e9m a sua maior cidade. Est\u00e1 localizada na parte oeste da Pen\u00ednsula Ib\u00e9rica onde o Oceano Atl\u00e2ntico e o Rio Tejo se encontram. Lisboa n\u00e3o perdeu a sua autenticidade, com as suas zonas mais antigas a manterem o desenho estreito com solo em pedra da cal\u00e7ada e inclinado, fazendo com que o uso dos el\u00e9tricos ainda seja pr\u00e1tica corrente nos dias de hoje. Lisboa oferece numerosos miradouros onde se pode ter vistas espetaculares do Rio Tejo, do castelo e das paisagens circundantes. \u00c0 noite, Lisboa vibra com as suas numerosas tabernas, bares e casas de fados onde pode ser ouvido o melanc\u00f3lico fado.<a href=\"https:\/\/www.imtbike.com\/be\/wp-content\/uploads\/2014\/04\/motorcycle-rental-in-lisbon-1.jpg\" rel=\"attachment wp-att-12367\"><img decoding=\"async\" loading=\"lazy\" class=\"size-medium wp-image-12367 alignright\" src=\"https:\/\/www.imtbike.com\/be\/wp-content\/uploads\/2014\/04\/motorcycle-rental-in-lisbon-1-300x200.jpg\" alt=\"motorcycle-rental-in-lisbon\" width=\"300\" height=\"200\" srcset=\"https:\/\/www.imtbike.com\/be\/wp-content\/uploads\/2014\/04\/motorcycle-rental-in-lisbon-1-300x200.jpg 300w, https:\/\/www.imtbike.com\/be\/wp-content\/uploads\/2014\/04\/motorcycle-rental-in-lisbon-1.jpg 640w\" sizes=\"(max-width: 300px) 100vw, 300px\" \/><\/a><\/p>\n<p>Portugal \u00e9 um pa\u00eds que adora motos, durante anos acolheu o campeonato do mundo de MotoGP no circuito do Estoril, e nos \u00faltimos anos o mundial de SBK no aut\u00f3dromo internacional Algarve. Os arredores de Lisboa t\u00eam estradas fant\u00e1sticas para percorrer em moto com curvas perfeitas, tal como a que vai at\u00e9 ao Cabo da Roca, o ponto mais oeste da Europa!<\/p>\n<h3>O que visitar em Lisboa<\/h3>\n<p>Quando visitar Lisboa, n\u00e3o deve perder o Bairro de Alfama, e o Bairro Alto. Ambos s\u00e3o excelentes para respirar o dia-a-dia e degustar a incr\u00edvel cozinha Portuguesa como o Bacalhau e o Vinho Verde. Tamb\u00e9m n\u00e3o pode perder, o Castelo de S\u00e3o Jorge, a Torre de Bel\u00e9m e passear na Baixa.<\/p>\n<h3>Tours IMTBIKE<\/h3>\n<p>Se est\u00e1 \u00e0 procura de umas f\u00e9rias em moto sem preocupa\u00e7\u00f5es, a IMTBike oferece tamb\u00e9m tours guiados e autoguiados em Espanha, Portugal, Marrocos, Fran\u00e7a e It\u00e1lia. N\u00f3s usamos os melhores hot\u00e9is &#8220;motorcycle-friendly&#8221; e a garantia de estradas incr\u00edveis dia ap\u00f3s dia! Para ver mais informa\u00e7\u00e3o acerca dos tours IMTBike por favor <a href=\"\/imt-motorcycle-tours\">clique aqui<\/a>.<\/p>\n","protected":false},"excerpt":{"rendered":"<p>Lisboa \u00e9 a capital de Portugal e \u00e9 tamb\u00e9m a sua maior cidade. Est\u00e1 localizada na parte oeste da Pen\u00ednsula Ib\u00e9rica onde o Oceano Atl\u00e2ntico e o Rio Tejo se encontram.<\/p>\n<p> <a class=\"read-more\" href=\"https:\/\/www.imtbike.com\/pt-br\/alugel-motos-espanha-portugal\/localizacoes\/lisboa\/\"> Read More<\/a><\/p>\n","protected":false},"author":21,"featured_media":12417,"parent":3932,"menu_order":0,"comment_status":"open","ping_status":"closed","template":"","meta":{"footnotes":""},"acf":[],"yoast_head":"<!-- This site is optimized with the Yoast SEO plugin v22.6 - https:\/\/yoast.com\/wordpress\/plugins\/seo\/ -->\n<title>Aluguel de Motos BMW em Lisboa - IMTBike<\/title>\n<meta name=\"description\" content=\"Aluguel de motos em Lisboa. Motos BMW novas e com equipamento completo. Telefone para +34 91 633 72 22 e reserve o seu aluguel de moto em Lisboa\" \/>\n<meta name=\"robots\" content=\"index, follow, max-snippet:-1, max-image-preview:large, max-video-preview:-1\" \/>\n<link rel=\"canonical\" href=\"https:\/\/www.imtbike.com\/pt-br\/alugel-motos-espanha-portugal\/localizacoes\/lisboa\/\" \/>\n<meta property=\"og:locale\" content=\"pt_BR\" \/>\n<meta property=\"og:type\" content=\"article\" \/>\n<meta property=\"og:title\" content=\"Aluguel de Motos BMW em Lisboa - IMTBike\" \/>\n<meta property=\"og:description\" content=\"Aluguel de motos em Lisboa. Motos BMW novas e com equipamento completo. Telefone para +34 91 633 72 22 e reserve o seu aluguel de moto em Lisboa\" \/>\n<meta property=\"og:url\" content=\"https:\/\/www.imtbike.com\/pt-br\/alugel-motos-espanha-portugal\/localizacoes\/lisboa\/\" \/>\n<meta property=\"og:site_name\" content=\"IMTBike\" \/>\n<meta property=\"article:modified_time\" content=\"2021-09-22T14:50:05+00:00\" \/>\n<meta property=\"og:image\" content=\"https:\/\/www.imtbike.com\/be\/wp-content\/uploads\/2014\/04\/rent-a-motorcycle-in-portugal.jpg\" \/>\n\t<meta property=\"og:image:width\" content=\"1440\" \/>\n\t<meta property=\"og:image:height\" content=\"360\" \/>\n\t<meta property=\"og:image:type\" content=\"image\/jpeg\" \/>\n<meta name=\"twitter:label1\" content=\"Est. reading time\" \/>\n\t<meta name=\"twitter:data1\" content=\"2 minutes\" \/>\n<script type=\"application\/ld+json\" class=\"yoast-schema-graph\">{\"@context\":\"https:\/\/schema.org\",\"@graph\":[{\"@type\":\"WebPage\",\"@id\":\"https:\/\/www.imtbike.com\/pt-br\/alugel-motos-espanha-portugal\/localizacoes\/lisboa\/\",\"url\":\"https:\/\/www.imtbike.com\/pt-br\/alugel-motos-espanha-portugal\/localizacoes\/lisboa\/\",\"name\":\"Aluguel de Motos BMW em Lisboa - IMTBike\",\"isPartOf\":{\"@id\":\"https:\/\/www.imtbike.com\/#website\"},\"primaryImageOfPage\":{\"@id\":\"https:\/\/www.imtbike.com\/pt-br\/alugel-motos-espanha-portugal\/localizacoes\/lisboa\/#primaryimage\"},\"image\":{\"@id\":\"https:\/\/www.imtbike.com\/pt-br\/alugel-motos-espanha-portugal\/localizacoes\/lisboa\/#primaryimage\"},\"thumbnailUrl\":\"https:\/\/www.imtbike.com\/be\/wp-content\/uploads\/2014\/04\/rent-a-motorcycle-in-portugal.jpg\",\"datePublished\":\"2014-04-02T15:24:17+00:00\",\"dateModified\":\"2021-09-22T14:50:05+00:00\",\"description\":\"Aluguel de motos em Lisboa. Motos BMW novas e com equipamento completo. Telefone para +34 91 633 72 22 e reserve o seu aluguel de moto em Lisboa\",\"breadcrumb\":{\"@id\":\"https:\/\/www.imtbike.com\/pt-br\/alugel-motos-espanha-portugal\/localizacoes\/lisboa\/#breadcrumb\"},\"inLanguage\":\"pt-BR\",\"potentialAction\":[{\"@type\":\"ReadAction\",\"target\":[\"https:\/\/www.imtbike.com\/pt-br\/alugel-motos-espanha-portugal\/localizacoes\/lisboa\/\"]}]},{\"@type\":\"ImageObject\",\"inLanguage\":\"pt-BR\",\"@id\":\"https:\/\/www.imtbike.com\/pt-br\/alugel-motos-espanha-portugal\/localizacoes\/lisboa\/#primaryimage\",\"url\":\"https:\/\/www.imtbike.com\/be\/wp-content\/uploads\/2014\/04\/rent-a-motorcycle-in-portugal.jpg\",\"contentUrl\":\"https:\/\/www.imtbike.com\/be\/wp-content\/uploads\/2014\/04\/rent-a-motorcycle-in-portugal.jpg\",\"width\":1440,\"height\":360,\"caption\":\"rent-a-motorcycle-in-portugal\"},{\"@type\":\"BreadcrumbList\",\"@id\":\"https:\/\/www.imtbike.com\/pt-br\/alugel-motos-espanha-portugal\/localizacoes\/lisboa\/#breadcrumb\",\"itemListElement\":[{\"@type\":\"ListItem\",\"position\":1,\"name\":\"Home\",\"item\":\"https:\/\/www.imtbike.com\/\"},{\"@type\":\"ListItem\",\"position\":2,\"name\":\"Aluguel de Motos BMW em Espanha e Portugal\",\"item\":\"https:\/\/www.imtbike.com\/motorcycle-rentals\/\"},{\"@type\":\"ListItem\",\"position\":3,\"name\":\"Localiza\u00e7\u00f5es dos centros de aluguel de Motos\",\"item\":\"https:\/\/www.imtbike.com\/pt-br\/alugel-motos-espanha-portugal\/localizacoes\/\"},{\"@type\":\"ListItem\",\"position\":4,\"name\":\"Aluguel Motos BMW Lisboa\"}]},{\"@type\":\"WebSite\",\"@id\":\"https:\/\/www.imtbike.com\/#website\",\"url\":\"https:\/\/www.imtbike.com\/\",\"name\":\"IMTBike\",\"description\":\"Passion for Motorcycling\",\"potentialAction\":[{\"@type\":\"SearchAction\",\"target\":{\"@type\":\"EntryPoint\",\"urlTemplate\":\"https:\/\/www.imtbike.com\/?s={search_term_string}\"},\"query-input\":\"required name=search_term_string\"}],\"inLanguage\":\"pt-BR\"}]}<\/script>\n<!-- \/ Yoast SEO plugin. -->","yoast_head_json":{"title":"Aluguel de Motos BMW em Lisboa - IMTBike","description":"Aluguel de motos em Lisboa. Motos BMW novas e com equipamento completo. Telefone para +34 91 633 72 22 e reserve o seu aluguel de moto em Lisboa","robots":{"index":"index","follow":"follow","max-snippet":"max-snippet:-1","max-image-preview":"max-image-preview:large","max-video-preview":"max-video-preview:-1"},"canonical":"https:\/\/www.imtbike.com\/pt-br\/alugel-motos-espanha-portugal\/localizacoes\/lisboa\/","og_locale":"pt_BR","og_type":"article","og_title":"Aluguel de Motos BMW em Lisboa - IMTBike","og_description":"Aluguel de motos em Lisboa. Motos BMW novas e com equipamento completo. Telefone para +34 91 633 72 22 e reserve o seu aluguel de moto em Lisboa","og_url":"https:\/\/www.imtbike.com\/pt-br\/alugel-motos-espanha-portugal\/localizacoes\/lisboa\/","og_site_name":"IMTBike","article_modified_time":"2021-09-22T14:50:05+00:00","og_image":[{"width":1440,"height":360,"url":"https:\/\/www.imtbike.com\/be\/wp-content\/uploads\/2014\/04\/rent-a-motorcycle-in-portugal.jpg","type":"image\/jpeg"}],"twitter_misc":{"Est. reading time":"2 minutes"},"schema":{"@context":"https:\/\/schema.org","@graph":[{"@type":"WebPage","@id":"https:\/\/www.imtbike.com\/pt-br\/alugel-motos-espanha-portugal\/localizacoes\/lisboa\/","url":"https:\/\/www.imtbike.com\/pt-br\/alugel-motos-espanha-portugal\/localizacoes\/lisboa\/","name":"Aluguel de Motos BMW em Lisboa - IMTBike","isPartOf":{"@id":"https:\/\/www.imtbike.com\/#website"},"primaryImageOfPage":{"@id":"https:\/\/www.imtbike.com\/pt-br\/alugel-motos-espanha-portugal\/localizacoes\/lisboa\/#primaryimage"},"image":{"@id":"https:\/\/www.imtbike.com\/pt-br\/alugel-motos-espanha-portugal\/localizacoes\/lisboa\/#primaryimage"},"thumbnailUrl":"https:\/\/www.imtbike.com\/be\/wp-content\/uploads\/2014\/04\/rent-a-motorcycle-in-portugal.jpg","datePublished":"2014-04-02T15:24:17+00:00","dateModified":"2021-09-22T14:50:05+00:00","description":"Aluguel de motos em Lisboa. Motos BMW novas e com equipamento completo. Telefone para +34 91 633 72 22 e reserve o seu aluguel de moto em Lisboa","breadcrumb":{"@id":"https:\/\/www.imtbike.com\/pt-br\/alugel-motos-espanha-portugal\/localizacoes\/lisboa\/#breadcrumb"},"inLanguage":"pt-BR","potentialAction":[{"@type":"ReadAction","target":["https:\/\/www.imtbike.com\/pt-br\/alugel-motos-espanha-portugal\/localizacoes\/lisboa\/"]}]},{"@type":"ImageObject","inLanguage":"pt-BR","@id":"https:\/\/www.imtbike.com\/pt-br\/alugel-motos-espanha-portugal\/localizacoes\/lisboa\/#primaryimage","url":"https:\/\/www.imtbike.com\/be\/wp-content\/uploads\/2014\/04\/rent-a-motorcycle-in-portugal.jpg","contentUrl":"https:\/\/www.imtbike.com\/be\/wp-content\/uploads\/2014\/04\/rent-a-motorcycle-in-portugal.jpg","width":1440,"height":360,"caption":"rent-a-motorcycle-in-portugal"},{"@type":"BreadcrumbList","@id":"https:\/\/www.imtbike.com\/pt-br\/alugel-motos-espanha-portugal\/localizacoes\/lisboa\/#breadcrumb","itemListElement":[{"@type":"ListItem","position":1,"name":"Home","item":"https:\/\/www.imtbike.com\/"},{"@type":"ListItem","position":2,"name":"Aluguel de Motos BMW em Espanha e Portugal","item":"https:\/\/www.imtbike.com\/motorcycle-rentals\/"},{"@type":"ListItem","position":3,"name":"Localiza\u00e7\u00f5es dos centros de aluguel de Motos","item":"https:\/\/www.imtbike.com\/pt-br\/alugel-motos-espanha-portugal\/localizacoes\/"},{"@type":"ListItem","position":4,"name":"Aluguel Motos BMW Lisboa"}]},{"@type":"WebSite","@id":"https:\/\/www.imtbike.com\/#website","url":"https:\/\/www.imtbike.com\/","name":"IMTBike","description":"Passion for Motorcycling","potentialAction":[{"@type":"SearchAction","target":{"@type":"EntryPoint","urlTemplate":"https:\/\/www.imtbike.com\/?s={search_term_string}"},"query-input":"required name=search_term_string"}],"inLanguage":"pt-BR"}]}},"jetpack_sharing_enabled":true,"_links":{"self":[{"href":"https:\/\/www.imtbike.com\/pt-br\/wp-json\/wp\/v2\/pages\/3944"}],"collection":[{"href":"https:\/\/www.imtbike.com\/pt-br\/wp-json\/wp\/v2\/pages"}],"about":[{"href":"https:\/\/www.imtbike.com\/pt-br\/wp-json\/wp\/v2\/types\/page"}],"author":[{"embeddable":true,"href":"https:\/\/www.imtbike.com\/pt-br\/wp-json\/wp\/v2\/users\/21"}],"replies":[{"embeddable":true,"href":"https:\/\/www.imtbike.com\/pt-br\/wp-json\/wp\/v2\/comments?post=3944"}],"version-history":[{"count":3,"href":"https:\/\/www.imtbike.com\/pt-br\/wp-json\/wp\/v2\/pages\/3944\/revisions"}],"predecessor-version":[{"id":24964,"href":"https:\/\/www.imtbike.com\/pt-br\/wp-json\/wp\/v2\/pages\/3944\/revisions\/24964"}],"up":[{"embeddable":true,"href":"https:\/\/www.imtbike.com\/pt-br\/wp-json\/wp\/v2\/pages\/3932"}],"wp:featuredmedia":[{"embeddable":true,"href":"https:\/\/www.imtbike.com\/pt-br\/wp-json\/wp\/v2\/media\/12417"}],"wp:attachment":[{"href":"https:\/\/www.imtbike.com\/pt-br\/wp-json\/wp\/v2\/media?parent=3944"}],"curies":[{"name":"wp","href":"https:\/\/api.w.org\/{rel}","templated":true}]}}