{"id":3939,"date":"2014-04-02T11:13:44","date_gmt":"2014-04-02T15:13:44","guid":{"rendered":"https:\/\/www.imtbike.com\/?page_id=3939"},"modified":"2026-01-19T05:07:28","modified_gmt":"2026-01-19T10:07:28","slug":"bilbau","status":"publish","type":"page","link":"https:\/\/www.imtbike.com\/pt-br\/alugel-motos-espanha-portugal\/localizacoes\/bilbau\/","title":{"rendered":"Aluguel de Motos BMW em Bilbau"},"content":{"rendered":"<p>Bilbau \u00e9 a capital da regi\u00e3o Espanhola do Pa\u00eds Basco. Localizada no norte de Espanha, Bilbau foi historicamente uma cidade conhecida pela sua ind\u00fastria naval mas mais recentemente o turismo ganhou relev\u00e2ncia. Este crescimento do turismo foi fomentado pela conclus\u00e3o do Museu Guggenheim desenhado pelo arquiteto Frank Gehry. A parte hist\u00f3rica de Bilbau oferece ruas elegantes onde pode ser encontrada a fant\u00e1stica cozinha Basca em todos os pequenos restaurantes. As especialidades t\u00edpicas Bascas incluem os famosos &#8220;pintxos&#8221; (tapas) e o local Txacol\u00ed (vinho branco).<a href=\"https:\/\/www.imtbike.com\/be\/wp-content\/uploads\/2014\/04\/bilbao-1.jpg\" rel=\"attachment wp-att-13011\"><img decoding=\"async\" loading=\"lazy\" class=\"size-medium wp-image-13011 alignright\" src=\"https:\/\/www.imtbike.com\/be\/wp-content\/uploads\/2014\/04\/bilbao-1-300x194.jpg\" alt=\"motorcycle-rental-in-bilbao\" width=\"300\" height=\"194\" srcset=\"https:\/\/www.imtbike.com\/be\/wp-content\/uploads\/2014\/04\/bilbao-1-300x194.jpg 300w, https:\/\/www.imtbike.com\/be\/wp-content\/uploads\/2014\/04\/bilbao-1.jpg 322w\" sizes=\"(max-width: 300px) 100vw, 300px\" \/><\/a><\/p>\n<p>Para o motociclista, Bilbau est\u00e1 perfeitamente localizado num enclave entre a costa verdejante e as florestas montanhosas do interior. Este terreno tem estradas incr\u00edveis para ir em moto ao longo da costa e pelas montanhas pr\u00f3ximas. Bilbau tamb\u00e9m est\u00e1 localizado entre as Montanhas dos Piren\u00e9us e as dos Picos da Europa que cont\u00eam algumas das melhores estradas para ir em moto do mundo.<\/p>\n<h3>O que visitar em Bilbau<\/h3>\n<p>N\u00e3o se pode visitar Bilbau sem visitar o Museu Guggenheim. Mesmo que n\u00e3o seja amante de arte moderna, o edif\u00edcio por si s\u00f3 j\u00e1 faz com que a visita valha a pena. A Igreja dos Santos Juanes, o museu Mar\u00edtimo e o passeio pelo rio s\u00e3o indispens\u00e1veis e n\u00e3o se podem perder.<\/p>\n<h3>Tours IMTBike<\/h3>\n<p>Se est\u00e1 \u00e0 procura de umas f\u00e9rias em moto sem preocupa\u00e7\u00f5es, a IMTBike oferece tamb\u00e9m tours guiados e autoguiados em Espanha, Portugal, Marrocos, Fran\u00e7a e It\u00e1lia. N\u00f3s usamos os melhores hot\u00e9is &#8220;motorcycle-friendly&#8221; e a garantia de estradas incr\u00edveis dia ap\u00f3s dia! Para ver mais informa\u00e7\u00e3o acerca dos tours IMTBike por favor <a href=\"\/imt-motorcycle-tours\">clique aqui<\/a>.<\/p>\n","protected":false},"excerpt":{"rendered":"<p>Bilbau \u00e9 a capital da regi\u00e3o Espanhola do Pa\u00eds Basco. Localizada no norte de Espanha, Bilbau foi historicamente uma cidade conhecida pela sua ind\u00fastria naval mas mais recentemente o turismo ganhou relev\u00e2ncia.<\/p>\n<p> <a class=\"read-more\" href=\"https:\/\/www.imtbike.com\/pt-br\/alugel-motos-espanha-portugal\/localizacoes\/bilbau\/\"> Read More<\/a><\/p>\n","protected":false},"author":21,"featured_media":12379,"parent":3932,"menu_order":0,"comment_status":"open","ping_status":"closed","template":"","meta":{"footnotes":""},"acf":[],"yoast_head":"<!-- This site is optimized with the Yoast SEO plugin v22.6 - https:\/\/yoast.com\/wordpress\/plugins\/seo\/ -->\n<title>Aluguel de Motos BMW em Bilbau - IMTBike<\/title>\n<meta name=\"description\" content=\"Aluguel de motos em Bilbau. Motos BMW novas e com equipamento completo. Telefone para +34 91 633 72 22 e reserve o seu aluguel de moto em Bilbau.\" \/>\n<meta name=\"robots\" content=\"index, follow, max-snippet:-1, max-image-preview:large, max-video-preview:-1\" \/>\n<link rel=\"canonical\" href=\"https:\/\/www.imtbike.com\/pt-br\/alugel-motos-espanha-portugal\/localizacoes\/bilbau\/\" \/>\n<meta property=\"og:locale\" content=\"pt_BR\" \/>\n<meta property=\"og:type\" content=\"article\" \/>\n<meta property=\"og:title\" content=\"Aluguel de Motos BMW em Bilbau - IMTBike\" \/>\n<meta property=\"og:description\" content=\"Aluguel de motos em Bilbau. Motos BMW novas e com equipamento completo. Telefone para +34 91 633 72 22 e reserve o seu aluguel de moto em Bilbau.\" \/>\n<meta property=\"og:url\" content=\"https:\/\/www.imtbike.com\/pt-br\/alugel-motos-espanha-portugal\/localizacoes\/bilbau\/\" \/>\n<meta property=\"og:site_name\" content=\"IMTBike\" \/>\n<meta property=\"article:modified_time\" content=\"2026-01-19T10:07:28+00:00\" \/>\n<meta property=\"og:image\" content=\"https:\/\/www.imtbike.com\/be\/wp-content\/uploads\/2014\/04\/Bilbao.jpg\" \/>\n\t<meta property=\"og:image:width\" content=\"1198\" \/>\n\t<meta property=\"og:image:height\" content=\"421\" \/>\n\t<meta property=\"og:image:type\" content=\"image\/jpeg\" \/>\n<meta name=\"twitter:label1\" content=\"Est. reading time\" \/>\n\t<meta name=\"twitter:data1\" content=\"2 minutes\" \/>\n<script type=\"application\/ld+json\" class=\"yoast-schema-graph\">{\"@context\":\"https:\/\/schema.org\",\"@graph\":[{\"@type\":\"WebPage\",\"@id\":\"https:\/\/www.imtbike.com\/pt-br\/alugel-motos-espanha-portugal\/localizacoes\/bilbau\/\",\"url\":\"https:\/\/www.imtbike.com\/pt-br\/alugel-motos-espanha-portugal\/localizacoes\/bilbau\/\",\"name\":\"Aluguel de Motos BMW em Bilbau - IMTBike\",\"isPartOf\":{\"@id\":\"https:\/\/www.imtbike.com\/#website\"},\"primaryImageOfPage\":{\"@id\":\"https:\/\/www.imtbike.com\/pt-br\/alugel-motos-espanha-portugal\/localizacoes\/bilbau\/#primaryimage\"},\"image\":{\"@id\":\"https:\/\/www.imtbike.com\/pt-br\/alugel-motos-espanha-portugal\/localizacoes\/bilbau\/#primaryimage\"},\"thumbnailUrl\":\"https:\/\/www.imtbike.com\/be\/wp-content\/uploads\/2014\/04\/Bilbao.jpg\",\"datePublished\":\"2014-04-02T15:13:44+00:00\",\"dateModified\":\"2026-01-19T10:07:28+00:00\",\"description\":\"Aluguel de motos em Bilbau. Motos BMW novas e com equipamento completo. Telefone para +34 91 633 72 22 e reserve o seu aluguel de moto em Bilbau.\",\"breadcrumb\":{\"@id\":\"https:\/\/www.imtbike.com\/pt-br\/alugel-motos-espanha-portugal\/localizacoes\/bilbau\/#breadcrumb\"},\"inLanguage\":\"pt-BR\",\"potentialAction\":[{\"@type\":\"ReadAction\",\"target\":[\"https:\/\/www.imtbike.com\/pt-br\/alugel-motos-espanha-portugal\/localizacoes\/bilbau\/\"]}]},{\"@type\":\"ImageObject\",\"inLanguage\":\"pt-BR\",\"@id\":\"https:\/\/www.imtbike.com\/pt-br\/alugel-motos-espanha-portugal\/localizacoes\/bilbau\/#primaryimage\",\"url\":\"https:\/\/www.imtbike.com\/be\/wp-content\/uploads\/2014\/04\/Bilbao.jpg\",\"contentUrl\":\"https:\/\/www.imtbike.com\/be\/wp-content\/uploads\/2014\/04\/Bilbao.jpg\",\"width\":1198,\"height\":421},{\"@type\":\"BreadcrumbList\",\"@id\":\"https:\/\/www.imtbike.com\/pt-br\/alugel-motos-espanha-portugal\/localizacoes\/bilbau\/#breadcrumb\",\"itemListElement\":[{\"@type\":\"ListItem\",\"position\":1,\"name\":\"Home\",\"item\":\"https:\/\/www.imtbike.com\/\"},{\"@type\":\"ListItem\",\"position\":2,\"name\":\"Aluguel de Motos BMW em Espanha e Portugal\",\"item\":\"https:\/\/www.imtbike.com\/motorcycle-rentals\/\"},{\"@type\":\"ListItem\",\"position\":3,\"name\":\"Localiza\u00e7\u00f5es dos centros de aluguel de Motos\",\"item\":\"https:\/\/www.imtbike.com\/pt-br\/alugel-motos-espanha-portugal\/localizacoes\/\"},{\"@type\":\"ListItem\",\"position\":4,\"name\":\"Aluguel de Motos BMW em Bilbau\"}]},{\"@type\":\"WebSite\",\"@id\":\"https:\/\/www.imtbike.com\/#website\",\"url\":\"https:\/\/www.imtbike.com\/\",\"name\":\"IMTBike\",\"description\":\"Passion for Motorcycling\",\"potentialAction\":[{\"@type\":\"SearchAction\",\"target\":{\"@type\":\"EntryPoint\",\"urlTemplate\":\"https:\/\/www.imtbike.com\/?s={search_term_string}\"},\"query-input\":\"required name=search_term_string\"}],\"inLanguage\":\"pt-BR\"}]}<\/script>\n<!-- \/ Yoast SEO plugin. -->","yoast_head_json":{"title":"Aluguel de Motos BMW em Bilbau - IMTBike","description":"Aluguel de motos em Bilbau. Motos BMW novas e com equipamento completo. Telefone para +34 91 633 72 22 e reserve o seu aluguel de moto em Bilbau.","robots":{"index":"index","follow":"follow","max-snippet":"max-snippet:-1","max-image-preview":"max-image-preview:large","max-video-preview":"max-video-preview:-1"},"canonical":"https:\/\/www.imtbike.com\/pt-br\/alugel-motos-espanha-portugal\/localizacoes\/bilbau\/","og_locale":"pt_BR","og_type":"article","og_title":"Aluguel de Motos BMW em Bilbau - IMTBike","og_description":"Aluguel de motos em Bilbau. Motos BMW novas e com equipamento completo. Telefone para +34 91 633 72 22 e reserve o seu aluguel de moto em Bilbau.","og_url":"https:\/\/www.imtbike.com\/pt-br\/alugel-motos-espanha-portugal\/localizacoes\/bilbau\/","og_site_name":"IMTBike","article_modified_time":"2026-01-19T10:07:28+00:00","og_image":[{"width":1198,"height":421,"url":"https:\/\/www.imtbike.com\/be\/wp-content\/uploads\/2014\/04\/Bilbao.jpg","type":"image\/jpeg"}],"twitter_misc":{"Est. reading time":"2 minutes"},"schema":{"@context":"https:\/\/schema.org","@graph":[{"@type":"WebPage","@id":"https:\/\/www.imtbike.com\/pt-br\/alugel-motos-espanha-portugal\/localizacoes\/bilbau\/","url":"https:\/\/www.imtbike.com\/pt-br\/alugel-motos-espanha-portugal\/localizacoes\/bilbau\/","name":"Aluguel de Motos BMW em Bilbau - IMTBike","isPartOf":{"@id":"https:\/\/www.imtbike.com\/#website"},"primaryImageOfPage":{"@id":"https:\/\/www.imtbike.com\/pt-br\/alugel-motos-espanha-portugal\/localizacoes\/bilbau\/#primaryimage"},"image":{"@id":"https:\/\/www.imtbike.com\/pt-br\/alugel-motos-espanha-portugal\/localizacoes\/bilbau\/#primaryimage"},"thumbnailUrl":"https:\/\/www.imtbike.com\/be\/wp-content\/uploads\/2014\/04\/Bilbao.jpg","datePublished":"2014-04-02T15:13:44+00:00","dateModified":"2026-01-19T10:07:28+00:00","description":"Aluguel de motos em Bilbau. Motos BMW novas e com equipamento completo. Telefone para +34 91 633 72 22 e reserve o seu aluguel de moto em Bilbau.","breadcrumb":{"@id":"https:\/\/www.imtbike.com\/pt-br\/alugel-motos-espanha-portugal\/localizacoes\/bilbau\/#breadcrumb"},"inLanguage":"pt-BR","potentialAction":[{"@type":"ReadAction","target":["https:\/\/www.imtbike.com\/pt-br\/alugel-motos-espanha-portugal\/localizacoes\/bilbau\/"]}]},{"@type":"ImageObject","inLanguage":"pt-BR","@id":"https:\/\/www.imtbike.com\/pt-br\/alugel-motos-espanha-portugal\/localizacoes\/bilbau\/#primaryimage","url":"https:\/\/www.imtbike.com\/be\/wp-content\/uploads\/2014\/04\/Bilbao.jpg","contentUrl":"https:\/\/www.imtbike.com\/be\/wp-content\/uploads\/2014\/04\/Bilbao.jpg","width":1198,"height":421},{"@type":"BreadcrumbList","@id":"https:\/\/www.imtbike.com\/pt-br\/alugel-motos-espanha-portugal\/localizacoes\/bilbau\/#breadcrumb","itemListElement":[{"@type":"ListItem","position":1,"name":"Home","item":"https:\/\/www.imtbike.com\/"},{"@type":"ListItem","position":2,"name":"Aluguel de Motos BMW em Espanha e Portugal","item":"https:\/\/www.imtbike.com\/motorcycle-rentals\/"},{"@type":"ListItem","position":3,"name":"Localiza\u00e7\u00f5es dos centros de aluguel de Motos","item":"https:\/\/www.imtbike.com\/pt-br\/alugel-motos-espanha-portugal\/localizacoes\/"},{"@type":"ListItem","position":4,"name":"Aluguel de Motos BMW em Bilbau"}]},{"@type":"WebSite","@id":"https:\/\/www.imtbike.com\/#website","url":"https:\/\/www.imtbike.com\/","name":"IMTBike","description":"Passion for Motorcycling","potentialAction":[{"@type":"SearchAction","target":{"@type":"EntryPoint","urlTemplate":"https:\/\/www.imtbike.com\/?s={search_term_string}"},"query-input":"required name=search_term_string"}],"inLanguage":"pt-BR"}]}},"jetpack_sharing_enabled":true,"_links":{"self":[{"href":"https:\/\/www.imtbike.com\/pt-br\/wp-json\/wp\/v2\/pages\/3939"}],"collection":[{"href":"https:\/\/www.imtbike.com\/pt-br\/wp-json\/wp\/v2\/pages"}],"about":[{"href":"https:\/\/www.imtbike.com\/pt-br\/wp-json\/wp\/v2\/types\/page"}],"author":[{"embeddable":true,"href":"https:\/\/www.imtbike.com\/pt-br\/wp-json\/wp\/v2\/users\/21"}],"replies":[{"embeddable":true,"href":"https:\/\/www.imtbike.com\/pt-br\/wp-json\/wp\/v2\/comments?post=3939"}],"version-history":[{"count":6,"href":"https:\/\/www.imtbike.com\/pt-br\/wp-json\/wp\/v2\/pages\/3939\/revisions"}],"predecessor-version":[{"id":47828,"href":"https:\/\/www.imtbike.com\/pt-br\/wp-json\/wp\/v2\/pages\/3939\/revisions\/47828"}],"up":[{"embeddable":true,"href":"https:\/\/www.imtbike.com\/pt-br\/wp-json\/wp\/v2\/pages\/3932"}],"wp:featuredmedia":[{"embeddable":true,"href":"https:\/\/www.imtbike.com\/pt-br\/wp-json\/wp\/v2\/media\/12379"}],"wp:attachment":[{"href":"https:\/\/www.imtbike.com\/pt-br\/wp-json\/wp\/v2\/media?parent=3939"}],"curies":[{"name":"wp","href":"https:\/\/api.w.org\/{rel}","templated":true}]}}