{"id":3935,"date":"2014-04-02T08:46:10","date_gmt":"2014-04-02T12:46:10","guid":{"rendered":"https:\/\/www.imtbike.com\/?page_id=3935"},"modified":"2020-06-08T12:39:30","modified_gmt":"2020-06-08T16:39:30","slug":"barcelona","status":"publish","type":"page","link":"https:\/\/www.imtbike.com\/pt-br\/alugel-motos-espanha-portugal\/localizacoes\/barcelona\/","title":{"rendered":"Aluguel de Motos BMW em Barcelona"},"content":{"rendered":"<p>Barcelona \u00e9 a capital da regi\u00e3o Espanhola da Catalunha e est\u00e1 localizada no mar Mediterr\u00e2neo a cerca de 200 quil\u00f3metros da fronteira Francesa. Barcelona \u00e9 a segunda maior cidade de Espanha e \u00e9 um destino tur\u00edstico muito popular, conhecido pelas suas praias, museus e vida nocturna. Barcelona sempre foi muito importante na hist\u00f3ria do motociclismo. Marcas lend\u00e1rias como Bultaco, Montesa e Ossa, todas nasceram nesta cidade conhecida pela sua longa tradi\u00e7\u00e3o motociclista. Pilotos campe\u00f5es do mundo de renome, como Marc Marquez, \u00c0lex Crivill\u00e9 e Dani Pedrosa, para alem de Sete Gibernau, Carlos Checa, Toni El\u00edas e o sete vezes campe\u00e3o do mundo de trial Jordi Tarr\u00e9s, todos v\u00eam de Barcelona e redondezas.<a href=\"https:\/\/www.imtbike.com\/be\/wp-content\/uploads\/2014\/04\/Barcelona-2.jpg\" rel=\"attachment wp-att-13003\"><img decoding=\"async\" loading=\"lazy\" class=\"size-medium wp-image-13003 alignright\" src=\"https:\/\/www.imtbike.com\/be\/wp-content\/uploads\/2014\/04\/Barcelona-2-300x194.jpg\" alt=\"motorcycle-rental-in-barcelona\" width=\"300\" height=\"194\" srcset=\"https:\/\/www.imtbike.com\/be\/wp-content\/uploads\/2014\/04\/Barcelona-2-300x194.jpg 300w, https:\/\/www.imtbike.com\/be\/wp-content\/uploads\/2014\/04\/Barcelona-2.jpg 322w\" sizes=\"(max-width: 300px) 100vw, 300px\" \/><\/a><\/p>\n<p>Barcelona \u00e9 tamb\u00e9m famosa pelo seu <strong>Circuito de Montmel\u00f3<\/strong> onde cada ano 100 000 f\u00e3s desfrutam de um fim-de-semana de corridas do campeonato do mundo de MotoGP. Barcelona \u00e9 uma das cidades Europeias com mais hist\u00f3ria motociclista.<\/p>\n<p>Barcelona tem acessos f\u00e1ceis a uma quantidade incr\u00edvel de estradas fant\u00e1sticas nas suas serras pr\u00f3ximas e tamb\u00e9m nos grandes Piren\u00e9us.<\/p>\n<h3>O que visitar em Barcelona<\/h3>\n<p>Barcelona \u00e9 uma cidade fant\u00e1stica com muitas coisas para fazer e ver. Quando vier a Barcelona tem que visitar a Catedral da Sagrada Fam\u00edlia, as Ramblas, o Parque G\u00fcell, o mercado da Boquer\u00eda, o Castelo de Montjuic e as ruas do bairro do Eixample.<\/p>\n<h3>Tours IMTBIKE<\/h3>\n<p>Se est\u00e1 \u00e0 procura de umas f\u00e9rias em moto sem preocupa\u00e7\u00f5es, a IMTBike oferece tamb\u00e9m tours guiados e autoguiados em Espanha, Portugal, Marrocos, Fran\u00e7a e It\u00e1lia. N\u00f3s usamos os melhores hot\u00e9is &#8220;motorcycle-friendly&#8221; e a garantia de estradas incr\u00edveis dia ap\u00f3s dia! Para ver mais informa\u00e7\u00e3o acerca dos tours IMTBIKE por favor <a href=\"\/imt-motorcycle-tours\">clique aqui<\/a>.<\/p>\n","protected":false},"excerpt":{"rendered":"<p>Barcelona \u00e9 a capital da regi\u00e3o Espanhola da Catalunha e est\u00e1 localizada no mar Mediterr\u00e2neo a cerca de 200 quil\u00f3metros da fronteira Francesa. Barcelona \u00e9 a segunda maior cidade de Espanha e \u00e9 um destino tur\u00edstico muito popular,<\/p>\n<p> <a class=\"read-more\" href=\"https:\/\/www.imtbike.com\/pt-br\/alugel-motos-espanha-portugal\/localizacoes\/barcelona\/\"> Read More<\/a><\/p>\n","protected":false},"author":21,"featured_media":12378,"parent":3932,"menu_order":0,"comment_status":"open","ping_status":"closed","template":"","meta":{"footnotes":""},"acf":[],"yoast_head":"<!-- This site is optimized with the Yoast SEO plugin v22.6 - https:\/\/yoast.com\/wordpress\/plugins\/seo\/ -->\n<title>Aluguel de Motos BMW em Barcelona - IMTBike<\/title>\n<meta name=\"description\" content=\"Aluguel de motos em Barcelona. Motos BMW novas e com equipamento completo. Telefone para +34 902-070-511 e reserve o seu aluguel de moto em Barcelona\" \/>\n<meta name=\"robots\" content=\"index, follow, max-snippet:-1, max-image-preview:large, max-video-preview:-1\" \/>\n<link rel=\"canonical\" href=\"https:\/\/www.imtbike.com\/pt-br\/alugel-motos-espanha-portugal\/localizacoes\/barcelona\/\" \/>\n<meta property=\"og:locale\" content=\"pt_BR\" \/>\n<meta property=\"og:type\" content=\"article\" \/>\n<meta property=\"og:title\" content=\"Aluguel de Motos BMW em Barcelona - IMTBike\" \/>\n<meta property=\"og:description\" content=\"Aluguel de motos em Barcelona. Motos BMW novas e com equipamento completo. Telefone para +34 902-070-511 e reserve o seu aluguel de moto em Barcelona\" \/>\n<meta property=\"og:url\" content=\"https:\/\/www.imtbike.com\/pt-br\/alugel-motos-espanha-portugal\/localizacoes\/barcelona\/\" \/>\n<meta property=\"og:site_name\" content=\"IMTBike\" \/>\n<meta property=\"article:modified_time\" content=\"2020-06-08T16:39:30+00:00\" \/>\n<meta property=\"og:image\" content=\"https:\/\/www.imtbike.com\/be\/wp-content\/uploads\/2014\/04\/Barcelona-1.jpg\" \/>\n\t<meta property=\"og:image:width\" content=\"1198\" \/>\n\t<meta property=\"og:image:height\" content=\"421\" \/>\n\t<meta property=\"og:image:type\" content=\"image\/jpeg\" \/>\n<meta name=\"twitter:label1\" content=\"Est. reading time\" \/>\n\t<meta name=\"twitter:data1\" content=\"1 minute\" \/>\n<script type=\"application\/ld+json\" class=\"yoast-schema-graph\">{\"@context\":\"https:\/\/schema.org\",\"@graph\":[{\"@type\":\"WebPage\",\"@id\":\"https:\/\/www.imtbike.com\/pt-br\/alugel-motos-espanha-portugal\/localizacoes\/barcelona\/\",\"url\":\"https:\/\/www.imtbike.com\/pt-br\/alugel-motos-espanha-portugal\/localizacoes\/barcelona\/\",\"name\":\"Aluguel de Motos BMW em Barcelona - IMTBike\",\"isPartOf\":{\"@id\":\"https:\/\/www.imtbike.com\/#website\"},\"primaryImageOfPage\":{\"@id\":\"https:\/\/www.imtbike.com\/pt-br\/alugel-motos-espanha-portugal\/localizacoes\/barcelona\/#primaryimage\"},\"image\":{\"@id\":\"https:\/\/www.imtbike.com\/pt-br\/alugel-motos-espanha-portugal\/localizacoes\/barcelona\/#primaryimage\"},\"thumbnailUrl\":\"https:\/\/www.imtbike.com\/be\/wp-content\/uploads\/2014\/04\/Barcelona-1.jpg\",\"datePublished\":\"2014-04-02T12:46:10+00:00\",\"dateModified\":\"2020-06-08T16:39:30+00:00\",\"description\":\"Aluguel de motos em Barcelona. Motos BMW novas e com equipamento completo. Telefone para +34 902-070-511 e reserve o seu aluguel de moto em Barcelona\",\"breadcrumb\":{\"@id\":\"https:\/\/www.imtbike.com\/pt-br\/alugel-motos-espanha-portugal\/localizacoes\/barcelona\/#breadcrumb\"},\"inLanguage\":\"pt-BR\",\"potentialAction\":[{\"@type\":\"ReadAction\",\"target\":[\"https:\/\/www.imtbike.com\/pt-br\/alugel-motos-espanha-portugal\/localizacoes\/barcelona\/\"]}]},{\"@type\":\"ImageObject\",\"inLanguage\":\"pt-BR\",\"@id\":\"https:\/\/www.imtbike.com\/pt-br\/alugel-motos-espanha-portugal\/localizacoes\/barcelona\/#primaryimage\",\"url\":\"https:\/\/www.imtbike.com\/be\/wp-content\/uploads\/2014\/04\/Barcelona-1.jpg\",\"contentUrl\":\"https:\/\/www.imtbike.com\/be\/wp-content\/uploads\/2014\/04\/Barcelona-1.jpg\",\"width\":1198,\"height\":421},{\"@type\":\"BreadcrumbList\",\"@id\":\"https:\/\/www.imtbike.com\/pt-br\/alugel-motos-espanha-portugal\/localizacoes\/barcelona\/#breadcrumb\",\"itemListElement\":[{\"@type\":\"ListItem\",\"position\":1,\"name\":\"Home\",\"item\":\"https:\/\/www.imtbike.com\/\"},{\"@type\":\"ListItem\",\"position\":2,\"name\":\"Aluguel de Motos BMW em Espanha e Portugal\",\"item\":\"https:\/\/www.imtbike.com\/motorcycle-rentals\/\"},{\"@type\":\"ListItem\",\"position\":3,\"name\":\"Localiza\u00e7\u00f5es dos centros de aluguel de Motos\",\"item\":\"https:\/\/www.imtbike.com\/pt-br\/alugel-motos-espanha-portugal\/localizacoes\/\"},{\"@type\":\"ListItem\",\"position\":4,\"name\":\"Aluguel de Motos BMW em Barcelona\"}]},{\"@type\":\"WebSite\",\"@id\":\"https:\/\/www.imtbike.com\/#website\",\"url\":\"https:\/\/www.imtbike.com\/\",\"name\":\"IMTBike\",\"description\":\"Passion for Motorcycling\",\"potentialAction\":[{\"@type\":\"SearchAction\",\"target\":{\"@type\":\"EntryPoint\",\"urlTemplate\":\"https:\/\/www.imtbike.com\/?s={search_term_string}\"},\"query-input\":\"required name=search_term_string\"}],\"inLanguage\":\"pt-BR\"}]}<\/script>\n<!-- \/ Yoast SEO plugin. -->","yoast_head_json":{"title":"Aluguel de Motos BMW em Barcelona - IMTBike","description":"Aluguel de motos em Barcelona. Motos BMW novas e com equipamento completo. Telefone para +34 902-070-511 e reserve o seu aluguel de moto em Barcelona","robots":{"index":"index","follow":"follow","max-snippet":"max-snippet:-1","max-image-preview":"max-image-preview:large","max-video-preview":"max-video-preview:-1"},"canonical":"https:\/\/www.imtbike.com\/pt-br\/alugel-motos-espanha-portugal\/localizacoes\/barcelona\/","og_locale":"pt_BR","og_type":"article","og_title":"Aluguel de Motos BMW em Barcelona - IMTBike","og_description":"Aluguel de motos em Barcelona. Motos BMW novas e com equipamento completo. Telefone para +34 902-070-511 e reserve o seu aluguel de moto em Barcelona","og_url":"https:\/\/www.imtbike.com\/pt-br\/alugel-motos-espanha-portugal\/localizacoes\/barcelona\/","og_site_name":"IMTBike","article_modified_time":"2020-06-08T16:39:30+00:00","og_image":[{"width":1198,"height":421,"url":"https:\/\/www.imtbike.com\/be\/wp-content\/uploads\/2014\/04\/Barcelona-1.jpg","type":"image\/jpeg"}],"twitter_misc":{"Est. reading time":"1 minute"},"schema":{"@context":"https:\/\/schema.org","@graph":[{"@type":"WebPage","@id":"https:\/\/www.imtbike.com\/pt-br\/alugel-motos-espanha-portugal\/localizacoes\/barcelona\/","url":"https:\/\/www.imtbike.com\/pt-br\/alugel-motos-espanha-portugal\/localizacoes\/barcelona\/","name":"Aluguel de Motos BMW em Barcelona - IMTBike","isPartOf":{"@id":"https:\/\/www.imtbike.com\/#website"},"primaryImageOfPage":{"@id":"https:\/\/www.imtbike.com\/pt-br\/alugel-motos-espanha-portugal\/localizacoes\/barcelona\/#primaryimage"},"image":{"@id":"https:\/\/www.imtbike.com\/pt-br\/alugel-motos-espanha-portugal\/localizacoes\/barcelona\/#primaryimage"},"thumbnailUrl":"https:\/\/www.imtbike.com\/be\/wp-content\/uploads\/2014\/04\/Barcelona-1.jpg","datePublished":"2014-04-02T12:46:10+00:00","dateModified":"2020-06-08T16:39:30+00:00","description":"Aluguel de motos em Barcelona. Motos BMW novas e com equipamento completo. Telefone para +34 902-070-511 e reserve o seu aluguel de moto em Barcelona","breadcrumb":{"@id":"https:\/\/www.imtbike.com\/pt-br\/alugel-motos-espanha-portugal\/localizacoes\/barcelona\/#breadcrumb"},"inLanguage":"pt-BR","potentialAction":[{"@type":"ReadAction","target":["https:\/\/www.imtbike.com\/pt-br\/alugel-motos-espanha-portugal\/localizacoes\/barcelona\/"]}]},{"@type":"ImageObject","inLanguage":"pt-BR","@id":"https:\/\/www.imtbike.com\/pt-br\/alugel-motos-espanha-portugal\/localizacoes\/barcelona\/#primaryimage","url":"https:\/\/www.imtbike.com\/be\/wp-content\/uploads\/2014\/04\/Barcelona-1.jpg","contentUrl":"https:\/\/www.imtbike.com\/be\/wp-content\/uploads\/2014\/04\/Barcelona-1.jpg","width":1198,"height":421},{"@type":"BreadcrumbList","@id":"https:\/\/www.imtbike.com\/pt-br\/alugel-motos-espanha-portugal\/localizacoes\/barcelona\/#breadcrumb","itemListElement":[{"@type":"ListItem","position":1,"name":"Home","item":"https:\/\/www.imtbike.com\/"},{"@type":"ListItem","position":2,"name":"Aluguel de Motos BMW em Espanha e Portugal","item":"https:\/\/www.imtbike.com\/motorcycle-rentals\/"},{"@type":"ListItem","position":3,"name":"Localiza\u00e7\u00f5es dos centros de aluguel de Motos","item":"https:\/\/www.imtbike.com\/pt-br\/alugel-motos-espanha-portugal\/localizacoes\/"},{"@type":"ListItem","position":4,"name":"Aluguel de Motos BMW em Barcelona"}]},{"@type":"WebSite","@id":"https:\/\/www.imtbike.com\/#website","url":"https:\/\/www.imtbike.com\/","name":"IMTBike","description":"Passion for Motorcycling","potentialAction":[{"@type":"SearchAction","target":{"@type":"EntryPoint","urlTemplate":"https:\/\/www.imtbike.com\/?s={search_term_string}"},"query-input":"required name=search_term_string"}],"inLanguage":"pt-BR"}]}},"jetpack_sharing_enabled":true,"_links":{"self":[{"href":"https:\/\/www.imtbike.com\/pt-br\/wp-json\/wp\/v2\/pages\/3935"}],"collection":[{"href":"https:\/\/www.imtbike.com\/pt-br\/wp-json\/wp\/v2\/pages"}],"about":[{"href":"https:\/\/www.imtbike.com\/pt-br\/wp-json\/wp\/v2\/types\/page"}],"author":[{"embeddable":true,"href":"https:\/\/www.imtbike.com\/pt-br\/wp-json\/wp\/v2\/users\/21"}],"replies":[{"embeddable":true,"href":"https:\/\/www.imtbike.com\/pt-br\/wp-json\/wp\/v2\/comments?post=3935"}],"version-history":[{"count":3,"href":"https:\/\/www.imtbike.com\/pt-br\/wp-json\/wp\/v2\/pages\/3935\/revisions"}],"predecessor-version":[{"id":22426,"href":"https:\/\/www.imtbike.com\/pt-br\/wp-json\/wp\/v2\/pages\/3935\/revisions\/22426"}],"up":[{"embeddable":true,"href":"https:\/\/www.imtbike.com\/pt-br\/wp-json\/wp\/v2\/pages\/3932"}],"wp:featuredmedia":[{"embeddable":true,"href":"https:\/\/www.imtbike.com\/pt-br\/wp-json\/wp\/v2\/media\/12378"}],"wp:attachment":[{"href":"https:\/\/www.imtbike.com\/pt-br\/wp-json\/wp\/v2\/media?parent=3935"}],"curies":[{"name":"wp","href":"https:\/\/api.w.org\/{rel}","templated":true}]}}