{"id":3920,"date":"2014-06-12T14:40:18","date_gmt":"2014-06-12T18:40:18","guid":{"rendered":"https:\/\/www.imtbike.com\/?page_id=3920"},"modified":"2014-10-20T20:10:08","modified_gmt":"2014-10-21T00:10:08","slug":"faq","status":"publish","type":"page","link":"https:\/\/www.imtbike.com\/pt-br\/viagem-de-moto\/faq\/","title":{"rendered":"Viagem De Moto FAQ"},"content":{"rendered":"<ul class=\"left paddingTop\">\n<li>\n<h3>\u00c9 necess\u00e1ria uma licen\u00e7a internacional de condu\u00e7\u00e3o para os tours e alugu\u00e9is IMTBike?<\/h3>\n<p>Sim, \u00e9 exigida por lei em todos os Pa\u00edses Europeus e far\u00e1 todos os encontros com a pol\u00edcia local muito mais f\u00e1ceis! Para pedir uma, por favor contacte o seu clube autom\u00f3vel local para que lhe indique onde fazer esse pedido. Normalmente as licen\u00e7as de condu\u00e7\u00e3o internacionais s\u00e3o emitidas no pr\u00f3prio momento e s\u00e3o econ\u00f3micas.<\/li>\n<li>\n<h3>Quantos Kms pilotamos cada dia?<\/h3>\n<p>Pilotamos entre 200-400 quil\u00f3metros (120-250 milhas) por dia, dependendo do tipo de estradas, curvas, passos de montanha ou longas rectas desertas. Fazemos sempre paragens a cada 1-1,5 horas para uma boa oportunidade para fazer fotos, beber e sempre para um bom almo\u00e7o.<\/li>\n<li>\n<h3>Quantos pilotos h\u00e1 em cada tour?<\/h3>\n<p>A IMTBike gosta de manter os seus tours pequenos e pessoais. Normalmente h\u00e1 entre 8 a 12 pessoas em cada tour. Este \u00e9 o tamanho perfeito para os nossos guias terem uma aten\u00e7\u00e3o personalizada com todos os membros do tour.<\/li>\n<li>\n<h3>Que roupas devo levar?<\/h3>\n<p>O &#8220;dress code&#8221; \u00e9 casual e a nossa carrinha transportar\u00e1 a sua bagagem. A parte da sua roupa de moto (capacete, casaco, cal\u00e7as, fato de chuva, etc.) dever\u00e1 trazer um fato de banho, t-shirts, cal\u00e7as de ganga, cal\u00e7\u00f5es e uma camisola. O nosso manual, que vai receber pelo menos duas semanas antes do in\u00edcio do tour, contem toda a informa\u00e7\u00e3o pr\u00e9-tour (roupa, costumes locais e informa\u00e7\u00f5es de chegada), lista de hot\u00e9is e detalhes da rota.<\/li>\n<li>\n<h3>O capacete \u00e9 obrigat\u00f3rio?<\/h3>\n<p>Sim, o capacete \u00e9 obrigat\u00f3rio pelas leis Europeias. A IMTBike recomenda usar um capacete integral.<\/li>\n<li>\n<h3>Quem s\u00e3o os outros participantes no tour?<\/h3>\n<p>Os nossos membros dos tours v\u00eam de todo o mundo, o que adiciona divers\u00e3o e a experi\u00eancia de partilhar hist\u00f3rias de motociclismo de diferentes pa\u00edses.<\/li>\n<li>\n<h3>Que dinheiro extra vou necessitar?<\/h3>\n<p>Vai necessitar de dinheiro para almo\u00e7os, gasolina, despesas pessoais, portagens e gorjetas.<\/li>\n<li>\n<h3>Posso levar a minha pr\u00f3pria moto?<\/h3>\n<p>Sim, pode levar a sua pr\u00f3pria moto, e pode ser que qualquer marca ou modelo. Se usar a sua pr\u00f3pria moto, pagar\u00e1 o pre\u00e7o de passageiro em vez do pre\u00e7o de piloto.<\/li>\n<li>\n<h3>E acerca da minha bagagem?<\/h3>\n<p>A IMTBike tem uma carrinha de suporte que carregar\u00e1 a sua bagagem e qualquer compra que possa fazer durante o caminho. Tamb\u00e9m h\u00e1 espa\u00e7o na nossa carrinha para alguns passageiros que n\u00e3o viajem em moto.<\/li>\n<li>\n<h3>O que s\u00e3o dias de descanso?<\/h3>\n<p>Os dias de descanso s\u00e3o pontos de paragem programados com interesse cultural, panor\u00e2mico, ou de interesse recreativo, normalmente depois de v\u00e1rios dias de condu\u00e7\u00e3o. \u00c9 um momento para relaxar e aproveitar a cultura ou pilotar e explorar novos locais. Voc\u00ea \u00e9 livre para explorar vilas e cidades por conta pr\u00f3pria. Tamb\u00e9m forneceremos rotas para pilotar, se escolher pilotar o resto do dia.<\/li>\n<li>\n<h3>Que experi\u00eancia t\u00eam os outros motociclistas participantes no tour?<\/h3>\n<p>Os participantes t\u00eam diferentes n\u00edveis de experi\u00eancia. Alguns pilotam motos \u00e0 v\u00e1rios anos e s\u00e3o altamente experientes e outros pilotam a um ritmo mais relaxado. Voc\u00ea poder\u00e1 sempre pilotar ao seu pr\u00f3prio ritmo e dever\u00e1 ficar sempre dentro da sua zona de conforto. Isto \u00e9 muito importante para n\u00f3s! Muitos participantes melhoraram as suas capacidades ao pilotar com os nossos guias que s\u00e3o todos motociclistas experientes e est\u00e3o sempre dispon\u00edveis para dar dicas que o ajudar\u00e3o a ser um piloto mais seguro.<\/li>\n<li>\n<h3>Posso definir a minha pr\u00f3pria rota com o meu clube ou grupo de amigos?<\/h3>\n<p>A IMTBike desenhar\u00e1 uma rota com as suas especifica\u00e7\u00f5es e desejos para um tour com o m\u00ednimo de 10 membros. Se o seu moto-clube ou grupo de amigos est\u00e3o interessados em organizar um tour \u00fanico, tudo o que t\u00eam que fazer \u00e9 contactar-nos.<\/li>\n<li>\n<h3>Como funcionam os tours autoguiados?<\/h3>\n<p>Todos os tours IMTBike podem ser convertidos em &#8220;tours autoguiados&#8221;. S\u00f3 tem que nos dizer em que tour est\u00e1 interessado e as datas que prefere. N\u00f3s organizaremos o tour para si exactamente como os nossos outros tours excepto de que n\u00e3o existir\u00e3o guias. Um guia IMTBike vai-se encontrar com o grupo na primeira noite do vosso tour para fazer uma vista pr\u00e9via da rota e responder a qualquer duvida que possa existir. Os nossos tours autoguiados tamb\u00e9m incluem um GPS com a rota pr\u00e9-carregada para que seja f\u00e1cil pilotar por si mesmo. Para calcular o custo de um tour autoguiado dever\u00e1 retirar 20% dos pre\u00e7os dos tours para piloto e passageiro.<\/li>\n<\/ul>\n","protected":false},"excerpt":{"rendered":"<ul class=\"left paddingTop\">\n<li>\n\u00c9 necess\u00e1ria uma licen\u00e7a internacional de condu\u00e7\u00e3o para os tours e alugu\u00e9is IMTBike?<\/p>\n<p>Sim, \u00e9 exigida por lei em todos os Pa\u00edses Europeus e far\u00e1 todos os encontros com a pol\u00edcia local muito mais f\u00e1ceis!<\/p>\n<\/li>\n<\/ul>\n<p> <a class=\"read-more\" href=\"https:\/\/www.imtbike.com\/pt-br\/viagem-de-moto\/faq\/\"> Read More<\/a><\/p>\n","protected":false},"author":21,"featured_media":920,"parent":3918,"menu_order":0,"comment_status":"open","ping_status":"open","template":"","meta":{"footnotes":""},"acf":[],"yoast_head":"<!-- This site is optimized with the Yoast SEO plugin v22.6 - https:\/\/yoast.com\/wordpress\/plugins\/seo\/ -->\n<title>IMTBike Moto Tours - Quest\u00f5es mais frequentes (FAQ)<\/title>\n<meta name=\"description\" content=\"Quest\u00f5es mais frequentes acerca das IMTBike Moto Tours\" \/>\n<meta name=\"robots\" content=\"index, follow, max-snippet:-1, max-image-preview:large, max-video-preview:-1\" \/>\n<link rel=\"canonical\" href=\"https:\/\/www.imtbike.com\/pt-br\/viagem-de-moto\/faq\/\" \/>\n<meta property=\"og:locale\" content=\"pt_BR\" \/>\n<meta property=\"og:type\" content=\"article\" \/>\n<meta property=\"og:title\" content=\"IMTBike Moto Tours - Quest\u00f5es mais frequentes (FAQ)\" \/>\n<meta property=\"og:description\" content=\"Quest\u00f5es mais frequentes acerca das IMTBike Moto Tours\" \/>\n<meta property=\"og:url\" content=\"https:\/\/www.imtbike.com\/pt-br\/viagem-de-moto\/faq\/\" \/>\n<meta property=\"og:site_name\" content=\"IMTBike\" \/>\n<meta property=\"article:modified_time\" content=\"2014-10-21T00:10:08+00:00\" \/>\n<meta property=\"og:image\" content=\"https:\/\/www.imtbike.com\/be\/wp-content\/uploads\/2014\/06\/tours-faq.jpg\" \/>\n\t<meta property=\"og:image:width\" content=\"1440\" \/>\n\t<meta property=\"og:image:height\" content=\"350\" \/>\n\t<meta property=\"og:image:type\" content=\"image\/jpeg\" \/>\n<meta name=\"twitter:label1\" content=\"Est. reading time\" \/>\n\t<meta name=\"twitter:data1\" content=\"4 minutes\" \/>\n<script type=\"application\/ld+json\" class=\"yoast-schema-graph\">{\"@context\":\"https:\/\/schema.org\",\"@graph\":[{\"@type\":\"WebPage\",\"@id\":\"https:\/\/www.imtbike.com\/pt-br\/viagem-de-moto\/faq\/\",\"url\":\"https:\/\/www.imtbike.com\/pt-br\/viagem-de-moto\/faq\/\",\"name\":\"IMTBike Moto Tours - Quest\u00f5es mais frequentes (FAQ)\",\"isPartOf\":{\"@id\":\"https:\/\/www.imtbike.com\/#website\"},\"primaryImageOfPage\":{\"@id\":\"https:\/\/www.imtbike.com\/pt-br\/viagem-de-moto\/faq\/#primaryimage\"},\"image\":{\"@id\":\"https:\/\/www.imtbike.com\/pt-br\/viagem-de-moto\/faq\/#primaryimage\"},\"thumbnailUrl\":\"https:\/\/www.imtbike.com\/be\/wp-content\/uploads\/2014\/06\/tours-faq.jpg\",\"datePublished\":\"2014-06-12T18:40:18+00:00\",\"dateModified\":\"2014-10-21T00:10:08+00:00\",\"description\":\"Quest\u00f5es mais frequentes acerca das IMTBike Moto Tours\",\"breadcrumb\":{\"@id\":\"https:\/\/www.imtbike.com\/pt-br\/viagem-de-moto\/faq\/#breadcrumb\"},\"inLanguage\":\"pt-BR\",\"potentialAction\":[{\"@type\":\"ReadAction\",\"target\":[\"https:\/\/www.imtbike.com\/pt-br\/viagem-de-moto\/faq\/\"]}]},{\"@type\":\"ImageObject\",\"inLanguage\":\"pt-BR\",\"@id\":\"https:\/\/www.imtbike.com\/pt-br\/viagem-de-moto\/faq\/#primaryimage\",\"url\":\"https:\/\/www.imtbike.com\/be\/wp-content\/uploads\/2014\/06\/tours-faq.jpg\",\"contentUrl\":\"https:\/\/www.imtbike.com\/be\/wp-content\/uploads\/2014\/06\/tours-faq.jpg\",\"width\":1440,\"height\":350,\"caption\":\"Tours FAQ\"},{\"@type\":\"BreadcrumbList\",\"@id\":\"https:\/\/www.imtbike.com\/pt-br\/viagem-de-moto\/faq\/#breadcrumb\",\"itemListElement\":[{\"@type\":\"ListItem\",\"position\":1,\"name\":\"Home\",\"item\":\"https:\/\/www.imtbike.com\/\"},{\"@type\":\"ListItem\",\"position\":2,\"name\":\"Viagem de moto\",\"item\":\"https:\/\/www.imtbike.com\/pt-br\/viagem-de-moto\/\"},{\"@type\":\"ListItem\",\"position\":3,\"name\":\"Viagem De Moto FAQ\"}]},{\"@type\":\"WebSite\",\"@id\":\"https:\/\/www.imtbike.com\/#website\",\"url\":\"https:\/\/www.imtbike.com\/\",\"name\":\"IMTBike\",\"description\":\"Passion for Motorcycling\",\"potentialAction\":[{\"@type\":\"SearchAction\",\"target\":{\"@type\":\"EntryPoint\",\"urlTemplate\":\"https:\/\/www.imtbike.com\/?s={search_term_string}\"},\"query-input\":\"required name=search_term_string\"}],\"inLanguage\":\"pt-BR\"}]}<\/script>\n<!-- \/ Yoast SEO plugin. -->","yoast_head_json":{"title":"IMTBike Moto Tours - Quest\u00f5es mais frequentes (FAQ)","description":"Quest\u00f5es mais frequentes acerca das IMTBike Moto Tours","robots":{"index":"index","follow":"follow","max-snippet":"max-snippet:-1","max-image-preview":"max-image-preview:large","max-video-preview":"max-video-preview:-1"},"canonical":"https:\/\/www.imtbike.com\/pt-br\/viagem-de-moto\/faq\/","og_locale":"pt_BR","og_type":"article","og_title":"IMTBike Moto Tours - Quest\u00f5es mais frequentes (FAQ)","og_description":"Quest\u00f5es mais frequentes acerca das IMTBike Moto Tours","og_url":"https:\/\/www.imtbike.com\/pt-br\/viagem-de-moto\/faq\/","og_site_name":"IMTBike","article_modified_time":"2014-10-21T00:10:08+00:00","og_image":[{"width":1440,"height":350,"url":"https:\/\/www.imtbike.com\/be\/wp-content\/uploads\/2014\/06\/tours-faq.jpg","type":"image\/jpeg"}],"twitter_misc":{"Est. reading time":"4 minutes"},"schema":{"@context":"https:\/\/schema.org","@graph":[{"@type":"WebPage","@id":"https:\/\/www.imtbike.com\/pt-br\/viagem-de-moto\/faq\/","url":"https:\/\/www.imtbike.com\/pt-br\/viagem-de-moto\/faq\/","name":"IMTBike Moto Tours - Quest\u00f5es mais frequentes (FAQ)","isPartOf":{"@id":"https:\/\/www.imtbike.com\/#website"},"primaryImageOfPage":{"@id":"https:\/\/www.imtbike.com\/pt-br\/viagem-de-moto\/faq\/#primaryimage"},"image":{"@id":"https:\/\/www.imtbike.com\/pt-br\/viagem-de-moto\/faq\/#primaryimage"},"thumbnailUrl":"https:\/\/www.imtbike.com\/be\/wp-content\/uploads\/2014\/06\/tours-faq.jpg","datePublished":"2014-06-12T18:40:18+00:00","dateModified":"2014-10-21T00:10:08+00:00","description":"Quest\u00f5es mais frequentes acerca das IMTBike Moto Tours","breadcrumb":{"@id":"https:\/\/www.imtbike.com\/pt-br\/viagem-de-moto\/faq\/#breadcrumb"},"inLanguage":"pt-BR","potentialAction":[{"@type":"ReadAction","target":["https:\/\/www.imtbike.com\/pt-br\/viagem-de-moto\/faq\/"]}]},{"@type":"ImageObject","inLanguage":"pt-BR","@id":"https:\/\/www.imtbike.com\/pt-br\/viagem-de-moto\/faq\/#primaryimage","url":"https:\/\/www.imtbike.com\/be\/wp-content\/uploads\/2014\/06\/tours-faq.jpg","contentUrl":"https:\/\/www.imtbike.com\/be\/wp-content\/uploads\/2014\/06\/tours-faq.jpg","width":1440,"height":350,"caption":"Tours FAQ"},{"@type":"BreadcrumbList","@id":"https:\/\/www.imtbike.com\/pt-br\/viagem-de-moto\/faq\/#breadcrumb","itemListElement":[{"@type":"ListItem","position":1,"name":"Home","item":"https:\/\/www.imtbike.com\/"},{"@type":"ListItem","position":2,"name":"Viagem de moto","item":"https:\/\/www.imtbike.com\/pt-br\/viagem-de-moto\/"},{"@type":"ListItem","position":3,"name":"Viagem De Moto FAQ"}]},{"@type":"WebSite","@id":"https:\/\/www.imtbike.com\/#website","url":"https:\/\/www.imtbike.com\/","name":"IMTBike","description":"Passion for Motorcycling","potentialAction":[{"@type":"SearchAction","target":{"@type":"EntryPoint","urlTemplate":"https:\/\/www.imtbike.com\/?s={search_term_string}"},"query-input":"required name=search_term_string"}],"inLanguage":"pt-BR"}]}},"jetpack_sharing_enabled":true,"_links":{"self":[{"href":"https:\/\/www.imtbike.com\/pt-br\/wp-json\/wp\/v2\/pages\/3920"}],"collection":[{"href":"https:\/\/www.imtbike.com\/pt-br\/wp-json\/wp\/v2\/pages"}],"about":[{"href":"https:\/\/www.imtbike.com\/pt-br\/wp-json\/wp\/v2\/types\/page"}],"author":[{"embeddable":true,"href":"https:\/\/www.imtbike.com\/pt-br\/wp-json\/wp\/v2\/users\/21"}],"replies":[{"embeddable":true,"href":"https:\/\/www.imtbike.com\/pt-br\/wp-json\/wp\/v2\/comments?post=3920"}],"version-history":[{"count":0,"href":"https:\/\/www.imtbike.com\/pt-br\/wp-json\/wp\/v2\/pages\/3920\/revisions"}],"up":[{"embeddable":true,"href":"https:\/\/www.imtbike.com\/pt-br\/wp-json\/wp\/v2\/pages\/3918"}],"wp:featuredmedia":[{"embeddable":true,"href":"https:\/\/www.imtbike.com\/pt-br\/wp-json\/wp\/v2\/media\/920"}],"wp:attachment":[{"href":"https:\/\/www.imtbike.com\/pt-br\/wp-json\/wp\/v2\/media?parent=3920"}],"curies":[{"name":"wp","href":"https:\/\/api.w.org\/{rel}","templated":true}]}}