{"id":3918,"date":"2014-04-14T08:17:58","date_gmt":"2014-04-14T12:17:58","guid":{"rendered":"https:\/\/www.imtbike.com\/?page_id=3918"},"modified":"2025-01-30T11:34:55","modified_gmt":"2025-01-30T16:34:55","slug":"viagem-de-moto","status":"publish","type":"page","link":"https:\/\/www.imtbike.com\/pt-br\/viagem-de-moto\/","title":{"rendered":"Viagem de moto"},"content":{"rendered":"<p><strong>IMTBIKE: L\u00edder na organiza\u00e7\u00e3o de rotas de moto em Espanha, Europa e Marrocos<\/strong><\/p>\n<p>Na IMTBIKE, orgulhamo-nos da excelente reputa\u00e7\u00e3o que alcan\u00e7\u00e1mos no mundo do mototurismo. Os alicerces deste sucesso devem-se \u00e0 nossa frota de motos com mais de 250 modelos BMW de \u00faltima gera\u00e7\u00e3o, ao profissionalismo e qualidade humana dos nossos guias, ao cuidado e aten\u00e7\u00e3o dedicados ao desenho dos nossos percursos e aos elevados padr\u00f5es de qualidade que aplicamos. para selecionar nossas acomoda\u00e7\u00f5es. Tudo isto aliado \u00e0 nossa paix\u00e3o pelo que fazemos, \u00e0 nossa aten\u00e7\u00e3o ao detalhe e \u00e0 nossa vontade de o fazer desfrutar da partilha de experi\u00eancias, far\u00e3o das suas f\u00e9rias de moto uma experi\u00eancia \u00fanica, uma aventura que ir\u00e1 recordar para sempre, onde far\u00e1 amigos para toda a vida. vida. Essa \u00e9 finalmente a ess\u00eancia do que oferecemos nos passeios IMTBIKE.<\/p>\n<p>Venha se juntar a n\u00f3s e compartilhar nossa paix\u00e3o pelo motociclismo!<\/p>\n","protected":false},"excerpt":{"rendered":"<p>IMTBIKE: L\u00edder na organiza\u00e7\u00e3o de rotas de moto em Espanha, Europa e Marrocos<\/p>\n<p>Na IMTBIKE, orgulhamo-nos da excelente reputa\u00e7\u00e3o que alcan\u00e7\u00e1mos no mundo do mototurismo. Os alicerces deste sucesso devem-se \u00e0 nossa frota de motos com mais de 250 modelos BMW de \u00faltima gera\u00e7\u00e3o,<\/p>\n<p> <a class=\"read-more\" href=\"https:\/\/www.imtbike.com\/pt-br\/viagem-de-moto\/\"> Read More<\/a><\/p>\n","protected":false},"author":21,"featured_media":0,"parent":0,"menu_order":2,"comment_status":"open","ping_status":"open","template":"","meta":{"footnotes":""},"acf":[],"yoast_head":"<!-- This site is optimized with the Yoast SEO plugin v22.6 - https:\/\/yoast.com\/wordpress\/plugins\/seo\/ -->\n<title>IMTBike Motorcycle Tours in Spain, Portugal, Morocco, and Europe<\/title>\n<meta name=\"description\" content=\"Select an outstanding IMTBike motorcycle tour in Spain, Portugal, Morocco, Europe, the Mediterranean, or plan a self guided or custom tour.\" \/>\n<meta name=\"robots\" content=\"index, follow, max-snippet:-1, max-image-preview:large, max-video-preview:-1\" \/>\n<link rel=\"canonical\" href=\"https:\/\/www.imtbike.com\/pt-br\/viagem-de-moto\/\" \/>\n<meta property=\"og:locale\" content=\"pt_BR\" \/>\n<meta property=\"og:type\" content=\"article\" \/>\n<meta property=\"og:title\" content=\"IMTBike Motorcycle Tours in Spain, Portugal, Morocco, and Europe\" \/>\n<meta property=\"og:description\" content=\"Select an outstanding IMTBike motorcycle tour in Spain, Portugal, Morocco, Europe, the Mediterranean, or plan a self guided or custom tour.\" \/>\n<meta property=\"og:url\" content=\"https:\/\/www.imtbike.com\/pt-br\/viagem-de-moto\/\" \/>\n<meta property=\"og:site_name\" content=\"IMTBike\" \/>\n<meta property=\"article:modified_time\" content=\"2025-01-30T16:34:55+00:00\" \/>\n<meta property=\"og:image\" content=\"https:\/\/www.imtbike.com\/be\/wp-content\/uploads\/2016\/03\/default.jpg\" \/>\n<meta name=\"twitter:label1\" content=\"Est. reading time\" \/>\n\t<meta name=\"twitter:data1\" content=\"1 minute\" \/>\n<script type=\"application\/ld+json\" class=\"yoast-schema-graph\">{\"@context\":\"https:\/\/schema.org\",\"@graph\":[{\"@type\":\"WebPage\",\"@id\":\"https:\/\/www.imtbike.com\/pt-br\/viagem-de-moto\/\",\"url\":\"https:\/\/www.imtbike.com\/pt-br\/viagem-de-moto\/\",\"name\":\"IMTBike Motorcycle Tours in Spain, Portugal, Morocco, and Europe\",\"isPartOf\":{\"@id\":\"https:\/\/www.imtbike.com\/#website\"},\"datePublished\":\"2014-04-14T12:17:58+00:00\",\"dateModified\":\"2025-01-30T16:34:55+00:00\",\"description\":\"Select an outstanding IMTBike motorcycle tour in Spain, Portugal, Morocco, Europe, the Mediterranean, or plan a self guided or custom tour.\",\"breadcrumb\":{\"@id\":\"https:\/\/www.imtbike.com\/pt-br\/viagem-de-moto\/#breadcrumb\"},\"inLanguage\":\"pt-BR\",\"potentialAction\":[{\"@type\":\"ReadAction\",\"target\":[\"https:\/\/www.imtbike.com\/pt-br\/viagem-de-moto\/\"]}]},{\"@type\":\"BreadcrumbList\",\"@id\":\"https:\/\/www.imtbike.com\/pt-br\/viagem-de-moto\/#breadcrumb\",\"itemListElement\":[{\"@type\":\"ListItem\",\"position\":1,\"name\":\"Home\",\"item\":\"https:\/\/www.imtbike.com\/\"},{\"@type\":\"ListItem\",\"position\":2,\"name\":\"Viagem de moto\"}]},{\"@type\":\"WebSite\",\"@id\":\"https:\/\/www.imtbike.com\/#website\",\"url\":\"https:\/\/www.imtbike.com\/\",\"name\":\"IMTBike\",\"description\":\"Passion for Motorcycling\",\"potentialAction\":[{\"@type\":\"SearchAction\",\"target\":{\"@type\":\"EntryPoint\",\"urlTemplate\":\"https:\/\/www.imtbike.com\/?s={search_term_string}\"},\"query-input\":\"required name=search_term_string\"}],\"inLanguage\":\"pt-BR\"}]}<\/script>\n<!-- \/ Yoast SEO plugin. -->","yoast_head_json":{"title":"IMTBike Motorcycle Tours in Spain, Portugal, Morocco, and Europe","description":"Select an outstanding IMTBike motorcycle tour in Spain, Portugal, Morocco, Europe, the Mediterranean, or plan a self guided or custom tour.","robots":{"index":"index","follow":"follow","max-snippet":"max-snippet:-1","max-image-preview":"max-image-preview:large","max-video-preview":"max-video-preview:-1"},"canonical":"https:\/\/www.imtbike.com\/pt-br\/viagem-de-moto\/","og_locale":"pt_BR","og_type":"article","og_title":"IMTBike Motorcycle Tours in Spain, Portugal, Morocco, and Europe","og_description":"Select an outstanding IMTBike motorcycle tour in Spain, Portugal, Morocco, Europe, the Mediterranean, or plan a self guided or custom tour.","og_url":"https:\/\/www.imtbike.com\/pt-br\/viagem-de-moto\/","og_site_name":"IMTBike","article_modified_time":"2025-01-30T16:34:55+00:00","og_image":[{"url":"https:\/\/www.imtbike.com\/be\/wp-content\/uploads\/2016\/03\/default.jpg"}],"twitter_misc":{"Est. reading time":"1 minute"},"schema":{"@context":"https:\/\/schema.org","@graph":[{"@type":"WebPage","@id":"https:\/\/www.imtbike.com\/pt-br\/viagem-de-moto\/","url":"https:\/\/www.imtbike.com\/pt-br\/viagem-de-moto\/","name":"IMTBike Motorcycle Tours in Spain, Portugal, Morocco, and Europe","isPartOf":{"@id":"https:\/\/www.imtbike.com\/#website"},"datePublished":"2014-04-14T12:17:58+00:00","dateModified":"2025-01-30T16:34:55+00:00","description":"Select an outstanding IMTBike motorcycle tour in Spain, Portugal, Morocco, Europe, the Mediterranean, or plan a self guided or custom tour.","breadcrumb":{"@id":"https:\/\/www.imtbike.com\/pt-br\/viagem-de-moto\/#breadcrumb"},"inLanguage":"pt-BR","potentialAction":[{"@type":"ReadAction","target":["https:\/\/www.imtbike.com\/pt-br\/viagem-de-moto\/"]}]},{"@type":"BreadcrumbList","@id":"https:\/\/www.imtbike.com\/pt-br\/viagem-de-moto\/#breadcrumb","itemListElement":[{"@type":"ListItem","position":1,"name":"Home","item":"https:\/\/www.imtbike.com\/"},{"@type":"ListItem","position":2,"name":"Viagem de moto"}]},{"@type":"WebSite","@id":"https:\/\/www.imtbike.com\/#website","url":"https:\/\/www.imtbike.com\/","name":"IMTBike","description":"Passion for Motorcycling","potentialAction":[{"@type":"SearchAction","target":{"@type":"EntryPoint","urlTemplate":"https:\/\/www.imtbike.com\/?s={search_term_string}"},"query-input":"required name=search_term_string"}],"inLanguage":"pt-BR"}]}},"jetpack_sharing_enabled":true,"_links":{"self":[{"href":"https:\/\/www.imtbike.com\/pt-br\/wp-json\/wp\/v2\/pages\/3918"}],"collection":[{"href":"https:\/\/www.imtbike.com\/pt-br\/wp-json\/wp\/v2\/pages"}],"about":[{"href":"https:\/\/www.imtbike.com\/pt-br\/wp-json\/wp\/v2\/types\/page"}],"author":[{"embeddable":true,"href":"https:\/\/www.imtbike.com\/pt-br\/wp-json\/wp\/v2\/users\/21"}],"replies":[{"embeddable":true,"href":"https:\/\/www.imtbike.com\/pt-br\/wp-json\/wp\/v2\/comments?post=3918"}],"version-history":[{"count":3,"href":"https:\/\/www.imtbike.com\/pt-br\/wp-json\/wp\/v2\/pages\/3918\/revisions"}],"predecessor-version":[{"id":45249,"href":"https:\/\/www.imtbike.com\/pt-br\/wp-json\/wp\/v2\/pages\/3918\/revisions\/45249"}],"wp:attachment":[{"href":"https:\/\/www.imtbike.com\/pt-br\/wp-json\/wp\/v2\/media?parent=3918"}],"curies":[{"name":"wp","href":"https:\/\/api.w.org\/{rel}","templated":true}]}}