{"id":19262,"date":"2020-03-16T14:14:44","date_gmt":"2020-03-16T18:14:44","guid":{"rendered":"https:\/\/www.imtbike.com\/gift-card-2\/"},"modified":"2020-03-17T11:07:04","modified_gmt":"2020-03-17T15:07:04","slug":"cartao-oferta","status":"publish","type":"page","link":"https:\/\/www.imtbike.com\/pt-br\/cartao-oferta\/","title":{"rendered":"Cart\u00e3o Oferta"},"content":{"rendered":"<div style=\"margin-top: 20px;\">\n<h3 style=\"text-align: center;\">N\u00e3o h\u00e1 melhor presente que uma nova aventura\u2026<br \/>\n\u2026para a disfrutar quando quiser<\/h3>\n<div class=\"gift-up-target\" \r\n            data-site-id=\"9f606b54-df8a-41d3-b395-a65fc40f7bb2\" \r\n            data-domain=\"\"\r\n            data-product-id=\"\"\r\n            data-group-id=\"57cf1613-3b3f-4f71-d024-08d7ca83d925\"\r\n            data-payment-methods=\"\"\r\n            data-language=\"pt-PT\"\r\n            data-purchaser-name=\"\"\r\n            data-purchaser-email=\"\"\r\n            data-recipient-name=\"\"\r\n            data-recipient-email=\"\"\r\n            data-step=\"\"\r\n            data-who-for=\"\"\r\n            data-promo-code=\"\"\r\n            data-hide-artwork=\"\"\r\n            data-hide-groups=\"\"\r\n            data-hide-ungrouped-items=\"\"\r\n            data-hide-custom-value=\"\"\r\n            data-custom-value-amount=\"\"\r\n            data-referrer=\"\"\r\n            data-platform=\"Wordpress\"\r\n        ><\/div>\r\n        <script type=\"text\/javascript\">\r\n        (function (g, i, f, t, u, p, s) {\r\n            g[u] = g[u] || function() { (g[u].q = g[u].q || []).push(arguments) };\r\n            p = i.createElement(f);\r\n            p.async = 1;\r\n            p.src = t;\r\n            s = i.getElementsByTagName(f)[0];\r\n            s.parentNode.insertBefore(p, s);\r\n        })(window, document, 'script', 'https:\/\/cdn.giftup.app\/dist\/gift-up.js', 'giftup');\r\n        <\/script><\/div>\n","protected":false},"excerpt":{"rendered":"<p>N\u00e3o h\u00e1 melhor presente que uma nova aventura\u2026<br \/>\n\u2026para a disfrutar quando quiser <a class=\"read-more\" href=\"https:\/\/www.imtbike.com\/pt-br\/cartao-oferta\/\"> Read More<\/a><\/p>\n","protected":false},"author":21,"featured_media":0,"parent":0,"menu_order":0,"comment_status":"closed","ping_status":"closed","template":"","meta":{"footnotes":""},"acf":[],"yoast_head":"<!-- This site is optimized with the Yoast SEO plugin v22.6 - https:\/\/yoast.com\/wordpress\/plugins\/seo\/ -->\n<title>Cart\u00e3o Oferta - IMTBike<\/title>\n<meta name=\"robots\" content=\"index, follow, max-snippet:-1, max-image-preview:large, max-video-preview:-1\" \/>\n<link rel=\"canonical\" href=\"https:\/\/www.imtbike.com\/gift-card\/\" \/>\n<meta property=\"og:locale\" content=\"pt_BR\" \/>\n<meta property=\"og:type\" content=\"article\" \/>\n<meta property=\"og:title\" content=\"Cart\u00e3o Oferta - IMTBike\" \/>\n<meta property=\"og:description\" content=\"N\u00e3o h\u00e1 melhor presente que uma nova aventura\u2026 \u2026para a disfrutar quando quiser Read More\" \/>\n<meta property=\"og:url\" content=\"https:\/\/www.imtbike.com\/gift-card\/\" \/>\n<meta property=\"og:site_name\" content=\"IMTBike\" \/>\n<meta property=\"article:modified_time\" content=\"2020-03-17T15:07:04+00:00\" \/>\n<meta property=\"og:image\" content=\"https:\/\/www.imtbike.com\/be\/wp-content\/uploads\/2016\/03\/default.jpg\" \/>\n<script type=\"application\/ld+json\" class=\"yoast-schema-graph\">{\"@context\":\"https:\/\/schema.org\",\"@graph\":[{\"@type\":\"WebPage\",\"@id\":\"https:\/\/www.imtbike.com\/gift-card\/\",\"url\":\"https:\/\/www.imtbike.com\/gift-card\/\",\"name\":\"Cart\u00e3o Oferta - IMTBike\",\"isPartOf\":{\"@id\":\"https:\/\/www.imtbike.com\/#website\"},\"datePublished\":\"2020-03-16T18:14:44+00:00\",\"dateModified\":\"2020-03-17T15:07:04+00:00\",\"breadcrumb\":{\"@id\":\"https:\/\/www.imtbike.com\/gift-card\/#breadcrumb\"},\"inLanguage\":\"pt-BR\",\"potentialAction\":[{\"@type\":\"ReadAction\",\"target\":[\"https:\/\/www.imtbike.com\/gift-card\/\"]}]},{\"@type\":\"BreadcrumbList\",\"@id\":\"https:\/\/www.imtbike.com\/gift-card\/#breadcrumb\",\"itemListElement\":[{\"@type\":\"ListItem\",\"position\":1,\"name\":\"Home\",\"item\":\"https:\/\/www.imtbike.com\/\"},{\"@type\":\"ListItem\",\"position\":2,\"name\":\"Cart\u00e3o Oferta\"}]},{\"@type\":\"WebSite\",\"@id\":\"https:\/\/www.imtbike.com\/#website\",\"url\":\"https:\/\/www.imtbike.com\/\",\"name\":\"IMTBike\",\"description\":\"Passion for Motorcycling\",\"potentialAction\":[{\"@type\":\"SearchAction\",\"target\":{\"@type\":\"EntryPoint\",\"urlTemplate\":\"https:\/\/www.imtbike.com\/?s={search_term_string}\"},\"query-input\":\"required name=search_term_string\"}],\"inLanguage\":\"pt-BR\"}]}<\/script>\n<!-- \/ Yoast SEO plugin. -->","yoast_head_json":{"title":"Cart\u00e3o Oferta - IMTBike","robots":{"index":"index","follow":"follow","max-snippet":"max-snippet:-1","max-image-preview":"max-image-preview:large","max-video-preview":"max-video-preview:-1"},"canonical":"https:\/\/www.imtbike.com\/gift-card\/","og_locale":"pt_BR","og_type":"article","og_title":"Cart\u00e3o Oferta - IMTBike","og_description":"N\u00e3o h\u00e1 melhor presente que uma nova aventura\u2026 \u2026para a disfrutar quando quiser Read More","og_url":"https:\/\/www.imtbike.com\/gift-card\/","og_site_name":"IMTBike","article_modified_time":"2020-03-17T15:07:04+00:00","og_image":[{"url":"https:\/\/www.imtbike.com\/be\/wp-content\/uploads\/2016\/03\/default.jpg"}],"schema":{"@context":"https:\/\/schema.org","@graph":[{"@type":"WebPage","@id":"https:\/\/www.imtbike.com\/gift-card\/","url":"https:\/\/www.imtbike.com\/gift-card\/","name":"Cart\u00e3o Oferta - IMTBike","isPartOf":{"@id":"https:\/\/www.imtbike.com\/#website"},"datePublished":"2020-03-16T18:14:44+00:00","dateModified":"2020-03-17T15:07:04+00:00","breadcrumb":{"@id":"https:\/\/www.imtbike.com\/gift-card\/#breadcrumb"},"inLanguage":"pt-BR","potentialAction":[{"@type":"ReadAction","target":["https:\/\/www.imtbike.com\/gift-card\/"]}]},{"@type":"BreadcrumbList","@id":"https:\/\/www.imtbike.com\/gift-card\/#breadcrumb","itemListElement":[{"@type":"ListItem","position":1,"name":"Home","item":"https:\/\/www.imtbike.com\/"},{"@type":"ListItem","position":2,"name":"Cart\u00e3o Oferta"}]},{"@type":"WebSite","@id":"https:\/\/www.imtbike.com\/#website","url":"https:\/\/www.imtbike.com\/","name":"IMTBike","description":"Passion for Motorcycling","potentialAction":[{"@type":"SearchAction","target":{"@type":"EntryPoint","urlTemplate":"https:\/\/www.imtbike.com\/?s={search_term_string}"},"query-input":"required name=search_term_string"}],"inLanguage":"pt-BR"}]}},"jetpack_sharing_enabled":true,"_links":{"self":[{"href":"https:\/\/www.imtbike.com\/pt-br\/wp-json\/wp\/v2\/pages\/19262"}],"collection":[{"href":"https:\/\/www.imtbike.com\/pt-br\/wp-json\/wp\/v2\/pages"}],"about":[{"href":"https:\/\/www.imtbike.com\/pt-br\/wp-json\/wp\/v2\/types\/page"}],"author":[{"embeddable":true,"href":"https:\/\/www.imtbike.com\/pt-br\/wp-json\/wp\/v2\/users\/21"}],"replies":[{"embeddable":true,"href":"https:\/\/www.imtbike.com\/pt-br\/wp-json\/wp\/v2\/comments?post=19262"}],"version-history":[{"count":8,"href":"https:\/\/www.imtbike.com\/pt-br\/wp-json\/wp\/v2\/pages\/19262\/revisions"}],"predecessor-version":[{"id":19292,"href":"https:\/\/www.imtbike.com\/pt-br\/wp-json\/wp\/v2\/pages\/19262\/revisions\/19292"}],"wp:attachment":[{"href":"https:\/\/www.imtbike.com\/pt-br\/wp-json\/wp\/v2\/media?parent=19262"}],"curies":[{"name":"wp","href":"https:\/\/api.w.org\/{rel}","templated":true}]}}