{"id":18697,"date":"2020-01-16T12:15:32","date_gmt":"2020-01-16T17:15:32","guid":{"rendered":"https:\/\/www.imtbike.com\/?page_id=18697"},"modified":"2025-05-23T05:36:33","modified_gmt":"2025-05-23T09:36:33","slug":"escapadelas-booking","status":"publish","type":"page","link":"https:\/\/www.imtbike.com\/pt-br\/tours-autoguiados\/escapadelas-booking\/","title":{"rendered":"Reserva de Escapadelas de 4 Dias"},"content":{"rendered":"\n<div class=\"wpcf7 no-js\" id=\"wpcf7-f19481-o1\" lang=\"en-US\" dir=\"ltr\">\n<div class=\"screen-reader-response\"><p role=\"status\" aria-live=\"polite\" aria-atomic=\"true\"><\/p> <ul><\/ul><\/div>\n<form action=\"\/pt-br\/wp-json\/wp\/v2\/pages\/18697#wpcf7-f19481-o1\" method=\"post\" class=\"wpcf7-form init\" aria-label=\"Contact form\" novalidate=\"novalidate\" data-status=\"init\">\n<div style=\"display: none;\">\n<input type=\"hidden\" name=\"_wpcf7\" value=\"19481\" \/>\n<input type=\"hidden\" name=\"_wpcf7_version\" value=\"5.9.8\" \/>\n<input type=\"hidden\" name=\"_wpcf7_locale\" value=\"en_US\" \/>\n<input type=\"hidden\" name=\"_wpcf7_unit_tag\" value=\"wpcf7-f19481-o1\" \/>\n<input type=\"hidden\" name=\"_wpcf7_container_post\" value=\"0\" \/>\n<input type=\"hidden\" name=\"_wpcf7_posted_data_hash\" value=\"\" \/>\n<input type=\"hidden\" name=\"_wpcf7_recaptcha_response\" value=\"\" \/>\n<\/div>\n<p>Nome e Apelidos *\n<\/p>\n<p><span class=\"wpcf7-form-control-wrap\" data-name=\"your-name\"><input size=\"40\" maxlength=\"400\" class=\"wpcf7-form-control wpcf7-text wpcf7-validates-as-required border tborder rborder full\" aria-required=\"true\" aria-invalid=\"false\" value=\"\" type=\"text\" name=\"your-name\" \/><\/span>\n<\/p>\n<p class=\"left full\">Pa\u00eds *\n<\/p>\n<p><span class=\"wpcf7-form-control-wrap\" data-name=\"countrylist\"><select class=\"wpcf7-form-control wpcf7-select\" aria-invalid=\"false\" name=\"countrylist\"><option value=\"\">&#8212;Please choose an option&#8212;<\/option><option value=\"Outro\">Outro<\/option><option value=\"Afeganist\u00e3o\">Afeganist\u00e3o<\/option><option value=\"Alemanha\">Alemanha<\/option><option value=\"Andorra\">Andorra<\/option><option value=\"Ar\u00e1bia Saudita\">Ar\u00e1bia Saudita<\/option><option value=\"Argelia\">Argelia<\/option><option value=\"Argentina\">Argentina<\/option><option value=\"Australia\">Australia<\/option><option value=\"Austria\">Austria<\/option><option value=\"Bahrein\">Bahrein<\/option><option value=\"Barbados\">Barbados<\/option><option value=\"B\u00e9lgica\">B\u00e9lgica<\/option><option value=\"Bermuda\">Bermuda<\/option><option value=\"Bielorr\u00fassia\">Bielorr\u00fassia<\/option><option value=\"Bolivia\">Bolivia<\/option><option value=\"Bosnia e Herzegovina\">Bosnia e Herzegovina<\/option><option value=\"Brasil\">Brasil<\/option><option value=\"British Virgin Islands\">British Virgin Islands<\/option><option value=\"Bulgaria\">Bulgaria<\/option><option value=\"Canad\u00e1\">Canad\u00e1<\/option><option value=\"Cazaquist\u00e3o\">Cazaquist\u00e3o<\/option><option value=\"Chile\">Chile<\/option><option value=\"China\">China<\/option><option value=\"Chipre\">Chipre<\/option><option value=\"Colombia\">Colombia<\/option><option value=\"Corea do Sul\">Corea do Sul<\/option><option value=\"Costa de Marfil\">Costa de Marfil<\/option><option value=\"Costa Rica\">Costa Rica<\/option><option value=\"Croacia\">Croacia<\/option><option value=\"Dinamarca\">Dinamarca<\/option><option value=\"Egito\">Egito<\/option><option value=\"El Salvador\">El Salvador<\/option><option value=\"Emirados \u00c1rabes Unidos\">Emirados \u00c1rabes Unidos<\/option><option value=\"Equador\">Equador<\/option><option value=\"Eslovaquia (Rep\u00fablica Eslovaca)\">Eslovaquia (Rep\u00fablica Eslovaca)<\/option><option value=\"Eslovenia\">Eslovenia<\/option><option value=\"Espanha\">Espanha<\/option><option value=\"Estados Unidos da Am\u00e9rica\">Estados Unidos da Am\u00e9rica<\/option><option value=\"Estonia\">Estonia<\/option><option value=\"Filipinas\">Filipinas<\/option><option value=\"Finlandia\">Finlandia<\/option><option value=\"Fran\u00e7a\">Fran\u00e7a<\/option><option value=\"Gibraltar\">Gibraltar<\/option><option value=\"Grecia\">Grecia<\/option><option value=\"Guatemala\">Guatemala<\/option><option value=\"Holanda\">Holanda<\/option><option value=\"Honduras\">Honduras<\/option><option value=\"Hong Kong\">Hong Kong<\/option><option value=\"Hungr\u00eda\">Hungr\u00eda<\/option><option value=\"India\">India<\/option><option value=\"Indonesia\">Indonesia<\/option><option value=\"Irlanda\">Irlanda<\/option><option value=\"Islandia\">Islandia<\/option><option value=\"Israel\">Israel<\/option><option value=\"It\u00e1lia\">It\u00e1lia<\/option><option value=\"Jamaica\">Jamaica<\/option><option value=\"Jap\u00e3o\">Jap\u00e3o<\/option><option value=\"Jord\u00e2nia\">Jord\u00e2nia<\/option><option value=\"Kuwait\">Kuwait<\/option><option value=\"Let\u00f4nia\">Let\u00f4nia<\/option><option value=\"L\u00edbano\">L\u00edbano<\/option><option value=\"Libia\">Libia<\/option><option value=\"Liechstenstein\">Liechstenstein<\/option><option value=\"Lituania\">Lituania<\/option><option value=\"Luxemburgo\">Luxemburgo<\/option><option value=\"Macau\">Macau<\/option><option value=\"Maced\u00f3nia\">Maced\u00f3nia<\/option><option value=\"Malasia\">Malasia<\/option><option value=\"Malta\">Malta<\/option><option value=\"Marrocos\">Marrocos<\/option><option value=\"M\u00e9xico\">M\u00e9xico<\/option><option value=\"M\u00f4naco\">M\u00f4naco<\/option><option value=\"Nicaragua\">Nicaragua<\/option><option value=\"Nigeria\">Nigeria<\/option><option value=\"Noruega\">Noruega<\/option><option value=\"Nova Zelandia\">Nova Zelandia<\/option><option value=\"Panam\u00e1\">Panam\u00e1<\/option><option value=\"Paquist\u00e3o\">Paquist\u00e3o<\/option><option value=\"Paraguai\">Paraguai<\/option><option value=\"Peru\">Peru<\/option><option value=\"Polonia\">Polonia<\/option><option value=\"Porto Rico\">Porto Rico<\/option><option value=\"Portugal\">Portugal<\/option><option value=\"Qatar\">Qatar<\/option><option value=\"Qu\u00eania\">Qu\u00eania<\/option><option value=\"Reino Unido\">Reino Unido<\/option><option value=\"Rep\u00fablica Checa\">Rep\u00fablica Checa<\/option><option value=\"Rep\u00fablica Dominicana\">Rep\u00fablica Dominicana<\/option><option value=\"Romenia\">Romenia<\/option><option value=\"Russia\">Russia<\/option><option value=\"S\u00e9rvia\">S\u00e9rvia<\/option><option value=\"Singapura\">Singapura<\/option><option value=\"Sri Lanka\">Sri Lanka<\/option><option value=\"Suecia\">Suecia<\/option><option value=\"Sui\u00e7a\">Sui\u00e7a<\/option><option value=\"Sul Africano\">Sul Africano<\/option><option value=\"Tail\u00e2ndia\">Tail\u00e2ndia<\/option><option value=\"Taiwan\">Taiwan<\/option><option value=\"Tunisia\">Tunisia<\/option><option value=\"Turqu\u00eda\">Turqu\u00eda<\/option><option value=\"Ucr\u00e2nia\">Ucr\u00e2nia<\/option><option value=\"Uruguai\">Uruguai<\/option><option value=\"Venezuela\">Venezuela<\/option><option value=\"Vietname\">Vietname<\/option><\/select><\/span>\n<\/p>\n<p>N\u00famero de Telefone *\n<\/p>\n<p><span class=\"wpcf7-form-control-wrap\" data-name=\"phonenumber\"><input size=\"40\" maxlength=\"400\" class=\"wpcf7-form-control wpcf7-text wpcf7-validates-as-required border tborder rborder full\" aria-required=\"true\" aria-invalid=\"false\" value=\"\" type=\"text\" name=\"phonenumber\" \/><\/span>\n<\/p>\n<p>Email *\n<\/p>\n<p><span class=\"wpcf7-form-control-wrap\" data-name=\"your-email\"><input size=\"40\" maxlength=\"400\" class=\"wpcf7-form-control wpcf7-email wpcf7-validates-as-required wpcf7-text wpcf7-validates-as-email border tborder rborder full\" aria-required=\"true\" aria-invalid=\"false\" value=\"\" type=\"email\" name=\"your-email\" \/><\/span>\n<\/p>\n<p>Selecione o Tour *\n<\/p>\n<p><span class=\"wpcf7-form-control-wrap\" data-name=\"WhatTour\"><select class=\"wpcf7-form-control wpcf7-select\" aria-invalid=\"false\" name=\"WhatTour\"><option value=\"Madrid - Montanhas e Hist\u00f3ria\">Madrid - Montanhas e Hist\u00f3ria<\/option><option value=\"Barcelona - Pirineus Perfeitos\">Barcelona - Pirineus Perfeitos<\/option><option value=\"Malaga - Incr\u00edvel Andaluc\u00eda\">Malaga - Incr\u00edvel Andaluc\u00eda<\/option><option value=\"Lisboa - Curvas e Castelos de Portugal\">Lisboa - Curvas e Castelos de Portugal<\/option><option value=\"Bilbao - Picos de Europa e Costa Verde\">Bilbao - Picos de Europa e Costa Verde<\/option><\/select><\/span>\n<\/p>\n<p>Data de in\u00edcio desejada *\n<\/p>\n<p><span class=\"wpcf7-form-control-wrap TourStartDate\"><input size=\"40\" class=\"wpcf7-form-control wpcf7-datetime wpcf7-validates-as-required wpcf7-date border tborder rborder full\" type=\"text\" aria-required=\"true\" value=\"\" name=\"TourStartDate\" \/> <\/span>\n<\/p>\n<p>Motociclo *\n<\/p>\n<p><span class=\"wpcf7-form-control-wrap\" data-name=\"motorcycle\"><select class=\"wpcf7-form-control wpcf7-select wpcf7-validates-as-required\" aria-required=\"true\" aria-invalid=\"false\" name=\"motorcycle\"><option value=\"BMW G310R\">BMW G310R<\/option><option value=\"BMW F750GS\">BMW F750GS<\/option><option value=\"BMW F800GS\">BMW F800GS<\/option><option value=\"BMW F900XR\">BMW F900XR<\/option><option value=\"BMW F900GS ADV\">BMW F900GS ADV<\/option><option value=\"BMW S1000XR\">BMW S1000XR<\/option><option value=\"BMW R1300GS\">BMW R1300GS<\/option><option value=\"BMW R1300RT\">BMW R1300RT<\/option><option value=\"BMW R1300RS\">BMW R1300RS<\/option><option value=\"BMW R1300GSA\">BMW R1300GSA<\/option><option value=\"BMW K1600GT\">BMW K1600GT<\/option><option value=\"Traga sua pr\u00f3pria motocicleta\">Traga sua pr\u00f3pria motocicleta<\/option><\/select><\/span>\n<\/p>\n<p>Suplemento de Quarto Individual\n<\/p>\n<p><span class=\"wpcf7-form-control-wrap\" data-name=\"SingleRoom\"><span class=\"wpcf7-form-control wpcf7-radio\"><span class=\"wpcf7-list-item first\"><input type=\"radio\" name=\"SingleRoom\" value=\"Sim\" checked=\"checked\" \/><span class=\"wpcf7-list-item-label\">Sim<\/span><\/span><span class=\"wpcf7-list-item last\"><input type=\"radio\" name=\"SingleRoom\" value=\"N\u00e3o\" \/><span class=\"wpcf7-list-item-label\">N\u00e3o<\/span><\/span><\/span><\/span>\n<\/p>\n<p>N\u00famero de pessoas que viajam consigo *\n<\/p>\n<p><span class=\"wpcf7-form-control-wrap\" data-name=\"NumberPeople\"><input class=\"wpcf7-form-control wpcf7-number wpcf7-validates-as-required wpcf7-validates-as-number border tborder rborder full\" aria-required=\"true\" aria-invalid=\"false\" value=\"\" type=\"number\" name=\"NumberPeople\" \/><\/span>\n<\/p>\n<p>J\u00e1 viajou connosco antes? *\n<\/p>\n<p><span class=\"wpcf7-form-control-wrap\" data-name=\"TravelledBefore\"><span class=\"wpcf7-form-control wpcf7-radio\"><span class=\"wpcf7-list-item first\"><input type=\"radio\" name=\"TravelledBefore\" value=\"Sim\" checked=\"checked\" \/><span class=\"wpcf7-list-item-label\">Sim<\/span><\/span><span class=\"wpcf7-list-item last\"><input type=\"radio\" name=\"TravelledBefore\" value=\"N\u00e3o\" \/><span class=\"wpcf7-list-item-label\">N\u00e3o<\/span><\/span><\/span><\/span>\n<\/p>\n<p>Quest\u00f5es, Preocupa\u00e7\u00f5es e Pedidos Especiais *\n<\/p>\n<p><span class=\"wpcf7-form-control-wrap\" data-name=\"your-message\"><textarea cols=\"40\" rows=\"10\" maxlength=\"2000\" class=\"wpcf7-form-control wpcf7-textarea border tborder rborder full\" aria-invalid=\"false\" name=\"your-message\"><\/textarea><\/span>\n<\/p>\n<div style=\"display: none;\">\n\t<p><span class=\"wpcf7-form-control-wrap\" data-name=\"DBLANGUAGE\"><select class=\"wpcf7-form-control wpcf7-select\" id=\"mce-DBLANGUAGE\" aria-invalid=\"false\" name=\"DBLANGUAGE\"><option value=\"pt\">pt<\/option><\/select><\/span><br \/>\n<span class=\"wpcf7-form-control-wrap\" data-name=\"DBBROCHURE\"><select class=\"wpcf7-form-control wpcf7-select\" id=\"mce-DBBROCHURE\" aria-invalid=\"false\" name=\"DBBROCHURE\"><option value=\"yes\">yes<\/option><\/select><\/span>\n\t<\/p>\n<\/div>\n<div class=\"clear\">\n<\/div>\n<p><input class=\"wpcf7-form-control wpcf7-submit has-spinner\" type=\"submit\" value=\"Enviar\" \/>\n<\/p><div class=\"wpcf7-response-output\" aria-hidden=\"true\"><\/div>\n<\/form>\n<\/div>\n\n<hr \/>\n<div style=\"padding-bottom: 10em; padding-top: 2em;\">\n<p><strong>Itens inclu\u00eddos nossas Escapadelas:<\/strong><\/p>\n<div class=\"grid_6\">\n<ul>\n<li style=\"text-align: left; font-size: 15px;\">Hospedagem em hot\u00e9is incr\u00edveis<\/li>\n<li style=\"text-align: left; font-size: 15px;\">Caf\u00e9 da manh\u00e3 completo todas as manh\u00e3s<\/li>\n<li style=\"text-align: left; font-size: 15px;\">Novos modelos BMW com 3 malas BMW<\/li>\n<li style=\"text-align: left; font-size: 15px;\">GPS BMWNAV pr\u00e9-carregado com as rotas di\u00e1rias<\/li>\n<li style=\"text-align: left; font-size: 15px;\">Mapas Michelin com sua rota e rotas alternativas<\/li>\n<li style=\"text-align: left; font-size: 15px;\">Manual digital detalhado de viagem com +\/- 50 p\u00e1ginas<\/li>\n<\/ul>\n<\/div>\n<div class=\"grid_6\">\n<ul>\n<li style=\"text-align: left; font-size: 15px;\">Lista com recomenda\u00e7\u00e3o de Restaurantes &#038; Bares<\/li>\n<li style=\"text-align: left; font-size: 15px;\">Seguro Cobertura Total para motocicleta<\/li>\n<li style=\"text-align: left; font-size: 15px;\">Assist\u00eancia telef\u00f3nica 24 horas da IMTBIKE caso tenha alguma d\u00favida<\/li>\n<li style=\"text-align: left; font-size: 15px;\">Roadside Assistence BMW 24\/7 \u2013 assist\u00eancia oficial BMW<\/li>\n<li style=\"text-align: left; font-size: 15px;\">Kit Tour IMTBIKE<\/li>\n<\/ul>\n<\/div>\n<\/div>\n","protected":false},"excerpt":{"rendered":"<p>Itens inclu\u00eddos nossas Escapadelas:<\/p>\n<ul>\n<li style=\"text-align: left; font-size: 15px;\">Hospedagem em hot\u00e9is incr\u00edveis<\/li>\n<li style=\"text-align: left; font-size: 15px;\">Caf\u00e9 da manh\u00e3 completo todas as manh\u00e3s<\/li>\n<li style=\"text-align: left; font-size: 15px;\">Novos modelos BMW com 3 malas BMW<\/li>\n<li style=\"text-align: left; font-size: 15px;\">GPS BMWNAV pr\u00e9-carregado com as rotas di\u00e1rias<\/li>\n<li style=\"text-align: left; font-size: 15px;\">Mapas Michelin com sua rota e rotas alternativas<\/li>\n<li style=\"text-align: left; font-size: 15px;\">Manual digital detalhado de viagem com +\/- 50 p\u00e1ginas<\/li>\n<\/ul>\n<ul>\n<li style=\"text-align: left; font-size: 15px;\">Lista com recomenda\u00e7\u00e3o de Restaurantes &#038;<\/li>\n<\/ul>\n<p> <a class=\"read-more\" href=\"https:\/\/www.imtbike.com\/pt-br\/tours-autoguiados\/escapadelas-booking\/\"> Read More<\/a><\/p>\n","protected":false},"author":21,"featured_media":19492,"parent":9052,"menu_order":0,"comment_status":"closed","ping_status":"closed","template":"","meta":{"footnotes":""},"acf":[],"yoast_head":"<!-- This site is optimized with the Yoast SEO plugin v22.6 - https:\/\/yoast.com\/wordpress\/plugins\/seo\/ -->\n<title>Reserva de Escapadelas de 4 Dias - IMTBike<\/title>\n<meta name=\"description\" content=\"Reserve sua escapadela autoguiada com a IMTBIKE! Viagens curtas de moto BMW com roteiros prontos, liberdade total e desfrute garantido.\" \/>\n<meta name=\"robots\" content=\"index, follow, max-snippet:-1, max-image-preview:large, max-video-preview:-1\" \/>\n<link rel=\"canonical\" href=\"https:\/\/www.imtbike.com\/pt-br\/tours-autoguiados\/escapadelas-booking\/\" \/>\n<meta property=\"og:locale\" content=\"pt_BR\" \/>\n<meta property=\"og:type\" content=\"article\" \/>\n<meta property=\"og:title\" content=\"Reserva de Escapadelas de 4 Dias - IMTBike\" \/>\n<meta property=\"og:description\" content=\"Reserve sua escapadela autoguiada com a IMTBIKE! Viagens curtas de moto BMW com roteiros prontos, liberdade total e desfrute garantido.\" \/>\n<meta property=\"og:url\" content=\"https:\/\/www.imtbike.com\/pt-br\/tours-autoguiados\/escapadelas-booking\/\" \/>\n<meta property=\"og:site_name\" content=\"IMTBike\" \/>\n<meta property=\"article:modified_time\" content=\"2025-05-23T09:36:33+00:00\" \/>\n<meta property=\"og:image\" content=\"https:\/\/www.imtbike.com\/be\/wp-content\/uploads\/2020\/04\/4-day-banner-pt.jpg\" \/>\n\t<meta property=\"og:image:width\" content=\"1200\" \/>\n\t<meta property=\"og:image:height\" content=\"451\" \/>\n\t<meta property=\"og:image:type\" content=\"image\/jpeg\" \/>\n<meta name=\"twitter:label1\" content=\"Est. reading time\" \/>\n\t<meta name=\"twitter:data1\" content=\"1 minute\" \/>\n<script type=\"application\/ld+json\" class=\"yoast-schema-graph\">{\"@context\":\"https:\/\/schema.org\",\"@graph\":[{\"@type\":\"WebPage\",\"@id\":\"https:\/\/www.imtbike.com\/pt-br\/tours-autoguiados\/escapadelas-booking\/\",\"url\":\"https:\/\/www.imtbike.com\/pt-br\/tours-autoguiados\/escapadelas-booking\/\",\"name\":\"Reserva de Escapadelas de 4 Dias - IMTBike\",\"isPartOf\":{\"@id\":\"https:\/\/www.imtbike.com\/#website\"},\"primaryImageOfPage\":{\"@id\":\"https:\/\/www.imtbike.com\/pt-br\/tours-autoguiados\/escapadelas-booking\/#primaryimage\"},\"image\":{\"@id\":\"https:\/\/www.imtbike.com\/pt-br\/tours-autoguiados\/escapadelas-booking\/#primaryimage\"},\"thumbnailUrl\":\"https:\/\/www.imtbike.com\/be\/wp-content\/uploads\/2020\/04\/4-day-banner-pt.jpg\",\"datePublished\":\"2020-01-16T17:15:32+00:00\",\"dateModified\":\"2025-05-23T09:36:33+00:00\",\"description\":\"Reserve sua escapadela autoguiada com a IMTBIKE! Viagens curtas de moto BMW com roteiros prontos, liberdade total e desfrute garantido.\",\"breadcrumb\":{\"@id\":\"https:\/\/www.imtbike.com\/pt-br\/tours-autoguiados\/escapadelas-booking\/#breadcrumb\"},\"inLanguage\":\"pt-BR\",\"potentialAction\":[{\"@type\":\"ReadAction\",\"target\":[\"https:\/\/www.imtbike.com\/pt-br\/tours-autoguiados\/escapadelas-booking\/\"]}]},{\"@type\":\"ImageObject\",\"inLanguage\":\"pt-BR\",\"@id\":\"https:\/\/www.imtbike.com\/pt-br\/tours-autoguiados\/escapadelas-booking\/#primaryimage\",\"url\":\"https:\/\/www.imtbike.com\/be\/wp-content\/uploads\/2020\/04\/4-day-banner-pt.jpg\",\"contentUrl\":\"https:\/\/www.imtbike.com\/be\/wp-content\/uploads\/2020\/04\/4-day-banner-pt.jpg\",\"width\":1200,\"height\":451},{\"@type\":\"BreadcrumbList\",\"@id\":\"https:\/\/www.imtbike.com\/pt-br\/tours-autoguiados\/escapadelas-booking\/#breadcrumb\",\"itemListElement\":[{\"@type\":\"ListItem\",\"position\":1,\"name\":\"Home\",\"item\":\"https:\/\/www.imtbike.com\/\"},{\"@type\":\"ListItem\",\"position\":2,\"name\":\"Autoguiados\",\"item\":\"https:\/\/www.imtbike.com\/pt-br\/tours-autoguiados\/\"},{\"@type\":\"ListItem\",\"position\":3,\"name\":\"Reserva de Escapadelas de 4 Dias\"}]},{\"@type\":\"WebSite\",\"@id\":\"https:\/\/www.imtbike.com\/#website\",\"url\":\"https:\/\/www.imtbike.com\/\",\"name\":\"IMTBike\",\"description\":\"Passion for Motorcycling\",\"potentialAction\":[{\"@type\":\"SearchAction\",\"target\":{\"@type\":\"EntryPoint\",\"urlTemplate\":\"https:\/\/www.imtbike.com\/?s={search_term_string}\"},\"query-input\":\"required name=search_term_string\"}],\"inLanguage\":\"pt-BR\"}]}<\/script>\n<!-- \/ Yoast SEO plugin. -->","yoast_head_json":{"title":"Reserva de Escapadelas de 4 Dias - IMTBike","description":"Reserve sua escapadela autoguiada com a IMTBIKE! Viagens curtas de moto BMW com roteiros prontos, liberdade total e desfrute garantido.","robots":{"index":"index","follow":"follow","max-snippet":"max-snippet:-1","max-image-preview":"max-image-preview:large","max-video-preview":"max-video-preview:-1"},"canonical":"https:\/\/www.imtbike.com\/pt-br\/tours-autoguiados\/escapadelas-booking\/","og_locale":"pt_BR","og_type":"article","og_title":"Reserva de Escapadelas de 4 Dias - IMTBike","og_description":"Reserve sua escapadela autoguiada com a IMTBIKE! Viagens curtas de moto BMW com roteiros prontos, liberdade total e desfrute garantido.","og_url":"https:\/\/www.imtbike.com\/pt-br\/tours-autoguiados\/escapadelas-booking\/","og_site_name":"IMTBike","article_modified_time":"2025-05-23T09:36:33+00:00","og_image":[{"width":1200,"height":451,"url":"https:\/\/www.imtbike.com\/be\/wp-content\/uploads\/2020\/04\/4-day-banner-pt.jpg","type":"image\/jpeg"}],"twitter_misc":{"Est. reading time":"1 minute"},"schema":{"@context":"https:\/\/schema.org","@graph":[{"@type":"WebPage","@id":"https:\/\/www.imtbike.com\/pt-br\/tours-autoguiados\/escapadelas-booking\/","url":"https:\/\/www.imtbike.com\/pt-br\/tours-autoguiados\/escapadelas-booking\/","name":"Reserva de Escapadelas de 4 Dias - IMTBike","isPartOf":{"@id":"https:\/\/www.imtbike.com\/#website"},"primaryImageOfPage":{"@id":"https:\/\/www.imtbike.com\/pt-br\/tours-autoguiados\/escapadelas-booking\/#primaryimage"},"image":{"@id":"https:\/\/www.imtbike.com\/pt-br\/tours-autoguiados\/escapadelas-booking\/#primaryimage"},"thumbnailUrl":"https:\/\/www.imtbike.com\/be\/wp-content\/uploads\/2020\/04\/4-day-banner-pt.jpg","datePublished":"2020-01-16T17:15:32+00:00","dateModified":"2025-05-23T09:36:33+00:00","description":"Reserve sua escapadela autoguiada com a IMTBIKE! Viagens curtas de moto BMW com roteiros prontos, liberdade total e desfrute garantido.","breadcrumb":{"@id":"https:\/\/www.imtbike.com\/pt-br\/tours-autoguiados\/escapadelas-booking\/#breadcrumb"},"inLanguage":"pt-BR","potentialAction":[{"@type":"ReadAction","target":["https:\/\/www.imtbike.com\/pt-br\/tours-autoguiados\/escapadelas-booking\/"]}]},{"@type":"ImageObject","inLanguage":"pt-BR","@id":"https:\/\/www.imtbike.com\/pt-br\/tours-autoguiados\/escapadelas-booking\/#primaryimage","url":"https:\/\/www.imtbike.com\/be\/wp-content\/uploads\/2020\/04\/4-day-banner-pt.jpg","contentUrl":"https:\/\/www.imtbike.com\/be\/wp-content\/uploads\/2020\/04\/4-day-banner-pt.jpg","width":1200,"height":451},{"@type":"BreadcrumbList","@id":"https:\/\/www.imtbike.com\/pt-br\/tours-autoguiados\/escapadelas-booking\/#breadcrumb","itemListElement":[{"@type":"ListItem","position":1,"name":"Home","item":"https:\/\/www.imtbike.com\/"},{"@type":"ListItem","position":2,"name":"Autoguiados","item":"https:\/\/www.imtbike.com\/pt-br\/tours-autoguiados\/"},{"@type":"ListItem","position":3,"name":"Reserva de Escapadelas de 4 Dias"}]},{"@type":"WebSite","@id":"https:\/\/www.imtbike.com\/#website","url":"https:\/\/www.imtbike.com\/","name":"IMTBike","description":"Passion for Motorcycling","potentialAction":[{"@type":"SearchAction","target":{"@type":"EntryPoint","urlTemplate":"https:\/\/www.imtbike.com\/?s={search_term_string}"},"query-input":"required name=search_term_string"}],"inLanguage":"pt-BR"}]}},"jetpack_sharing_enabled":true,"_links":{"self":[{"href":"https:\/\/www.imtbike.com\/pt-br\/wp-json\/wp\/v2\/pages\/18697"}],"collection":[{"href":"https:\/\/www.imtbike.com\/pt-br\/wp-json\/wp\/v2\/pages"}],"about":[{"href":"https:\/\/www.imtbike.com\/pt-br\/wp-json\/wp\/v2\/types\/page"}],"author":[{"embeddable":true,"href":"https:\/\/www.imtbike.com\/pt-br\/wp-json\/wp\/v2\/users\/21"}],"replies":[{"embeddable":true,"href":"https:\/\/www.imtbike.com\/pt-br\/wp-json\/wp\/v2\/comments?post=18697"}],"version-history":[{"count":8,"href":"https:\/\/www.imtbike.com\/pt-br\/wp-json\/wp\/v2\/pages\/18697\/revisions"}],"predecessor-version":[{"id":46515,"href":"https:\/\/www.imtbike.com\/pt-br\/wp-json\/wp\/v2\/pages\/18697\/revisions\/46515"}],"up":[{"embeddable":true,"href":"https:\/\/www.imtbike.com\/pt-br\/wp-json\/wp\/v2\/pages\/9052"}],"wp:featuredmedia":[{"embeddable":true,"href":"https:\/\/www.imtbike.com\/pt-br\/wp-json\/wp\/v2\/media\/19492"}],"wp:attachment":[{"href":"https:\/\/www.imtbike.com\/pt-br\/wp-json\/wp\/v2\/media?parent=18697"}],"curies":[{"name":"wp","href":"https:\/\/api.w.org\/{rel}","templated":true}]}}