{"id":18260,"date":"2019-12-03T12:23:56","date_gmt":"2019-12-03T17:23:56","guid":{"rendered":"https:\/\/www.imtbike.com\/?page_id=18260"},"modified":"2025-05-23T05:11:43","modified_gmt":"2025-05-23T09:11:43","slug":"escapadelas","status":"publish","type":"page","link":"https:\/\/www.imtbike.com\/pt-br\/tours-autoguiados\/escapadelas\/","title":{"rendered":"Escapadelas de 4 Dias"},"content":{"rendered":"<div class=\"left grid_12\">\n<h3 style=\"margin-bottom: 1.25em;\">Est\u00e1 tudo tratado<\/h3>\n<\/div>\n<div class=\"left grid_6\">\nVoc\u00ea \u00e9 o dono do seu pr\u00f3prio destino e entendemos que voc\u00ea precisa de fugas r\u00e1pidas de vez em quando para recarregar as suas baterias. Por isso, a IMTBIKE criou um pacote de f\u00e9rias com tudo o que voc\u00ea precisa para encher sua mente, corpo e alma com puro prazer. As nossas Escapadelas de 4 dias permitem que voc\u00ea escolha entre quatro rotas diferentes, projetadas para incluir hot\u00e9is incr\u00edveis e estradas de motocicleta pouco conhecidas e perfeitas; adicione gastronomia espanhola e portuguesa com vinhos locais, e voc\u00ea estar\u00e1 no para\u00edso da moto.<\/p>\n<p><strong>\u00c9 T\u00c3O Simples<\/strong><\/p>\n<p>Pegue um voo e a IMTBIKE assumir\u00e1 o comando a partir da\u00ed, come\u00e7ando com o transporte para nossa base, onde o aguarda uma nova moto \u00faltimo modelo BMW em perfeito estado com tr\u00eas caixas para a sua bagagem. O GPS com a rota de quatro dias escolhida pr\u00e9-instalada tamb\u00e9m estar\u00e1 pronto para voc\u00ea. Os seus hot\u00e9is est\u00e3o reservados e esperando por voc\u00ea. Tudo que precisa fazer \u00e9 descolar!<\/p>\n<\/div>\n<div class=\"left grid_6\">\n<p><strong>A nossa op\u00e7\u00e3o &#8220;Go Minimal&#8221;<\/strong><\/p>\n<p>Traga o seu pr\u00f3prio equipamento de moto ou economize nas taxas de bagagem usando os nossos casacos e capacetes limpos e de alta qualidade. Traga uma garupa ou um grupo &#8211; estamos prontos para levar todos voc\u00eas rapidamente para a estrada.<\/p>\n<p><strong>Sem problemas, apenas conduzir<\/strong><\/p>\n<p>Voc\u00ea escolhe a regi\u00e3o que deseja visitar e as datas, a IMTBIKE configura o passeio para voc\u00ea. As nossas rotas personalizadas foram projetadas para proporcionar umas f\u00e9rias perfeitas de 4 dias. Tudo o que precisamos \u00e9 de um aviso com alguns dias de anteced\u00eancia e definiremos sua fuga!<\/p>\n<h4 class=\"button left darkBlueBG self-guided-button\"><a href=\"https:\/\/www.imtbike.com\/pt-br\/tours-autoguiados\/escapadelas-booking\/\" class=\"ahh book-link\" style=\"padding-left: 10px; padding-right: 10px;\">Comence seu Escapadela agora  \u2192<\/a><\/h4>\n<\/div>\n","protected":false},"excerpt":{"rendered":"<p>Est\u00e1 tudo tratado<\/p>\n<p>Voc\u00ea \u00e9 o dono do seu pr\u00f3prio destino e entendemos que voc\u00ea precisa de fugas r\u00e1pidas de vez em quando para recarregar as suas baterias. Por isso, a IMTBIKE criou um pacote de f\u00e9rias com tudo o que voc\u00ea precisa para encher sua mente, <a class=\"read-more\" href=\"https:\/\/www.imtbike.com\/pt-br\/tours-autoguiados\/escapadelas\/\"> Read More<\/a><\/p>\n","protected":false},"author":21,"featured_media":18256,"parent":9052,"menu_order":0,"comment_status":"closed","ping_status":"closed","template":"","meta":{"footnotes":""},"acf":[],"yoast_head":"<!-- This site is optimized with the Yoast SEO plugin v22.6 - https:\/\/yoast.com\/wordpress\/plugins\/seo\/ -->\n<title>Escapadelas de 4 Dias - IMTBike<\/title>\n<meta name=\"description\" content=\"Escapadelas autoguiadas perfeitas para uma curta viagem de moto. Explore paisagens incr\u00edveis com liberdade total e motos BMW da IMTBIKE.\" \/>\n<meta name=\"robots\" content=\"index, follow, max-snippet:-1, max-image-preview:large, max-video-preview:-1\" \/>\n<link rel=\"canonical\" href=\"https:\/\/www.imtbike.com\/pt-br\/tours-autoguiados\/escapadelas\/\" \/>\n<meta property=\"og:locale\" content=\"pt_BR\" \/>\n<meta property=\"og:type\" content=\"article\" \/>\n<meta property=\"og:title\" content=\"Escapadelas de 4 Dias - IMTBike\" \/>\n<meta property=\"og:description\" content=\"Escapadelas autoguiadas perfeitas para uma curta viagem de moto. Explore paisagens incr\u00edveis com liberdade total e motos BMW da IMTBIKE.\" \/>\n<meta property=\"og:url\" content=\"https:\/\/www.imtbike.com\/pt-br\/tours-autoguiados\/escapadelas\/\" \/>\n<meta property=\"og:site_name\" content=\"IMTBike\" \/>\n<meta property=\"article:modified_time\" content=\"2025-05-23T09:11:43+00:00\" \/>\n<meta property=\"og:image\" content=\"https:\/\/www.imtbike.com\/be\/wp-content\/uploads\/2019\/12\/4-day-banner.jpg\" \/>\n\t<meta property=\"og:image:width\" content=\"1200\" \/>\n\t<meta property=\"og:image:height\" content=\"451\" \/>\n\t<meta property=\"og:image:type\" content=\"image\/jpeg\" \/>\n<meta name=\"twitter:label1\" content=\"Est. reading time\" \/>\n\t<meta name=\"twitter:data1\" content=\"2 minutes\" \/>\n<script type=\"application\/ld+json\" class=\"yoast-schema-graph\">{\"@context\":\"https:\/\/schema.org\",\"@graph\":[{\"@type\":\"WebPage\",\"@id\":\"https:\/\/www.imtbike.com\/pt-br\/tours-autoguiados\/escapadelas\/\",\"url\":\"https:\/\/www.imtbike.com\/pt-br\/tours-autoguiados\/escapadelas\/\",\"name\":\"Escapadelas de 4 Dias - IMTBike\",\"isPartOf\":{\"@id\":\"https:\/\/www.imtbike.com\/#website\"},\"primaryImageOfPage\":{\"@id\":\"https:\/\/www.imtbike.com\/pt-br\/tours-autoguiados\/escapadelas\/#primaryimage\"},\"image\":{\"@id\":\"https:\/\/www.imtbike.com\/pt-br\/tours-autoguiados\/escapadelas\/#primaryimage\"},\"thumbnailUrl\":\"https:\/\/www.imtbike.com\/be\/wp-content\/uploads\/2019\/12\/4-day-banner.jpg\",\"datePublished\":\"2019-12-03T17:23:56+00:00\",\"dateModified\":\"2025-05-23T09:11:43+00:00\",\"description\":\"Escapadelas autoguiadas perfeitas para uma curta viagem de moto. Explore paisagens incr\u00edveis com liberdade total e motos BMW da IMTBIKE.\",\"breadcrumb\":{\"@id\":\"https:\/\/www.imtbike.com\/pt-br\/tours-autoguiados\/escapadelas\/#breadcrumb\"},\"inLanguage\":\"pt-BR\",\"potentialAction\":[{\"@type\":\"ReadAction\",\"target\":[\"https:\/\/www.imtbike.com\/pt-br\/tours-autoguiados\/escapadelas\/\"]}]},{\"@type\":\"ImageObject\",\"inLanguage\":\"pt-BR\",\"@id\":\"https:\/\/www.imtbike.com\/pt-br\/tours-autoguiados\/escapadelas\/#primaryimage\",\"url\":\"https:\/\/www.imtbike.com\/be\/wp-content\/uploads\/2019\/12\/4-day-banner.jpg\",\"contentUrl\":\"https:\/\/www.imtbike.com\/be\/wp-content\/uploads\/2019\/12\/4-day-banner.jpg\",\"width\":1200,\"height\":451},{\"@type\":\"BreadcrumbList\",\"@id\":\"https:\/\/www.imtbike.com\/pt-br\/tours-autoguiados\/escapadelas\/#breadcrumb\",\"itemListElement\":[{\"@type\":\"ListItem\",\"position\":1,\"name\":\"Home\",\"item\":\"https:\/\/www.imtbike.com\/\"},{\"@type\":\"ListItem\",\"position\":2,\"name\":\"Autoguiados\",\"item\":\"https:\/\/www.imtbike.com\/pt-br\/tours-autoguiados\/\"},{\"@type\":\"ListItem\",\"position\":3,\"name\":\"Escapadelas de 4 Dias\"}]},{\"@type\":\"WebSite\",\"@id\":\"https:\/\/www.imtbike.com\/#website\",\"url\":\"https:\/\/www.imtbike.com\/\",\"name\":\"IMTBike\",\"description\":\"Passion for Motorcycling\",\"potentialAction\":[{\"@type\":\"SearchAction\",\"target\":{\"@type\":\"EntryPoint\",\"urlTemplate\":\"https:\/\/www.imtbike.com\/?s={search_term_string}\"},\"query-input\":\"required name=search_term_string\"}],\"inLanguage\":\"pt-BR\"}]}<\/script>\n<!-- \/ Yoast SEO plugin. -->","yoast_head_json":{"title":"Escapadelas de 4 Dias - IMTBike","description":"Escapadelas autoguiadas perfeitas para uma curta viagem de moto. Explore paisagens incr\u00edveis com liberdade total e motos BMW da IMTBIKE.","robots":{"index":"index","follow":"follow","max-snippet":"max-snippet:-1","max-image-preview":"max-image-preview:large","max-video-preview":"max-video-preview:-1"},"canonical":"https:\/\/www.imtbike.com\/pt-br\/tours-autoguiados\/escapadelas\/","og_locale":"pt_BR","og_type":"article","og_title":"Escapadelas de 4 Dias - IMTBike","og_description":"Escapadelas autoguiadas perfeitas para uma curta viagem de moto. Explore paisagens incr\u00edveis com liberdade total e motos BMW da IMTBIKE.","og_url":"https:\/\/www.imtbike.com\/pt-br\/tours-autoguiados\/escapadelas\/","og_site_name":"IMTBike","article_modified_time":"2025-05-23T09:11:43+00:00","og_image":[{"width":1200,"height":451,"url":"https:\/\/www.imtbike.com\/be\/wp-content\/uploads\/2019\/12\/4-day-banner.jpg","type":"image\/jpeg"}],"twitter_misc":{"Est. reading time":"2 minutes"},"schema":{"@context":"https:\/\/schema.org","@graph":[{"@type":"WebPage","@id":"https:\/\/www.imtbike.com\/pt-br\/tours-autoguiados\/escapadelas\/","url":"https:\/\/www.imtbike.com\/pt-br\/tours-autoguiados\/escapadelas\/","name":"Escapadelas de 4 Dias - IMTBike","isPartOf":{"@id":"https:\/\/www.imtbike.com\/#website"},"primaryImageOfPage":{"@id":"https:\/\/www.imtbike.com\/pt-br\/tours-autoguiados\/escapadelas\/#primaryimage"},"image":{"@id":"https:\/\/www.imtbike.com\/pt-br\/tours-autoguiados\/escapadelas\/#primaryimage"},"thumbnailUrl":"https:\/\/www.imtbike.com\/be\/wp-content\/uploads\/2019\/12\/4-day-banner.jpg","datePublished":"2019-12-03T17:23:56+00:00","dateModified":"2025-05-23T09:11:43+00:00","description":"Escapadelas autoguiadas perfeitas para uma curta viagem de moto. Explore paisagens incr\u00edveis com liberdade total e motos BMW da IMTBIKE.","breadcrumb":{"@id":"https:\/\/www.imtbike.com\/pt-br\/tours-autoguiados\/escapadelas\/#breadcrumb"},"inLanguage":"pt-BR","potentialAction":[{"@type":"ReadAction","target":["https:\/\/www.imtbike.com\/pt-br\/tours-autoguiados\/escapadelas\/"]}]},{"@type":"ImageObject","inLanguage":"pt-BR","@id":"https:\/\/www.imtbike.com\/pt-br\/tours-autoguiados\/escapadelas\/#primaryimage","url":"https:\/\/www.imtbike.com\/be\/wp-content\/uploads\/2019\/12\/4-day-banner.jpg","contentUrl":"https:\/\/www.imtbike.com\/be\/wp-content\/uploads\/2019\/12\/4-day-banner.jpg","width":1200,"height":451},{"@type":"BreadcrumbList","@id":"https:\/\/www.imtbike.com\/pt-br\/tours-autoguiados\/escapadelas\/#breadcrumb","itemListElement":[{"@type":"ListItem","position":1,"name":"Home","item":"https:\/\/www.imtbike.com\/"},{"@type":"ListItem","position":2,"name":"Autoguiados","item":"https:\/\/www.imtbike.com\/pt-br\/tours-autoguiados\/"},{"@type":"ListItem","position":3,"name":"Escapadelas de 4 Dias"}]},{"@type":"WebSite","@id":"https:\/\/www.imtbike.com\/#website","url":"https:\/\/www.imtbike.com\/","name":"IMTBike","description":"Passion for Motorcycling","potentialAction":[{"@type":"SearchAction","target":{"@type":"EntryPoint","urlTemplate":"https:\/\/www.imtbike.com\/?s={search_term_string}"},"query-input":"required name=search_term_string"}],"inLanguage":"pt-BR"}]}},"jetpack_sharing_enabled":true,"_links":{"self":[{"href":"https:\/\/www.imtbike.com\/pt-br\/wp-json\/wp\/v2\/pages\/18260"}],"collection":[{"href":"https:\/\/www.imtbike.com\/pt-br\/wp-json\/wp\/v2\/pages"}],"about":[{"href":"https:\/\/www.imtbike.com\/pt-br\/wp-json\/wp\/v2\/types\/page"}],"author":[{"embeddable":true,"href":"https:\/\/www.imtbike.com\/pt-br\/wp-json\/wp\/v2\/users\/21"}],"replies":[{"embeddable":true,"href":"https:\/\/www.imtbike.com\/pt-br\/wp-json\/wp\/v2\/comments?post=18260"}],"version-history":[{"count":7,"href":"https:\/\/www.imtbike.com\/pt-br\/wp-json\/wp\/v2\/pages\/18260\/revisions"}],"predecessor-version":[{"id":46506,"href":"https:\/\/www.imtbike.com\/pt-br\/wp-json\/wp\/v2\/pages\/18260\/revisions\/46506"}],"up":[{"embeddable":true,"href":"https:\/\/www.imtbike.com\/pt-br\/wp-json\/wp\/v2\/pages\/9052"}],"wp:featuredmedia":[{"embeddable":true,"href":"https:\/\/www.imtbike.com\/pt-br\/wp-json\/wp\/v2\/media\/18256"}],"wp:attachment":[{"href":"https:\/\/www.imtbike.com\/pt-br\/wp-json\/wp\/v2\/media?parent=18260"}],"curies":[{"name":"wp","href":"https:\/\/api.w.org\/{rel}","templated":true}]}}