{"id":15809,"date":"2019-03-05T10:34:52","date_gmt":"2019-03-05T15:34:52","guid":{"rendered":"https:\/\/www.imtbike.com\/?page_id=15809"},"modified":"2020-06-23T06:25:50","modified_gmt":"2020-06-23T10:25:50","slug":"politica-de-cookies","status":"publish","type":"page","link":"https:\/\/www.imtbike.com\/pt-br\/politica-de-cookies\/","title":{"rendered":"Pol\u00edtica de cookies"},"content":{"rendered":"<p>Um cookie \u00e9 um arquivo que \u00e9 baixado para o computador \/ smartphone \/ tablet do usu\u00e1rio ao acessar certas p\u00e1ginas da Web para armazenar e recuperar informa\u00e7\u00f5es sobre a navega\u00e7\u00e3o feita a partir do computador.Os cookies utilizados pelo nosso site s\u00e3o dos seguintes tipos: &#8211; Cookies estritamente necess\u00e1rios para o fornecimento de certos servi\u00e7os expressamente solicitados pelo usu\u00e1rio: se esses cookies forem desativados, eles n\u00e3o poder\u00e3o receber corretamente nossos conte\u00fados e servi\u00e7os; Y &#8211; Cookies anal\u00edticos (para monitoriza\u00e7\u00e3o e an\u00e1lise estat\u00edstica do comportamento de todos os utilizadores), publicidade (para a gest\u00e3o de espa\u00e7os publicit\u00e1rios baseados em crit\u00e9rios como a frequ\u00eancia com que os an\u00fancios s\u00e3o exibidos) e comportamentais (para a gest\u00e3o de publicidade) espa\u00e7os publicit\u00e1rios de acordo com o perfil espec\u00edfico do usu\u00e1rio): se esses cookies forem desativados, o site pode continuar a operar sem preju\u00edzo do fato de que as informa\u00e7\u00f5es coletadas por esses cookies sobre o uso do nosso site e o sucesso dos an\u00fancios exibidos nele n\u00f3s para melhorar nossos servi\u00e7os e obter renda que nos permita oferecer muitos conte\u00fados gratuitamente. As informa\u00e7\u00f5es obtidas atrav\u00e9s desses cookies, referenciadas ao equipamento do usu\u00e1rio, podem ser combinadas com seus dados pessoais somente se voc\u00ea estiver registrado neste site.\u00a0Tamb\u00e9m para utilizar servi\u00e7os de Marketing digital como remarketing de utilizadores e a utiliza\u00e7\u00e3o de audi\u00eancias personalizadas em sites web como\u00a0Google, Facebook, Instagram, Linkedin ou outros portais\u00a0publicit\u00e1rios.<\/p>\n<h3>DESACTIVA\u00c7\u00c3O DE COOKIES<\/h3>\n<p>O usu\u00e1rio pode &#8211; a qualquer momento &#8211; escolher quais cookies deseja trabalhar neste site atrav\u00e9s das configura\u00e7\u00f5es do navegador; por exemplo: &#8211; Chrome, de\u00a0<a href=\"http:\/\/support.google.com\/chrome\/bin\/answer.py?hl=pt_PT&amp;answer=95647\">http:\/\/support.google.com\/chrome\/bin\/answer.py?hl=pt_PT&amp;answer=95647<\/a>\u00a0&#8211; Explorer, em\u00a0<a href=\"http:\/\/windows.microsoft.com\/es-es\/windows7\/how-to-manage-cookies-in-internet-explorer-9\">http:\/\/windows.microsoft.com\/es-es\/windows7\/how-to-manage-cookies-in-internet-explorer-9<\/a>\u00a0&#8211; Firefox, em\u00a0<a href=\"http:\/\/support.mozilla.org\/es\/kb\/habilitar-y-deshabilitar-cookies-que-los-sitios-we\">http:\/\/support.mozilla.org\/es\/kb\/habilitar-y-deshabilitar-cookies-que-los-sitios-we<\/a>\u00a0&#8211; Safari, em\u00a0<a href=\"http:\/\/support.apple.com\/kb\/ph5042\">http:\/\/support.apple.com\/kb\/ph5042<\/a><\/p>\n","protected":false},"excerpt":{"rendered":"<p>Um cookie \u00e9 um arquivo que \u00e9 baixado para o computador \/ smartphone \/ tablet do usu\u00e1rio ao acessar certas p\u00e1ginas da Web para armazenar e recuperar informa\u00e7\u00f5es sobre a navega\u00e7\u00e3o feita a partir do computador.Os cookies utilizados pelo nosso site s\u00e3o dos seguintes tipos: &#8211;<\/p>\n<p> <a class=\"read-more\" href=\"https:\/\/www.imtbike.com\/pt-br\/politica-de-cookies\/\"> Read More<\/a><\/p>\n","protected":false},"author":21,"featured_media":0,"parent":0,"menu_order":0,"comment_status":"closed","ping_status":"closed","template":"","meta":{"footnotes":""},"acf":[],"yoast_head":"<!-- This site is optimized with the Yoast SEO plugin v22.6 - https:\/\/yoast.com\/wordpress\/plugins\/seo\/ -->\n<title>Pol\u00edtica de cookies - IMTBike<\/title>\n<meta name=\"robots\" content=\"index, follow, max-snippet:-1, max-image-preview:large, max-video-preview:-1\" \/>\n<link rel=\"canonical\" href=\"https:\/\/www.imtbike.com\/cookie-policy\/\" \/>\n<meta property=\"og:locale\" content=\"pt_BR\" \/>\n<meta property=\"og:type\" content=\"article\" \/>\n<meta property=\"og:title\" content=\"Pol\u00edtica de cookies - IMTBike\" \/>\n<meta property=\"og:description\" content=\"Um cookie \u00e9 um arquivo que \u00e9 baixado para o computador \/ smartphone \/ tablet do usu\u00e1rio ao acessar certas p\u00e1ginas da Web para armazenar e recuperar informa\u00e7\u00f5es sobre a navega\u00e7\u00e3o feita a partir do computador.Os cookies utilizados pelo nosso site s\u00e3o dos seguintes tipos: &#8211; Read More\" \/>\n<meta property=\"og:url\" content=\"https:\/\/www.imtbike.com\/cookie-policy\/\" \/>\n<meta property=\"og:site_name\" content=\"IMTBike\" \/>\n<meta property=\"article:modified_time\" content=\"2020-06-23T10:25:50+00:00\" \/>\n<meta property=\"og:image\" content=\"https:\/\/www.imtbike.com\/be\/wp-content\/uploads\/2016\/03\/default.jpg\" \/>\n<meta name=\"twitter:label1\" content=\"Est. reading time\" \/>\n\t<meta name=\"twitter:data1\" content=\"2 minutes\" \/>\n<script type=\"application\/ld+json\" class=\"yoast-schema-graph\">{\"@context\":\"https:\/\/schema.org\",\"@graph\":[{\"@type\":\"WebPage\",\"@id\":\"https:\/\/www.imtbike.com\/cookie-policy\/\",\"url\":\"https:\/\/www.imtbike.com\/cookie-policy\/\",\"name\":\"Pol\u00edtica de cookies - IMTBike\",\"isPartOf\":{\"@id\":\"https:\/\/www.imtbike.com\/#website\"},\"datePublished\":\"2019-03-05T15:34:52+00:00\",\"dateModified\":\"2020-06-23T10:25:50+00:00\",\"breadcrumb\":{\"@id\":\"https:\/\/www.imtbike.com\/cookie-policy\/#breadcrumb\"},\"inLanguage\":\"pt-BR\",\"potentialAction\":[{\"@type\":\"ReadAction\",\"target\":[\"https:\/\/www.imtbike.com\/cookie-policy\/\"]}]},{\"@type\":\"BreadcrumbList\",\"@id\":\"https:\/\/www.imtbike.com\/cookie-policy\/#breadcrumb\",\"itemListElement\":[{\"@type\":\"ListItem\",\"position\":1,\"name\":\"Home\",\"item\":\"https:\/\/www.imtbike.com\/\"},{\"@type\":\"ListItem\",\"position\":2,\"name\":\"Pol\u00edtica de cookies\"}]},{\"@type\":\"WebSite\",\"@id\":\"https:\/\/www.imtbike.com\/#website\",\"url\":\"https:\/\/www.imtbike.com\/\",\"name\":\"IMTBike\",\"description\":\"Passion for Motorcycling\",\"potentialAction\":[{\"@type\":\"SearchAction\",\"target\":{\"@type\":\"EntryPoint\",\"urlTemplate\":\"https:\/\/www.imtbike.com\/?s={search_term_string}\"},\"query-input\":\"required name=search_term_string\"}],\"inLanguage\":\"pt-BR\"}]}<\/script>\n<!-- \/ Yoast SEO plugin. -->","yoast_head_json":{"title":"Pol\u00edtica de cookies - IMTBike","robots":{"index":"index","follow":"follow","max-snippet":"max-snippet:-1","max-image-preview":"max-image-preview:large","max-video-preview":"max-video-preview:-1"},"canonical":"https:\/\/www.imtbike.com\/cookie-policy\/","og_locale":"pt_BR","og_type":"article","og_title":"Pol\u00edtica de cookies - IMTBike","og_description":"Um cookie \u00e9 um arquivo que \u00e9 baixado para o computador \/ smartphone \/ tablet do usu\u00e1rio ao acessar certas p\u00e1ginas da Web para armazenar e recuperar informa\u00e7\u00f5es sobre a navega\u00e7\u00e3o feita a partir do computador.Os cookies utilizados pelo nosso site s\u00e3o dos seguintes tipos: &#8211; Read More","og_url":"https:\/\/www.imtbike.com\/cookie-policy\/","og_site_name":"IMTBike","article_modified_time":"2020-06-23T10:25:50+00:00","og_image":[{"url":"https:\/\/www.imtbike.com\/be\/wp-content\/uploads\/2016\/03\/default.jpg"}],"twitter_misc":{"Est. reading time":"2 minutes"},"schema":{"@context":"https:\/\/schema.org","@graph":[{"@type":"WebPage","@id":"https:\/\/www.imtbike.com\/cookie-policy\/","url":"https:\/\/www.imtbike.com\/cookie-policy\/","name":"Pol\u00edtica de cookies - IMTBike","isPartOf":{"@id":"https:\/\/www.imtbike.com\/#website"},"datePublished":"2019-03-05T15:34:52+00:00","dateModified":"2020-06-23T10:25:50+00:00","breadcrumb":{"@id":"https:\/\/www.imtbike.com\/cookie-policy\/#breadcrumb"},"inLanguage":"pt-BR","potentialAction":[{"@type":"ReadAction","target":["https:\/\/www.imtbike.com\/cookie-policy\/"]}]},{"@type":"BreadcrumbList","@id":"https:\/\/www.imtbike.com\/cookie-policy\/#breadcrumb","itemListElement":[{"@type":"ListItem","position":1,"name":"Home","item":"https:\/\/www.imtbike.com\/"},{"@type":"ListItem","position":2,"name":"Pol\u00edtica de cookies"}]},{"@type":"WebSite","@id":"https:\/\/www.imtbike.com\/#website","url":"https:\/\/www.imtbike.com\/","name":"IMTBike","description":"Passion for Motorcycling","potentialAction":[{"@type":"SearchAction","target":{"@type":"EntryPoint","urlTemplate":"https:\/\/www.imtbike.com\/?s={search_term_string}"},"query-input":"required name=search_term_string"}],"inLanguage":"pt-BR"}]}},"jetpack_sharing_enabled":true,"_links":{"self":[{"href":"https:\/\/www.imtbike.com\/pt-br\/wp-json\/wp\/v2\/pages\/15809"}],"collection":[{"href":"https:\/\/www.imtbike.com\/pt-br\/wp-json\/wp\/v2\/pages"}],"about":[{"href":"https:\/\/www.imtbike.com\/pt-br\/wp-json\/wp\/v2\/types\/page"}],"author":[{"embeddable":true,"href":"https:\/\/www.imtbike.com\/pt-br\/wp-json\/wp\/v2\/users\/21"}],"replies":[{"embeddable":true,"href":"https:\/\/www.imtbike.com\/pt-br\/wp-json\/wp\/v2\/comments?post=15809"}],"version-history":[{"count":3,"href":"https:\/\/www.imtbike.com\/pt-br\/wp-json\/wp\/v2\/pages\/15809\/revisions"}],"predecessor-version":[{"id":22465,"href":"https:\/\/www.imtbike.com\/pt-br\/wp-json\/wp\/v2\/pages\/15809\/revisions\/22465"}],"wp:attachment":[{"href":"https:\/\/www.imtbike.com\/pt-br\/wp-json\/wp\/v2\/media?parent=15809"}],"curies":[{"name":"wp","href":"https:\/\/api.w.org\/{rel}","templated":true}]}}