{"id":13337,"date":"2018-06-14T09:14:42","date_gmt":"2018-06-14T13:14:42","guid":{"rendered":"https:\/\/www.imtbike.com\/?page_id=13337"},"modified":"2018-06-18T06:20:02","modified_gmt":"2018-06-18T10:20:02","slug":"politica-de-privacidade","status":"publish","type":"page","link":"https:\/\/www.imtbike.com\/pt-br\/footer-portuguese\/politica-de-privacidade\/","title":{"rendered":"Pol\u00edtica de privacidade"},"content":{"rendered":"<p>Em conformidade com o disposto no Regulamento (UE) 2016\/679 do Parlamento Europeu e do Conselho, de 27 de Abril &#8211; Regulamento Geral de Prote\u00e7\u00e3o de Dados &#8211; IMTBIKE TOURS SL, com domicilio em C\/ CHAPINERIA, 6B (POLIGONO INDUSTRIAL VENTORRO DEL CANO)\u00a0 28925-ALCORCON (MADRID) Espanha, informa-o que os dados que nos proporcionou ir\u00e3o formar parte de um invent\u00e1rio de tratamento de dados de caracter pessoal, da responsabilidade de dita entidade, com a finalidade de lhe enviar informa\u00e7\u00e3o comercial y publicit\u00e1ria sobre os nossos produtos e servi\u00e7os atrav\u00e9s de qualquer meio, incluindo os eletr\u00f3nicos.<\/p>\n<p>Para exercitar o seu direito de acesso, altera\u00e7\u00e3o, oposi\u00e7\u00e3o, supress\u00e3o, limita\u00e7\u00e3o e portabilidade reconhecidos pela legisla\u00e7\u00e3o em vigor, envie uma comunica\u00e7\u00e3o \u00e0 morada C\/ CHAPINERIA, 6B (POLIGONO INDUSTRIAL VENTORRO DEL CANO)\u00a0 28925-ALCORCON (MADRID) Espanha, anexando uma c\u00f3pia do seu cart\u00e3o do cidad\u00e3o, ou documento identificativo equivalente.<\/p>\n","protected":false},"excerpt":{"rendered":"<p>Em conformidade com o disposto no Regulamento (UE) 2016\/679 do Parlamento Europeu e do Conselho, de 27 de Abril &#8211; Regulamento Geral de Prote\u00e7\u00e3o de Dados &#8211; IMTBIKE TOURS SL,<\/p>\n<p> <a class=\"read-more\" href=\"https:\/\/www.imtbike.com\/pt-br\/footer-portuguese\/politica-de-privacidade\/\"> Read More<\/a><\/p>\n","protected":false},"author":21,"featured_media":0,"parent":4011,"menu_order":0,"comment_status":"closed","ping_status":"closed","template":"","meta":{"footnotes":""},"acf":[],"yoast_head":"<!-- This site is optimized with the Yoast SEO plugin v22.6 - https:\/\/yoast.com\/wordpress\/plugins\/seo\/ -->\n<title>Pol\u00edtica de privacidade - IMTBike<\/title>\n<meta name=\"robots\" content=\"index, follow, max-snippet:-1, max-image-preview:large, max-video-preview:-1\" \/>\n<link rel=\"canonical\" href=\"https:\/\/www.imtbike.com\/footer\/privacy-policy\/\" \/>\n<meta property=\"og:locale\" content=\"pt_BR\" \/>\n<meta property=\"og:type\" content=\"article\" \/>\n<meta property=\"og:title\" content=\"Pol\u00edtica de privacidade - IMTBike\" \/>\n<meta property=\"og:description\" content=\"Em conformidade com o disposto no Regulamento (UE) 2016\/679 do Parlamento Europeu e do Conselho, de 27 de Abril &#8211; Regulamento Geral de Prote\u00e7\u00e3o de Dados &#8211; IMTBIKE TOURS SL, Read More\" \/>\n<meta property=\"og:url\" content=\"https:\/\/www.imtbike.com\/footer\/privacy-policy\/\" \/>\n<meta property=\"og:site_name\" content=\"IMTBike\" \/>\n<meta property=\"article:modified_time\" content=\"2018-06-18T10:20:02+00:00\" \/>\n<meta property=\"og:image\" content=\"https:\/\/www.imtbike.com\/be\/wp-content\/uploads\/2016\/03\/default.jpg\" \/>\n<meta name=\"twitter:label1\" content=\"Est. reading time\" \/>\n\t<meta name=\"twitter:data1\" content=\"1 minute\" \/>\n<script type=\"application\/ld+json\" class=\"yoast-schema-graph\">{\"@context\":\"https:\/\/schema.org\",\"@graph\":[{\"@type\":\"WebPage\",\"@id\":\"https:\/\/www.imtbike.com\/footer\/privacy-policy\/\",\"url\":\"https:\/\/www.imtbike.com\/footer\/privacy-policy\/\",\"name\":\"Pol\u00edtica de privacidade - IMTBike\",\"isPartOf\":{\"@id\":\"https:\/\/www.imtbike.com\/#website\"},\"datePublished\":\"2018-06-14T13:14:42+00:00\",\"dateModified\":\"2018-06-18T10:20:02+00:00\",\"breadcrumb\":{\"@id\":\"https:\/\/www.imtbike.com\/footer\/privacy-policy\/#breadcrumb\"},\"inLanguage\":\"pt-BR\",\"potentialAction\":[{\"@type\":\"ReadAction\",\"target\":[\"https:\/\/www.imtbike.com\/footer\/privacy-policy\/\"]}]},{\"@type\":\"BreadcrumbList\",\"@id\":\"https:\/\/www.imtbike.com\/footer\/privacy-policy\/#breadcrumb\",\"itemListElement\":[{\"@type\":\"ListItem\",\"position\":1,\"name\":\"Home\",\"item\":\"https:\/\/www.imtbike.com\/\"},{\"@type\":\"ListItem\",\"position\":2,\"name\":\"Footer &#8211; portuguese\",\"item\":\"https:\/\/www.imtbike.com\/footer\/\"},{\"@type\":\"ListItem\",\"position\":3,\"name\":\"Pol\u00edtica de privacidade\"}]},{\"@type\":\"WebSite\",\"@id\":\"https:\/\/www.imtbike.com\/#website\",\"url\":\"https:\/\/www.imtbike.com\/\",\"name\":\"IMTBike\",\"description\":\"Passion for Motorcycling\",\"potentialAction\":[{\"@type\":\"SearchAction\",\"target\":{\"@type\":\"EntryPoint\",\"urlTemplate\":\"https:\/\/www.imtbike.com\/?s={search_term_string}\"},\"query-input\":\"required name=search_term_string\"}],\"inLanguage\":\"pt-BR\"}]}<\/script>\n<!-- \/ Yoast SEO plugin. -->","yoast_head_json":{"title":"Pol\u00edtica de privacidade - IMTBike","robots":{"index":"index","follow":"follow","max-snippet":"max-snippet:-1","max-image-preview":"max-image-preview:large","max-video-preview":"max-video-preview:-1"},"canonical":"https:\/\/www.imtbike.com\/footer\/privacy-policy\/","og_locale":"pt_BR","og_type":"article","og_title":"Pol\u00edtica de privacidade - IMTBike","og_description":"Em conformidade com o disposto no Regulamento (UE) 2016\/679 do Parlamento Europeu e do Conselho, de 27 de Abril &#8211; Regulamento Geral de Prote\u00e7\u00e3o de Dados &#8211; IMTBIKE TOURS SL, Read More","og_url":"https:\/\/www.imtbike.com\/footer\/privacy-policy\/","og_site_name":"IMTBike","article_modified_time":"2018-06-18T10:20:02+00:00","og_image":[{"url":"https:\/\/www.imtbike.com\/be\/wp-content\/uploads\/2016\/03\/default.jpg"}],"twitter_misc":{"Est. reading time":"1 minute"},"schema":{"@context":"https:\/\/schema.org","@graph":[{"@type":"WebPage","@id":"https:\/\/www.imtbike.com\/footer\/privacy-policy\/","url":"https:\/\/www.imtbike.com\/footer\/privacy-policy\/","name":"Pol\u00edtica de privacidade - IMTBike","isPartOf":{"@id":"https:\/\/www.imtbike.com\/#website"},"datePublished":"2018-06-14T13:14:42+00:00","dateModified":"2018-06-18T10:20:02+00:00","breadcrumb":{"@id":"https:\/\/www.imtbike.com\/footer\/privacy-policy\/#breadcrumb"},"inLanguage":"pt-BR","potentialAction":[{"@type":"ReadAction","target":["https:\/\/www.imtbike.com\/footer\/privacy-policy\/"]}]},{"@type":"BreadcrumbList","@id":"https:\/\/www.imtbike.com\/footer\/privacy-policy\/#breadcrumb","itemListElement":[{"@type":"ListItem","position":1,"name":"Home","item":"https:\/\/www.imtbike.com\/"},{"@type":"ListItem","position":2,"name":"Footer &#8211; portuguese","item":"https:\/\/www.imtbike.com\/footer\/"},{"@type":"ListItem","position":3,"name":"Pol\u00edtica de privacidade"}]},{"@type":"WebSite","@id":"https:\/\/www.imtbike.com\/#website","url":"https:\/\/www.imtbike.com\/","name":"IMTBike","description":"Passion for Motorcycling","potentialAction":[{"@type":"SearchAction","target":{"@type":"EntryPoint","urlTemplate":"https:\/\/www.imtbike.com\/?s={search_term_string}"},"query-input":"required name=search_term_string"}],"inLanguage":"pt-BR"}]}},"jetpack_sharing_enabled":true,"_links":{"self":[{"href":"https:\/\/www.imtbike.com\/pt-br\/wp-json\/wp\/v2\/pages\/13337"}],"collection":[{"href":"https:\/\/www.imtbike.com\/pt-br\/wp-json\/wp\/v2\/pages"}],"about":[{"href":"https:\/\/www.imtbike.com\/pt-br\/wp-json\/wp\/v2\/types\/page"}],"author":[{"embeddable":true,"href":"https:\/\/www.imtbike.com\/pt-br\/wp-json\/wp\/v2\/users\/21"}],"replies":[{"embeddable":true,"href":"https:\/\/www.imtbike.com\/pt-br\/wp-json\/wp\/v2\/comments?post=13337"}],"version-history":[{"count":0,"href":"https:\/\/www.imtbike.com\/pt-br\/wp-json\/wp\/v2\/pages\/13337\/revisions"}],"up":[{"embeddable":true,"href":"https:\/\/www.imtbike.com\/pt-br\/wp-json\/wp\/v2\/pages\/4011"}],"wp:attachment":[{"href":"https:\/\/www.imtbike.com\/pt-br\/wp-json\/wp\/v2\/media?parent=13337"}],"curies":[{"name":"wp","href":"https:\/\/api.w.org\/{rel}","templated":true}]}}