{"id":12282,"date":"2018-02-02T10:21:49","date_gmt":"2018-02-02T15:21:49","guid":{"rendered":"https:\/\/www.imtbike.com\/?page_id=12282"},"modified":"2021-09-29T17:22:29","modified_gmt":"2021-09-29T21:22:29","slug":"rewards-faq","status":"publish","type":"page","link":"https:\/\/www.imtbike.com\/pt-br\/programa-imtbike-rewards\/rewards-faq\/","title":{"rendered":"Rewards FAQ"},"content":{"rendered":"<p>Se ainda tem quest\u00f5es por esclarecer, por favor <a class=\"green\" href=\"https:\/\/www.imtbike.com\/contacto\/\">contacte-nos por email<\/a> ou pelo telefone (+34) 91 633 72 22.<\/p>\n<ul class=\"left full noMargin whiteBG\" style=\"list-style: none;\">\n<li>\n<h3>Como posso saber os pontos que tenho?<\/h3>\n<p>\u00c9 muito f\u00e1cil, pode ver os pontos acumulados fazendo login no MyIMTBike com o seu username e password.<\/li>\n<li>\n<h3>Tenho que me registar para aproveitar os benef\u00edcios das IMTBIKE Rewards?<\/h3>\n<p>N\u00e3o, n\u00e3o \u00e9 necess\u00e1rio registar-se para aproveitar os benef\u00edcios das IMTBIKE Rewards. Todos os membros dos nossos tours e clientes de alugu\u00e9is que tenham feito quil\u00f3metros connosco desde 2007 j\u00e1 t\u00eam pontos acumulados. Todos os novos membros dos tours ou clientes de alugu\u00e9is estar\u00e3o automaticamente registados e acumular\u00e3o pontos!<\/li>\n<li>\n<h3>Como fa\u00e7o para resgatar meus pontos por dinheiro?<\/h3>\n<p>Quando reservar o seu pr\u00f3ximo tour ou aluguel no nosso site, pode trocar facilmente os seus pontos por dinheiro. Uma vez dentro do MyIMTBike, ver\u00e1 uma lista de pr\u00e9mios de onde poder\u00e1 escolher e o que mais lhe conv\u00e9m e ser\u00e1 automaticamente aplicado ao seu novo tour ou aluguel.<\/li>\n<li>\n<h3>Posso usar os pontos de outra pessoa?<\/h3>\n<p>N\u00e3o, os pontos n\u00e3o podem ser transferidos para outra pessoa.<\/li>\n<li>\n<h3>Quando ficam dispon\u00edveis os pontos para que os possa usar?<\/h3>\n<p>Os seus pontos ser\u00e3o verificados e ficar\u00e3o dispon\u00edveis para utilizar 7 dias ap\u00f3s o seu tour ou o seu aluguel terminar.<\/li>\n<li>\n<h3>Quantos pontos posso acumular?<\/h3>\n<p>O Programa IMTBIKE Rewards permite que acumule um n\u00famero ilimitado de pontos.<\/li>\n<li>\n<h3>Quanto tempo durar\u00e1 o Programa de IMTBIKE Rewards?<\/h3>\n<p>O Programa de IMTBIKE Rewards foi criado como um programa vital\u00edcio, apesar disso a IMTBIKE reserva-se o direito de suspender e\/ou modificar o programa em qualquer momento.<\/li>\n<li>\n<h3>Os meus pontos podem expirar?<\/h3>\n<p>IMTBIKE Rewards\u00a0expiram ap\u00f3s 3 anos de estar dispon\u00edvel se voc\u00ea n\u00e3o us\u00e1-los para um passeio ou alugar. Todos os clientes registados e os seus pontos tem at\u00e9 o 01 de mar\u00e7o de 2019 para uso em uma viagem ou f\u00e9rias.<br \/>\nA data de validade se aplica como a data do formul\u00e1rio. Se, por exemplo, voc\u00ea tem pontos que expiram mar\u00e7o 2019, desde que voc\u00ea se inscrever em um passeio ou alugar uma bicicleta antes da data, seus pontos ser\u00e3o v\u00e1lidos mesmo que o seu novo livro come\u00e7a ap\u00f3s o prazo.<\/li>\n<\/ul>\n","protected":false},"excerpt":{"rendered":"<p>Se ainda tem quest\u00f5es por esclarecer, por favor <a class=\"green\" href=\"https:\/\/www.imtbike.com\/contacto\/\">contacte-nos por email<\/a> ou pelo telefone (+34) 91 633 72 22.<\/p>\n<ul class=\"left full noMargin whiteBG\" style=\"list-style: none;\">\n<li>\nComo posso saber os pontos que tenho?<\/li>\n<\/ul>\n<p> <a class=\"read-more\" href=\"https:\/\/www.imtbike.com\/pt-br\/programa-imtbike-rewards\/rewards-faq\/\"> Read More<\/a><\/p>\n","protected":false},"author":21,"featured_media":0,"parent":4007,"menu_order":0,"comment_status":"closed","ping_status":"closed","template":"","meta":{"footnotes":""},"acf":[],"yoast_head":"<!-- This site is optimized with the Yoast SEO plugin v22.6 - https:\/\/yoast.com\/wordpress\/plugins\/seo\/ -->\n<title>Rewards FAQ - IMTBike<\/title>\n<meta name=\"robots\" content=\"index, follow, max-snippet:-1, max-image-preview:large, max-video-preview:-1\" \/>\n<link rel=\"canonical\" href=\"https:\/\/www.imtbike.com\/myimtbike-rewards\/rewards-faq\/\" \/>\n<meta property=\"og:locale\" content=\"pt_BR\" \/>\n<meta property=\"og:type\" content=\"article\" \/>\n<meta property=\"og:title\" content=\"Rewards FAQ - IMTBike\" \/>\n<meta property=\"og:description\" content=\"Se ainda tem quest\u00f5es por esclarecer, por favor contacte-nos por email ou pelo telefone (+34) 91 633 72 22.  Como posso saber os pontos que tenho? Read More\" \/>\n<meta property=\"og:url\" content=\"https:\/\/www.imtbike.com\/myimtbike-rewards\/rewards-faq\/\" \/>\n<meta property=\"og:site_name\" content=\"IMTBike\" \/>\n<meta property=\"article:modified_time\" content=\"2021-09-29T21:22:29+00:00\" \/>\n<meta property=\"og:image\" content=\"https:\/\/www.imtbike.com\/be\/wp-content\/uploads\/2016\/03\/default.jpg\" \/>\n<meta name=\"twitter:label1\" content=\"Est. reading time\" \/>\n\t<meta name=\"twitter:data1\" content=\"2 minutes\" \/>\n<script type=\"application\/ld+json\" class=\"yoast-schema-graph\">{\"@context\":\"https:\/\/schema.org\",\"@graph\":[{\"@type\":\"WebPage\",\"@id\":\"https:\/\/www.imtbike.com\/myimtbike-rewards\/rewards-faq\/\",\"url\":\"https:\/\/www.imtbike.com\/myimtbike-rewards\/rewards-faq\/\",\"name\":\"Rewards FAQ - IMTBike\",\"isPartOf\":{\"@id\":\"https:\/\/www.imtbike.com\/#website\"},\"datePublished\":\"2018-02-02T15:21:49+00:00\",\"dateModified\":\"2021-09-29T21:22:29+00:00\",\"breadcrumb\":{\"@id\":\"https:\/\/www.imtbike.com\/myimtbike-rewards\/rewards-faq\/#breadcrumb\"},\"inLanguage\":\"pt-BR\",\"potentialAction\":[{\"@type\":\"ReadAction\",\"target\":[\"https:\/\/www.imtbike.com\/myimtbike-rewards\/rewards-faq\/\"]}]},{\"@type\":\"BreadcrumbList\",\"@id\":\"https:\/\/www.imtbike.com\/myimtbike-rewards\/rewards-faq\/#breadcrumb\",\"itemListElement\":[{\"@type\":\"ListItem\",\"position\":1,\"name\":\"Home\",\"item\":\"https:\/\/www.imtbike.com\/\"},{\"@type\":\"ListItem\",\"position\":2,\"name\":\"IMTBIKE Rewards\",\"item\":\"https:\/\/www.imtbike.com\/myimtbike-rewards\/\"},{\"@type\":\"ListItem\",\"position\":3,\"name\":\"Rewards FAQ\"}]},{\"@type\":\"WebSite\",\"@id\":\"https:\/\/www.imtbike.com\/#website\",\"url\":\"https:\/\/www.imtbike.com\/\",\"name\":\"IMTBike\",\"description\":\"Passion for Motorcycling\",\"potentialAction\":[{\"@type\":\"SearchAction\",\"target\":{\"@type\":\"EntryPoint\",\"urlTemplate\":\"https:\/\/www.imtbike.com\/?s={search_term_string}\"},\"query-input\":\"required name=search_term_string\"}],\"inLanguage\":\"pt-BR\"}]}<\/script>\n<!-- \/ Yoast SEO plugin. -->","yoast_head_json":{"title":"Rewards FAQ - IMTBike","robots":{"index":"index","follow":"follow","max-snippet":"max-snippet:-1","max-image-preview":"max-image-preview:large","max-video-preview":"max-video-preview:-1"},"canonical":"https:\/\/www.imtbike.com\/myimtbike-rewards\/rewards-faq\/","og_locale":"pt_BR","og_type":"article","og_title":"Rewards FAQ - IMTBike","og_description":"Se ainda tem quest\u00f5es por esclarecer, por favor contacte-nos por email ou pelo telefone (+34) 91 633 72 22.  Como posso saber os pontos que tenho? Read More","og_url":"https:\/\/www.imtbike.com\/myimtbike-rewards\/rewards-faq\/","og_site_name":"IMTBike","article_modified_time":"2021-09-29T21:22:29+00:00","og_image":[{"url":"https:\/\/www.imtbike.com\/be\/wp-content\/uploads\/2016\/03\/default.jpg"}],"twitter_misc":{"Est. reading time":"2 minutes"},"schema":{"@context":"https:\/\/schema.org","@graph":[{"@type":"WebPage","@id":"https:\/\/www.imtbike.com\/myimtbike-rewards\/rewards-faq\/","url":"https:\/\/www.imtbike.com\/myimtbike-rewards\/rewards-faq\/","name":"Rewards FAQ - IMTBike","isPartOf":{"@id":"https:\/\/www.imtbike.com\/#website"},"datePublished":"2018-02-02T15:21:49+00:00","dateModified":"2021-09-29T21:22:29+00:00","breadcrumb":{"@id":"https:\/\/www.imtbike.com\/myimtbike-rewards\/rewards-faq\/#breadcrumb"},"inLanguage":"pt-BR","potentialAction":[{"@type":"ReadAction","target":["https:\/\/www.imtbike.com\/myimtbike-rewards\/rewards-faq\/"]}]},{"@type":"BreadcrumbList","@id":"https:\/\/www.imtbike.com\/myimtbike-rewards\/rewards-faq\/#breadcrumb","itemListElement":[{"@type":"ListItem","position":1,"name":"Home","item":"https:\/\/www.imtbike.com\/"},{"@type":"ListItem","position":2,"name":"IMTBIKE Rewards","item":"https:\/\/www.imtbike.com\/myimtbike-rewards\/"},{"@type":"ListItem","position":3,"name":"Rewards FAQ"}]},{"@type":"WebSite","@id":"https:\/\/www.imtbike.com\/#website","url":"https:\/\/www.imtbike.com\/","name":"IMTBike","description":"Passion for Motorcycling","potentialAction":[{"@type":"SearchAction","target":{"@type":"EntryPoint","urlTemplate":"https:\/\/www.imtbike.com\/?s={search_term_string}"},"query-input":"required name=search_term_string"}],"inLanguage":"pt-BR"}]}},"jetpack_sharing_enabled":true,"_links":{"self":[{"href":"https:\/\/www.imtbike.com\/pt-br\/wp-json\/wp\/v2\/pages\/12282"}],"collection":[{"href":"https:\/\/www.imtbike.com\/pt-br\/wp-json\/wp\/v2\/pages"}],"about":[{"href":"https:\/\/www.imtbike.com\/pt-br\/wp-json\/wp\/v2\/types\/page"}],"author":[{"embeddable":true,"href":"https:\/\/www.imtbike.com\/pt-br\/wp-json\/wp\/v2\/users\/21"}],"replies":[{"embeddable":true,"href":"https:\/\/www.imtbike.com\/pt-br\/wp-json\/wp\/v2\/comments?post=12282"}],"version-history":[{"count":1,"href":"https:\/\/www.imtbike.com\/pt-br\/wp-json\/wp\/v2\/pages\/12282\/revisions"}],"predecessor-version":[{"id":25030,"href":"https:\/\/www.imtbike.com\/pt-br\/wp-json\/wp\/v2\/pages\/12282\/revisions\/25030"}],"up":[{"embeddable":true,"href":"https:\/\/www.imtbike.com\/pt-br\/wp-json\/wp\/v2\/pages\/4007"}],"wp:attachment":[{"href":"https:\/\/www.imtbike.com\/pt-br\/wp-json\/wp\/v2\/media?parent=12282"}],"curies":[{"name":"wp","href":"https:\/\/api.w.org\/{rel}","templated":true}]}}