{"id":10176,"date":"2017-02-01T10:54:18","date_gmt":"2017-02-01T15:54:18","guid":{"rendered":"https:\/\/www.imtbike.com\/?page_id=10176"},"modified":"2025-05-23T05:21:46","modified_gmt":"2025-05-23T09:21:46","slug":"hoteis-gastronomia","status":"publish","type":"page","link":"https:\/\/www.imtbike.com\/pt-br\/viagem-de-moto\/hoteis-gastronomia\/","title":{"rendered":"Hot\u00e9is e Gastronomia"},"content":{"rendered":"<div class=\"horizontalSpacer verticalSpacer\">\n<p>  Na IMTBIKE, somos conduzidos pela nossa paix\u00e3o por criar os melhores tours em moto. N\u00f3s procuramos a perfei\u00e7\u00e3o em todos os detalhes dos nossos tours e alugu\u00e9is. E o que obtemos ao combinar uma extrema paix\u00e3o pelas motos e uma grande aten\u00e7\u00e3o ao detalhe? Uma tour em moto IMTBIKE verdadeiramente extraordin\u00e1ria.<\/p>\n<p>Na IMTBIKE, estamos muito orgulhosos na reputa\u00e7\u00e3o que fomos ganhando desde que abrimos as nossas portas em 1997.<\/p>\n<p>Os nossos guias excepcionais, hot\u00e9is maravilhosos, cozinha local selecionada e vinhos regionais, motos em perfeitas condi\u00e7\u00f5es, percursos desenhados profissionalmente, tudo isto cria uma experi\u00eancia em moto excepcional.<\/p>\n<\/div>\n<div class=\"tborder flexCentered\">\n<div class=\"grid_8\">\n<h2>Hot\u00e9is maravilhosos<\/h2>\n<p>O alojamento \u00fanico \u00e9 a nossa imagem de marca. Queremos que voc\u00ea tenha mais do que um quarto, queremos que tenha uma experi\u00eancia excepcional. Isto significa que fazemos o todos os esfor\u00e7os para conseguir alojamentos com um n\u00edvel de servi\u00e7o excepcional, com charme e que sejam um reflexo da cultura local. Ao suportarmos neg\u00f3cios locais significa que voc\u00ea ter\u00e1 tratamento preferencial e poder\u00e1 concentrar-se na tarefa mais importante, a de trazer recorda\u00e7\u00f5es.<\/p>\n<\/div>\n<div class=\"grid_4 noPadding\"><img decoding=\"async\" loading=\"lazy\" width=\"320\" height=\"275\" class=\"alignnone wp-image-8863 size-medium full\" src=\"https:\/\/www.imtbike.com\/be\/wp-content\/uploads\/2016\/08\/awesome-hotels.jpg\" alt=\"awesome-hotels\" srcset=\"https:\/\/www.imtbike.com\/be\/wp-content\/uploads\/2016\/08\/awesome-hotels.jpg 320w, https:\/\/www.imtbike.com\/be\/wp-content\/uploads\/2016\/08\/awesome-hotels-300x258.jpg 300w\" sizes=\"(max-width: 320px) 100vw, 320px\" \/><\/div>\n<\/div>\n<div class=\"clear\"><\/div>\n<div class=\"tborder flexCentered\">\n<div class=\"grid_4 noPadding\"><img decoding=\"async\" loading=\"lazy\" width=\"320\" height=\"275\" class=\"alignnone size-medium wp-image-8864 full\" src=\"https:\/\/www.imtbike.com\/be\/wp-content\/uploads\/2016\/08\/gastronomy.jpg\" alt=\"gastronomy\" srcset=\"https:\/\/www.imtbike.com\/be\/wp-content\/uploads\/2016\/08\/gastronomy.jpg 320w, https:\/\/www.imtbike.com\/be\/wp-content\/uploads\/2016\/08\/gastronomy-300x258.jpg 300w\" sizes=\"(max-width: 320px) 100vw, 320px\" \/><\/div>\n<div class=\"grid_8\">\n<h2>Gastronomia<\/h2>\n<p>Queremos que cada refei\u00e7\u00e3o seja uma ocasi\u00e3o especial, para isso os nossos especialistas em culin\u00e1ria escolheram restaurantes que servem a melhor cozinha local. Voc\u00ea ter\u00e1 todo o sabor da hist\u00f3ria e cultura da melhor restaura\u00e7\u00e3o local. Sempre com o melhor servi\u00e7o e excelentes vinhos. Vai adorar as aventuras gastron\u00f4micas, a atmosfera dos ambientes \u00fanicos e o prazer de uma excelente refei\u00e7\u00e3o no final de um dia bem ocupado.<\/p>\n<\/div>\n<\/div>\n","protected":false},"excerpt":{"rendered":"<p>  Na IMTBIKE, somos conduzidos pela nossa paix\u00e3o por criar os melhores tours em moto. N\u00f3s procuramos a perfei\u00e7\u00e3o em todos os detalhes dos nossos tours e alugu\u00e9is. E o que obtemos ao combinar uma extrema paix\u00e3o pelas motos e uma grande aten\u00e7\u00e3o ao detalhe?<\/p>\n<p> <a class=\"read-more\" href=\"https:\/\/www.imtbike.com\/pt-br\/viagem-de-moto\/hoteis-gastronomia\/\"> Read More<\/a><\/p>\n","protected":false},"author":21,"featured_media":8939,"parent":3918,"menu_order":0,"comment_status":"closed","ping_status":"closed","template":"","meta":{"footnotes":""},"acf":[],"yoast_head":"<!-- This site is optimized with the Yoast SEO plugin v22.6 - https:\/\/yoast.com\/wordpress\/plugins\/seo\/ -->\n<title>Hot\u00e9is e Gastronomia - IMTBike<\/title>\n<meta name=\"description\" content=\"Descubra os hot\u00e9is e a gastronomia da IMTBIKE! Conforto, sabor local e experi\u00eancias aut\u00eanticas em cada viagem de moto pela Europa.\" \/>\n<meta name=\"robots\" content=\"index, follow, max-snippet:-1, max-image-preview:large, max-video-preview:-1\" \/>\n<link rel=\"canonical\" href=\"https:\/\/www.imtbike.com\/pt-br\/viagem-de-moto\/hoteis-gastronomia\/\" \/>\n<meta property=\"og:locale\" content=\"pt_BR\" \/>\n<meta property=\"og:type\" content=\"article\" \/>\n<meta property=\"og:title\" content=\"Hot\u00e9is e Gastronomia - IMTBike\" \/>\n<meta property=\"og:description\" content=\"Descubra os hot\u00e9is e a gastronomia da IMTBIKE! Conforto, sabor local e experi\u00eancias aut\u00eanticas em cada viagem de moto pela Europa.\" \/>\n<meta property=\"og:url\" content=\"https:\/\/www.imtbike.com\/pt-br\/viagem-de-moto\/hoteis-gastronomia\/\" \/>\n<meta property=\"og:site_name\" content=\"IMTBike\" \/>\n<meta property=\"article:modified_time\" content=\"2025-05-23T09:21:46+00:00\" \/>\n<meta property=\"og:image\" content=\"https:\/\/www.imtbike.com\/be\/wp-content\/uploads\/2016\/08\/hotels-gastronomy-header.jpg\" \/>\n\t<meta property=\"og:image:width\" content=\"960\" \/>\n\t<meta property=\"og:image:height\" content=\"413\" \/>\n\t<meta property=\"og:image:type\" content=\"image\/jpeg\" \/>\n<meta name=\"twitter:label1\" content=\"Est. reading time\" \/>\n\t<meta name=\"twitter:data1\" content=\"2 minutes\" \/>\n<script type=\"application\/ld+json\" class=\"yoast-schema-graph\">{\"@context\":\"https:\/\/schema.org\",\"@graph\":[{\"@type\":\"WebPage\",\"@id\":\"https:\/\/www.imtbike.com\/pt-br\/viagem-de-moto\/hoteis-gastronomia\/\",\"url\":\"https:\/\/www.imtbike.com\/pt-br\/viagem-de-moto\/hoteis-gastronomia\/\",\"name\":\"Hot\u00e9is e Gastronomia - IMTBike\",\"isPartOf\":{\"@id\":\"https:\/\/www.imtbike.com\/#website\"},\"primaryImageOfPage\":{\"@id\":\"https:\/\/www.imtbike.com\/pt-br\/viagem-de-moto\/hoteis-gastronomia\/#primaryimage\"},\"image\":{\"@id\":\"https:\/\/www.imtbike.com\/pt-br\/viagem-de-moto\/hoteis-gastronomia\/#primaryimage\"},\"thumbnailUrl\":\"https:\/\/www.imtbike.com\/be\/wp-content\/uploads\/2016\/08\/hotels-gastronomy-header.jpg\",\"datePublished\":\"2017-02-01T15:54:18+00:00\",\"dateModified\":\"2025-05-23T09:21:46+00:00\",\"description\":\"Descubra os hot\u00e9is e a gastronomia da IMTBIKE! Conforto, sabor local e experi\u00eancias aut\u00eanticas em cada viagem de moto pela Europa.\",\"breadcrumb\":{\"@id\":\"https:\/\/www.imtbike.com\/pt-br\/viagem-de-moto\/hoteis-gastronomia\/#breadcrumb\"},\"inLanguage\":\"pt-BR\",\"potentialAction\":[{\"@type\":\"ReadAction\",\"target\":[\"https:\/\/www.imtbike.com\/pt-br\/viagem-de-moto\/hoteis-gastronomia\/\"]}]},{\"@type\":\"ImageObject\",\"inLanguage\":\"pt-BR\",\"@id\":\"https:\/\/www.imtbike.com\/pt-br\/viagem-de-moto\/hoteis-gastronomia\/#primaryimage\",\"url\":\"https:\/\/www.imtbike.com\/be\/wp-content\/uploads\/2016\/08\/hotels-gastronomy-header.jpg\",\"contentUrl\":\"https:\/\/www.imtbike.com\/be\/wp-content\/uploads\/2016\/08\/hotels-gastronomy-header.jpg\",\"width\":960,\"height\":413},{\"@type\":\"BreadcrumbList\",\"@id\":\"https:\/\/www.imtbike.com\/pt-br\/viagem-de-moto\/hoteis-gastronomia\/#breadcrumb\",\"itemListElement\":[{\"@type\":\"ListItem\",\"position\":1,\"name\":\"Home\",\"item\":\"https:\/\/www.imtbike.com\/\"},{\"@type\":\"ListItem\",\"position\":2,\"name\":\"Viagem de moto\",\"item\":\"https:\/\/www.imtbike.com\/pt-br\/viagem-de-moto\/\"},{\"@type\":\"ListItem\",\"position\":3,\"name\":\"Hot\u00e9is e Gastronomia\"}]},{\"@type\":\"WebSite\",\"@id\":\"https:\/\/www.imtbike.com\/#website\",\"url\":\"https:\/\/www.imtbike.com\/\",\"name\":\"IMTBike\",\"description\":\"Passion for Motorcycling\",\"potentialAction\":[{\"@type\":\"SearchAction\",\"target\":{\"@type\":\"EntryPoint\",\"urlTemplate\":\"https:\/\/www.imtbike.com\/?s={search_term_string}\"},\"query-input\":\"required name=search_term_string\"}],\"inLanguage\":\"pt-BR\"}]}<\/script>\n<!-- \/ Yoast SEO plugin. -->","yoast_head_json":{"title":"Hot\u00e9is e Gastronomia - IMTBike","description":"Descubra os hot\u00e9is e a gastronomia da IMTBIKE! Conforto, sabor local e experi\u00eancias aut\u00eanticas em cada viagem de moto pela Europa.","robots":{"index":"index","follow":"follow","max-snippet":"max-snippet:-1","max-image-preview":"max-image-preview:large","max-video-preview":"max-video-preview:-1"},"canonical":"https:\/\/www.imtbike.com\/pt-br\/viagem-de-moto\/hoteis-gastronomia\/","og_locale":"pt_BR","og_type":"article","og_title":"Hot\u00e9is e Gastronomia - IMTBike","og_description":"Descubra os hot\u00e9is e a gastronomia da IMTBIKE! Conforto, sabor local e experi\u00eancias aut\u00eanticas em cada viagem de moto pela Europa.","og_url":"https:\/\/www.imtbike.com\/pt-br\/viagem-de-moto\/hoteis-gastronomia\/","og_site_name":"IMTBike","article_modified_time":"2025-05-23T09:21:46+00:00","og_image":[{"width":960,"height":413,"url":"https:\/\/www.imtbike.com\/be\/wp-content\/uploads\/2016\/08\/hotels-gastronomy-header.jpg","type":"image\/jpeg"}],"twitter_misc":{"Est. reading time":"2 minutes"},"schema":{"@context":"https:\/\/schema.org","@graph":[{"@type":"WebPage","@id":"https:\/\/www.imtbike.com\/pt-br\/viagem-de-moto\/hoteis-gastronomia\/","url":"https:\/\/www.imtbike.com\/pt-br\/viagem-de-moto\/hoteis-gastronomia\/","name":"Hot\u00e9is e Gastronomia - IMTBike","isPartOf":{"@id":"https:\/\/www.imtbike.com\/#website"},"primaryImageOfPage":{"@id":"https:\/\/www.imtbike.com\/pt-br\/viagem-de-moto\/hoteis-gastronomia\/#primaryimage"},"image":{"@id":"https:\/\/www.imtbike.com\/pt-br\/viagem-de-moto\/hoteis-gastronomia\/#primaryimage"},"thumbnailUrl":"https:\/\/www.imtbike.com\/be\/wp-content\/uploads\/2016\/08\/hotels-gastronomy-header.jpg","datePublished":"2017-02-01T15:54:18+00:00","dateModified":"2025-05-23T09:21:46+00:00","description":"Descubra os hot\u00e9is e a gastronomia da IMTBIKE! Conforto, sabor local e experi\u00eancias aut\u00eanticas em cada viagem de moto pela Europa.","breadcrumb":{"@id":"https:\/\/www.imtbike.com\/pt-br\/viagem-de-moto\/hoteis-gastronomia\/#breadcrumb"},"inLanguage":"pt-BR","potentialAction":[{"@type":"ReadAction","target":["https:\/\/www.imtbike.com\/pt-br\/viagem-de-moto\/hoteis-gastronomia\/"]}]},{"@type":"ImageObject","inLanguage":"pt-BR","@id":"https:\/\/www.imtbike.com\/pt-br\/viagem-de-moto\/hoteis-gastronomia\/#primaryimage","url":"https:\/\/www.imtbike.com\/be\/wp-content\/uploads\/2016\/08\/hotels-gastronomy-header.jpg","contentUrl":"https:\/\/www.imtbike.com\/be\/wp-content\/uploads\/2016\/08\/hotels-gastronomy-header.jpg","width":960,"height":413},{"@type":"BreadcrumbList","@id":"https:\/\/www.imtbike.com\/pt-br\/viagem-de-moto\/hoteis-gastronomia\/#breadcrumb","itemListElement":[{"@type":"ListItem","position":1,"name":"Home","item":"https:\/\/www.imtbike.com\/"},{"@type":"ListItem","position":2,"name":"Viagem de moto","item":"https:\/\/www.imtbike.com\/pt-br\/viagem-de-moto\/"},{"@type":"ListItem","position":3,"name":"Hot\u00e9is e Gastronomia"}]},{"@type":"WebSite","@id":"https:\/\/www.imtbike.com\/#website","url":"https:\/\/www.imtbike.com\/","name":"IMTBike","description":"Passion for Motorcycling","potentialAction":[{"@type":"SearchAction","target":{"@type":"EntryPoint","urlTemplate":"https:\/\/www.imtbike.com\/?s={search_term_string}"},"query-input":"required name=search_term_string"}],"inLanguage":"pt-BR"}]}},"jetpack_sharing_enabled":true,"_links":{"self":[{"href":"https:\/\/www.imtbike.com\/pt-br\/wp-json\/wp\/v2\/pages\/10176"}],"collection":[{"href":"https:\/\/www.imtbike.com\/pt-br\/wp-json\/wp\/v2\/pages"}],"about":[{"href":"https:\/\/www.imtbike.com\/pt-br\/wp-json\/wp\/v2\/types\/page"}],"author":[{"embeddable":true,"href":"https:\/\/www.imtbike.com\/pt-br\/wp-json\/wp\/v2\/users\/21"}],"replies":[{"embeddable":true,"href":"https:\/\/www.imtbike.com\/pt-br\/wp-json\/wp\/v2\/comments?post=10176"}],"version-history":[{"count":1,"href":"https:\/\/www.imtbike.com\/pt-br\/wp-json\/wp\/v2\/pages\/10176\/revisions"}],"predecessor-version":[{"id":46510,"href":"https:\/\/www.imtbike.com\/pt-br\/wp-json\/wp\/v2\/pages\/10176\/revisions\/46510"}],"up":[{"embeddable":true,"href":"https:\/\/www.imtbike.com\/pt-br\/wp-json\/wp\/v2\/pages\/3918"}],"wp:featuredmedia":[{"embeddable":true,"href":"https:\/\/www.imtbike.com\/pt-br\/wp-json\/wp\/v2\/media\/8939"}],"wp:attachment":[{"href":"https:\/\/www.imtbike.com\/pt-br\/wp-json\/wp\/v2\/media?parent=10176"}],"curies":[{"name":"wp","href":"https:\/\/api.w.org\/{rel}","templated":true}]}}