{"id":9051,"date":"2016-08-29T09:57:37","date_gmt":"2016-08-29T13:57:37","guid":{"rendered":"https:\/\/www.imtbike.com\/self-guided-tours-2\/"},"modified":"2025-05-12T06:08:52","modified_gmt":"2025-05-12T10:08:52","slug":"selbstgefuhrte-touren","status":"publish","type":"page","link":"https:\/\/www.imtbike.com\/de\/selbstgefuhrte-touren\/","title":{"rendered":"Selbstgef\u00fchrte Touren"},"content":{"rendered":"<div class=\"right grid_4 hide-for-small\" style=\"margin-bottom: 20px;\">\n<div class=\"left full brochure\">\n<div class=\"image lightGreyBG left\"><a href=\"https:\/\/www.imtbike.com\/be\/wp-content\/uploads\/2025\/05\/Tours-em-moto-Autoguiados-IMTBIKE-mayo.pdf\" target=\"_blank\" rel=\"noopener\"><img decoding=\"async\" loading=\"lazy\" class=\"left full\" src=\"https:\/\/www.imtbike.com\/be\/wp-content\/themes\/IMTNew\/images\/TourPageGraphics\/pdf.png\" alt=\"Brosch\u00fcre downloaden\" width=\"502\" height=\"511\" \/><\/a><\/div>\n<div class=\"imageText lightGreyBG left horizontalSpacer verticalSpacer\" style=\"padding-left: 1em !important; padding-right: 1em !important;\">\n<h3><a class=\"blue\" style=\"color: #33383e !important;\" href=\"https:\/\/www.imtbike.com\/be\/wp-content\/uploads\/2025\/05\/Tours-em-moto-Autoguiados-IMTBIKE-mayo.pdf\" target=\"_blank\" rel=\"noopener\">Brosch\u00fcre downloaden<\/a><\/h3>\n<h3><\/h3>\n<\/div>\n<\/div>\n<\/div>\n<p><strong>Sie lieben die Freiheit Ihre Motorradtour\u00a0unabh\u00e4ngig durchzuf\u00fchren, m\u00f6gen jedoch den Komfort die Details geplant zu bekommen (z.B. exzellente Hotels und ausgezeichnete Strecken)? Dann passen unsere Selbstgef\u00fchrten Touren zu Ihnen!<\/strong><\/p>\n<p>IMTBIKE k\u00fcmmert sich um alle Tourdetails: Hotelreservierungen, Touren-Handbuch, Michelin-Stra\u00dfenkarten, ein mit allen Routen vorkonfiguriertes Garmin GPS und falls gew\u00fcnscht nat\u00fcrlich ein BMW Motorrad Ihrer Wahl. Am Tag Ihrer Anreise treffen Sie sich mit einem unserer IMTBIKE-Guides f\u00fcr ein ausf\u00fchrliches Tour-Briefing und falls weitere Fragen aufkommen, sind wir per Telefon jederzeit f\u00fcr Sie erreichbar. Wenn gern individuel Reisen, doch auch die Erfahrung und Vorteile von IMTBIKE geniessen wollen, dann sind unsere SELBSTGEF\u00dcHRTEN TOUREN genau das Richtige f\u00fcr Sie!<\/p>\n<p><a href=\"https:\/\/www.imtbike.com\/de\/selbstgefuhrte-touren\/selbstgefuhrte-booking\/\">Buchen Sie jetzt Ihre Selbstgef\u00fchrte Tour<\/a><\/p>\n<div class=\"tborder fullLength\" style=\"padding-top: 40px; margin-top: 40px;\">\n<p><strong>Im Preis der Selbstgef\u00fchrten Tour\u00a0sind enthalten:<\/strong><\/p>\n<div class=\"grid_6\">\n<ul>\n<li style=\"text-align: left;\">\u00dcbernachtungen in\u00a0ausgew\u00e4hlten erstklassigen Hotels<\/li>\n<li style=\"text-align: left;\">Aktuelle, bestens ausgestattete BMW Motorr\u00e4der mit Seitenkoffern und Topcase<\/li>\n<li style=\"text-align: left;\">Ein Navigationssystem vorbereitet mit allen Tagesetappen<\/li>\n<li style=\"text-align: left;\">Michelin Stra\u00dfenkarten, markiert mit den Routen und zus\u00e4tzlichen Fahroptionen<\/li>\n<li style=\"text-align: left;\">Pers\u00f6nliches Briefing mit einem IMTBIKE-Guide, der Ihnen alle Details erkl\u00e4rt<\/li>\n<li style=\"text-align: left;\">Umfangreiches digitales Tour Handbuch mit allen Infos zur Reise<\/li>\n<\/ul>\n<\/div>\n<div class=\"grid_6\">\n<ul>\n<li style=\"text-align: left;\">Jeden Morgen ein ergiebiges Fr\u00fchst\u00fccksbuffet<\/li>\n<li style=\"text-align: left;\">Auflistung gro\u00dfartiger Restaurantempfehlungen und Tapas-Bars entlang der Strecke<\/li>\n<li style=\"text-align: left;\">Vollkaskoversicherung<\/li>\n<li style=\"text-align: left;\">24-st\u00fcndige telefonische Erreichbarkeit von IMTBIKE falls Fragen aufkommen<\/li>\n<li style=\"text-align: left;\">Rund-um-die-Uhr Pannenhilfe<\/li>\n<li style=\"text-align: left;\">Der Transferbetrag vom Flughafen ist zu Beginn der Tour inbegriffen.<\/li>\n<\/ul>\n<\/div>\n<\/div>\n<div class=\"tborder fullLength clear\" style=\"padding-top: 20px; margin-top: 40px;\">\n<p><strong>Nicht enthalten:<\/strong> Flug, Benzin, Mittagessen und Abendessen<\/p>\n<\/div>\n","protected":false},"excerpt":{"rendered":"<p><a href=\"https:\/\/www.imtbike.com\/be\/wp-content\/uploads\/2025\/05\/Tours-em-moto-Autoguiados-IMTBIKE-mayo.pdf\" target=\"_blank\" rel=\"noopener\"><img decoding=\"async\" loading=\"lazy\" class=\"left full\" src=\"https:\/\/www.imtbike.com\/be\/wp-content\/themes\/IMTNew\/images\/TourPageGraphics\/pdf.png\" alt=\"Brosch\u00fcre downloaden\" width=\"502\" height=\"511\" \/><\/a><\/p>\n<p><a class=\"blue\" style=\"color: #33383e !important;\" href=\"https:\/\/www.imtbike.com\/be\/wp-content\/uploads\/2025\/05\/Tours-em-moto-Autoguiados-IMTBIKE-mayo.pdf\" target=\"_blank\" rel=\"noopener\">Brosch\u00fcre downloaden<\/a><\/p>\n<p>Sie lieben die Freiheit Ihre Motorradtour\u00a0unabh\u00e4ngig durchzuf\u00fchren, m\u00f6gen jedoch den Komfort die Details geplant zu bekommen (z.B. exzellente Hotels und ausgezeichnete Strecken)?<\/p>\n<p> <a class=\"read-more\" href=\"https:\/\/www.imtbike.com\/de\/selbstgefuhrte-touren\/\"> Read More<\/a><\/p>\n","protected":false},"author":21,"featured_media":12358,"parent":0,"menu_order":0,"comment_status":"closed","ping_status":"closed","template":"","meta":{"footnotes":""},"acf":[],"yoast_head":"<!-- This site is optimized with the Yoast SEO plugin v22.6 - https:\/\/yoast.com\/wordpress\/plugins\/seo\/ -->\n<title>Selbstgef\u00fchrte Touren - IMTBike<\/title>\n<meta name=\"description\" content=\"Sie lieben die Freiheit Ihre Motorradtour alleine durchzuf\u00fchren, m\u00f6gen jedoch den Komfort die Details geplant zu bekommen? Selbstgef\u00fchrte Touren von IMTBIKE\" \/>\n<meta name=\"robots\" content=\"index, follow, max-snippet:-1, max-image-preview:large, max-video-preview:-1\" \/>\n<link rel=\"canonical\" href=\"https:\/\/www.imtbike.com\/de\/selbstgefuhrte-touren\/\" \/>\n<meta property=\"og:locale\" content=\"de_DE\" \/>\n<meta property=\"og:type\" content=\"article\" \/>\n<meta property=\"og:title\" content=\"Selbstgef\u00fchrte Touren - IMTBike\" \/>\n<meta property=\"og:description\" content=\"Sie lieben die Freiheit Ihre Motorradtour alleine durchzuf\u00fchren, m\u00f6gen jedoch den Komfort die Details geplant zu bekommen? Selbstgef\u00fchrte Touren von IMTBIKE\" \/>\n<meta property=\"og:url\" content=\"https:\/\/www.imtbike.com\/de\/selbstgefuhrte-touren\/\" \/>\n<meta property=\"og:site_name\" content=\"IMTBike\" \/>\n<meta property=\"article:modified_time\" content=\"2025-05-12T10:08:52+00:00\" \/>\n<meta property=\"og:image\" content=\"https:\/\/www.imtbike.com\/be\/wp-content\/uploads\/2016\/08\/Self-guided-1.jpg\" \/>\n\t<meta property=\"og:image:width\" content=\"1198\" \/>\n\t<meta property=\"og:image:height\" content=\"449\" \/>\n\t<meta property=\"og:image:type\" content=\"image\/jpeg\" \/>\n<meta name=\"twitter:label1\" content=\"Est. reading time\" \/>\n\t<meta name=\"twitter:data1\" content=\"2 minutes\" \/>\n<script type=\"application\/ld+json\" class=\"yoast-schema-graph\">{\"@context\":\"https:\/\/schema.org\",\"@graph\":[{\"@type\":\"WebPage\",\"@id\":\"https:\/\/www.imtbike.com\/de\/selbstgefuhrte-touren\/\",\"url\":\"https:\/\/www.imtbike.com\/de\/selbstgefuhrte-touren\/\",\"name\":\"Selbstgef\u00fchrte Touren - IMTBike\",\"isPartOf\":{\"@id\":\"https:\/\/www.imtbike.com\/#website\"},\"primaryImageOfPage\":{\"@id\":\"https:\/\/www.imtbike.com\/de\/selbstgefuhrte-touren\/#primaryimage\"},\"image\":{\"@id\":\"https:\/\/www.imtbike.com\/de\/selbstgefuhrte-touren\/#primaryimage\"},\"thumbnailUrl\":\"https:\/\/www.imtbike.com\/be\/wp-content\/uploads\/2016\/08\/Self-guided-1.jpg\",\"datePublished\":\"2016-08-29T13:57:37+00:00\",\"dateModified\":\"2025-05-12T10:08:52+00:00\",\"description\":\"Sie lieben die Freiheit Ihre Motorradtour alleine durchzuf\u00fchren, m\u00f6gen jedoch den Komfort die Details geplant zu bekommen? Selbstgef\u00fchrte Touren von IMTBIKE\",\"breadcrumb\":{\"@id\":\"https:\/\/www.imtbike.com\/de\/selbstgefuhrte-touren\/#breadcrumb\"},\"inLanguage\":\"de-DE\",\"potentialAction\":[{\"@type\":\"ReadAction\",\"target\":[\"https:\/\/www.imtbike.com\/de\/selbstgefuhrte-touren\/\"]}]},{\"@type\":\"ImageObject\",\"inLanguage\":\"de-DE\",\"@id\":\"https:\/\/www.imtbike.com\/de\/selbstgefuhrte-touren\/#primaryimage\",\"url\":\"https:\/\/www.imtbike.com\/be\/wp-content\/uploads\/2016\/08\/Self-guided-1.jpg\",\"contentUrl\":\"https:\/\/www.imtbike.com\/be\/wp-content\/uploads\/2016\/08\/Self-guided-1.jpg\",\"width\":1198,\"height\":449},{\"@type\":\"BreadcrumbList\",\"@id\":\"https:\/\/www.imtbike.com\/de\/selbstgefuhrte-touren\/#breadcrumb\",\"itemListElement\":[{\"@type\":\"ListItem\",\"position\":1,\"name\":\"Home\",\"item\":\"https:\/\/www.imtbike.com\/de\/\"},{\"@type\":\"ListItem\",\"position\":2,\"name\":\"Selbstgef\u00fchrte Touren\"}]},{\"@type\":\"WebSite\",\"@id\":\"https:\/\/www.imtbike.com\/#website\",\"url\":\"https:\/\/www.imtbike.com\/\",\"name\":\"IMTBike\",\"description\":\"Passion for Motorcycling\",\"potentialAction\":[{\"@type\":\"SearchAction\",\"target\":{\"@type\":\"EntryPoint\",\"urlTemplate\":\"https:\/\/www.imtbike.com\/?s={search_term_string}\"},\"query-input\":\"required name=search_term_string\"}],\"inLanguage\":\"de-DE\"}]}<\/script>\n<!-- \/ Yoast SEO plugin. -->","yoast_head_json":{"title":"Selbstgef\u00fchrte Touren - IMTBike","description":"Sie lieben die Freiheit Ihre Motorradtour alleine durchzuf\u00fchren, m\u00f6gen jedoch den Komfort die Details geplant zu bekommen? Selbstgef\u00fchrte Touren von IMTBIKE","robots":{"index":"index","follow":"follow","max-snippet":"max-snippet:-1","max-image-preview":"max-image-preview:large","max-video-preview":"max-video-preview:-1"},"canonical":"https:\/\/www.imtbike.com\/de\/selbstgefuhrte-touren\/","og_locale":"de_DE","og_type":"article","og_title":"Selbstgef\u00fchrte Touren - IMTBike","og_description":"Sie lieben die Freiheit Ihre Motorradtour alleine durchzuf\u00fchren, m\u00f6gen jedoch den Komfort die Details geplant zu bekommen? Selbstgef\u00fchrte Touren von IMTBIKE","og_url":"https:\/\/www.imtbike.com\/de\/selbstgefuhrte-touren\/","og_site_name":"IMTBike","article_modified_time":"2025-05-12T10:08:52+00:00","og_image":[{"width":1198,"height":449,"url":"https:\/\/www.imtbike.com\/be\/wp-content\/uploads\/2016\/08\/Self-guided-1.jpg","type":"image\/jpeg"}],"twitter_misc":{"Est. reading time":"2 minutes"},"schema":{"@context":"https:\/\/schema.org","@graph":[{"@type":"WebPage","@id":"https:\/\/www.imtbike.com\/de\/selbstgefuhrte-touren\/","url":"https:\/\/www.imtbike.com\/de\/selbstgefuhrte-touren\/","name":"Selbstgef\u00fchrte Touren - IMTBike","isPartOf":{"@id":"https:\/\/www.imtbike.com\/#website"},"primaryImageOfPage":{"@id":"https:\/\/www.imtbike.com\/de\/selbstgefuhrte-touren\/#primaryimage"},"image":{"@id":"https:\/\/www.imtbike.com\/de\/selbstgefuhrte-touren\/#primaryimage"},"thumbnailUrl":"https:\/\/www.imtbike.com\/be\/wp-content\/uploads\/2016\/08\/Self-guided-1.jpg","datePublished":"2016-08-29T13:57:37+00:00","dateModified":"2025-05-12T10:08:52+00:00","description":"Sie lieben die Freiheit Ihre Motorradtour alleine durchzuf\u00fchren, m\u00f6gen jedoch den Komfort die Details geplant zu bekommen? Selbstgef\u00fchrte Touren von IMTBIKE","breadcrumb":{"@id":"https:\/\/www.imtbike.com\/de\/selbstgefuhrte-touren\/#breadcrumb"},"inLanguage":"de-DE","potentialAction":[{"@type":"ReadAction","target":["https:\/\/www.imtbike.com\/de\/selbstgefuhrte-touren\/"]}]},{"@type":"ImageObject","inLanguage":"de-DE","@id":"https:\/\/www.imtbike.com\/de\/selbstgefuhrte-touren\/#primaryimage","url":"https:\/\/www.imtbike.com\/be\/wp-content\/uploads\/2016\/08\/Self-guided-1.jpg","contentUrl":"https:\/\/www.imtbike.com\/be\/wp-content\/uploads\/2016\/08\/Self-guided-1.jpg","width":1198,"height":449},{"@type":"BreadcrumbList","@id":"https:\/\/www.imtbike.com\/de\/selbstgefuhrte-touren\/#breadcrumb","itemListElement":[{"@type":"ListItem","position":1,"name":"Home","item":"https:\/\/www.imtbike.com\/de\/"},{"@type":"ListItem","position":2,"name":"Selbstgef\u00fchrte Touren"}]},{"@type":"WebSite","@id":"https:\/\/www.imtbike.com\/#website","url":"https:\/\/www.imtbike.com\/","name":"IMTBike","description":"Passion for Motorcycling","potentialAction":[{"@type":"SearchAction","target":{"@type":"EntryPoint","urlTemplate":"https:\/\/www.imtbike.com\/?s={search_term_string}"},"query-input":"required name=search_term_string"}],"inLanguage":"de-DE"}]}},"jetpack_sharing_enabled":true,"_links":{"self":[{"href":"https:\/\/www.imtbike.com\/de\/wp-json\/wp\/v2\/pages\/9051"}],"collection":[{"href":"https:\/\/www.imtbike.com\/de\/wp-json\/wp\/v2\/pages"}],"about":[{"href":"https:\/\/www.imtbike.com\/de\/wp-json\/wp\/v2\/types\/page"}],"author":[{"embeddable":true,"href":"https:\/\/www.imtbike.com\/de\/wp-json\/wp\/v2\/users\/21"}],"replies":[{"embeddable":true,"href":"https:\/\/www.imtbike.com\/de\/wp-json\/wp\/v2\/comments?post=9051"}],"version-history":[{"count":10,"href":"https:\/\/www.imtbike.com\/de\/wp-json\/wp\/v2\/pages\/9051\/revisions"}],"predecessor-version":[{"id":46406,"href":"https:\/\/www.imtbike.com\/de\/wp-json\/wp\/v2\/pages\/9051\/revisions\/46406"}],"wp:featuredmedia":[{"embeddable":true,"href":"https:\/\/www.imtbike.com\/de\/wp-json\/wp\/v2\/media\/12358"}],"wp:attachment":[{"href":"https:\/\/www.imtbike.com\/de\/wp-json\/wp\/v2\/media?parent=9051"}],"curies":[{"name":"wp","href":"https:\/\/api.w.org\/{rel}","templated":true}]}}