{"id":9049,"date":"2016-09-01T13:50:18","date_gmt":"2016-09-01T17:50:18","guid":{"rendered":"https:\/\/www.imtbike.com\/self-guided-booking-2\/"},"modified":"2025-05-23T05:38:50","modified_gmt":"2025-05-23T09:38:50","slug":"selbstgefuhrte-booking","status":"publish","type":"page","link":"https:\/\/www.imtbike.com\/de\/selbstgefuhrte-touren\/selbstgefuhrte-booking\/","title":{"rendered":"Buchung einer selbstgef\u00fchrten Tour"},"content":{"rendered":"<div class=\"right grid_4 hide-for-small\" style=\"margin-bottom: 20px;\">\n<div class=\"left full brochure\">\n<div class=\"image lightGreyBG left\"><a href=\"https:\/\/www.imtbike.com\/be\/wp-content\/uploads\/2023\/12\/Selbst-gefuhrte-BMW-Motorrad-Touren-Spanien-und-Europa-IMTBIKE.pdf\" target=\"_blank\" rel=\"noopener\"><img decoding=\"async\" loading=\"lazy\" class=\"left full\" src=\"https:\/\/www.imtbike.com\/be\/wp-content\/themes\/IMT\/images\/TourPageGraphics\/pdf.png\" alt=\"Brosch\u00fcre downloaden\" width=\"502\" height=\"511\" \/><\/a><\/div>\n<div class=\"imageText lightGreyBG left horizontalSpacer verticalSpacer\" style=\"padding-left: 1em !important; padding-right: 1em !important;\">\n<h3\n\n\n<h3><a class=\"blue\" style=\"color: #33383e !important;\" href=\"https:\/\/www.imtbike.com\/be\/wp-content\/uploads\/2023\/12\/Selbst-gefuhrte-BMW-Motorrad-Touren-Spanien-und-Europa-IMTBIKE.pdf\" target=\"_blank\" rel=\"noopener\">Brosch\u00fcre downloaden<\/a><\/h3>\n<\/div>\n<\/div>\n<\/div>\n<p><strong>Sie lieben die Freiheit, Ihre Motorradtour alleine durchzuf\u00fchren, m\u00f6gen jedoch den Komfort , die kleinen Details geplant zu bekommen (wie z. Bsp. exzellente Hotels und ausgezeichnete Strecken)? Dann passen die IMTBIKE selbstgef\u00fchrten Touren zu Ihnen!<\/strong><\/p>\n<p>IMTBIKE k\u00fcmmert sich um alle Tour-Details: Hotelreservierungen, Touren-Handbuch, Michelin-Maps, gespeichertes Garmin GPS. Am Tag Ihrer Anreise treffen Sie sich mit einem unserer IMTBIKE Guides f\u00fcr ein ausf\u00fchrliches Tour-Briefing. Und falls weitere Fragen aufkommen, sind wir per Telefon jederzeit erreichbar. Wenn das individuelle Touren Ihre bevorzugte Art zu reisen ist, Sie aber auch die Vorteile von IMTBIKE\u00b4s Erfahrung geniessen wollen, dann sind unsere SELBSTGEF\u00dcHRTEN TOUREN genau das Richtige f\u00fcr Sie!<\/p>\n","protected":false},"excerpt":{"rendered":"<p><a href=\"https:\/\/www.imtbike.com\/be\/wp-content\/uploads\/2023\/12\/Selbst-gefuhrte-BMW-Motorrad-Touren-Spanien-und-Europa-IMTBIKE.pdf\" target=\"_blank\" rel=\"noopener\"><img decoding=\"async\" loading=\"lazy\" class=\"left full\" src=\"https:\/\/www.imtbike.com\/be\/wp-content\/themes\/IMT\/images\/TourPageGraphics\/pdf.png\" alt=\"Brosch\u00fcre downloaden\" width=\"502\" height=\"511\" \/><\/a> <a class=\"read-more\" href=\"https:\/\/www.imtbike.com\/de\/selbstgefuhrte-touren\/selbstgefuhrte-booking\/\"> Read More<\/a><\/p>\n","protected":false},"author":21,"featured_media":0,"parent":9051,"menu_order":0,"comment_status":"closed","ping_status":"closed","template":"","meta":{"footnotes":""},"acf":[],"yoast_head":"<!-- This site is optimized with the Yoast SEO plugin v22.6 - https:\/\/yoast.com\/wordpress\/plugins\/seo\/ -->\n<title>Buchung einer selbstgef\u00fchrten Tour - IMTBike<\/title>\n<meta name=\"description\" content=\"Buchen Sie Ihre selbstgef\u00fchrte Tour mit IMTBIKE! Motorradreisen auf BMWs mit freiheitlichem Fahrspa\u00df, geplanten Routen und Hotels inklusive.\" \/>\n<meta name=\"robots\" content=\"index, follow, max-snippet:-1, max-image-preview:large, max-video-preview:-1\" \/>\n<link rel=\"canonical\" href=\"https:\/\/www.imtbike.com\/de\/selbstgefuhrte-touren\/selbstgefuhrte-booking\/\" \/>\n<meta property=\"og:locale\" content=\"de_DE\" \/>\n<meta property=\"og:type\" content=\"article\" \/>\n<meta property=\"og:title\" content=\"Buchung einer selbstgef\u00fchrten Tour - IMTBike\" \/>\n<meta property=\"og:description\" content=\"Buchen Sie Ihre selbstgef\u00fchrte Tour mit IMTBIKE! Motorradreisen auf BMWs mit freiheitlichem Fahrspa\u00df, geplanten Routen und Hotels inklusive.\" \/>\n<meta property=\"og:url\" content=\"https:\/\/www.imtbike.com\/de\/selbstgefuhrte-touren\/selbstgefuhrte-booking\/\" \/>\n<meta property=\"og:site_name\" content=\"IMTBike\" \/>\n<meta property=\"article:modified_time\" content=\"2025-05-23T09:38:50+00:00\" \/>\n<meta property=\"og:image\" content=\"https:\/\/www.imtbike.com\/be\/wp-content\/themes\/IMT\/images\/TourPageGraphics\/pdf.png\" \/>\n<meta name=\"twitter:label1\" content=\"Est. reading time\" \/>\n\t<meta name=\"twitter:data1\" content=\"1 minute\" \/>\n<script type=\"application\/ld+json\" class=\"yoast-schema-graph\">{\"@context\":\"https:\/\/schema.org\",\"@graph\":[{\"@type\":\"WebPage\",\"@id\":\"https:\/\/www.imtbike.com\/de\/selbstgefuhrte-touren\/selbstgefuhrte-booking\/\",\"url\":\"https:\/\/www.imtbike.com\/de\/selbstgefuhrte-touren\/selbstgefuhrte-booking\/\",\"name\":\"Buchung einer selbstgef\u00fchrten Tour - IMTBike\",\"isPartOf\":{\"@id\":\"https:\/\/www.imtbike.com\/#website\"},\"primaryImageOfPage\":{\"@id\":\"https:\/\/www.imtbike.com\/de\/selbstgefuhrte-touren\/selbstgefuhrte-booking\/#primaryimage\"},\"image\":{\"@id\":\"https:\/\/www.imtbike.com\/de\/selbstgefuhrte-touren\/selbstgefuhrte-booking\/#primaryimage\"},\"thumbnailUrl\":\"https:\/\/www.imtbike.com\/be\/wp-content\/themes\/IMT\/images\/TourPageGraphics\/pdf.png\",\"datePublished\":\"2016-09-01T17:50:18+00:00\",\"dateModified\":\"2025-05-23T09:38:50+00:00\",\"description\":\"Buchen Sie Ihre selbstgef\u00fchrte Tour mit IMTBIKE! Motorradreisen auf BMWs mit freiheitlichem Fahrspa\u00df, geplanten Routen und Hotels inklusive.\",\"breadcrumb\":{\"@id\":\"https:\/\/www.imtbike.com\/de\/selbstgefuhrte-touren\/selbstgefuhrte-booking\/#breadcrumb\"},\"inLanguage\":\"de-DE\",\"potentialAction\":[{\"@type\":\"ReadAction\",\"target\":[\"https:\/\/www.imtbike.com\/de\/selbstgefuhrte-touren\/selbstgefuhrte-booking\/\"]}]},{\"@type\":\"ImageObject\",\"inLanguage\":\"de-DE\",\"@id\":\"https:\/\/www.imtbike.com\/de\/selbstgefuhrte-touren\/selbstgefuhrte-booking\/#primaryimage\",\"url\":\"https:\/\/www.imtbike.com\/be\/wp-content\/themes\/IMT\/images\/TourPageGraphics\/pdf.png\",\"contentUrl\":\"https:\/\/www.imtbike.com\/be\/wp-content\/themes\/IMT\/images\/TourPageGraphics\/pdf.png\"},{\"@type\":\"BreadcrumbList\",\"@id\":\"https:\/\/www.imtbike.com\/de\/selbstgefuhrte-touren\/selbstgefuhrte-booking\/#breadcrumb\",\"itemListElement\":[{\"@type\":\"ListItem\",\"position\":1,\"name\":\"Home\",\"item\":\"https:\/\/www.imtbike.com\/de\/\"},{\"@type\":\"ListItem\",\"position\":2,\"name\":\"Selbstgef\u00fchrte Touren\",\"item\":\"https:\/\/www.imtbike.com\/de\/selbstgefuhrte-touren\/\"},{\"@type\":\"ListItem\",\"position\":3,\"name\":\"Buchung einer selbstgef\u00fchrten Tour\"}]},{\"@type\":\"WebSite\",\"@id\":\"https:\/\/www.imtbike.com\/#website\",\"url\":\"https:\/\/www.imtbike.com\/\",\"name\":\"IMTBike\",\"description\":\"Passion for Motorcycling\",\"potentialAction\":[{\"@type\":\"SearchAction\",\"target\":{\"@type\":\"EntryPoint\",\"urlTemplate\":\"https:\/\/www.imtbike.com\/?s={search_term_string}\"},\"query-input\":\"required name=search_term_string\"}],\"inLanguage\":\"de-DE\"}]}<\/script>\n<!-- \/ Yoast SEO plugin. -->","yoast_head_json":{"title":"Buchung einer selbstgef\u00fchrten Tour - IMTBike","description":"Buchen Sie Ihre selbstgef\u00fchrte Tour mit IMTBIKE! Motorradreisen auf BMWs mit freiheitlichem Fahrspa\u00df, geplanten Routen und Hotels inklusive.","robots":{"index":"index","follow":"follow","max-snippet":"max-snippet:-1","max-image-preview":"max-image-preview:large","max-video-preview":"max-video-preview:-1"},"canonical":"https:\/\/www.imtbike.com\/de\/selbstgefuhrte-touren\/selbstgefuhrte-booking\/","og_locale":"de_DE","og_type":"article","og_title":"Buchung einer selbstgef\u00fchrten Tour - IMTBike","og_description":"Buchen Sie Ihre selbstgef\u00fchrte Tour mit IMTBIKE! Motorradreisen auf BMWs mit freiheitlichem Fahrspa\u00df, geplanten Routen und Hotels inklusive.","og_url":"https:\/\/www.imtbike.com\/de\/selbstgefuhrte-touren\/selbstgefuhrte-booking\/","og_site_name":"IMTBike","article_modified_time":"2025-05-23T09:38:50+00:00","og_image":[{"url":"https:\/\/www.imtbike.com\/be\/wp-content\/themes\/IMT\/images\/TourPageGraphics\/pdf.png"}],"twitter_misc":{"Est. reading time":"1 minute"},"schema":{"@context":"https:\/\/schema.org","@graph":[{"@type":"WebPage","@id":"https:\/\/www.imtbike.com\/de\/selbstgefuhrte-touren\/selbstgefuhrte-booking\/","url":"https:\/\/www.imtbike.com\/de\/selbstgefuhrte-touren\/selbstgefuhrte-booking\/","name":"Buchung einer selbstgef\u00fchrten Tour - IMTBike","isPartOf":{"@id":"https:\/\/www.imtbike.com\/#website"},"primaryImageOfPage":{"@id":"https:\/\/www.imtbike.com\/de\/selbstgefuhrte-touren\/selbstgefuhrte-booking\/#primaryimage"},"image":{"@id":"https:\/\/www.imtbike.com\/de\/selbstgefuhrte-touren\/selbstgefuhrte-booking\/#primaryimage"},"thumbnailUrl":"https:\/\/www.imtbike.com\/be\/wp-content\/themes\/IMT\/images\/TourPageGraphics\/pdf.png","datePublished":"2016-09-01T17:50:18+00:00","dateModified":"2025-05-23T09:38:50+00:00","description":"Buchen Sie Ihre selbstgef\u00fchrte Tour mit IMTBIKE! Motorradreisen auf BMWs mit freiheitlichem Fahrspa\u00df, geplanten Routen und Hotels inklusive.","breadcrumb":{"@id":"https:\/\/www.imtbike.com\/de\/selbstgefuhrte-touren\/selbstgefuhrte-booking\/#breadcrumb"},"inLanguage":"de-DE","potentialAction":[{"@type":"ReadAction","target":["https:\/\/www.imtbike.com\/de\/selbstgefuhrte-touren\/selbstgefuhrte-booking\/"]}]},{"@type":"ImageObject","inLanguage":"de-DE","@id":"https:\/\/www.imtbike.com\/de\/selbstgefuhrte-touren\/selbstgefuhrte-booking\/#primaryimage","url":"https:\/\/www.imtbike.com\/be\/wp-content\/themes\/IMT\/images\/TourPageGraphics\/pdf.png","contentUrl":"https:\/\/www.imtbike.com\/be\/wp-content\/themes\/IMT\/images\/TourPageGraphics\/pdf.png"},{"@type":"BreadcrumbList","@id":"https:\/\/www.imtbike.com\/de\/selbstgefuhrte-touren\/selbstgefuhrte-booking\/#breadcrumb","itemListElement":[{"@type":"ListItem","position":1,"name":"Home","item":"https:\/\/www.imtbike.com\/de\/"},{"@type":"ListItem","position":2,"name":"Selbstgef\u00fchrte Touren","item":"https:\/\/www.imtbike.com\/de\/selbstgefuhrte-touren\/"},{"@type":"ListItem","position":3,"name":"Buchung einer selbstgef\u00fchrten Tour"}]},{"@type":"WebSite","@id":"https:\/\/www.imtbike.com\/#website","url":"https:\/\/www.imtbike.com\/","name":"IMTBike","description":"Passion for Motorcycling","potentialAction":[{"@type":"SearchAction","target":{"@type":"EntryPoint","urlTemplate":"https:\/\/www.imtbike.com\/?s={search_term_string}"},"query-input":"required name=search_term_string"}],"inLanguage":"de-DE"}]}},"jetpack_sharing_enabled":true,"_links":{"self":[{"href":"https:\/\/www.imtbike.com\/de\/wp-json\/wp\/v2\/pages\/9049"}],"collection":[{"href":"https:\/\/www.imtbike.com\/de\/wp-json\/wp\/v2\/pages"}],"about":[{"href":"https:\/\/www.imtbike.com\/de\/wp-json\/wp\/v2\/types\/page"}],"author":[{"embeddable":true,"href":"https:\/\/www.imtbike.com\/de\/wp-json\/wp\/v2\/users\/21"}],"replies":[{"embeddable":true,"href":"https:\/\/www.imtbike.com\/de\/wp-json\/wp\/v2\/comments?post=9049"}],"version-history":[{"count":4,"href":"https:\/\/www.imtbike.com\/de\/wp-json\/wp\/v2\/pages\/9049\/revisions"}],"predecessor-version":[{"id":42088,"href":"https:\/\/www.imtbike.com\/de\/wp-json\/wp\/v2\/pages\/9049\/revisions\/42088"}],"up":[{"embeddable":true,"href":"https:\/\/www.imtbike.com\/de\/wp-json\/wp\/v2\/pages\/9051"}],"wp:attachment":[{"href":"https:\/\/www.imtbike.com\/de\/wp-json\/wp\/v2\/media?parent=9049"}],"curies":[{"name":"wp","href":"https:\/\/api.w.org\/{rel}","templated":true}]}}