{"id":4405,"date":"2014-02-10T11:01:26","date_gmt":"2014-02-10T16:01:26","guid":{"rendered":"https:\/\/www.imtbike.com\/?page_id=4405"},"modified":"2020-03-16T07:56:25","modified_gmt":"2020-03-16T11:56:25","slug":"reiserucktrittsversicherung","status":"publish","type":"page","link":"https:\/\/www.imtbike.com\/de\/footer\/reiserucktrittsversicherung\/","title":{"rendered":"Reiser\u00fccktrittsversicherung"},"content":{"rendered":"<p>Iberian Moto Tours (IMTBIKE) bietet eine Reiser\u00fccktrittsversicherung an. Kunden, die diese Option w\u00e4hlen, erhalten eine Reisekostenerstattung, wenn er oder sein Reisebegleiter die Reise aus Gr\u00fcnden, die von der Versicherung abgedeckt sind, abbrechen oder unterbrechen muss.<\/p>\n<p>Sie gilt nicht f\u00fcr Ausgaben, die nicht gegen\u00fcber IMTBIKE gemacht wurden. Hierzu z\u00e4hlen z.B. Flugkosten oder Kosten, die vor und nach der Reise enstanden sind, wie Hotelreservierungskosten, die IMTBIKE als Service f\u00fcr den Kunden im voraus bezahlt hat.<\/p>\n<p>Diese Versicherung kann nur zum Zeitpunkt der Reisebuchung abgeschlossen werden. IMTBIKE akzeptiert keine Anfrage f\u00fcr diese Zusatzoption, nachdem die Reise bereits gebucht worden ist. Der Mitreisende oder Zimmergenosse gilt als ernannter Reisebegleiter. Wenn Sie ein Einzelzimmer gebucht haben, k\u00f6nnen Sie vor Antritt der Reise einen Mitreisenden als Reisebegleiter ernennen.<\/p>\n<p>Der Versicherungsschutz kostet 7,5% der Gesamtreisekosten, einschliesslich des Motorradmodell-\u201cUpgrade\u201d, des Einzelzimmerpreisaufschlags und der Reisekosten, ausschliesslich der VIP-Versicherung und anderer Betr\u00e4ge, die nicht an IMTBIKE gezahlt wurden.<\/p>\n<p>IMTBIKE bezahlt eine R\u00fcckerstattung, wenn es dem Versicherten unm\u00f6glich ist, die Reise anzutreten oder zu vollenden, wenn einer der folgenden F\u00e4lle auftritt:<\/p>\n<ul>\n<li>Bei Krankheit, Unfall oder Tod des Versicherten, seines Reisebegleiters oder eines nahen Verwandten oder Gesch\u00e4ftspartners von einem der beiden.<\/li>\n<li>Weltgesundheitswarnungen<\/li>\n<li>Wenn der Versicherte oder sein Reisebegleiter als Sch\u00f6ffe vereidigt werden muss oder eine gerichtliche Vorladung hat.<\/li>\n<li>Wenn das Haus des Versicherten oder das seines Reisebegleiters durch Feuer, \u00dcberschwemmung oder anderen Naturkatastrophen unbewohnbar wurde.<\/li>\n<li>Wenn der Versicherte oder sein Reisebegleiter auf dem Anfahrtsweg in einen Verkehrsunfall verwickelt wurde. Dieser muss polizeilich protokolliert sein.<\/li>\n<li>Wenn der Versicherte oder sein Reisebegleiter zu einem Bundeswehreinsatz gerufen wird.<\/li>\n<li>Wenn der Flug aufgrund von Streik, schlechtem Wetter, Naturkatastrophen oder aufgrund anderer Umst\u00e4nde seitens der Fluggesellschaft storniert werden muss, so dass der Versicherte oder sein Reisebegleiter nicht rechtzeitig am Reiseantrittsort erscheinen kann.<\/li>\n<li>Bei Arbeitslosigkeit. Wenn der Versicherte mindestens seit drei aufeinanderfolgenden Jahren an derselben Arbeitsstelle t\u00e4tig ist und seine Arbeit ohne eigenes Verschulden verliert, nachdem er die Versicherung abgeschlossen hat.<\/li>\n<\/ul>\n<p>Aus der Versicherung wird Folgendes ausdr\u00fccklich ausgeschlossen:<\/p>\n<ul>\n<li>Kosten, die nicht im Tourpreis enhalten sind, wie Flugtickets und weitere Hotel\u00fcbernachtungskosten.<\/li>\n<li>die VIP-Versicherung<\/li>\n<li>der Verlust von Reisegep\u00e4ck<\/li>\n<li>Arztkosten inklusive \u00dcberf\u00fchrungskosten<\/li>\n<li>Vorerkrankungen. Darunter sind alle Verletzungen und Krankheiten, die bis 120 Tage vor Versicherungsabschluss aufgetreten sind oder von einem anerkannten Arzt diagnostiziert wurden und eine \u00e4rztliche Behandlung erfordern.<\/li>\n<li>Jegliche andere Sachlagen, die nicht ausdr\u00fccklich oben genannt wurden.<\/li>\n<\/ul>\n<p>Wenn die Buchung vor Antritt der Reise storniert wird, werden die gesamten Kosten erstattet.<\/p>\n<p>Wenn die Reise abgebrochen werden muss (und die Versicherung abgeschlossen war), werden anteilige Kosten auf Basis der Tage, an denen nicht gereist werden kann, erstattet.<\/p>\n<p>Wenn ein Flug storniert wurde oder ein Unfall passiert, der es dem Versicherten nicht erm\u00f6glicht, p\u00fcnktlich am Abfahrtstag anzukommen, hat er die M\u00f6glichkeit, die Reise zu stornieren oder der bereits begonnenen Reise nachzukommen. Wenn er sich entscheidet, die Reise zu stornieren, werden ihm die Reisekosten erstattet. Wenn er sich der bereits begonnenen Reise anschliessen m\u00f6chte, wird IMTBIKE pr\u00fcfen, ob dies m\u00f6glich ist. Wenn IMTBIKE ein Nachreisen f\u00fcr machbar h\u00e4lt und der Versicherte IMTBIKE bittet ihn dabei zu unterst\u00fctzen, m\u00fcssen alle Zusatzkosten vom Kunden getragen werden. Die anteiligen Kosten f\u00fcr die Tage an denen er nicht reisen konnte, werden in diesem Fall nicht erstattet.<\/p>\n","protected":false},"excerpt":{"rendered":"<p>Iberian Moto Tours (IMTBIKE) bietet eine Reiser\u00fccktrittsversicherung an. Kunden, die diese Option w\u00e4hlen, erhalten eine Reisekostenerstattung, wenn er oder sein Reisebegleiter die Reise aus Gr\u00fcnden, die von der Versicherung abgedeckt sind,<\/p>\n<p> <a class=\"read-more\" href=\"https:\/\/www.imtbike.com\/de\/footer\/reiserucktrittsversicherung\/\"> Read More<\/a><\/p>\n","protected":false},"author":21,"featured_media":0,"parent":4342,"menu_order":0,"comment_status":"open","ping_status":"open","template":"","meta":{"footnotes":""},"acf":[],"yoast_head":"<!-- This site is optimized with the Yoast SEO plugin v22.6 - https:\/\/yoast.com\/wordpress\/plugins\/seo\/ -->\n<title>Reiser\u00fccktrittsversicherung - IMTBike<\/title>\n<meta name=\"robots\" content=\"index, follow, max-snippet:-1, max-image-preview:large, max-video-preview:-1\" \/>\n<link rel=\"canonical\" href=\"https:\/\/www.imtbike.com\/footer\/cancellation_insurance\/\" \/>\n<meta property=\"og:locale\" content=\"de_DE\" \/>\n<meta property=\"og:type\" content=\"article\" \/>\n<meta property=\"og:title\" content=\"Reiser\u00fccktrittsversicherung - IMTBike\" \/>\n<meta property=\"og:description\" content=\"Iberian Moto Tours (IMTBIKE) bietet eine Reiser\u00fccktrittsversicherung an. Kunden, die diese Option w\u00e4hlen, erhalten eine Reisekostenerstattung, wenn er oder sein Reisebegleiter die Reise aus Gr\u00fcnden, die von der Versicherung abgedeckt sind, Read More\" \/>\n<meta property=\"og:url\" content=\"https:\/\/www.imtbike.com\/footer\/cancellation_insurance\/\" \/>\n<meta property=\"og:site_name\" content=\"IMTBike\" \/>\n<meta property=\"article:modified_time\" content=\"2020-03-16T11:56:25+00:00\" \/>\n<meta property=\"og:image\" content=\"https:\/\/www.imtbike.com\/be\/wp-content\/uploads\/2016\/03\/default.jpg\" \/>\n<meta name=\"twitter:label1\" content=\"Est. reading time\" \/>\n\t<meta name=\"twitter:data1\" content=\"3 minutes\" \/>\n<script type=\"application\/ld+json\" class=\"yoast-schema-graph\">{\"@context\":\"https:\/\/schema.org\",\"@graph\":[{\"@type\":\"WebPage\",\"@id\":\"https:\/\/www.imtbike.com\/footer\/cancellation_insurance\/\",\"url\":\"https:\/\/www.imtbike.com\/footer\/cancellation_insurance\/\",\"name\":\"Reiser\u00fccktrittsversicherung - IMTBike\",\"isPartOf\":{\"@id\":\"https:\/\/www.imtbike.com\/#website\"},\"datePublished\":\"2014-02-10T16:01:26+00:00\",\"dateModified\":\"2020-03-16T11:56:25+00:00\",\"breadcrumb\":{\"@id\":\"https:\/\/www.imtbike.com\/footer\/cancellation_insurance\/#breadcrumb\"},\"inLanguage\":\"de-DE\",\"potentialAction\":[{\"@type\":\"ReadAction\",\"target\":[\"https:\/\/www.imtbike.com\/footer\/cancellation_insurance\/\"]}]},{\"@type\":\"BreadcrumbList\",\"@id\":\"https:\/\/www.imtbike.com\/footer\/cancellation_insurance\/#breadcrumb\",\"itemListElement\":[{\"@type\":\"ListItem\",\"position\":1,\"name\":\"Home\",\"item\":\"https:\/\/www.imtbike.com\/de\/\"},{\"@type\":\"ListItem\",\"position\":2,\"name\":\"Footer\",\"item\":\"https:\/\/www.imtbike.com\/footer\/\"},{\"@type\":\"ListItem\",\"position\":3,\"name\":\"Reiser\u00fccktrittsversicherung\"}]},{\"@type\":\"WebSite\",\"@id\":\"https:\/\/www.imtbike.com\/#website\",\"url\":\"https:\/\/www.imtbike.com\/\",\"name\":\"IMTBike\",\"description\":\"Passion for Motorcycling\",\"potentialAction\":[{\"@type\":\"SearchAction\",\"target\":{\"@type\":\"EntryPoint\",\"urlTemplate\":\"https:\/\/www.imtbike.com\/?s={search_term_string}\"},\"query-input\":\"required name=search_term_string\"}],\"inLanguage\":\"de-DE\"}]}<\/script>\n<!-- \/ Yoast SEO plugin. -->","yoast_head_json":{"title":"Reiser\u00fccktrittsversicherung - IMTBike","robots":{"index":"index","follow":"follow","max-snippet":"max-snippet:-1","max-image-preview":"max-image-preview:large","max-video-preview":"max-video-preview:-1"},"canonical":"https:\/\/www.imtbike.com\/footer\/cancellation_insurance\/","og_locale":"de_DE","og_type":"article","og_title":"Reiser\u00fccktrittsversicherung - IMTBike","og_description":"Iberian Moto Tours (IMTBIKE) bietet eine Reiser\u00fccktrittsversicherung an. Kunden, die diese Option w\u00e4hlen, erhalten eine Reisekostenerstattung, wenn er oder sein Reisebegleiter die Reise aus Gr\u00fcnden, die von der Versicherung abgedeckt sind, Read More","og_url":"https:\/\/www.imtbike.com\/footer\/cancellation_insurance\/","og_site_name":"IMTBike","article_modified_time":"2020-03-16T11:56:25+00:00","og_image":[{"url":"https:\/\/www.imtbike.com\/be\/wp-content\/uploads\/2016\/03\/default.jpg"}],"twitter_misc":{"Est. reading time":"3 minutes"},"schema":{"@context":"https:\/\/schema.org","@graph":[{"@type":"WebPage","@id":"https:\/\/www.imtbike.com\/footer\/cancellation_insurance\/","url":"https:\/\/www.imtbike.com\/footer\/cancellation_insurance\/","name":"Reiser\u00fccktrittsversicherung - IMTBike","isPartOf":{"@id":"https:\/\/www.imtbike.com\/#website"},"datePublished":"2014-02-10T16:01:26+00:00","dateModified":"2020-03-16T11:56:25+00:00","breadcrumb":{"@id":"https:\/\/www.imtbike.com\/footer\/cancellation_insurance\/#breadcrumb"},"inLanguage":"de-DE","potentialAction":[{"@type":"ReadAction","target":["https:\/\/www.imtbike.com\/footer\/cancellation_insurance\/"]}]},{"@type":"BreadcrumbList","@id":"https:\/\/www.imtbike.com\/footer\/cancellation_insurance\/#breadcrumb","itemListElement":[{"@type":"ListItem","position":1,"name":"Home","item":"https:\/\/www.imtbike.com\/de\/"},{"@type":"ListItem","position":2,"name":"Footer","item":"https:\/\/www.imtbike.com\/footer\/"},{"@type":"ListItem","position":3,"name":"Reiser\u00fccktrittsversicherung"}]},{"@type":"WebSite","@id":"https:\/\/www.imtbike.com\/#website","url":"https:\/\/www.imtbike.com\/","name":"IMTBike","description":"Passion for Motorcycling","potentialAction":[{"@type":"SearchAction","target":{"@type":"EntryPoint","urlTemplate":"https:\/\/www.imtbike.com\/?s={search_term_string}"},"query-input":"required name=search_term_string"}],"inLanguage":"de-DE"}]}},"jetpack_sharing_enabled":true,"_links":{"self":[{"href":"https:\/\/www.imtbike.com\/de\/wp-json\/wp\/v2\/pages\/4405"}],"collection":[{"href":"https:\/\/www.imtbike.com\/de\/wp-json\/wp\/v2\/pages"}],"about":[{"href":"https:\/\/www.imtbike.com\/de\/wp-json\/wp\/v2\/types\/page"}],"author":[{"embeddable":true,"href":"https:\/\/www.imtbike.com\/de\/wp-json\/wp\/v2\/users\/21"}],"replies":[{"embeddable":true,"href":"https:\/\/www.imtbike.com\/de\/wp-json\/wp\/v2\/comments?post=4405"}],"version-history":[{"count":3,"href":"https:\/\/www.imtbike.com\/de\/wp-json\/wp\/v2\/pages\/4405\/revisions"}],"predecessor-version":[{"id":19257,"href":"https:\/\/www.imtbike.com\/de\/wp-json\/wp\/v2\/pages\/4405\/revisions\/19257"}],"up":[{"embeddable":true,"href":"https:\/\/www.imtbike.com\/de\/wp-json\/wp\/v2\/pages\/4342"}],"wp:attachment":[{"href":"https:\/\/www.imtbike.com\/de\/wp-json\/wp\/v2\/media?parent=4405"}],"curies":[{"name":"wp","href":"https:\/\/api.w.org\/{rel}","templated":true}]}}