{"id":4401,"date":"2014-06-13T13:30:18","date_gmt":"2014-10-24T13:23:49","guid":{"rendered":"https:\/\/www.imtbike.com\/?page_id=4401"},"modified":"2018-02-05T10:52:06","modified_gmt":"2018-02-05T15:52:06","slug":"rewards","status":"publish","type":"page","link":"https:\/\/www.imtbike.com\/de\/rewards\/","title":{"rendered":"IMTBIKE Rewards"},"content":{"rendered":"<p>Wir von IMTBIKE sch\u00e4tzen unsere Stammkunden sehr und haben die IMTBIKE Rewards Punkte ins Leben gerufen, um Ihnen f\u00fcr Ihre Treue zu danken, die Sie uns mit jeder Tour- oder Motorradbuchung entgegen bringen<\/p>\n<h3>So funktionniert es:<\/h3>\n<p>Sobald Sie eine Tour buchen oder ein Motorrad bei IMTBIKE anmieten, sammeln Sie automatisch Punkte! Mehr m\u00fcssen Sie nicht tun, um die Vorteile der IMTBIKE Reward Punkte zu genie\u00dfen. Sie k\u00f6nnen den Stand Ihrer gesammelten Punkte ganz einfach nachschauen, indem Sie sich unter MyIMTBIKE mit Ihrem Benutzernamen und Passwort einloggen. Jeder Rewards Punkt hat den Wert von 1 Euro, der bei der n\u00e4chsten Tour- oder Mietbuchung vom Endpreis abgezogen werden kann.<\/p>\n<div style=\"margin-left: -1em; margin-right: -1em; padding: 0; background: url('https:\/\/www.imtbike.com\/be\/wp-content\/uploads\/2014\/06\/imtbike-rewards-bg.png') 0 0 no-repeat; background-size: cover; text-align: center;\" class=\"show-for-small\"><img decoding=\"async\" src=\"https:\/\/www.imtbike.com\/be\/wp-content\/uploads\/2014\/06\/imtbike-rewards-mobile-de.png\" alt=\"imtbike-rewards-full\" class=\"alignnone size-full wp-image-12130\" style=\"width: 100%;\" \/><\/div>\n<div style=\"margin-left: -1em; margin-right: -1em; padding: 5em; background: url('https:\/\/www.imtbike.com\/be\/wp-content\/uploads\/2014\/06\/imtbike-rewards-bg.png') 0 0 no-repeat; background-size: cover; text-align: center;\" class=\"hide-for-small\"><img decoding=\"async\" src=\"https:\/\/www.imtbike.com\/be\/wp-content\/uploads\/2014\/06\/imtbike-rewards-full-de.png\" alt=\"imtbike-rewards-full\" class=\"alignnone size-full wp-image-12130\" style=\"width: calc(100% - 10em);\" \/><\/div>\n","protected":false},"excerpt":{"rendered":"<p>Wir von IMTBIKE sch\u00e4tzen unsere Stammkunden sehr und haben die IMTBIKE Rewards Punkte ins Leben gerufen, um Ihnen f\u00fcr Ihre Treue zu danken, die Sie uns mit jeder Tour- oder Motorradbuchung entgegen bringen<\/p>\n<p>So funktionniert es:<\/p>\n<p>Sobald Sie eine Tour buchen oder ein Motorrad bei IMTBIKE anmieten,<\/p>\n<p> <a class=\"read-more\" href=\"https:\/\/www.imtbike.com\/de\/rewards\/\"> Read More<\/a><\/p>\n","protected":false},"author":21,"featured_media":920,"parent":0,"menu_order":1,"comment_status":"open","ping_status":"closed","template":"","meta":{"footnotes":""},"acf":[],"yoast_head":"<!-- This site is optimized with the Yoast SEO plugin v22.6 - https:\/\/yoast.com\/wordpress\/plugins\/seo\/ -->\n<title>IMTBIKE Rewards - IMTBike<\/title>\n<meta name=\"robots\" content=\"index, follow, max-snippet:-1, max-image-preview:large, max-video-preview:-1\" \/>\n<link rel=\"canonical\" href=\"https:\/\/www.imtbike.com\/myimtbike-rewards\/\" \/>\n<meta property=\"og:locale\" content=\"de_DE\" \/>\n<meta property=\"og:type\" content=\"article\" \/>\n<meta property=\"og:title\" content=\"IMTBIKE Rewards - IMTBike\" \/>\n<meta property=\"og:description\" content=\"Wir von IMTBIKE sch\u00e4tzen unsere Stammkunden sehr und haben die IMTBIKE Rewards Punkte ins Leben gerufen, um Ihnen f\u00fcr Ihre Treue zu danken, die Sie uns mit jeder Tour- oder Motorradbuchung entgegen bringen So funktionniert es: Sobald Sie eine Tour buchen oder ein Motorrad bei IMTBIKE anmieten, Read More\" \/>\n<meta property=\"og:url\" content=\"https:\/\/www.imtbike.com\/myimtbike-rewards\/\" \/>\n<meta property=\"og:site_name\" content=\"IMTBike\" \/>\n<meta property=\"article:modified_time\" content=\"2018-02-05T15:52:06+00:00\" \/>\n<meta property=\"og:image\" content=\"https:\/\/www.imtbike.com\/be\/wp-content\/uploads\/2014\/06\/tours-faq.jpg\" \/>\n\t<meta property=\"og:image:width\" content=\"1440\" \/>\n\t<meta property=\"og:image:height\" content=\"350\" \/>\n\t<meta property=\"og:image:type\" content=\"image\/jpeg\" \/>\n<meta name=\"twitter:label1\" content=\"Est. reading time\" \/>\n\t<meta name=\"twitter:data1\" content=\"1 minute\" \/>\n<script type=\"application\/ld+json\" class=\"yoast-schema-graph\">{\"@context\":\"https:\/\/schema.org\",\"@graph\":[{\"@type\":\"WebPage\",\"@id\":\"https:\/\/www.imtbike.com\/myimtbike-rewards\/\",\"url\":\"https:\/\/www.imtbike.com\/myimtbike-rewards\/\",\"name\":\"IMTBIKE Rewards - IMTBike\",\"isPartOf\":{\"@id\":\"https:\/\/www.imtbike.com\/#website\"},\"primaryImageOfPage\":{\"@id\":\"https:\/\/www.imtbike.com\/myimtbike-rewards\/#primaryimage\"},\"image\":{\"@id\":\"https:\/\/www.imtbike.com\/myimtbike-rewards\/#primaryimage\"},\"thumbnailUrl\":\"https:\/\/www.imtbike.com\/be\/wp-content\/uploads\/2014\/06\/tours-faq.jpg\",\"datePublished\":\"2014-10-24T13:23:49+00:00\",\"dateModified\":\"2018-02-05T15:52:06+00:00\",\"breadcrumb\":{\"@id\":\"https:\/\/www.imtbike.com\/myimtbike-rewards\/#breadcrumb\"},\"inLanguage\":\"de-DE\",\"potentialAction\":[{\"@type\":\"ReadAction\",\"target\":[\"https:\/\/www.imtbike.com\/myimtbike-rewards\/\"]}]},{\"@type\":\"ImageObject\",\"inLanguage\":\"de-DE\",\"@id\":\"https:\/\/www.imtbike.com\/myimtbike-rewards\/#primaryimage\",\"url\":\"https:\/\/www.imtbike.com\/be\/wp-content\/uploads\/2014\/06\/tours-faq.jpg\",\"contentUrl\":\"https:\/\/www.imtbike.com\/be\/wp-content\/uploads\/2014\/06\/tours-faq.jpg\",\"width\":1440,\"height\":350,\"caption\":\"Tours FAQ\"},{\"@type\":\"BreadcrumbList\",\"@id\":\"https:\/\/www.imtbike.com\/myimtbike-rewards\/#breadcrumb\",\"itemListElement\":[{\"@type\":\"ListItem\",\"position\":1,\"name\":\"Home\",\"item\":\"https:\/\/www.imtbike.com\/de\/\"},{\"@type\":\"ListItem\",\"position\":2,\"name\":\"IMTBIKE Rewards\"}]},{\"@type\":\"WebSite\",\"@id\":\"https:\/\/www.imtbike.com\/#website\",\"url\":\"https:\/\/www.imtbike.com\/\",\"name\":\"IMTBike\",\"description\":\"Passion for Motorcycling\",\"potentialAction\":[{\"@type\":\"SearchAction\",\"target\":{\"@type\":\"EntryPoint\",\"urlTemplate\":\"https:\/\/www.imtbike.com\/?s={search_term_string}\"},\"query-input\":\"required name=search_term_string\"}],\"inLanguage\":\"de-DE\"}]}<\/script>\n<!-- \/ Yoast SEO plugin. -->","yoast_head_json":{"title":"IMTBIKE Rewards - IMTBike","robots":{"index":"index","follow":"follow","max-snippet":"max-snippet:-1","max-image-preview":"max-image-preview:large","max-video-preview":"max-video-preview:-1"},"canonical":"https:\/\/www.imtbike.com\/myimtbike-rewards\/","og_locale":"de_DE","og_type":"article","og_title":"IMTBIKE Rewards - IMTBike","og_description":"Wir von IMTBIKE sch\u00e4tzen unsere Stammkunden sehr und haben die IMTBIKE Rewards Punkte ins Leben gerufen, um Ihnen f\u00fcr Ihre Treue zu danken, die Sie uns mit jeder Tour- oder Motorradbuchung entgegen bringen So funktionniert es: Sobald Sie eine Tour buchen oder ein Motorrad bei IMTBIKE anmieten, Read More","og_url":"https:\/\/www.imtbike.com\/myimtbike-rewards\/","og_site_name":"IMTBike","article_modified_time":"2018-02-05T15:52:06+00:00","og_image":[{"width":1440,"height":350,"url":"https:\/\/www.imtbike.com\/be\/wp-content\/uploads\/2014\/06\/tours-faq.jpg","type":"image\/jpeg"}],"twitter_misc":{"Est. reading time":"1 minute"},"schema":{"@context":"https:\/\/schema.org","@graph":[{"@type":"WebPage","@id":"https:\/\/www.imtbike.com\/myimtbike-rewards\/","url":"https:\/\/www.imtbike.com\/myimtbike-rewards\/","name":"IMTBIKE Rewards - IMTBike","isPartOf":{"@id":"https:\/\/www.imtbike.com\/#website"},"primaryImageOfPage":{"@id":"https:\/\/www.imtbike.com\/myimtbike-rewards\/#primaryimage"},"image":{"@id":"https:\/\/www.imtbike.com\/myimtbike-rewards\/#primaryimage"},"thumbnailUrl":"https:\/\/www.imtbike.com\/be\/wp-content\/uploads\/2014\/06\/tours-faq.jpg","datePublished":"2014-10-24T13:23:49+00:00","dateModified":"2018-02-05T15:52:06+00:00","breadcrumb":{"@id":"https:\/\/www.imtbike.com\/myimtbike-rewards\/#breadcrumb"},"inLanguage":"de-DE","potentialAction":[{"@type":"ReadAction","target":["https:\/\/www.imtbike.com\/myimtbike-rewards\/"]}]},{"@type":"ImageObject","inLanguage":"de-DE","@id":"https:\/\/www.imtbike.com\/myimtbike-rewards\/#primaryimage","url":"https:\/\/www.imtbike.com\/be\/wp-content\/uploads\/2014\/06\/tours-faq.jpg","contentUrl":"https:\/\/www.imtbike.com\/be\/wp-content\/uploads\/2014\/06\/tours-faq.jpg","width":1440,"height":350,"caption":"Tours FAQ"},{"@type":"BreadcrumbList","@id":"https:\/\/www.imtbike.com\/myimtbike-rewards\/#breadcrumb","itemListElement":[{"@type":"ListItem","position":1,"name":"Home","item":"https:\/\/www.imtbike.com\/de\/"},{"@type":"ListItem","position":2,"name":"IMTBIKE Rewards"}]},{"@type":"WebSite","@id":"https:\/\/www.imtbike.com\/#website","url":"https:\/\/www.imtbike.com\/","name":"IMTBike","description":"Passion for Motorcycling","potentialAction":[{"@type":"SearchAction","target":{"@type":"EntryPoint","urlTemplate":"https:\/\/www.imtbike.com\/?s={search_term_string}"},"query-input":"required name=search_term_string"}],"inLanguage":"de-DE"}]}},"jetpack_sharing_enabled":true,"_links":{"self":[{"href":"https:\/\/www.imtbike.com\/de\/wp-json\/wp\/v2\/pages\/4401"}],"collection":[{"href":"https:\/\/www.imtbike.com\/de\/wp-json\/wp\/v2\/pages"}],"about":[{"href":"https:\/\/www.imtbike.com\/de\/wp-json\/wp\/v2\/types\/page"}],"author":[{"embeddable":true,"href":"https:\/\/www.imtbike.com\/de\/wp-json\/wp\/v2\/users\/21"}],"replies":[{"embeddable":true,"href":"https:\/\/www.imtbike.com\/de\/wp-json\/wp\/v2\/comments?post=4401"}],"version-history":[{"count":0,"href":"https:\/\/www.imtbike.com\/de\/wp-json\/wp\/v2\/pages\/4401\/revisions"}],"wp:featuredmedia":[{"embeddable":true,"href":"https:\/\/www.imtbike.com\/de\/wp-json\/wp\/v2\/media\/920"}],"wp:attachment":[{"href":"https:\/\/www.imtbike.com\/de\/wp-json\/wp\/v2\/media?parent=4401"}],"curies":[{"name":"wp","href":"https:\/\/api.w.org\/{rel}","templated":true}]}}