{"id":4338,"date":"2014-02-10T11:01:01","date_gmt":"2014-02-10T16:01:01","guid":{"rendered":"https:\/\/www.imtbike.com\/?page_id=4338"},"modified":"2020-11-05T07:09:33","modified_gmt":"2020-11-05T12:09:33","slug":"bonusprogramm","status":"publish","type":"page","link":"https:\/\/www.imtbike.com\/de\/footer\/bonusprogramm\/","title":{"rendered":"Bonusprogramm"},"content":{"rendered":"<p>IMTBIKE beh\u00e4lt sich das Recht vor, im Punktesystem, ohne vorherige Ank\u00fcndigung, \u00c4nderungen oder Streichungen vorzunehmen.<\/p>\n<p>Desweiteren beh\u00e4lt sich IMTBIKE das Recht vor Punkte nicht einzul\u00f6sen, wenn IMTBIKE nicht in der Lage ist, diesen Service anzubieten.<\/p>\n<p>Wenn ein Teilnehmer durch ungeb\u00fchrliches Verhalten als \u201cpersona non grata\u201d erachtet werden muss, werden seine angesammelten Punkte annuliert.<\/p>\n<p>Die IMTBIKE Treuepunkte k\u00f6nnen nicht in Geld umgetauscht werden.<\/p>\n<p>IMTBIKE Rewards-Treuepunkte k\u00f6nnen nicht auf unseren Weltreisen gesammelt oder eingesetzt werden.<\/p>\n<p>Alle Dienstleistungen aus dem Bonusprogramm unterliegen den Allgemeinen Gesch\u00e4ftsbedingungen von IMTBIKE, nachzulesen auf der Homepage.<\/p>\n","protected":false},"excerpt":{"rendered":"<p>IMTBIKE beh\u00e4lt sich das Recht vor, im Punktesystem, ohne vorherige Ank\u00fcndigung, \u00c4nderungen oder Streichungen vorzunehmen.<\/p>\n<p>Desweiteren beh\u00e4lt sich IMTBIKE das Recht vor Punkte nicht einzul\u00f6sen, wenn IMTBIKE nicht in der Lage ist,<\/p>\n<p> <a class=\"read-more\" href=\"https:\/\/www.imtbike.com\/de\/footer\/bonusprogramm\/\"> Read More<\/a><\/p>\n","protected":false},"author":21,"featured_media":0,"parent":4342,"menu_order":0,"comment_status":"open","ping_status":"open","template":"","meta":{"footnotes":""},"acf":[],"yoast_head":"<!-- This site is optimized with the Yoast SEO plugin v22.6 - https:\/\/yoast.com\/wordpress\/plugins\/seo\/ -->\n<title>Bonusprogramm - IMTBike<\/title>\n<meta name=\"robots\" content=\"index, follow, max-snippet:-1, max-image-preview:large, max-video-preview:-1\" \/>\n<link rel=\"canonical\" href=\"https:\/\/www.imtbike.com\/footer\/rewards-terms-conditions\/\" \/>\n<meta property=\"og:locale\" content=\"de_DE\" \/>\n<meta property=\"og:type\" content=\"article\" \/>\n<meta property=\"og:title\" content=\"Bonusprogramm - IMTBike\" \/>\n<meta property=\"og:description\" content=\"IMTBIKE beh\u00e4lt sich das Recht vor, im Punktesystem, ohne vorherige Ank\u00fcndigung, \u00c4nderungen oder Streichungen vorzunehmen. Desweiteren beh\u00e4lt sich IMTBIKE das Recht vor Punkte nicht einzul\u00f6sen, wenn IMTBIKE nicht in der Lage ist, Read More\" \/>\n<meta property=\"og:url\" content=\"https:\/\/www.imtbike.com\/footer\/rewards-terms-conditions\/\" \/>\n<meta property=\"og:site_name\" content=\"IMTBike\" \/>\n<meta property=\"article:modified_time\" content=\"2020-11-05T12:09:33+00:00\" \/>\n<meta property=\"og:image\" content=\"https:\/\/www.imtbike.com\/be\/wp-content\/uploads\/2016\/03\/default.jpg\" \/>\n<script type=\"application\/ld+json\" class=\"yoast-schema-graph\">{\"@context\":\"https:\/\/schema.org\",\"@graph\":[{\"@type\":\"WebPage\",\"@id\":\"https:\/\/www.imtbike.com\/footer\/rewards-terms-conditions\/\",\"url\":\"https:\/\/www.imtbike.com\/footer\/rewards-terms-conditions\/\",\"name\":\"Bonusprogramm - IMTBike\",\"isPartOf\":{\"@id\":\"https:\/\/www.imtbike.com\/#website\"},\"datePublished\":\"2014-02-10T16:01:01+00:00\",\"dateModified\":\"2020-11-05T12:09:33+00:00\",\"breadcrumb\":{\"@id\":\"https:\/\/www.imtbike.com\/footer\/rewards-terms-conditions\/#breadcrumb\"},\"inLanguage\":\"de-DE\",\"potentialAction\":[{\"@type\":\"ReadAction\",\"target\":[\"https:\/\/www.imtbike.com\/footer\/rewards-terms-conditions\/\"]}]},{\"@type\":\"BreadcrumbList\",\"@id\":\"https:\/\/www.imtbike.com\/footer\/rewards-terms-conditions\/#breadcrumb\",\"itemListElement\":[{\"@type\":\"ListItem\",\"position\":1,\"name\":\"Home\",\"item\":\"https:\/\/www.imtbike.com\/de\/\"},{\"@type\":\"ListItem\",\"position\":2,\"name\":\"Footer\",\"item\":\"https:\/\/www.imtbike.com\/footer\/\"},{\"@type\":\"ListItem\",\"position\":3,\"name\":\"Bonusprogramm\"}]},{\"@type\":\"WebSite\",\"@id\":\"https:\/\/www.imtbike.com\/#website\",\"url\":\"https:\/\/www.imtbike.com\/\",\"name\":\"IMTBike\",\"description\":\"Passion for Motorcycling\",\"potentialAction\":[{\"@type\":\"SearchAction\",\"target\":{\"@type\":\"EntryPoint\",\"urlTemplate\":\"https:\/\/www.imtbike.com\/?s={search_term_string}\"},\"query-input\":\"required name=search_term_string\"}],\"inLanguage\":\"de-DE\"}]}<\/script>\n<!-- \/ Yoast SEO plugin. -->","yoast_head_json":{"title":"Bonusprogramm - IMTBike","robots":{"index":"index","follow":"follow","max-snippet":"max-snippet:-1","max-image-preview":"max-image-preview:large","max-video-preview":"max-video-preview:-1"},"canonical":"https:\/\/www.imtbike.com\/footer\/rewards-terms-conditions\/","og_locale":"de_DE","og_type":"article","og_title":"Bonusprogramm - IMTBike","og_description":"IMTBIKE beh\u00e4lt sich das Recht vor, im Punktesystem, ohne vorherige Ank\u00fcndigung, \u00c4nderungen oder Streichungen vorzunehmen. Desweiteren beh\u00e4lt sich IMTBIKE das Recht vor Punkte nicht einzul\u00f6sen, wenn IMTBIKE nicht in der Lage ist, Read More","og_url":"https:\/\/www.imtbike.com\/footer\/rewards-terms-conditions\/","og_site_name":"IMTBike","article_modified_time":"2020-11-05T12:09:33+00:00","og_image":[{"url":"https:\/\/www.imtbike.com\/be\/wp-content\/uploads\/2016\/03\/default.jpg"}],"schema":{"@context":"https:\/\/schema.org","@graph":[{"@type":"WebPage","@id":"https:\/\/www.imtbike.com\/footer\/rewards-terms-conditions\/","url":"https:\/\/www.imtbike.com\/footer\/rewards-terms-conditions\/","name":"Bonusprogramm - IMTBike","isPartOf":{"@id":"https:\/\/www.imtbike.com\/#website"},"datePublished":"2014-02-10T16:01:01+00:00","dateModified":"2020-11-05T12:09:33+00:00","breadcrumb":{"@id":"https:\/\/www.imtbike.com\/footer\/rewards-terms-conditions\/#breadcrumb"},"inLanguage":"de-DE","potentialAction":[{"@type":"ReadAction","target":["https:\/\/www.imtbike.com\/footer\/rewards-terms-conditions\/"]}]},{"@type":"BreadcrumbList","@id":"https:\/\/www.imtbike.com\/footer\/rewards-terms-conditions\/#breadcrumb","itemListElement":[{"@type":"ListItem","position":1,"name":"Home","item":"https:\/\/www.imtbike.com\/de\/"},{"@type":"ListItem","position":2,"name":"Footer","item":"https:\/\/www.imtbike.com\/footer\/"},{"@type":"ListItem","position":3,"name":"Bonusprogramm"}]},{"@type":"WebSite","@id":"https:\/\/www.imtbike.com\/#website","url":"https:\/\/www.imtbike.com\/","name":"IMTBike","description":"Passion for Motorcycling","potentialAction":[{"@type":"SearchAction","target":{"@type":"EntryPoint","urlTemplate":"https:\/\/www.imtbike.com\/?s={search_term_string}"},"query-input":"required name=search_term_string"}],"inLanguage":"de-DE"}]}},"jetpack_sharing_enabled":true,"_links":{"self":[{"href":"https:\/\/www.imtbike.com\/de\/wp-json\/wp\/v2\/pages\/4338"}],"collection":[{"href":"https:\/\/www.imtbike.com\/de\/wp-json\/wp\/v2\/pages"}],"about":[{"href":"https:\/\/www.imtbike.com\/de\/wp-json\/wp\/v2\/types\/page"}],"author":[{"embeddable":true,"href":"https:\/\/www.imtbike.com\/de\/wp-json\/wp\/v2\/users\/21"}],"replies":[{"embeddable":true,"href":"https:\/\/www.imtbike.com\/de\/wp-json\/wp\/v2\/comments?post=4338"}],"version-history":[{"count":2,"href":"https:\/\/www.imtbike.com\/de\/wp-json\/wp\/v2\/pages\/4338\/revisions"}],"predecessor-version":[{"id":24215,"href":"https:\/\/www.imtbike.com\/de\/wp-json\/wp\/v2\/pages\/4338\/revisions\/24215"}],"up":[{"embeddable":true,"href":"https:\/\/www.imtbike.com\/de\/wp-json\/wp\/v2\/pages\/4342"}],"wp:attachment":[{"href":"https:\/\/www.imtbike.com\/de\/wp-json\/wp\/v2\/media?parent=4338"}],"curies":[{"name":"wp","href":"https:\/\/api.w.org\/{rel}","templated":true}]}}