{"id":3860,"date":"2014-04-03T07:51:34","date_gmt":"2014-04-03T11:51:34","guid":{"rendered":"https:\/\/www.imtbike.com\/?page_id=3860"},"modified":"2023-05-08T13:51:42","modified_gmt":"2023-05-08T17:51:42","slug":"imtbike-family","status":"publish","type":"page","link":"https:\/\/www.imtbike.com\/de\/uber-uns\/imtbike-family\/","title":{"rendered":"IMTBIKE Familie"},"content":{"rendered":"<p>IMTBIKE wurde 1997 in Madrid, Spanien gegr\u00fcndet. Seitdem durften wir bereits tausenden begeisterten Motorradfahrern aus mehr als 90 verschiedenen L\u00e4ndern die Sch\u00f6nheit von Spanien, Portugal, Marokko, Frankreich und Italien zeigen. Wir sind sehr stolz auf unseren Ruf, einer der weltweit f\u00fchrenden Motorrad-Reiseveranstalter zu sein! Mit all unserem Engagement sorgen wir f\u00fcr h\u00f6chste Qualit\u00e4t und wollen sicherstellen, dass alle unsere Tourmitglieder auf ihrer Reise ein Abenteuer der Extraklasse erleben. Unsere Leidenschaft f\u00fcr das Motorrad macht das Reisen mit IMTBIKE zu einem herausragenden Erlebnis.<\/p>\n","protected":false},"excerpt":{"rendered":"<p>IMTBIKE wurde 1997 in Madrid, Spanien gegr\u00fcndet. Seitdem durften wir bereits tausenden begeisterten Motorradfahrern aus mehr als 90 verschiedenen L\u00e4ndern die Sch\u00f6nheit von Spanien, Portugal, Marokko, Frankreich und Italien zeigen.<\/p>\n<p> <a class=\"read-more\" href=\"https:\/\/www.imtbike.com\/de\/uber-uns\/imtbike-family\/\"> Read More<\/a><\/p>\n","protected":false},"author":21,"featured_media":44888,"parent":3855,"menu_order":0,"comment_status":"open","ping_status":"open","template":"","meta":{"footnotes":""},"acf":[],"yoast_head":"<!-- This site is optimized with the Yoast SEO plugin v22.6 - https:\/\/yoast.com\/wordpress\/plugins\/seo\/ -->\n<title>IMTBike Family | Managers and Staff | Guides &amp; Agents<\/title>\n<meta name=\"description\" content=\"IMTBike was founded in 1997 and has developed a reputation for being one of the World&#039;s leading motorcycle tour operators.\" \/>\n<meta name=\"robots\" content=\"index, follow, max-snippet:-1, max-image-preview:large, max-video-preview:-1\" \/>\n<link rel=\"canonical\" href=\"https:\/\/www.imtbike.com\/about\/imtbike-family\/\" \/>\n<meta property=\"og:locale\" content=\"de_DE\" \/>\n<meta property=\"og:type\" content=\"article\" \/>\n<meta property=\"og:title\" content=\"IMTBike Family | Managers and Staff | Guides &amp; Agents\" \/>\n<meta property=\"og:description\" content=\"IMTBike was founded in 1997 and has developed a reputation for being one of the World&#039;s leading motorcycle tour operators.\" \/>\n<meta property=\"og:url\" content=\"https:\/\/www.imtbike.com\/about\/imtbike-family\/\" \/>\n<meta property=\"og:site_name\" content=\"IMTBike\" \/>\n<meta property=\"article:modified_time\" content=\"2023-05-08T17:51:42+00:00\" \/>\n<meta property=\"og:image\" content=\"https:\/\/www.imtbike.com\/be\/wp-content\/uploads\/2023\/05\/banner-family-2023.jpg\" \/>\n\t<meta property=\"og:image:width\" content=\"1198\" \/>\n\t<meta property=\"og:image:height\" content=\"360\" \/>\n\t<meta property=\"og:image:type\" content=\"image\/jpeg\" \/>\n<script type=\"application\/ld+json\" class=\"yoast-schema-graph\">{\"@context\":\"https:\/\/schema.org\",\"@graph\":[{\"@type\":\"WebPage\",\"@id\":\"https:\/\/www.imtbike.com\/about\/imtbike-family\/\",\"url\":\"https:\/\/www.imtbike.com\/about\/imtbike-family\/\",\"name\":\"IMTBike Family | Managers and Staff | Guides & Agents\",\"isPartOf\":{\"@id\":\"https:\/\/www.imtbike.com\/#website\"},\"primaryImageOfPage\":{\"@id\":\"https:\/\/www.imtbike.com\/about\/imtbike-family\/#primaryimage\"},\"image\":{\"@id\":\"https:\/\/www.imtbike.com\/about\/imtbike-family\/#primaryimage\"},\"thumbnailUrl\":\"https:\/\/www.imtbike.com\/be\/wp-content\/uploads\/2024\/12\/PB300224-EDIT2.jpg\",\"datePublished\":\"2014-04-03T11:51:34+00:00\",\"dateModified\":\"2023-05-08T17:51:42+00:00\",\"description\":\"IMTBike was founded in 1997 and has developed a reputation for being one of the World's leading motorcycle tour operators.\",\"breadcrumb\":{\"@id\":\"https:\/\/www.imtbike.com\/about\/imtbike-family\/#breadcrumb\"},\"inLanguage\":\"de-DE\",\"potentialAction\":[{\"@type\":\"ReadAction\",\"target\":[\"https:\/\/www.imtbike.com\/about\/imtbike-family\/\"]}]},{\"@type\":\"ImageObject\",\"inLanguage\":\"de-DE\",\"@id\":\"https:\/\/www.imtbike.com\/about\/imtbike-family\/#primaryimage\",\"url\":\"https:\/\/www.imtbike.com\/be\/wp-content\/uploads\/2024\/12\/PB300224-EDIT2.jpg\",\"contentUrl\":\"https:\/\/www.imtbike.com\/be\/wp-content\/uploads\/2024\/12\/PB300224-EDIT2.jpg\",\"width\":1920,\"height\":1315,\"caption\":\"OLYMPUS DIGITAL CAMERA\"},{\"@type\":\"BreadcrumbList\",\"@id\":\"https:\/\/www.imtbike.com\/about\/imtbike-family\/#breadcrumb\",\"itemListElement\":[{\"@type\":\"ListItem\",\"position\":1,\"name\":\"Home\",\"item\":\"https:\/\/www.imtbike.com\/de\/\"},{\"@type\":\"ListItem\",\"position\":2,\"name\":\"\u00dcber uns\",\"item\":\"https:\/\/www.imtbike.com\/de\/uber-uns\/\"},{\"@type\":\"ListItem\",\"position\":3,\"name\":\"IMTBIKE Familie\"}]},{\"@type\":\"WebSite\",\"@id\":\"https:\/\/www.imtbike.com\/#website\",\"url\":\"https:\/\/www.imtbike.com\/\",\"name\":\"IMTBike\",\"description\":\"Passion for Motorcycling\",\"potentialAction\":[{\"@type\":\"SearchAction\",\"target\":{\"@type\":\"EntryPoint\",\"urlTemplate\":\"https:\/\/www.imtbike.com\/?s={search_term_string}\"},\"query-input\":\"required name=search_term_string\"}],\"inLanguage\":\"de-DE\"}]}<\/script>\n<!-- \/ Yoast SEO plugin. -->","yoast_head_json":{"title":"IMTBike Family | Managers and Staff | Guides & Agents","description":"IMTBike was founded in 1997 and has developed a reputation for being one of the World's leading motorcycle tour operators.","robots":{"index":"index","follow":"follow","max-snippet":"max-snippet:-1","max-image-preview":"max-image-preview:large","max-video-preview":"max-video-preview:-1"},"canonical":"https:\/\/www.imtbike.com\/about\/imtbike-family\/","og_locale":"de_DE","og_type":"article","og_title":"IMTBike Family | Managers and Staff | Guides & Agents","og_description":"IMTBike was founded in 1997 and has developed a reputation for being one of the World's leading motorcycle tour operators.","og_url":"https:\/\/www.imtbike.com\/about\/imtbike-family\/","og_site_name":"IMTBike","article_modified_time":"2023-05-08T17:51:42+00:00","og_image":[{"width":1198,"height":360,"url":"https:\/\/www.imtbike.com\/be\/wp-content\/uploads\/2023\/05\/banner-family-2023.jpg","type":"image\/jpeg"}],"schema":{"@context":"https:\/\/schema.org","@graph":[{"@type":"WebPage","@id":"https:\/\/www.imtbike.com\/about\/imtbike-family\/","url":"https:\/\/www.imtbike.com\/about\/imtbike-family\/","name":"IMTBike Family | Managers and Staff | Guides & Agents","isPartOf":{"@id":"https:\/\/www.imtbike.com\/#website"},"primaryImageOfPage":{"@id":"https:\/\/www.imtbike.com\/about\/imtbike-family\/#primaryimage"},"image":{"@id":"https:\/\/www.imtbike.com\/about\/imtbike-family\/#primaryimage"},"thumbnailUrl":"https:\/\/www.imtbike.com\/be\/wp-content\/uploads\/2024\/12\/PB300224-EDIT2.jpg","datePublished":"2014-04-03T11:51:34+00:00","dateModified":"2023-05-08T17:51:42+00:00","description":"IMTBike was founded in 1997 and has developed a reputation for being one of the World's leading motorcycle tour operators.","breadcrumb":{"@id":"https:\/\/www.imtbike.com\/about\/imtbike-family\/#breadcrumb"},"inLanguage":"de-DE","potentialAction":[{"@type":"ReadAction","target":["https:\/\/www.imtbike.com\/about\/imtbike-family\/"]}]},{"@type":"ImageObject","inLanguage":"de-DE","@id":"https:\/\/www.imtbike.com\/about\/imtbike-family\/#primaryimage","url":"https:\/\/www.imtbike.com\/be\/wp-content\/uploads\/2024\/12\/PB300224-EDIT2.jpg","contentUrl":"https:\/\/www.imtbike.com\/be\/wp-content\/uploads\/2024\/12\/PB300224-EDIT2.jpg","width":1920,"height":1315,"caption":"OLYMPUS DIGITAL CAMERA"},{"@type":"BreadcrumbList","@id":"https:\/\/www.imtbike.com\/about\/imtbike-family\/#breadcrumb","itemListElement":[{"@type":"ListItem","position":1,"name":"Home","item":"https:\/\/www.imtbike.com\/de\/"},{"@type":"ListItem","position":2,"name":"\u00dcber uns","item":"https:\/\/www.imtbike.com\/de\/uber-uns\/"},{"@type":"ListItem","position":3,"name":"IMTBIKE Familie"}]},{"@type":"WebSite","@id":"https:\/\/www.imtbike.com\/#website","url":"https:\/\/www.imtbike.com\/","name":"IMTBike","description":"Passion for Motorcycling","potentialAction":[{"@type":"SearchAction","target":{"@type":"EntryPoint","urlTemplate":"https:\/\/www.imtbike.com\/?s={search_term_string}"},"query-input":"required name=search_term_string"}],"inLanguage":"de-DE"}]}},"jetpack_sharing_enabled":true,"_links":{"self":[{"href":"https:\/\/www.imtbike.com\/de\/wp-json\/wp\/v2\/pages\/3860"}],"collection":[{"href":"https:\/\/www.imtbike.com\/de\/wp-json\/wp\/v2\/pages"}],"about":[{"href":"https:\/\/www.imtbike.com\/de\/wp-json\/wp\/v2\/types\/page"}],"author":[{"embeddable":true,"href":"https:\/\/www.imtbike.com\/de\/wp-json\/wp\/v2\/users\/21"}],"replies":[{"embeddable":true,"href":"https:\/\/www.imtbike.com\/de\/wp-json\/wp\/v2\/comments?post=3860"}],"version-history":[{"count":1,"href":"https:\/\/www.imtbike.com\/de\/wp-json\/wp\/v2\/pages\/3860\/revisions"}],"predecessor-version":[{"id":18534,"href":"https:\/\/www.imtbike.com\/de\/wp-json\/wp\/v2\/pages\/3860\/revisions\/18534"}],"up":[{"embeddable":true,"href":"https:\/\/www.imtbike.com\/de\/wp-json\/wp\/v2\/pages\/3855"}],"wp:featuredmedia":[{"embeddable":true,"href":"https:\/\/www.imtbike.com\/de\/wp-json\/wp\/v2\/media\/44888"}],"wp:attachment":[{"href":"https:\/\/www.imtbike.com\/de\/wp-json\/wp\/v2\/media?parent=3860"}],"curies":[{"name":"wp","href":"https:\/\/api.w.org\/{rel}","templated":true}]}}