{"id":3855,"date":"2014-01-29T15:32:48","date_gmt":"2014-01-29T20:32:48","guid":{"rendered":"https:\/\/www.imtbike.com\/?page_id=3855"},"modified":"2023-02-02T10:14:44","modified_gmt":"2023-02-02T15:14:44","slug":"uber-uns","status":"publish","type":"page","link":"https:\/\/www.imtbike.com\/de\/uber-uns\/","title":{"rendered":"\u00dcber uns"},"content":{"rendered":"<div class=\"left bborder verticalSpacer\">\n<p>IMTBIKE entstand aus der Leidenschaft zum Motorradfahren. Mit gro\u00dfer Begeisterung und Einsatz haben wir immer wieder das Ziel vor Augen, Dir eine Reise zu erm\u00f6glichen, die Du in vollen Z\u00fcgen genie\u00dfen kannst. Diese Begeisterung ist unser Treibstoff und l\u00e4sst uns immer wieder Touren ausarbeiten, die bis ins kleinste Detail recherchiert und stimmig sind und Dir ein unvergessliches Erlebnis garantieren. Es ist genau dieses Zusammenspiel aus Leidenschaft und unserem Anspruch nach Perfektion und Qualit\u00e4t, das das Reisen mit IMTBike zu einer au\u00dfergew\u00f6hnlichen Erfahrung werden l\u00e4sst!<br \/>\nOftmals sind die besten Informationsquellen auf der Suche nach der geeigneten Motorradreise die Freunde oder ehemalige Tourmitglieder, die bereits eine \u00e4hnliche Reise gemacht haben. Wir von IMTBIKE sind sehr stolz auf unseren hervorragenden Ruf. Wir verdienen ihn seit vielen Jahren Dank unserer erfahrenen Tourguides, perfekter Motorr\u00e4der, professionell ausgearbeiteter Reiserouten, erstklassiger Unterk\u00fcnfte mit Charme und Dank der hohen Qualit\u00e4t unserer Performance, die wir Dir aufgrund unserer langj\u00e4hrigen Erfahrung mit Motorr\u00e4dern und Motorradreisen anbieten k\u00f6nnen.<\/p>\n<\/div>\n<div class=\"grid_8 noPadding rborder\">\n<h2 class=\"horizontalSpacer noMargin bborder grid_12 whiteBG\">Hier sind einige Qualit\u00e4tsmerkmale, die IMTBIKE zu einem der weltweit besten Anbieter von Motorradreisen und Motorradvermietungen macht:<\/h2>\n<div class=\"horizontalSpacer noMargin bborder even grid_12\">\n<div class=\"horizontalSpacer noMargin bborder even\">\n<h3 style=\"padding-top: 16px;\">IMTBIKE ist offizieller Partner von BMW Motorrad.<\/h3>\n<div style=\"width: 200px; float: right; padding: 0.5em 0 5px 2em;\"><img decoding=\"async\" loading=\"lazy\" class=\"right\" style=\"float: left; width: 90%; height: auto; padding: 0 0 2em 0;\" src=\"https:\/\/www.imtbike.com\/be\/wp-content\/uploads\/2023\/02\/BMW-2023.png\" alt=\"BMW Sponsors\" width=\"288\" height=\"64\" \/><img decoding=\"async\" loading=\"lazy\" style=\"float: left; width: 100%; height: auto;\" src=\"\/be\/wp-content\/themes\/IMT\/images\/BWWtraining.png\" alt=\"BMW Academy Training\" width=\"1500\" height=\"238\" \/><\/div>\n<p>IMTBIKE ist seit 1997 offizieller Partner von BMW Motorrad. Unsere Tourguides haben alle erfolgreich die BMW International-Tourguide-Akademie (ITA) abgeschlossen. Das bedeutet, wir \u00fcbernehmen die gleichen hohen BMW Qualit\u00e4tsstandards auf unsere Motorradtouren und Motorradvermietungen. Dar\u00fcber hinaus genie\u00dfen wir in ganz Europa die volle Unterst\u00fctzung aller BMW Motorradh\u00e4ndler. Sollte es jemals ein Problem mit einem der Motorr\u00e4der geben, wirst Du immer ganz in Deiner N\u00e4he einen offiziellen BMW-H\u00e4ndler finden und sofortige und bevorzugte Hilfe erhalten!<\/p>\n<\/div>\n<h3 style=\"padding-top: 16px;\">Wir kennen und lieben die Regionen, die wir bereisen.<\/h3>\n<p>Seit 1997 bereist IMTBIKE Spanien, Portugal, Marokko, Frankreich und Italien. Im Laufe der vielen Jahre haben wir nicht nur zahlreiche Touren durch diese L\u00e4nder unternommen; wir haben auch deren Geschichte und Kultur kennen- und lieben gelernt. Dabei haben wir vor Ort Menschen getroffen, mit denen wir bis heute freundschaftlich verbunden sind. Wir sind gl\u00fccklich, dieses kulturelle Wissen und die sch\u00f6nen Erfahrungen dieser Beziehungen mit Dir teilen und Deine Reise dadurch zu einem gro\u00dfartigen authentischen Erlebnis machen zu k\u00f6nnen.<\/p>\n<\/div>\n<div class=\"horizontalSpacer noMargin bborder grid_12 whiteBG\">\n<h3>IMTBIKE hat hervorragende Tourguides.<\/h3>\n<p>Diese R\u00fcckmeldung bekommen wir von unseren Tourteilnehmern immer wieder. Also muss es wahr sein! Unsere Tourguides sind hochqualifiziert und professionell ausgebildet mit den h\u00f6chsten Qualit\u00e4tsstandards von BMW Motorrad. Was aber mindestens genauso wichtig ist: sie sind mit Leidenschaft dabei! Sie sind fr\u00f6hliche und kontaktfreudige Pers\u00f6nlichkeiten, die sehr daran interessiert sind, dass Sie Ihren Urlaub und die Motorradtouren in vollen Z\u00fcgen genie\u00dfen. Alle unsere Tourguides sind mehrsprachig und kennen die Gebiete, in denen sie touren wie ihre Westentasche. Sie sind gl\u00fccklich, ihr kulturelles Wissen an Sie weitergeben zu k\u00f6nnen. Ihre Sicherheit ist uns ebenfalls sehr wichtig. Unsere Tourguides sind erfahrene und qualifizierte Lehrer auf dem Gebiet des Motorradfahrens. Sicherheit geht vor! So liegt ihr aller erster Augenmerk immer darauf, dass sich alle Tourmitglieder w\u00e4hrend der Tour auf\u00a0dem Motorrad wohlf\u00fchlen und innerhalb ihrer \u201eKomfortzone\u201c bleiben. Sie sind auch jederzeit bereit, Ihnen bei Bedarf und auf Wunsch Fahrtipps und Hinweise zu geben, damit Sie ein noch sicherer und noch selbstbewussterer Motorradfahrer werden.<\/p>\n<\/div>\n<div class=\"horizontalSpacer noMargin bborder even grid_12\">\n<h3>Professionell ausgearbeitete Routen.<\/h3>\n<p>IMTBIKE Touren werden sachkundig von spanischen Motorrad-Journalisten konzipiert, unter anderem von dem seit \u00fcber 30 Jahren angeh\u00f6rigen Herausgeber der Fachzeitschrift &#8220;MOTOCICLISMO&#8221; und einem Journalisten, der seit vielen Jahren f\u00fcr die bekanntesten spanischen Ausgaben &#8220;LA MOTO&#8221; und &#8220;MOTOS&#8221; schreibt. Unsere Reisen werden permanent \u00fcberarbeitet und auf den neuesten Stand gebracht, damit Sie immer die besten Motorradstrecken und aktuellsten Sehensw\u00fcrdigkeiten in den L\u00e4ndern, die wir bereisen, genie\u00dfen k\u00f6nnen.<\/p>\n<\/div>\n<div class=\"horizontalSpacer noMargin bborder grid_12 whiteBG\">\n<h3>Motorradflotte mit voll ausgestatteten neuen BMW-Modellen.<\/h3>\n<p>IMTBIKE hat mit \u00fcber 190 Motorr\u00e4dern europaweit den gr\u00f6\u00dften Fuhrpark an\u00a05 verschiedenen Verleihstationen. Es sind voll ausgestattete neue\u00a0BMW Modelle, die sp\u00e4testens alle 1,5 Jahre aktualisiert werden, damit Sie immer ein Motorrad in bestem Zustand mit geringem Kilometerstand fahren k\u00f6nnen. Alle unsere Motorr\u00e4der sind f\u00fcr Ihre Tour mit BMW Seitenkoffern und gepolsterten Topcase ausgestattet, f\u00fcr h\u00f6chsten Komfort f\u00fcr Sie und Ihren Beifahrer. Vor jeder Reise werden unsere Motorr\u00e4der von einem BMW-zertifizierten Mechaniker gewartet.<\/p>\n<\/div>\n<div class=\"horizontalSpacer noMargin bborder grid_12 whiteBG\">\n<h3>Erstklassige Unterk\u00fcnfte.<\/h3>\n<p>IMTBIKE bucht in erster Linie 4-5-Sterne Hotels. Wir achten permanent darauf, dass die Unterbringung den strengen IMTBIKE Standards entspricht. In Spanien und Portugal buchen wir gerne regionale Paradores und Pousadas. Bei beiden handelt es sich um historische Geb\u00e4ude, d.h. ehemalige Schl\u00f6sser, Pal\u00e4ste und Burgen, die in hervorragende, motorradfreundliche Luxus-Hotels mit exzellenter Gastronomie umgebaut wurden. In Marokko \u00fcbernachten wir in 4-5-Sterne Hotels und Riad-Hotels. Ein Riad ist ein ehemaliger Palast, der normalerweise in der Medina oder Festungsanlage liegt und in ein charmantes luxuri\u00f6ses Boutique-Hotel umgebaut wurde.<\/p>\n<\/div>\n<div class=\"horizontalSpacer noMargin bborder even grid_12\">\n<h3>Kleine Gruppen.<\/h3>\n<p>Wir wissen aus Erfahrung, dass kleine und pers\u00f6nliche Gruppen f\u00fcr intensive Abenteuerreisen ideal sind. Deshalb versuchen wir, unsere Gruppen bei 8 bis 12 Teilnehmern zu halten. Kleine Gruppen wie diese geben Dir das sch\u00f6ne Gef\u00fchl der pers\u00f6nlichen Freiheit und dennoch unter Freunden zu sein (die sie bis zum Ende der Tour sicherlich sein werden!). Du wirst Dich auch mit Deinen Tourguides anfreunden; Du bist niemals nur eine Nummer, denn auch ein kameradschaftliches und freundliches Verhalten wird bei IMTBIKE gro\u00df geschrieben!<\/p>\n<\/div>\n<div class=\"horizontalSpacer noMargin bborder grid_12 whiteBG\">\n<h3>IMTBIKE Begleitfahrzeuge.<\/h3>\n<p>Die von IMTBIKE organisierten Touren werden von zwei professionellen Tourguides begleitet. Der leitende Tourguide f\u00e4hrt als Erster auf dem Motorrad und f\u00fchrt die Gruppe an, der zweite Tourguide begleitet sie am Ende in einem IMTBIKE Begleitfahrzeug. Wenn Du etwas aus dem Van ben\u00f6tigst, h\u00e4lt der Fahrer jederzeit f\u00fcr Dich an. Wir transportieren Dein Gep\u00e4ck, eventuelle Eink\u00e4ufe, Ersatzteile f\u00fcr die Motorr\u00e4der und gerne kann auch ein Freund oder ein Familienmitglied, das lieber auf vier R\u00e4dern reist, im Tourbus Platz nehmen.<\/p>\n<\/div>\n<\/div>\n<div class=\"grid_4 noPadding\">\n<div class=\"grid_12 horizontalSpacer\"><a class=\"left\" href=\"\/be\/wp-content\/uploads\/2014\/02\/imtbike160.jpg\" data-lightbox=\"about\"><img decoding=\"async\" class=\"left full size-medium wp-image-477\" src=\"\/be\/wp-content\/uploads\/2014\/02\/imtbike160.jpg\" alt=\"imtbike160\" \/><\/a><br \/>\n<a class=\"left\" href=\"\/be\/wp-content\/uploads\/2014\/02\/imtbike86.jpg\" data-lightbox=\"about\"><img decoding=\"async\" loading=\"lazy\" width=\"624\" height=\"480\" class=\"left full size-medium wp-image-391\" src=\"\/be\/wp-content\/uploads\/2014\/02\/imtbike86.jpg\" alt=\"imtbike86\" srcset=\"https:\/\/www.imtbike.com\/be\/wp-content\/uploads\/2014\/02\/imtbike86.jpg 624w, https:\/\/www.imtbike.com\/be\/wp-content\/uploads\/2014\/02\/imtbike86-300x231.jpg 300w\" sizes=\"(max-width: 624px) 100vw, 624px\" \/><\/a><br \/>\n<a class=\"left\" href=\"\/be\/wp-content\/uploads\/2014\/02\/imtbike137.jpg\" data-lightbox=\"about\"><img decoding=\"async\" loading=\"lazy\" width=\"650\" height=\"488\" class=\"left full size-medium wp-image-448\" src=\"\/be\/wp-content\/uploads\/2014\/02\/imtbike137.jpg\" alt=\"imtbike137\" srcset=\"https:\/\/www.imtbike.com\/be\/wp-content\/uploads\/2014\/02\/imtbike137.jpg 650w, https:\/\/www.imtbike.com\/be\/wp-content\/uploads\/2014\/02\/imtbike137-300x225.jpg 300w\" sizes=\"(max-width: 650px) 100vw, 650px\" \/><\/a><br \/>\n<a class=\"left\" href=\"https:\/\/www.imtbike.com\/be\/wp-content\/uploads\/2014\/02\/IMG_5803.jpg\" data-lightbox=\"about\"><img decoding=\"async\" class=\"left full alignnone wp-image-1167 size-medium\" src=\"https:\/\/www.imtbike.com\/be\/wp-content\/uploads\/2014\/02\/IMG_5803.jpg\" alt=\"\" \/><\/a><\/div>\n<div class=\"left yellowBG horizontalSpacer verticalSpacer\">\n<h2><a href=\"\/de\/uber-uns\/imtbike-family\/\">Lernen Sie Ihre Tourguides kennen<\/a><\/h2>\n<p style=\"text-align: left;\"><img decoding=\"async\" loading=\"lazy\" class=\" wp-image-7576 alignleft\" src=\"https:\/\/www.imtbike.com\/be\/wp-content\/uploads\/2014\/01\/lorenzo.jpg\" alt=\"lorenzo\" width=\"92\" height=\"102\" \/>Wir sind sehr stolz auf unseren Ruf als einer der weltweit f\u00fchrenden Motorradreiseveranstalter und wir verdanken ihn auch unseren hervorragenden Tour-Guides. <a href=\"\/de\/uber-uns\/imtbike-family\/\">mehr \u00fcber uns \u2192<\/a><\/p>\n<\/div>\n<div class=\"left darkBlueBG horizontalSpacer verticalSpacer\">\n<h2 class=\"yellow\"><a href=\"http:\/\/staging.imtbike.es\/rutas-en-moto\/\">Unsere Touren<\/a><\/h2>\n<p><img decoding=\"async\" loading=\"lazy\" class=\"alignleft size-medium wp-image-447\" style=\"width: 100%; height: auto; padding: 0 0 1em;\" src=\"\/be\/wp-content\/uploads\/2014\/02\/imtbike136-300x225.jpg\" alt=\"imtbike136\" width=\"300\" height=\"225\" srcset=\"https:\/\/www.imtbike.com\/be\/wp-content\/uploads\/2014\/02\/imtbike136-300x225.jpg 300w, https:\/\/www.imtbike.com\/be\/wp-content\/uploads\/2014\/02\/imtbike136.jpg 650w\" sizes=\"(max-width: 300px) 100vw, 300px\" \/><\/p>\n<p class=\"white\">IMTBIKE bietet seit 1997 herausragende Motorradtouren in Spanien, Marokko, Portugal, Italien und Frankreich an.<\/p>\n<p><a class=\"yellow\" href=\"\/imt-tours\/\">unsere Touren \u2192<\/a><\/p>\n<\/div>\n<div class=\"left grid_12 horizontalSpacer\"><a href=\"\/be\/wp-content\/uploads\/2014\/06\/transit-van.jpg\" data-lightbox=\"about\"><img decoding=\"async\" loading=\"lazy\" width=\"300\" height=\"225\" class=\"left full size-full wp-image-923\" src=\"\/be\/wp-content\/uploads\/2014\/01\/support-vehicle.jpg\" alt=\"IMTBike Support Vehicle\" \/><\/a><\/div>\n<\/div>\n","protected":false},"excerpt":{"rendered":"<p>IMTBIKE entstand aus der Leidenschaft zum Motorradfahren. Mit gro\u00dfer Begeisterung und Einsatz haben wir immer wieder das Ziel vor Augen, Dir eine Reise zu erm\u00f6glichen, die Du in vollen Z\u00fcgen genie\u00dfen kannst.<\/p>\n<p> <a class=\"read-more\" href=\"https:\/\/www.imtbike.com\/de\/uber-uns\/\"> Read More<\/a><\/p>\n","protected":false},"author":21,"featured_media":0,"parent":0,"menu_order":5,"comment_status":"open","ping_status":"open","template":"","meta":{"footnotes":""},"acf":[],"yoast_head":"<!-- This site is optimized with the Yoast SEO plugin v22.6 - https:\/\/yoast.com\/wordpress\/plugins\/seo\/ -->\n<title>\u00dcber uns - IMTBike<\/title>\n<meta name=\"description\" content=\"\u00dcber IMTBike | BMW Motorrad Partner | 17 Jahre Service\" \/>\n<meta name=\"robots\" content=\"index, follow, max-snippet:-1, max-image-preview:large, max-video-preview:-1\" \/>\n<link rel=\"canonical\" href=\"https:\/\/www.imtbike.com\/de\/uber-uns\/\" \/>\n<meta property=\"og:locale\" content=\"de_DE\" \/>\n<meta property=\"og:type\" content=\"article\" \/>\n<meta property=\"og:title\" content=\"\u00dcber uns - IMTBike\" \/>\n<meta property=\"og:description\" content=\"\u00dcber IMTBike | BMW Motorrad Partner | 17 Jahre Service\" \/>\n<meta property=\"og:url\" content=\"https:\/\/www.imtbike.com\/de\/uber-uns\/\" \/>\n<meta property=\"og:site_name\" content=\"IMTBike\" \/>\n<meta property=\"article:modified_time\" content=\"2023-02-02T15:14:44+00:00\" \/>\n<meta property=\"og:image\" content=\"https:\/\/www.imtbike.com\/be\/wp-content\/uploads\/2023\/02\/BMW-2023.png\" \/>\n<meta name=\"twitter:label1\" content=\"Est. reading time\" \/>\n\t<meta name=\"twitter:data1\" content=\"5 minutes\" \/>\n<script type=\"application\/ld+json\" class=\"yoast-schema-graph\">{\"@context\":\"https:\/\/schema.org\",\"@graph\":[{\"@type\":\"WebPage\",\"@id\":\"https:\/\/www.imtbike.com\/de\/uber-uns\/\",\"url\":\"https:\/\/www.imtbike.com\/de\/uber-uns\/\",\"name\":\"\u00dcber uns - IMTBike\",\"isPartOf\":{\"@id\":\"https:\/\/www.imtbike.com\/#website\"},\"primaryImageOfPage\":{\"@id\":\"https:\/\/www.imtbike.com\/de\/uber-uns\/#primaryimage\"},\"image\":{\"@id\":\"https:\/\/www.imtbike.com\/de\/uber-uns\/#primaryimage\"},\"thumbnailUrl\":\"https:\/\/www.imtbike.com\/be\/wp-content\/uploads\/2023\/02\/BMW-2023.png\",\"datePublished\":\"2014-01-29T20:32:48+00:00\",\"dateModified\":\"2023-02-02T15:14:44+00:00\",\"description\":\"\u00dcber IMTBike | BMW Motorrad Partner | 17 Jahre Service\",\"breadcrumb\":{\"@id\":\"https:\/\/www.imtbike.com\/de\/uber-uns\/#breadcrumb\"},\"inLanguage\":\"de-DE\",\"potentialAction\":[{\"@type\":\"ReadAction\",\"target\":[\"https:\/\/www.imtbike.com\/de\/uber-uns\/\"]}]},{\"@type\":\"ImageObject\",\"inLanguage\":\"de-DE\",\"@id\":\"https:\/\/www.imtbike.com\/de\/uber-uns\/#primaryimage\",\"url\":\"https:\/\/www.imtbike.com\/be\/wp-content\/uploads\/2023\/02\/BMW-2023.png\",\"contentUrl\":\"https:\/\/www.imtbike.com\/be\/wp-content\/uploads\/2023\/02\/BMW-2023.png\"},{\"@type\":\"BreadcrumbList\",\"@id\":\"https:\/\/www.imtbike.com\/de\/uber-uns\/#breadcrumb\",\"itemListElement\":[{\"@type\":\"ListItem\",\"position\":1,\"name\":\"Home\",\"item\":\"https:\/\/www.imtbike.com\/de\/\"},{\"@type\":\"ListItem\",\"position\":2,\"name\":\"\u00dcber uns\"}]},{\"@type\":\"WebSite\",\"@id\":\"https:\/\/www.imtbike.com\/#website\",\"url\":\"https:\/\/www.imtbike.com\/\",\"name\":\"IMTBike\",\"description\":\"Passion for Motorcycling\",\"potentialAction\":[{\"@type\":\"SearchAction\",\"target\":{\"@type\":\"EntryPoint\",\"urlTemplate\":\"https:\/\/www.imtbike.com\/?s={search_term_string}\"},\"query-input\":\"required name=search_term_string\"}],\"inLanguage\":\"de-DE\"}]}<\/script>\n<!-- \/ Yoast SEO plugin. -->","yoast_head_json":{"title":"\u00dcber uns - IMTBike","description":"\u00dcber IMTBike | BMW Motorrad Partner | 17 Jahre Service","robots":{"index":"index","follow":"follow","max-snippet":"max-snippet:-1","max-image-preview":"max-image-preview:large","max-video-preview":"max-video-preview:-1"},"canonical":"https:\/\/www.imtbike.com\/de\/uber-uns\/","og_locale":"de_DE","og_type":"article","og_title":"\u00dcber uns - IMTBike","og_description":"\u00dcber IMTBike | BMW Motorrad Partner | 17 Jahre Service","og_url":"https:\/\/www.imtbike.com\/de\/uber-uns\/","og_site_name":"IMTBike","article_modified_time":"2023-02-02T15:14:44+00:00","og_image":[{"url":"https:\/\/www.imtbike.com\/be\/wp-content\/uploads\/2023\/02\/BMW-2023.png"}],"twitter_misc":{"Est. reading time":"5 minutes"},"schema":{"@context":"https:\/\/schema.org","@graph":[{"@type":"WebPage","@id":"https:\/\/www.imtbike.com\/de\/uber-uns\/","url":"https:\/\/www.imtbike.com\/de\/uber-uns\/","name":"\u00dcber uns - IMTBike","isPartOf":{"@id":"https:\/\/www.imtbike.com\/#website"},"primaryImageOfPage":{"@id":"https:\/\/www.imtbike.com\/de\/uber-uns\/#primaryimage"},"image":{"@id":"https:\/\/www.imtbike.com\/de\/uber-uns\/#primaryimage"},"thumbnailUrl":"https:\/\/www.imtbike.com\/be\/wp-content\/uploads\/2023\/02\/BMW-2023.png","datePublished":"2014-01-29T20:32:48+00:00","dateModified":"2023-02-02T15:14:44+00:00","description":"\u00dcber IMTBike | BMW Motorrad Partner | 17 Jahre Service","breadcrumb":{"@id":"https:\/\/www.imtbike.com\/de\/uber-uns\/#breadcrumb"},"inLanguage":"de-DE","potentialAction":[{"@type":"ReadAction","target":["https:\/\/www.imtbike.com\/de\/uber-uns\/"]}]},{"@type":"ImageObject","inLanguage":"de-DE","@id":"https:\/\/www.imtbike.com\/de\/uber-uns\/#primaryimage","url":"https:\/\/www.imtbike.com\/be\/wp-content\/uploads\/2023\/02\/BMW-2023.png","contentUrl":"https:\/\/www.imtbike.com\/be\/wp-content\/uploads\/2023\/02\/BMW-2023.png"},{"@type":"BreadcrumbList","@id":"https:\/\/www.imtbike.com\/de\/uber-uns\/#breadcrumb","itemListElement":[{"@type":"ListItem","position":1,"name":"Home","item":"https:\/\/www.imtbike.com\/de\/"},{"@type":"ListItem","position":2,"name":"\u00dcber uns"}]},{"@type":"WebSite","@id":"https:\/\/www.imtbike.com\/#website","url":"https:\/\/www.imtbike.com\/","name":"IMTBike","description":"Passion for Motorcycling","potentialAction":[{"@type":"SearchAction","target":{"@type":"EntryPoint","urlTemplate":"https:\/\/www.imtbike.com\/?s={search_term_string}"},"query-input":"required name=search_term_string"}],"inLanguage":"de-DE"}]}},"jetpack_sharing_enabled":true,"_links":{"self":[{"href":"https:\/\/www.imtbike.com\/de\/wp-json\/wp\/v2\/pages\/3855"}],"collection":[{"href":"https:\/\/www.imtbike.com\/de\/wp-json\/wp\/v2\/pages"}],"about":[{"href":"https:\/\/www.imtbike.com\/de\/wp-json\/wp\/v2\/types\/page"}],"author":[{"embeddable":true,"href":"https:\/\/www.imtbike.com\/de\/wp-json\/wp\/v2\/users\/21"}],"replies":[{"embeddable":true,"href":"https:\/\/www.imtbike.com\/de\/wp-json\/wp\/v2\/comments?post=3855"}],"version-history":[{"count":5,"href":"https:\/\/www.imtbike.com\/de\/wp-json\/wp\/v2\/pages\/3855\/revisions"}],"predecessor-version":[{"id":27024,"href":"https:\/\/www.imtbike.com\/de\/wp-json\/wp\/v2\/pages\/3855\/revisions\/27024"}],"wp:attachment":[{"href":"https:\/\/www.imtbike.com\/de\/wp-json\/wp\/v2\/media?parent=3855"}],"curies":[{"name":"wp","href":"https:\/\/api.w.org\/{rel}","templated":true}]}}