{"id":3850,"date":"2014-08-06T11:05:27","date_gmt":"2014-08-06T15:05:27","guid":{"rendered":"https:\/\/www.imtbike.com\/?page_id=3850"},"modified":"2025-01-17T05:42:07","modified_gmt":"2025-01-17T10:42:07","slug":"equipment-rental","status":"publish","type":"page","link":"https:\/\/www.imtbike.com\/de\/motorradvermietung-in-spanien-portugal\/equipment-rental\/","title":{"rendered":"Verleih Motorradzubeh\u00f6r und Bekleidung"},"content":{"rendered":"<div class=\"left half\" style=\"padding: 1em 2em 1em 0;\">\n<h3>BMW ConnectedRide Navigator GPS-Verleih<\/h3>\n<p><img decoding=\"async\" loading=\"lazy\" class=\"sFlh5c FyHeAf iPVvYb alignleft\" src=\"https:\/\/www.manual.gt\/thumbs\/brands\/l\/1365-bmw_logo.webp\" alt=\"Manual de usuario BMW Navigator V (Espa\u00f1ol - 76 p\u00e1ginas)\" width=\"106\" height=\"106\" aria-hidden=\"false\" \/><br \/>\nGPS-Ger\u00e4te k\u00f6nnen f\u00fcr 10\u20ac \/ Tag gemietet werden. Klicken Sie einfach auf die GPS-Box im Formular Vermietung!<\/p>\n<\/div>\n<div class=\"left half\" style=\"padding: 1em 2em 1em 0;\">\n<h3>Verleih Motorradkleidung<\/h3>\n<p><img decoding=\"async\" loading=\"lazy\" class=\"right\" style=\"width: 80px; height: auto; padding: 0 0 5px 2em;\" src=\"https:\/\/www.imtbike.com\/be\/wp-content\/themes\/IMTNew\/images\/equpment.png\" alt=\"equipment rental\" width=\"264\" height=\"233\" \/>Sie k\u00f6nnen bei uns Helme, Jacken und Handschuhe mieten. <a href=\"https:\/\/www.imtbike.com\/de\/kontakt\/\">Kontaktieren<\/a> Sie uns und wir pr\u00fcfen die Verf\u00fcgbarkeit f\u00fcr Sie.<\/p>\n<p class=\"smaller strong\"><em>Sofern verf\u00fcgbar, bitten wir Sie Motorradbekleidung im Voraus zu buchen.<\/em><\/p>\n<\/div>\n<div class=\"left full tborder\"><\/div>\n<div class=\"left half clear\" style=\"padding: 1em 2em 1em 0;\">\n<h3>Tankrucksack Vermietung<\/h3>\n<p><a href=\"https:\/\/www.imtbike.com\/be\/wp-content\/uploads\/2014\/08\/wunderlich.png\"><img decoding=\"async\" class=\"left\" style=\"width: 100px; height: auto; padding: 1em 2em 2em 0;\" src=\"https:\/\/www.imtbike.com\/be\/wp-content\/uploads\/2014\/08\/wunderlich-300x59.png\" alt=\"\" width=\"100\" \/><\/a>Praktisch und immer alles zur Hand! Buchen Sie einen Tankrucksack f\u00fcr Ihre Motorradreise.\u00a0<a href=\"https:\/\/www.imtbike.com\/de\/kontakt\/\">Kontaktieren<\/a> Sie uns und wir pr\u00fcfen die Verf\u00fcgbarkeit f\u00fcr Sie<\/p>\n<p><em>Sofern verf\u00fcgbar, bitten wir Sie den Tankrucksack im Voraus zu buchen.<\/em><\/p>\n<\/div>\n","protected":false},"excerpt":{"rendered":"<p>BMW ConnectedRide Navigator GPS-Verleih<\/p>\n<p><img decoding=\"async\" loading=\"lazy\" class=\"sFlh5c FyHeAf iPVvYb alignleft\" src=\"https:\/\/www.manual.gt\/thumbs\/brands\/l\/1365-bmw_logo.webp\" alt=\"Manual de usuario BMW Navigator V (Espa\u00f1ol - 76 p\u00e1ginas)\" width=\"106\" height=\"106\" aria-hidden=\"false\" \/><br \/>\nGPS-Ger\u00e4te k\u00f6nnen f\u00fcr 10\u20ac \/ Tag gemietet werden. Klicken Sie einfach auf die GPS-Box im Formular Vermietung!<\/p>\n<p>Verleih Motorradkleidung<\/p>\n<p><img decoding=\"async\" loading=\"lazy\" class=\"right\" style=\"width: 80px; height: auto; padding: 0 0 5px 2em;\" src=\"https:\/\/www.imtbike.com\/be\/wp-content\/themes\/IMTNew\/images\/equpment.png\" alt=\"equipment rental\" width=\"264\" height=\"233\" \/>Sie k\u00f6nnen bei uns Helme,<\/p>\n<p> <a class=\"read-more\" href=\"https:\/\/www.imtbike.com\/de\/motorradvermietung-in-spanien-portugal\/equipment-rental\/\"> Read More<\/a><\/p>\n","protected":false},"author":21,"featured_media":0,"parent":15106,"menu_order":4,"comment_status":"open","ping_status":"closed","template":"","meta":{"footnotes":""},"acf":[],"yoast_head":"<!-- This site is optimized with the Yoast SEO plugin v22.6 - https:\/\/yoast.com\/wordpress\/plugins\/seo\/ -->\n<title>Verleih Motorradzubeh\u00f6r und Bekleidung - IMTBike<\/title>\n<meta name=\"description\" content=\"Buchen sie Ihre Motorradreise mit IMTBIKE und dazu das passende Reisezubeh\u00f6r wie GPS, Navi, Helm, Jacke, Hose und Tankrucksack\" \/>\n<meta name=\"robots\" content=\"index, follow, max-snippet:-1, max-image-preview:large, max-video-preview:-1\" \/>\n<link rel=\"canonical\" href=\"https:\/\/www.imtbike.com\/de\/motorradvermietung-in-spanien-portugal\/equipment-rental\/\" \/>\n<meta property=\"og:locale\" content=\"de_DE\" \/>\n<meta property=\"og:type\" content=\"article\" \/>\n<meta property=\"og:title\" content=\"Verleih Motorradzubeh\u00f6r und Bekleidung - IMTBike\" \/>\n<meta property=\"og:description\" content=\"Buchen sie Ihre Motorradreise mit IMTBIKE und dazu das passende Reisezubeh\u00f6r wie GPS, Navi, Helm, Jacke, Hose und Tankrucksack\" \/>\n<meta property=\"og:url\" content=\"https:\/\/www.imtbike.com\/de\/motorradvermietung-in-spanien-portugal\/equipment-rental\/\" \/>\n<meta property=\"og:site_name\" content=\"IMTBike\" \/>\n<meta property=\"article:modified_time\" content=\"2025-01-17T10:42:07+00:00\" \/>\n<meta property=\"og:image\" content=\"https:\/\/www.manual.gt\/thumbs\/brands\/l\/1365-bmw_logo.webp\" \/>\n<meta name=\"twitter:label1\" content=\"Est. reading time\" \/>\n\t<meta name=\"twitter:data1\" content=\"1 minute\" \/>\n<script type=\"application\/ld+json\" class=\"yoast-schema-graph\">{\"@context\":\"https:\/\/schema.org\",\"@graph\":[{\"@type\":\"WebPage\",\"@id\":\"https:\/\/www.imtbike.com\/de\/motorradvermietung-in-spanien-portugal\/equipment-rental\/\",\"url\":\"https:\/\/www.imtbike.com\/de\/motorradvermietung-in-spanien-portugal\/equipment-rental\/\",\"name\":\"Verleih Motorradzubeh\u00f6r und Bekleidung - IMTBike\",\"isPartOf\":{\"@id\":\"https:\/\/www.imtbike.com\/#website\"},\"primaryImageOfPage\":{\"@id\":\"https:\/\/www.imtbike.com\/de\/motorradvermietung-in-spanien-portugal\/equipment-rental\/#primaryimage\"},\"image\":{\"@id\":\"https:\/\/www.imtbike.com\/de\/motorradvermietung-in-spanien-portugal\/equipment-rental\/#primaryimage\"},\"thumbnailUrl\":\"https:\/\/www.manual.gt\/thumbs\/brands\/l\/1365-bmw_logo.webp\",\"datePublished\":\"2014-08-06T15:05:27+00:00\",\"dateModified\":\"2025-01-17T10:42:07+00:00\",\"description\":\"Buchen sie Ihre Motorradreise mit IMTBIKE und dazu das passende Reisezubeh\u00f6r wie GPS, Navi, Helm, Jacke, Hose und Tankrucksack\",\"breadcrumb\":{\"@id\":\"https:\/\/www.imtbike.com\/de\/motorradvermietung-in-spanien-portugal\/equipment-rental\/#breadcrumb\"},\"inLanguage\":\"de-DE\",\"potentialAction\":[{\"@type\":\"ReadAction\",\"target\":[\"https:\/\/www.imtbike.com\/de\/motorradvermietung-in-spanien-portugal\/equipment-rental\/\"]}]},{\"@type\":\"ImageObject\",\"inLanguage\":\"de-DE\",\"@id\":\"https:\/\/www.imtbike.com\/de\/motorradvermietung-in-spanien-portugal\/equipment-rental\/#primaryimage\",\"url\":\"https:\/\/www.manual.gt\/thumbs\/brands\/l\/1365-bmw_logo.webp\",\"contentUrl\":\"https:\/\/www.manual.gt\/thumbs\/brands\/l\/1365-bmw_logo.webp\"},{\"@type\":\"BreadcrumbList\",\"@id\":\"https:\/\/www.imtbike.com\/de\/motorradvermietung-in-spanien-portugal\/equipment-rental\/#breadcrumb\",\"itemListElement\":[{\"@type\":\"ListItem\",\"position\":1,\"name\":\"Home\",\"item\":\"https:\/\/www.imtbike.com\/de\/\"},{\"@type\":\"ListItem\",\"position\":2,\"name\":\"Motorradvermietung in Spanien &#038; Portugal\",\"item\":\"https:\/\/www.imtbike.com\/motorcycle-rentals\/\"},{\"@type\":\"ListItem\",\"position\":3,\"name\":\"Verleih Motorradzubeh\u00f6r und Bekleidung\"}]},{\"@type\":\"WebSite\",\"@id\":\"https:\/\/www.imtbike.com\/#website\",\"url\":\"https:\/\/www.imtbike.com\/\",\"name\":\"IMTBike\",\"description\":\"Passion for Motorcycling\",\"potentialAction\":[{\"@type\":\"SearchAction\",\"target\":{\"@type\":\"EntryPoint\",\"urlTemplate\":\"https:\/\/www.imtbike.com\/?s={search_term_string}\"},\"query-input\":\"required name=search_term_string\"}],\"inLanguage\":\"de-DE\"}]}<\/script>\n<!-- \/ Yoast SEO plugin. -->","yoast_head_json":{"title":"Verleih Motorradzubeh\u00f6r und Bekleidung - IMTBike","description":"Buchen sie Ihre Motorradreise mit IMTBIKE und dazu das passende Reisezubeh\u00f6r wie GPS, Navi, Helm, Jacke, Hose und Tankrucksack","robots":{"index":"index","follow":"follow","max-snippet":"max-snippet:-1","max-image-preview":"max-image-preview:large","max-video-preview":"max-video-preview:-1"},"canonical":"https:\/\/www.imtbike.com\/de\/motorradvermietung-in-spanien-portugal\/equipment-rental\/","og_locale":"de_DE","og_type":"article","og_title":"Verleih Motorradzubeh\u00f6r und Bekleidung - IMTBike","og_description":"Buchen sie Ihre Motorradreise mit IMTBIKE und dazu das passende Reisezubeh\u00f6r wie GPS, Navi, Helm, Jacke, Hose und Tankrucksack","og_url":"https:\/\/www.imtbike.com\/de\/motorradvermietung-in-spanien-portugal\/equipment-rental\/","og_site_name":"IMTBike","article_modified_time":"2025-01-17T10:42:07+00:00","og_image":[{"url":"https:\/\/www.manual.gt\/thumbs\/brands\/l\/1365-bmw_logo.webp"}],"twitter_misc":{"Est. reading time":"1 minute"},"schema":{"@context":"https:\/\/schema.org","@graph":[{"@type":"WebPage","@id":"https:\/\/www.imtbike.com\/de\/motorradvermietung-in-spanien-portugal\/equipment-rental\/","url":"https:\/\/www.imtbike.com\/de\/motorradvermietung-in-spanien-portugal\/equipment-rental\/","name":"Verleih Motorradzubeh\u00f6r und Bekleidung - IMTBike","isPartOf":{"@id":"https:\/\/www.imtbike.com\/#website"},"primaryImageOfPage":{"@id":"https:\/\/www.imtbike.com\/de\/motorradvermietung-in-spanien-portugal\/equipment-rental\/#primaryimage"},"image":{"@id":"https:\/\/www.imtbike.com\/de\/motorradvermietung-in-spanien-portugal\/equipment-rental\/#primaryimage"},"thumbnailUrl":"https:\/\/www.manual.gt\/thumbs\/brands\/l\/1365-bmw_logo.webp","datePublished":"2014-08-06T15:05:27+00:00","dateModified":"2025-01-17T10:42:07+00:00","description":"Buchen sie Ihre Motorradreise mit IMTBIKE und dazu das passende Reisezubeh\u00f6r wie GPS, Navi, Helm, Jacke, Hose und Tankrucksack","breadcrumb":{"@id":"https:\/\/www.imtbike.com\/de\/motorradvermietung-in-spanien-portugal\/equipment-rental\/#breadcrumb"},"inLanguage":"de-DE","potentialAction":[{"@type":"ReadAction","target":["https:\/\/www.imtbike.com\/de\/motorradvermietung-in-spanien-portugal\/equipment-rental\/"]}]},{"@type":"ImageObject","inLanguage":"de-DE","@id":"https:\/\/www.imtbike.com\/de\/motorradvermietung-in-spanien-portugal\/equipment-rental\/#primaryimage","url":"https:\/\/www.manual.gt\/thumbs\/brands\/l\/1365-bmw_logo.webp","contentUrl":"https:\/\/www.manual.gt\/thumbs\/brands\/l\/1365-bmw_logo.webp"},{"@type":"BreadcrumbList","@id":"https:\/\/www.imtbike.com\/de\/motorradvermietung-in-spanien-portugal\/equipment-rental\/#breadcrumb","itemListElement":[{"@type":"ListItem","position":1,"name":"Home","item":"https:\/\/www.imtbike.com\/de\/"},{"@type":"ListItem","position":2,"name":"Motorradvermietung in Spanien &#038; Portugal","item":"https:\/\/www.imtbike.com\/motorcycle-rentals\/"},{"@type":"ListItem","position":3,"name":"Verleih Motorradzubeh\u00f6r und Bekleidung"}]},{"@type":"WebSite","@id":"https:\/\/www.imtbike.com\/#website","url":"https:\/\/www.imtbike.com\/","name":"IMTBike","description":"Passion for Motorcycling","potentialAction":[{"@type":"SearchAction","target":{"@type":"EntryPoint","urlTemplate":"https:\/\/www.imtbike.com\/?s={search_term_string}"},"query-input":"required name=search_term_string"}],"inLanguage":"de-DE"}]}},"jetpack_sharing_enabled":true,"_links":{"self":[{"href":"https:\/\/www.imtbike.com\/de\/wp-json\/wp\/v2\/pages\/3850"}],"collection":[{"href":"https:\/\/www.imtbike.com\/de\/wp-json\/wp\/v2\/pages"}],"about":[{"href":"https:\/\/www.imtbike.com\/de\/wp-json\/wp\/v2\/types\/page"}],"author":[{"embeddable":true,"href":"https:\/\/www.imtbike.com\/de\/wp-json\/wp\/v2\/users\/21"}],"replies":[{"embeddable":true,"href":"https:\/\/www.imtbike.com\/de\/wp-json\/wp\/v2\/comments?post=3850"}],"version-history":[{"count":5,"href":"https:\/\/www.imtbike.com\/de\/wp-json\/wp\/v2\/pages\/3850\/revisions"}],"predecessor-version":[{"id":45073,"href":"https:\/\/www.imtbike.com\/de\/wp-json\/wp\/v2\/pages\/3850\/revisions\/45073"}],"up":[{"embeddable":true,"href":"https:\/\/www.imtbike.com\/de\/wp-json\/wp\/v2\/pages\/15106"}],"wp:attachment":[{"href":"https:\/\/www.imtbike.com\/de\/wp-json\/wp\/v2\/media?parent=3850"}],"curies":[{"name":"wp","href":"https:\/\/api.w.org\/{rel}","templated":true}]}}