{"id":3842,"date":"2014-04-02T12:55:41","date_gmt":"2014-04-02T16:55:41","guid":{"rendered":"https:\/\/www.imtbike.com\/?page_id=3842"},"modified":"2026-04-10T04:01:47","modified_gmt":"2026-04-10T08:01:47","slug":"motorradunterbringung","status":"publish","type":"page","link":"https:\/\/www.imtbike.com\/de\/motorradvermietung-in-spanien-portugal\/motorradunterbringung\/","title":{"rendered":"Motorradeinlagerung"},"content":{"rendered":"<p>IMTBIKE hat vier\u00a0Motorrad-Lagerzentren in Spanien und Portugal: Barcelona, Madrid, M\u00e1laga und Lissabon. Alle\u00a0vier befinden sich logistisch in der N\u00e4he gro\u00dfer Flugh\u00e4fen und mit direkter Autobahnanbindung. Wenn Du ein Motorrad in Europa besitzt und es in Spanien oder Portugal an einem trockenen und sicheren Ort unterbringen m\u00f6chtest, bietet IMTBIKE\u00a0Dir eine Motorradgarage in guter Lage zu fairen Konditionen.<\/p>\n<p>IMTBIKE verf\u00fcgt \u00fcber eine Flotte von \u00fcber\u00a0170 BMW-Motorr\u00e4dern und wir wissen, wie wichtig es ist, Motorr\u00e4der zu pflegen und in einwandfreiem Zustand zu halten. Wenn Sie den Service der IMTBike Motorradeinlagerung in Spanien in Anspruch nehmen, profitieren Sie von der gleichen Leidenschaft, Hingabe und Sorgfalt, wie wir auch f\u00fcr unsere eigenen Motorr\u00e4der aufbringen.<\/p>\n<div style=\"float: left; width: 100%; margin: 0 0 2em; background: #f5f5f5; padding: 1em; border: 1px solid #ccc;\">\n<h3>Locations<\/h3>\n<div class=\"left half\">\n<h4>Madrid<\/h4>\n<p><iframe loading=\"lazy\" style=\"border: 0;\" src=\"https:\/\/www.google.com\/maps\/embed?pb=!1m14!1m8!1m3!1d97242.24696606857!2d-3.840661!3d40.390677!3m2!1i1024!2i768!4f13.1!3m3!1m2!1s0x0%3A0x54fa98ade1cd861b!2sIMTBike+Tours+%26+Rentals!5e0!3m2!1sen!2sus!4v1396460726123\" width=\"90%\" height=\"300\" frameborder=\"0\"><\/iframe><\/p>\n<div style=\"padding: 0 1em 0 0;\">\n<p style=\"font-size: 0.85em;\">Calle Chapineria, 6B<br \/>\nPol Ind Ventorro del Cano<br \/>\n28925 \u2013 Alcorc\u00f3n \u2013 Madrid<\/p>\n<p style=\"font-size: 0.85em;\"><a href=\"mailto:info@imtbike.com\">Email<\/a><br \/>\n(+34) 91 633 72 22<\/p>\n<\/div>\n<\/div>\n<div class=\"left half\">\n<h4>Barcelona<\/h4>\n<p><iframe loading=\"lazy\" style=\"border: 0;\" src=\"https:\/\/www.google.com\/maps\/embed?pb=!1m14!1m8!1m3!1d5987.298099678123!2d2.139499!3d41.381709!3m2!1i1024!2i768!4f13.1!3m3!1m2!1s0x12a4987df74fed0d%3A0x32c22df1c1ce550c!2sCarrer+Melcior+de+Palau%2C+157!5e0!3m2!1sen!2sus!4v1396460573931\" width=\"90%\" height=\"300\" frameborder=\"0\"><\/iframe><\/p>\n<div style=\"padding: 0 1em 0 0;\">\n<p style=\"font-size: 0.85em;\">Calle Melcior de Palau, 157<br \/>\n08014 Barcelona<\/p>\n<p style=\"font-size: 0.85em;\"><a href=\"mailto:info@imtbike.com\">Email<\/a><br \/>\n(+34) 91 633 72 22<\/p>\n<\/div>\n<\/div>\n<div class=\"left half\">\n<h4>M\u00e1laga<\/h4>\n<p><iframe loading=\"lazy\" style=\"border: 0;\" src=\"https:\/\/www.google.com\/maps\/embed?pb=!1m18!1m12!1m3!1d27550.90511644378!2d-4.488928244284335!3d36.712385813901626!2m3!1f0!2f0!3f0!3m2!1i1024!2i768!4f13.1!3m3!1m2!1s0x0%3A0x12d0dd1e82a6e02f!2sIMTBIKE%20M%C3%A1laga%20BMW%20Motorcycle%20Tours%20%26%20Rentals!5e0!3m2!1sen!2sca!4v1595361746753!5m2!1sen!2sca\" width=\"90%\" height=\"300\" frameborder=\"0\"><\/iframe><\/p>\n<div style=\"padding: 0 1em 0 0;\">\n<p style=\"font-size: 0.85em;\">Calle Ter, 1, Pol\u00edgono El Viso<br \/>\n2900 &#8211; M\u00e1laga<\/p>\n<p style=\"font-size: 0.85em;\"><a href=\"mailto:info@imtbike.com\">Email<\/a><br \/>\n(+34) 952 026 748<\/p>\n<\/div>\n<\/div>\n<div class=\"left half\">\n<h4>Bilbao<\/h4>\n<p><iframe loading=\"lazy\" src=\"https:\/\/www.google.com\/maps\/embed?pb=!1m18!1m12!1m3!1d2627.9228502088245!2d-2.9044798243627663!3d43.29438207556508!2m3!1f0!2f0!3f0!3m2!1i1024!2i768!4f13.1!3m3!1m2!1s0xd4e495d32a91db9%3A0x8101a4630709d544!2sIMTBIKE%20BMW%20Motorcycle%20Tours%20%26%20Rentals!5e0!3m2!1ses!2ses!4v1775807176071!5m2!1ses!2ses\" width=\"90%\" height=\"300\" frameborder=\"0\"><\/iframe><\/p>\n<div style=\"padding: 0 1em 0 0;\">\n<p style=\"font-size: 0.85em;\">Avenida Txorierri Etorbidea 20<br \/>\nPabell\u00f3n 4<br \/>\n48180 Loiu, Bizkaia<\/p>\n<p style=\"font-size: 0.85em;\"><a href=\"mailto:bilbao@imtbike.com\">Email<\/a><br \/>\n(+34) 91 633 72 22<\/p>\n<\/div>\n<\/div>\n<div class=\"left half\">\n<h4>Lissabon<\/h4>\n<p><iframe loading=\"lazy\" style=\"border: 0;\" src=\"https:\/\/www.google.com\/maps\/embed?pb=!1m18!1m12!1m3!1d3112.65653118668!2d-9.146850999999982!3d38.725694000000004!2m3!1f0!2f0!3f0!3m2!1i1024!2i768!4f13.1!3m3!1m2!1s0xd193377cadbc571%3A0xcebcf05fc7da28a2!2sIMTBike+(aluguer+y+rutas+motos+BMW)!5e0!3m2!1ses!2ses!4v1415870099507\" width=\"90%\" height=\"300\" frameborder=\"0\"><\/iframe><\/p>\n<div style=\"padding: 0 1em 0 0;\">\n<p style=\"font-size: 0.85em;\">Rua de Santa Marta 72-A<br \/>\n1150-298 \u2013 Lissabon<\/p>\n<p style=\"font-size: 0.85em;\"><a href=\"mailto:info@imtbike.com\">Email<\/a><br \/>\n(+34) 91 633 72 22<\/p>\n<\/div>\n<\/div>\n<\/div>\n<h3>Wir bieten Ihnen folgenden Leistungen f\u00fcr die Unterbringung Ihres Motorrads an:<\/h3>\n<ul>\n<li>\n<ul>\n<li>Vier\u00a0Motorradlagerorte in Spanien und Portugal: Madrid, Barcelona, Malaga und Lissabon<\/li>\n<li>Sichere und trockene Unterbringung Deines Motorrad<\/li>\n<li>Lagerung von Motorradzubeh\u00f6r und Bekleidung<\/li>\n<li>Alarm gesicherte Lagerung mit 24-Stunden-Sicherheitsdienst<\/li>\n<li>Versicherung<\/li>\n<li>Gegen eine Geb\u00fchr bieten wir zus\u00e4tzliche Basiswartung Ihres Motorrad<\/li>\n<\/ul>\n<\/li>\n<\/ul>\n","protected":false},"excerpt":{"rendered":"<p>IMTBIKE hat vier\u00a0Motorrad-Lagerzentren in Spanien und Portugal: Barcelona, Madrid, M\u00e1laga und Lissabon. Alle\u00a0vier befinden sich logistisch in der N\u00e4he gro\u00dfer Flugh\u00e4fen und mit direkter Autobahnanbindung. Wenn Du ein Motorrad in Europa besitzt und es in Spanien oder Portugal an einem trockenen und sicheren Ort unterbringen m\u00f6chtest,<\/p>\n<p> <a class=\"read-more\" href=\"https:\/\/www.imtbike.com\/de\/motorradvermietung-in-spanien-portugal\/motorradunterbringung\/\"> Read More<\/a><\/p>\n","protected":false},"author":21,"featured_media":0,"parent":15106,"menu_order":3,"comment_status":"open","ping_status":"closed","template":"","meta":{"footnotes":""},"acf":[],"yoast_head":"<!-- This site is optimized with the Yoast SEO plugin v22.6 - https:\/\/yoast.com\/wordpress\/plugins\/seo\/ -->\n<title>Motorradlager in Madrid, Barcelona, Malaga - IMTBIKE<\/title>\n<meta name=\"description\" content=\"IMTBike bietet trockene und sichere Motorradeinlagerung Spanien und Portugal: Madrid, Barcelona, Malaga und Lissabon. Vertrauen Sie auf 22 Jahre Erfahrung!\" \/>\n<meta name=\"robots\" content=\"index, follow, max-snippet:-1, max-image-preview:large, max-video-preview:-1\" \/>\n<link rel=\"canonical\" href=\"https:\/\/www.imtbike.com\/de\/motorradvermietung-in-spanien-portugal\/motorradunterbringung\/\" \/>\n<meta property=\"og:locale\" content=\"de_DE\" \/>\n<meta property=\"og:type\" content=\"article\" \/>\n<meta property=\"og:title\" content=\"Motorradlager in Madrid, Barcelona, Malaga - IMTBIKE\" \/>\n<meta property=\"og:description\" content=\"IMTBike bietet trockene und sichere Motorradeinlagerung Spanien und Portugal: Madrid, Barcelona, Malaga und Lissabon. Vertrauen Sie auf 22 Jahre Erfahrung!\" \/>\n<meta property=\"og:url\" content=\"https:\/\/www.imtbike.com\/de\/motorradvermietung-in-spanien-portugal\/motorradunterbringung\/\" \/>\n<meta property=\"og:site_name\" content=\"IMTBike\" \/>\n<meta property=\"article:modified_time\" content=\"2026-04-10T08:01:47+00:00\" \/>\n<meta property=\"og:image\" content=\"https:\/\/www.imtbike.com\/be\/wp-content\/uploads\/2016\/03\/default.jpg\" \/>\n<meta name=\"twitter:label1\" content=\"Est. reading time\" \/>\n\t<meta name=\"twitter:data1\" content=\"2 minutes\" \/>\n<script type=\"application\/ld+json\" class=\"yoast-schema-graph\">{\"@context\":\"https:\/\/schema.org\",\"@graph\":[{\"@type\":\"WebPage\",\"@id\":\"https:\/\/www.imtbike.com\/de\/motorradvermietung-in-spanien-portugal\/motorradunterbringung\/\",\"url\":\"https:\/\/www.imtbike.com\/de\/motorradvermietung-in-spanien-portugal\/motorradunterbringung\/\",\"name\":\"Motorradlager in Madrid, Barcelona, Malaga - IMTBIKE\",\"isPartOf\":{\"@id\":\"https:\/\/www.imtbike.com\/#website\"},\"datePublished\":\"2014-04-02T16:55:41+00:00\",\"dateModified\":\"2026-04-10T08:01:47+00:00\",\"description\":\"IMTBike bietet trockene und sichere Motorradeinlagerung Spanien und Portugal: Madrid, Barcelona, Malaga und Lissabon. Vertrauen Sie auf 22 Jahre Erfahrung!\",\"breadcrumb\":{\"@id\":\"https:\/\/www.imtbike.com\/de\/motorradvermietung-in-spanien-portugal\/motorradunterbringung\/#breadcrumb\"},\"inLanguage\":\"de-DE\",\"potentialAction\":[{\"@type\":\"ReadAction\",\"target\":[\"https:\/\/www.imtbike.com\/de\/motorradvermietung-in-spanien-portugal\/motorradunterbringung\/\"]}]},{\"@type\":\"BreadcrumbList\",\"@id\":\"https:\/\/www.imtbike.com\/de\/motorradvermietung-in-spanien-portugal\/motorradunterbringung\/#breadcrumb\",\"itemListElement\":[{\"@type\":\"ListItem\",\"position\":1,\"name\":\"Home\",\"item\":\"https:\/\/www.imtbike.com\/de\/\"},{\"@type\":\"ListItem\",\"position\":2,\"name\":\"Motorradvermietung in Spanien &#038; Portugal\",\"item\":\"https:\/\/www.imtbike.com\/motorcycle-rentals\/\"},{\"@type\":\"ListItem\",\"position\":3,\"name\":\"Motorradeinlagerung\"}]},{\"@type\":\"WebSite\",\"@id\":\"https:\/\/www.imtbike.com\/#website\",\"url\":\"https:\/\/www.imtbike.com\/\",\"name\":\"IMTBike\",\"description\":\"Passion for Motorcycling\",\"potentialAction\":[{\"@type\":\"SearchAction\",\"target\":{\"@type\":\"EntryPoint\",\"urlTemplate\":\"https:\/\/www.imtbike.com\/?s={search_term_string}\"},\"query-input\":\"required name=search_term_string\"}],\"inLanguage\":\"de-DE\"}]}<\/script>\n<!-- \/ Yoast SEO plugin. -->","yoast_head_json":{"title":"Motorradlager in Madrid, Barcelona, Malaga - IMTBIKE","description":"IMTBike bietet trockene und sichere Motorradeinlagerung Spanien und Portugal: Madrid, Barcelona, Malaga und Lissabon. Vertrauen Sie auf 22 Jahre Erfahrung!","robots":{"index":"index","follow":"follow","max-snippet":"max-snippet:-1","max-image-preview":"max-image-preview:large","max-video-preview":"max-video-preview:-1"},"canonical":"https:\/\/www.imtbike.com\/de\/motorradvermietung-in-spanien-portugal\/motorradunterbringung\/","og_locale":"de_DE","og_type":"article","og_title":"Motorradlager in Madrid, Barcelona, Malaga - IMTBIKE","og_description":"IMTBike bietet trockene und sichere Motorradeinlagerung Spanien und Portugal: Madrid, Barcelona, Malaga und Lissabon. Vertrauen Sie auf 22 Jahre Erfahrung!","og_url":"https:\/\/www.imtbike.com\/de\/motorradvermietung-in-spanien-portugal\/motorradunterbringung\/","og_site_name":"IMTBike","article_modified_time":"2026-04-10T08:01:47+00:00","og_image":[{"url":"https:\/\/www.imtbike.com\/be\/wp-content\/uploads\/2016\/03\/default.jpg"}],"twitter_misc":{"Est. reading time":"2 minutes"},"schema":{"@context":"https:\/\/schema.org","@graph":[{"@type":"WebPage","@id":"https:\/\/www.imtbike.com\/de\/motorradvermietung-in-spanien-portugal\/motorradunterbringung\/","url":"https:\/\/www.imtbike.com\/de\/motorradvermietung-in-spanien-portugal\/motorradunterbringung\/","name":"Motorradlager in Madrid, Barcelona, Malaga - IMTBIKE","isPartOf":{"@id":"https:\/\/www.imtbike.com\/#website"},"datePublished":"2014-04-02T16:55:41+00:00","dateModified":"2026-04-10T08:01:47+00:00","description":"IMTBike bietet trockene und sichere Motorradeinlagerung Spanien und Portugal: Madrid, Barcelona, Malaga und Lissabon. Vertrauen Sie auf 22 Jahre Erfahrung!","breadcrumb":{"@id":"https:\/\/www.imtbike.com\/de\/motorradvermietung-in-spanien-portugal\/motorradunterbringung\/#breadcrumb"},"inLanguage":"de-DE","potentialAction":[{"@type":"ReadAction","target":["https:\/\/www.imtbike.com\/de\/motorradvermietung-in-spanien-portugal\/motorradunterbringung\/"]}]},{"@type":"BreadcrumbList","@id":"https:\/\/www.imtbike.com\/de\/motorradvermietung-in-spanien-portugal\/motorradunterbringung\/#breadcrumb","itemListElement":[{"@type":"ListItem","position":1,"name":"Home","item":"https:\/\/www.imtbike.com\/de\/"},{"@type":"ListItem","position":2,"name":"Motorradvermietung in Spanien &#038; Portugal","item":"https:\/\/www.imtbike.com\/motorcycle-rentals\/"},{"@type":"ListItem","position":3,"name":"Motorradeinlagerung"}]},{"@type":"WebSite","@id":"https:\/\/www.imtbike.com\/#website","url":"https:\/\/www.imtbike.com\/","name":"IMTBike","description":"Passion for Motorcycling","potentialAction":[{"@type":"SearchAction","target":{"@type":"EntryPoint","urlTemplate":"https:\/\/www.imtbike.com\/?s={search_term_string}"},"query-input":"required name=search_term_string"}],"inLanguage":"de-DE"}]}},"jetpack_sharing_enabled":true,"_links":{"self":[{"href":"https:\/\/www.imtbike.com\/de\/wp-json\/wp\/v2\/pages\/3842"}],"collection":[{"href":"https:\/\/www.imtbike.com\/de\/wp-json\/wp\/v2\/pages"}],"about":[{"href":"https:\/\/www.imtbike.com\/de\/wp-json\/wp\/v2\/types\/page"}],"author":[{"embeddable":true,"href":"https:\/\/www.imtbike.com\/de\/wp-json\/wp\/v2\/users\/21"}],"replies":[{"embeddable":true,"href":"https:\/\/www.imtbike.com\/de\/wp-json\/wp\/v2\/comments?post=3842"}],"version-history":[{"count":9,"href":"https:\/\/www.imtbike.com\/de\/wp-json\/wp\/v2\/pages\/3842\/revisions"}],"predecessor-version":[{"id":48287,"href":"https:\/\/www.imtbike.com\/de\/wp-json\/wp\/v2\/pages\/3842\/revisions\/48287"}],"up":[{"embeddable":true,"href":"https:\/\/www.imtbike.com\/de\/wp-json\/wp\/v2\/pages\/15106"}],"wp:attachment":[{"href":"https:\/\/www.imtbike.com\/de\/wp-json\/wp\/v2\/media?parent=3842"}],"curies":[{"name":"wp","href":"https:\/\/api.w.org\/{rel}","templated":true}]}}