{"id":3835,"date":"2014-06-12T14:17:03","date_gmt":"2014-06-12T18:17:03","guid":{"rendered":"https:\/\/www.imtbike.com\/?page_id=3835"},"modified":"2026-01-14T08:40:43","modified_gmt":"2026-01-14T13:40:43","slug":"faq","status":"publish","type":"page","link":"https:\/\/www.imtbike.com\/de\/motorradvermietung-in-spanien-portugal\/faq\/","title":{"rendered":"Motorradvermietung FAQ"},"content":{"rendered":"<ul class=\"left paddingTop\">\n<li><strong>Wie werden die Miettage berechnet?<\/strong><br \/>\nIMTBIKE hat festgelegte \u00dcbernahme- und R\u00fcckgabezeiten. Morgens zwischen 10 \u2013 10:30 Uhr und abends zwischen 18-19 Uhr. Wenn Sie das Motorrad vor 18 Uhr abholen wollen, wird dieser Tag als voller Miettag berechnet. Wenn Sie das Motorrad nach 10:30 Uhr abgeben, wird auch dieser Tag als voller Miettag angerechnet. *Kulanterweise kann Ihnen IMTBike Folgendes anbieten: wenn der Vor- und der Folge-Tag ein Arbeitstag ist, k\u00f6nnen Sie das Motorrad ohne Aufpreis bereits am Abend zuvor zwischen 18-19 Uhr abholen und es erst am Folgetag zwischen 10-10:30 Uhr abgeben.<\/li>\n<\/ul>\n<ul class=\"left paddingTop\">\n<li><strong>Welche Voraussetzungen gibt es, um ein Motorrad bei IMTBIKE zu mieten?<\/strong><br \/>\nSie haben einen F\u00fchrerschein. Sie m\u00fcssen \u00fcber 25 Jahre alt sein und mindestens 2 Jahre Fahrerfahrung haben. Sie sind in den letzten 3 Jahren mindestens 5000 Kilometern gefahren. Bei der Abholung m\u00fcssen Sie Ihren Reisepass und F\u00fchrerschein vorlegen. Nicht-EU-B\u00fcrger m\u00fcssen auch einen internationalen F\u00fchrerschein vorlegen, der in Europa gesetzlich vorgeschrieben ist.<\/li>\n<\/ul>\n<ul class=\"left paddingTop\">\n<li><strong>Was ist der Unterschied zwischen regul\u00e4rer Versicherung und VIP?<\/strong><br \/>\nBeide Versicherungen bieten vollst\u00e4ndige Schadensabdeckung. Die regul\u00e4re Versicherung hat jedoch einen Selbstbehalt von 3000 Euro. Bei Abschluss einer zus\u00e4tzlichen VIP-Versicherung reduziert sich dieser Selbstbehalt auf 500 Euro. Die regul\u00e4re Versicherung ist bereits im Mietpreis enthalten, die VIP-Versicherung kostet zus\u00e4tzlich 30 Euro pro Tag und kann erst ab einer Mietdauer ab 4 Tagen abgeschlossen werden.<\/li>\n<\/ul>\n<ul class=\"left paddingTop\">\n<li><strong>Kann ich mein Gep\u00e4ck bei Ihnen vor Ort bis nach meiner Reise unterbringen?<\/strong><br \/>\nJa sicher! Alle IMTBike-Vermiet-Stationen haben eine kostenlose Gep\u00e4ckaufbewahrung. Hier kann Ihr Gep\u00e4ck, das Sie nicht auf Ihr Motorradabenteuer mitnehmen m\u00f6chten bis zu Ihrer R\u00fcckkehr untergebracht werden.<\/li>\n<\/ul>\n<ul class=\"left paddingTop\">\n<li><strong>Kann ich das Motorrad in einer Stadt abholen und in einer anderen Stadt wieder abgeben?<\/strong><br \/>\nJa, One-Way-Vermietungen sind m\u00f6glich mit einem Aufpreis in H\u00f6he von 300\u20ac innerhalb Spaniens und 375\u20ac f\u00fcr Lissabon. Wir haben 5 verschiedene Mietstationen zur Auswahl: Madrid, Barcelona, Bilbao, Malaga und Lissabon (Portugal).<\/li>\n<\/ul>\n<ul class=\"left paddingTop\">\n<li><strong>Kann ich bei IMTBIKE einen Helm und Motorradkleidung mieten?<\/strong><br \/>\nIMTBIKE verleiht qualitativ hochwertige Motorradbekleidung: Helme, Jacken und Handschuhe. F\u00fcr mehr Informationen \u00fcber Verf\u00fcgbarkeit und Preise\u00a0<a href=\"https:\/\/www.imtbike.com\/de\/kontakt\/\">kontaktieren Sie uns bitte.<\/a><\/li>\n<\/ul>\n<ul class=\"left paddingTop\">\n<li><strong>Darf ich das Motorrad auch au\u00dferhalb Spaniens fahren?<\/strong><br \/>\nUnsere Motorr\u00e4der d\u00fcrfen auch in anderen europ\u00e4ischen L\u00e4ndern gefahren werden. Bitte vermerken Sie in Ihrem Reservierungsformular im Feld \u201eAnmerkungen\u201c die L\u00e4nder, die Sie gerne bereisen w\u00fcrden. <strong>Es ist verboten unsere Motorr\u00e4der nach Marokko oder au\u00dferhalb Europas zu fahren.<\/strong> Dort gibt es keinen Versicherungsschutz. Sie w\u00e4ren selbst f\u00fcr alle Sch\u00e4den verantwortlich und m\u00fcssten auch f\u00fcr den entstehenden Verlust aufkommen, den IMTBike an den Tagen h\u00e4tte, an denen das Motorrad nicht wieder einwandfrei f\u00fcr das Unternehmen zur Verf\u00fcgung steht.<\/li>\n<\/ul>\n<ul class=\"left paddingTop\">\n<li><strong>Darf ich das Motorrad offroad oder auf einer Rennstrecke fahren?<\/strong><br \/>\nNein. Es ist strengstens verboten ein IMTBike Motorrad abseits asphaltierter Stra\u00dfen (off-road) oder auf einer Rennstrecke zu fahren. Es gibt daf\u00fcr keinen Versicherungsschutz f\u00fcr die Motorr\u00e4der und Sie m\u00fcssen f\u00fcr den vollen Betrag der aufkommenden Sch\u00e4den und den Einkommensverlust von IMTBike aufkommen.<\/li>\n<\/ul>\n<ul class=\"left paddingTop\">\n<li><strong>Kann IMTBike das Motorrad am Flughafen f\u00fcr mich bereitstellen und abholen?<\/strong><br \/>\nNein. Die Motorr\u00e4der m\u00fcssen an unseren Vermietstationen abgeholt und auch wieder dorthin zur\u00fcckgebracht werden, da dort alle Papiere und Vertr\u00e4ge ausgestellt und unterzeichnet werden.<\/li>\n<\/ul>\n<ul class=\"left paddingTop\">\n<li><strong>Kann eine andere Person das Motorrad stellvertretend f\u00fcr den Fahrer abholen oder zur\u00fcckbringen?<\/strong><br \/>\nNein. Die Motorr\u00e4der m\u00fcssen aus versicherungstechnischen Gr\u00fcnden vom Fahrer abgeholt und zur\u00fcckgebracht werden und nur der Fahrer darf das Motorrad w\u00e4hrend des Mietzeitraums nutzen.<\/li>\n<\/ul>\n<ul class=\"left paddingTop\">\n<li><strong>Gibt es eine t\u00e4gliche Kilometerbegrenzung?<\/strong><br \/>\nBei einer Anmietung von 7 Tagen oder l\u00e4nger gibt es keine Kilometerbegrenzung. Bei Anmietung von 1 bis 6 Tagen sind maximal 300 Kilometer pro Tag im Mietpreis enthalten. Jeder zus\u00e4tzliche Kilometer wird mit einer Rate von 0,35 Euro\/km berechnet.<\/li>\n<\/ul>\n<ul class=\"left paddingTop\">\n<li><strong>Kann ich meine Mietzeitraum \u00e4ndern?<\/strong><br \/>\nJa, Sie k\u00f6nnen Ihre Mietdaten kostenpflichtig unter folgenden Bedingungen \u00e4ndern:<\/p>\n<ul class=\"left paddingTop\">\n<li style=\"list-style-type: none;\">\n<ul class=\"left paddingTop\">\n<li style=\"list-style-type: none;\">\n<ol>\n<li>Der Mietzeitraum kann nur einmal ge\u00e4ndert werden.<\/li>\n<li>Die Termin\u00e4nderung muss sp\u00e4testens einen Werktag vor Beginn der Anmietung vorgenommen und die neuen Mietdaten im gleichen Zug angegeben werden.<\/li>\n<li>Die neuen Termine d\u00fcrfen maximal 12 Monate hinter dem urspr\u00fcnglichen Mietbeginn liegen.<strong><strong>\u00a0F\u00dcR DIESEN SERVICE BERECHNEN WIR EINEN ZUSCHLAG VON 20% DES MIETPREISES, JEDOCH MINDESTENS 100 EURO.<\/strong><\/strong><\/li>\n<\/ol>\n<\/li>\n<\/ul>\n<\/li>\n<\/ul>\n<\/li>\n<\/ul>\n<ul class=\"left paddingTop\">\n<li><strong>Wie sehen die Stornobedingungen aus?<\/strong><br \/>\nWenn Sie 30 Tage vor Anmietung stornieren, werden Ihnen 50% der Anzahlung erstattet. K\u00fcndigen Sie 30-15 Tage vor Anmietung, werden Ihnen 50% der gesamten Mietkosten erstattet. Bei 15 Tagen oder weniger gibt es keine R\u00fcckerstattung.<\/li>\n<\/ul>\n<ul class=\"left paddingTop\">\n<li><strong>F\u00fcr wieviele Tage muss ich mindestens anmieten?<\/strong><br \/>\nUnter der Woche, von Montag bis Freitag, betr\u00e4gt die Mindestmietdauer 1 Tag. Am Wochenende betr\u00e4gt die Mietdauer mindestens 2 Tage (Samstag und Sonntag) mit Abholung Freitagabends und R\u00fcckgabe Montagmorgens (vorausgesetzt diese Tage fallen nicht auf einen Feier- oder Ferientag).<\/li>\n<\/ul>\n<ul class=\"left paddingTop\">\n<li><strong>Im Buchungsformular muss man ein Ausweichmodell angeben. Wie kann ich sicherstellen, dass ich ausschlie\u00dflich das von mir gew\u00fcnschte Modell bekomme?<\/strong><br \/>\nSchreiben Sie bitte im Feld &#8220;Anmerkungen&#8221;, dass Sie nur Interesse an der Anmietung Ihrer ersten Wahl haben und wir werden dies bei der Bearbeitung Ihrer Buchung ber\u00fccksichtigen.<\/li>\n<\/ul>\n<ul class=\"left paddingTop\">\n<li><strong>Ich m\u00f6chte f\u00fcr einen Freund ein Motorrad anmieten. Ist dies m\u00f6glich &#8211; wie gehe ich vor?<\/strong><br \/>\nF\u00fcr mehr Informationen\u00a0<a href=\"https:\/\/www.imtbike.com\/de\/kontakt\/\">kontaktieren Sie uns bitte.<\/a><\/li>\n<\/ul>\n<ul class=\"left paddingTop\">\n<li><strong>Mein Freund und ich haben zwei unterschiedliche Modelle f\u00fcr die gleiche Reise gemietet. Ist es erlaubt, die Motor\u00e4der w\u00e4hrend der Reise untereinander auszutauschen?<\/strong><br \/>\nJa. Sie k\u00f6nnen die Motorr\u00e4der untereinander wechseln und dadurch gerne unterschiedliche BMW-Modelle testen.<\/li>\n<\/ul>\n","protected":false},"excerpt":{"rendered":"<ul class=\"left paddingTop\">\n<li>Wie werden die Miettage berechnet?<br \/>\nIMTBIKE hat festgelegte \u00dcbernahme- und R\u00fcckgabezeiten. Morgens zwischen 10 \u2013 10:30 Uhr und abends zwischen 18-19 Uhr. Wenn Sie das Motorrad vor 18 Uhr abholen wollen,<\/li>\n<\/ul>\n<p> <a class=\"read-more\" href=\"https:\/\/www.imtbike.com\/de\/motorradvermietung-in-spanien-portugal\/faq\/\"> Read More<\/a><\/p>\n","protected":false},"author":21,"featured_media":0,"parent":15106,"menu_order":1,"comment_status":"open","ping_status":"closed","template":"","meta":{"footnotes":""},"acf":[],"yoast_head":"<!-- This site is optimized with the Yoast SEO plugin v22.6 - https:\/\/yoast.com\/wordpress\/plugins\/seo\/ -->\n<title>IMTBike Motorradvermietung FAQ<\/title>\n<meta name=\"description\" content=\"IMTBike Motorrad-Vermietung h\u00e4ufig gestellte Fragen (FAQ)\" \/>\n<meta name=\"robots\" content=\"index, follow, max-snippet:-1, max-image-preview:large, max-video-preview:-1\" \/>\n<link rel=\"canonical\" href=\"https:\/\/www.imtbike.com\/de\/motorradvermietung-in-spanien-portugal\/faq\/\" \/>\n<meta property=\"og:locale\" content=\"de_DE\" \/>\n<meta property=\"og:type\" content=\"article\" \/>\n<meta property=\"og:title\" content=\"IMTBike Motorradvermietung FAQ\" \/>\n<meta property=\"og:description\" content=\"IMTBike Motorrad-Vermietung h\u00e4ufig gestellte Fragen (FAQ)\" \/>\n<meta property=\"og:url\" content=\"https:\/\/www.imtbike.com\/de\/motorradvermietung-in-spanien-portugal\/faq\/\" \/>\n<meta property=\"og:site_name\" content=\"IMTBike\" \/>\n<meta property=\"article:modified_time\" content=\"2026-01-14T13:40:43+00:00\" \/>\n<meta property=\"og:image\" content=\"https:\/\/www.imtbike.com\/be\/wp-content\/uploads\/2016\/03\/default.jpg\" \/>\n<meta name=\"twitter:label1\" content=\"Est. reading time\" \/>\n\t<meta name=\"twitter:data1\" content=\"4 minutes\" \/>\n<script type=\"application\/ld+json\" class=\"yoast-schema-graph\">{\"@context\":\"https:\/\/schema.org\",\"@graph\":[{\"@type\":\"WebPage\",\"@id\":\"https:\/\/www.imtbike.com\/de\/motorradvermietung-in-spanien-portugal\/faq\/\",\"url\":\"https:\/\/www.imtbike.com\/de\/motorradvermietung-in-spanien-portugal\/faq\/\",\"name\":\"IMTBike Motorradvermietung FAQ\",\"isPartOf\":{\"@id\":\"https:\/\/www.imtbike.com\/#website\"},\"datePublished\":\"2014-06-12T18:17:03+00:00\",\"dateModified\":\"2026-01-14T13:40:43+00:00\",\"description\":\"IMTBike Motorrad-Vermietung h\u00e4ufig gestellte Fragen (FAQ)\",\"breadcrumb\":{\"@id\":\"https:\/\/www.imtbike.com\/de\/motorradvermietung-in-spanien-portugal\/faq\/#breadcrumb\"},\"inLanguage\":\"de-DE\",\"potentialAction\":[{\"@type\":\"ReadAction\",\"target\":[\"https:\/\/www.imtbike.com\/de\/motorradvermietung-in-spanien-portugal\/faq\/\"]}]},{\"@type\":\"BreadcrumbList\",\"@id\":\"https:\/\/www.imtbike.com\/de\/motorradvermietung-in-spanien-portugal\/faq\/#breadcrumb\",\"itemListElement\":[{\"@type\":\"ListItem\",\"position\":1,\"name\":\"Home\",\"item\":\"https:\/\/www.imtbike.com\/de\/\"},{\"@type\":\"ListItem\",\"position\":2,\"name\":\"Motorradvermietung in Spanien &#038; Portugal\",\"item\":\"https:\/\/www.imtbike.com\/motorcycle-rentals\/\"},{\"@type\":\"ListItem\",\"position\":3,\"name\":\"Motorradvermietung FAQ\"}]},{\"@type\":\"WebSite\",\"@id\":\"https:\/\/www.imtbike.com\/#website\",\"url\":\"https:\/\/www.imtbike.com\/\",\"name\":\"IMTBike\",\"description\":\"Passion for Motorcycling\",\"potentialAction\":[{\"@type\":\"SearchAction\",\"target\":{\"@type\":\"EntryPoint\",\"urlTemplate\":\"https:\/\/www.imtbike.com\/?s={search_term_string}\"},\"query-input\":\"required name=search_term_string\"}],\"inLanguage\":\"de-DE\"}]}<\/script>\n<!-- \/ Yoast SEO plugin. -->","yoast_head_json":{"title":"IMTBike Motorradvermietung FAQ","description":"IMTBike Motorrad-Vermietung h\u00e4ufig gestellte Fragen (FAQ)","robots":{"index":"index","follow":"follow","max-snippet":"max-snippet:-1","max-image-preview":"max-image-preview:large","max-video-preview":"max-video-preview:-1"},"canonical":"https:\/\/www.imtbike.com\/de\/motorradvermietung-in-spanien-portugal\/faq\/","og_locale":"de_DE","og_type":"article","og_title":"IMTBike Motorradvermietung FAQ","og_description":"IMTBike Motorrad-Vermietung h\u00e4ufig gestellte Fragen (FAQ)","og_url":"https:\/\/www.imtbike.com\/de\/motorradvermietung-in-spanien-portugal\/faq\/","og_site_name":"IMTBike","article_modified_time":"2026-01-14T13:40:43+00:00","og_image":[{"url":"https:\/\/www.imtbike.com\/be\/wp-content\/uploads\/2016\/03\/default.jpg"}],"twitter_misc":{"Est. reading time":"4 minutes"},"schema":{"@context":"https:\/\/schema.org","@graph":[{"@type":"WebPage","@id":"https:\/\/www.imtbike.com\/de\/motorradvermietung-in-spanien-portugal\/faq\/","url":"https:\/\/www.imtbike.com\/de\/motorradvermietung-in-spanien-portugal\/faq\/","name":"IMTBike Motorradvermietung FAQ","isPartOf":{"@id":"https:\/\/www.imtbike.com\/#website"},"datePublished":"2014-06-12T18:17:03+00:00","dateModified":"2026-01-14T13:40:43+00:00","description":"IMTBike Motorrad-Vermietung h\u00e4ufig gestellte Fragen (FAQ)","breadcrumb":{"@id":"https:\/\/www.imtbike.com\/de\/motorradvermietung-in-spanien-portugal\/faq\/#breadcrumb"},"inLanguage":"de-DE","potentialAction":[{"@type":"ReadAction","target":["https:\/\/www.imtbike.com\/de\/motorradvermietung-in-spanien-portugal\/faq\/"]}]},{"@type":"BreadcrumbList","@id":"https:\/\/www.imtbike.com\/de\/motorradvermietung-in-spanien-portugal\/faq\/#breadcrumb","itemListElement":[{"@type":"ListItem","position":1,"name":"Home","item":"https:\/\/www.imtbike.com\/de\/"},{"@type":"ListItem","position":2,"name":"Motorradvermietung in Spanien &#038; Portugal","item":"https:\/\/www.imtbike.com\/motorcycle-rentals\/"},{"@type":"ListItem","position":3,"name":"Motorradvermietung FAQ"}]},{"@type":"WebSite","@id":"https:\/\/www.imtbike.com\/#website","url":"https:\/\/www.imtbike.com\/","name":"IMTBike","description":"Passion for Motorcycling","potentialAction":[{"@type":"SearchAction","target":{"@type":"EntryPoint","urlTemplate":"https:\/\/www.imtbike.com\/?s={search_term_string}"},"query-input":"required name=search_term_string"}],"inLanguage":"de-DE"}]}},"jetpack_sharing_enabled":true,"_links":{"self":[{"href":"https:\/\/www.imtbike.com\/de\/wp-json\/wp\/v2\/pages\/3835"}],"collection":[{"href":"https:\/\/www.imtbike.com\/de\/wp-json\/wp\/v2\/pages"}],"about":[{"href":"https:\/\/www.imtbike.com\/de\/wp-json\/wp\/v2\/types\/page"}],"author":[{"embeddable":true,"href":"https:\/\/www.imtbike.com\/de\/wp-json\/wp\/v2\/users\/21"}],"replies":[{"embeddable":true,"href":"https:\/\/www.imtbike.com\/de\/wp-json\/wp\/v2\/comments?post=3835"}],"version-history":[{"count":10,"href":"https:\/\/www.imtbike.com\/de\/wp-json\/wp\/v2\/pages\/3835\/revisions"}],"predecessor-version":[{"id":47677,"href":"https:\/\/www.imtbike.com\/de\/wp-json\/wp\/v2\/pages\/3835\/revisions\/47677"}],"up":[{"embeddable":true,"href":"https:\/\/www.imtbike.com\/de\/wp-json\/wp\/v2\/pages\/15106"}],"wp:attachment":[{"href":"https:\/\/www.imtbike.com\/de\/wp-json\/wp\/v2\/media?parent=3835"}],"curies":[{"name":"wp","href":"https:\/\/api.w.org\/{rel}","templated":true}]}}