{"id":3811,"date":"2014-04-02T10:15:56","date_gmt":"2014-04-02T14:15:56","guid":{"rendered":"https:\/\/www.imtbike.com\/?page_id=3811"},"modified":"2023-12-19T12:20:05","modified_gmt":"2023-12-19T17:20:05","slug":"malaga","status":"publish","type":"page","link":"https:\/\/www.imtbike.com\/de\/motorradvermietung-in-spanien-portugal\/vermietstationen\/malaga\/","title":{"rendered":"Motorradvermietung in Malaga"},"content":{"rendered":"<p>M\u00e1laga ist die Hauptstadt der &#8220;Costa Del Sol&#8221; (K\u00fcste der Sonne) in S\u00fcdspanien. Mit 325 Sonnentagen im Jahr ist es die Stadt mit den meisten Sonnentagen pro Jahr und mit einer j\u00e4hrlichen Durchschnittstemperatur von 18C ein Naturparadies, geradezu pr\u00e4destiniert zum Motorradfahren!<\/p>\n<p>M\u00e1laga lockt mit seinen herrlichen Sandstr\u00e4nden und zahlreichen Bars, Restaurants und Stra\u00dfencaf\u00e9s, in denen man feinste mediterrane Meeresfr\u00fcchte genie\u00dfen kann.<a href=\"https:\/\/www.imtbike.com\/be\/wp-content\/uploads\/2014\/04\/malaga-2.jpg\" rel=\"attachment wp-att-13007\"><img decoding=\"async\" loading=\"lazy\" class=\"size-medium wp-image-13007 alignright\" src=\"https:\/\/www.imtbike.com\/be\/wp-content\/uploads\/2014\/04\/malaga-2-300x194.jpg\" alt=\"motorcycle-rental-in-malaga\" width=\"300\" height=\"194\" srcset=\"https:\/\/www.imtbike.com\/be\/wp-content\/uploads\/2014\/04\/malaga-2-300x194.jpg 300w, https:\/\/www.imtbike.com\/be\/wp-content\/uploads\/2014\/04\/malaga-2.jpg 322w\" sizes=\"(max-width: 300px) 100vw, 300px\" \/><\/a><\/p>\n<p>Das inl\u00e4ndische Gebirge, das Malaga umgibt, hat einige der besten Motorradstrecken weltweit, mit perfekten Kurven und kaum Verkehr. Die Bergstra\u00dfen f\u00fchren n\u00f6rdlich durch Olivenhaine oder \u00fcber die \u201ewei\u00dfen D\u00f6rfer\u201c nach Jerez, wo Sie nach 2 st\u00fcndiger Fahrt mit 120.000 begeisterten MotoGP Fans das erste MotoGP-Rennen der Saison erleben k\u00f6nnen.<\/p>\n<h3>M\u00e1lagas Sehensw\u00fcrdigkeiten<\/h3>\n<p>Das Picasso Museum ist ein Mu\u00df; Picasso wurde in Malaga geboren. Sehenswert sind auch das Gibralfaro Schlo\u00df, das romanische Theater und die Kathedrale. Sie k\u00f6nnen aber auch einen Motorradtrip nach Marbella und Puerto Banus, zu Europas \u201eRich and Ramous\u201c machen.<\/p>\n<h3>IMTBIKE&nbsp;Motorradtouren<\/h3>\n<p>Sind Sie auf der Suche nach einem entspannten und unbeschwerten Motorrad-Urlaub? Dann kann Ihnen IMTBike auch hervorragend organisierte und selbstgef\u00fchrte Motorradtouren in Spanien, Portugal, Marokko, Frankreich und Italien anbieten. Wir buchen erstklassige und motorradfreundliche Hotels und garantieren Ihnen Tag f\u00fcr Tag die besten Motorradstrecken f\u00fcr ein unvergessliches Fahrvergn\u00fcgen! F\u00fcr weitere Informationen zu unseren IMTBike-Touren <a href=\"https:\/\/www.imtbike.com\/de\/motorradtouren\/\">klicken Sie Bitte hier.<\/a><\/p>\n","protected":false},"excerpt":{"rendered":"<p>M\u00e1laga ist die Hauptstadt der &#8220;Costa Del Sol&#8221; (K\u00fcste der Sonne) in S\u00fcdspanien. Mit 325 Sonnentagen im Jahr ist es die Stadt mit den meisten Sonnentagen pro Jahr und mit einer j\u00e4hrlichen Durchschnittstemperatur von 18C ein Naturparadies,<\/p>\n<p> <a class=\"read-more\" href=\"https:\/\/www.imtbike.com\/de\/motorradvermietung-in-spanien-portugal\/vermietstationen\/malaga\/\"> Read More<\/a><\/p>\n","protected":false},"author":21,"featured_media":12404,"parent":3783,"menu_order":0,"comment_status":"open","ping_status":"closed","template":"","meta":{"footnotes":""},"acf":[],"yoast_head":"<!-- This site is optimized with the Yoast SEO plugin v22.6 - https:\/\/yoast.com\/wordpress\/plugins\/seo\/ -->\n<title>Motorradvermietung in Malaga - IMTBIKE<\/title>\n<meta name=\"description\" content=\"IMTBike vermietet voll ausgestattete BMW-Motorr\u00e4der in Malaga. 17 Jahre hervorragender Service macht IMTBike zu Ihrer ersten Wahl als Motorradvermieter\" \/>\n<meta name=\"robots\" content=\"index, follow, max-snippet:-1, max-image-preview:large, max-video-preview:-1\" \/>\n<link rel=\"canonical\" href=\"https:\/\/www.imtbike.com\/de\/motorradvermietung-in-spanien-portugal\/vermietstationen\/malaga\/\" \/>\n<meta property=\"og:locale\" content=\"de_DE\" \/>\n<meta property=\"og:type\" content=\"article\" \/>\n<meta property=\"og:title\" content=\"Motorradvermietung in Malaga - IMTBIKE\" \/>\n<meta property=\"og:description\" content=\"IMTBike vermietet voll ausgestattete BMW-Motorr\u00e4der in Malaga. 17 Jahre hervorragender Service macht IMTBike zu Ihrer ersten Wahl als Motorradvermieter\" \/>\n<meta property=\"og:url\" content=\"https:\/\/www.imtbike.com\/de\/motorradvermietung-in-spanien-portugal\/vermietstationen\/malaga\/\" \/>\n<meta property=\"og:site_name\" content=\"IMTBike\" \/>\n<meta property=\"article:modified_time\" content=\"2023-12-19T17:20:05+00:00\" \/>\n<meta property=\"og:image\" content=\"https:\/\/www.imtbike.com\/be\/wp-content\/uploads\/2014\/04\/malaga-1.jpg\" \/>\n\t<meta property=\"og:image:width\" content=\"1198\" \/>\n\t<meta property=\"og:image:height\" content=\"421\" \/>\n\t<meta property=\"og:image:type\" content=\"image\/jpeg\" \/>\n<meta name=\"twitter:label1\" content=\"Est. reading time\" \/>\n\t<meta name=\"twitter:data1\" content=\"2 minutes\" \/>\n<script type=\"application\/ld+json\" class=\"yoast-schema-graph\">{\"@context\":\"https:\/\/schema.org\",\"@graph\":[{\"@type\":\"WebPage\",\"@id\":\"https:\/\/www.imtbike.com\/de\/motorradvermietung-in-spanien-portugal\/vermietstationen\/malaga\/\",\"url\":\"https:\/\/www.imtbike.com\/de\/motorradvermietung-in-spanien-portugal\/vermietstationen\/malaga\/\",\"name\":\"Motorradvermietung in Malaga - IMTBIKE\",\"isPartOf\":{\"@id\":\"https:\/\/www.imtbike.com\/#website\"},\"primaryImageOfPage\":{\"@id\":\"https:\/\/www.imtbike.com\/de\/motorradvermietung-in-spanien-portugal\/vermietstationen\/malaga\/#primaryimage\"},\"image\":{\"@id\":\"https:\/\/www.imtbike.com\/de\/motorradvermietung-in-spanien-portugal\/vermietstationen\/malaga\/#primaryimage\"},\"thumbnailUrl\":\"https:\/\/www.imtbike.com\/be\/wp-content\/uploads\/2014\/04\/malaga-1.jpg\",\"datePublished\":\"2014-04-02T14:15:56+00:00\",\"dateModified\":\"2023-12-19T17:20:05+00:00\",\"description\":\"IMTBike vermietet voll ausgestattete BMW-Motorr\u00e4der in Malaga. 17 Jahre hervorragender Service macht IMTBike zu Ihrer ersten Wahl als Motorradvermieter\",\"breadcrumb\":{\"@id\":\"https:\/\/www.imtbike.com\/de\/motorradvermietung-in-spanien-portugal\/vermietstationen\/malaga\/#breadcrumb\"},\"inLanguage\":\"de-DE\",\"potentialAction\":[{\"@type\":\"ReadAction\",\"target\":[\"https:\/\/www.imtbike.com\/de\/motorradvermietung-in-spanien-portugal\/vermietstationen\/malaga\/\"]}]},{\"@type\":\"ImageObject\",\"inLanguage\":\"de-DE\",\"@id\":\"https:\/\/www.imtbike.com\/de\/motorradvermietung-in-spanien-portugal\/vermietstationen\/malaga\/#primaryimage\",\"url\":\"https:\/\/www.imtbike.com\/be\/wp-content\/uploads\/2014\/04\/malaga-1.jpg\",\"contentUrl\":\"https:\/\/www.imtbike.com\/be\/wp-content\/uploads\/2014\/04\/malaga-1.jpg\",\"width\":1198,\"height\":421},{\"@type\":\"BreadcrumbList\",\"@id\":\"https:\/\/www.imtbike.com\/de\/motorradvermietung-in-spanien-portugal\/vermietstationen\/malaga\/#breadcrumb\",\"itemListElement\":[{\"@type\":\"ListItem\",\"position\":1,\"name\":\"Home\",\"item\":\"https:\/\/www.imtbike.com\/de\/\"},{\"@type\":\"ListItem\",\"position\":2,\"name\":\"Motorradvermietung in Spanien &#038; Portugal\",\"item\":\"https:\/\/www.imtbike.com\/motorcycle-rentals\/\"},{\"@type\":\"ListItem\",\"position\":3,\"name\":\"Motorrad Vermietstationen\",\"item\":\"https:\/\/www.imtbike.com\/de\/motorradvermietung-in-spanien-portugal\/vermietstationen\/\"},{\"@type\":\"ListItem\",\"position\":4,\"name\":\"Motorradvermietung in Malaga\"}]},{\"@type\":\"WebSite\",\"@id\":\"https:\/\/www.imtbike.com\/#website\",\"url\":\"https:\/\/www.imtbike.com\/\",\"name\":\"IMTBike\",\"description\":\"Passion for Motorcycling\",\"potentialAction\":[{\"@type\":\"SearchAction\",\"target\":{\"@type\":\"EntryPoint\",\"urlTemplate\":\"https:\/\/www.imtbike.com\/?s={search_term_string}\"},\"query-input\":\"required name=search_term_string\"}],\"inLanguage\":\"de-DE\"}]}<\/script>\n<!-- \/ Yoast SEO plugin. -->","yoast_head_json":{"title":"Motorradvermietung in Malaga - IMTBIKE","description":"IMTBike vermietet voll ausgestattete BMW-Motorr\u00e4der in Malaga. 17 Jahre hervorragender Service macht IMTBike zu Ihrer ersten Wahl als Motorradvermieter","robots":{"index":"index","follow":"follow","max-snippet":"max-snippet:-1","max-image-preview":"max-image-preview:large","max-video-preview":"max-video-preview:-1"},"canonical":"https:\/\/www.imtbike.com\/de\/motorradvermietung-in-spanien-portugal\/vermietstationen\/malaga\/","og_locale":"de_DE","og_type":"article","og_title":"Motorradvermietung in Malaga - IMTBIKE","og_description":"IMTBike vermietet voll ausgestattete BMW-Motorr\u00e4der in Malaga. 17 Jahre hervorragender Service macht IMTBike zu Ihrer ersten Wahl als Motorradvermieter","og_url":"https:\/\/www.imtbike.com\/de\/motorradvermietung-in-spanien-portugal\/vermietstationen\/malaga\/","og_site_name":"IMTBike","article_modified_time":"2023-12-19T17:20:05+00:00","og_image":[{"width":1198,"height":421,"url":"https:\/\/www.imtbike.com\/be\/wp-content\/uploads\/2014\/04\/malaga-1.jpg","type":"image\/jpeg"}],"twitter_misc":{"Est. reading time":"2 minutes"},"schema":{"@context":"https:\/\/schema.org","@graph":[{"@type":"WebPage","@id":"https:\/\/www.imtbike.com\/de\/motorradvermietung-in-spanien-portugal\/vermietstationen\/malaga\/","url":"https:\/\/www.imtbike.com\/de\/motorradvermietung-in-spanien-portugal\/vermietstationen\/malaga\/","name":"Motorradvermietung in Malaga - IMTBIKE","isPartOf":{"@id":"https:\/\/www.imtbike.com\/#website"},"primaryImageOfPage":{"@id":"https:\/\/www.imtbike.com\/de\/motorradvermietung-in-spanien-portugal\/vermietstationen\/malaga\/#primaryimage"},"image":{"@id":"https:\/\/www.imtbike.com\/de\/motorradvermietung-in-spanien-portugal\/vermietstationen\/malaga\/#primaryimage"},"thumbnailUrl":"https:\/\/www.imtbike.com\/be\/wp-content\/uploads\/2014\/04\/malaga-1.jpg","datePublished":"2014-04-02T14:15:56+00:00","dateModified":"2023-12-19T17:20:05+00:00","description":"IMTBike vermietet voll ausgestattete BMW-Motorr\u00e4der in Malaga. 17 Jahre hervorragender Service macht IMTBike zu Ihrer ersten Wahl als Motorradvermieter","breadcrumb":{"@id":"https:\/\/www.imtbike.com\/de\/motorradvermietung-in-spanien-portugal\/vermietstationen\/malaga\/#breadcrumb"},"inLanguage":"de-DE","potentialAction":[{"@type":"ReadAction","target":["https:\/\/www.imtbike.com\/de\/motorradvermietung-in-spanien-portugal\/vermietstationen\/malaga\/"]}]},{"@type":"ImageObject","inLanguage":"de-DE","@id":"https:\/\/www.imtbike.com\/de\/motorradvermietung-in-spanien-portugal\/vermietstationen\/malaga\/#primaryimage","url":"https:\/\/www.imtbike.com\/be\/wp-content\/uploads\/2014\/04\/malaga-1.jpg","contentUrl":"https:\/\/www.imtbike.com\/be\/wp-content\/uploads\/2014\/04\/malaga-1.jpg","width":1198,"height":421},{"@type":"BreadcrumbList","@id":"https:\/\/www.imtbike.com\/de\/motorradvermietung-in-spanien-portugal\/vermietstationen\/malaga\/#breadcrumb","itemListElement":[{"@type":"ListItem","position":1,"name":"Home","item":"https:\/\/www.imtbike.com\/de\/"},{"@type":"ListItem","position":2,"name":"Motorradvermietung in Spanien &#038; Portugal","item":"https:\/\/www.imtbike.com\/motorcycle-rentals\/"},{"@type":"ListItem","position":3,"name":"Motorrad Vermietstationen","item":"https:\/\/www.imtbike.com\/de\/motorradvermietung-in-spanien-portugal\/vermietstationen\/"},{"@type":"ListItem","position":4,"name":"Motorradvermietung in Malaga"}]},{"@type":"WebSite","@id":"https:\/\/www.imtbike.com\/#website","url":"https:\/\/www.imtbike.com\/","name":"IMTBike","description":"Passion for Motorcycling","potentialAction":[{"@type":"SearchAction","target":{"@type":"EntryPoint","urlTemplate":"https:\/\/www.imtbike.com\/?s={search_term_string}"},"query-input":"required name=search_term_string"}],"inLanguage":"de-DE"}]}},"jetpack_sharing_enabled":true,"_links":{"self":[{"href":"https:\/\/www.imtbike.com\/de\/wp-json\/wp\/v2\/pages\/3811"}],"collection":[{"href":"https:\/\/www.imtbike.com\/de\/wp-json\/wp\/v2\/pages"}],"about":[{"href":"https:\/\/www.imtbike.com\/de\/wp-json\/wp\/v2\/types\/page"}],"author":[{"embeddable":true,"href":"https:\/\/www.imtbike.com\/de\/wp-json\/wp\/v2\/users\/21"}],"replies":[{"embeddable":true,"href":"https:\/\/www.imtbike.com\/de\/wp-json\/wp\/v2\/comments?post=3811"}],"version-history":[{"count":5,"href":"https:\/\/www.imtbike.com\/de\/wp-json\/wp\/v2\/pages\/3811\/revisions"}],"predecessor-version":[{"id":41928,"href":"https:\/\/www.imtbike.com\/de\/wp-json\/wp\/v2\/pages\/3811\/revisions\/41928"}],"up":[{"embeddable":true,"href":"https:\/\/www.imtbike.com\/de\/wp-json\/wp\/v2\/pages\/3783"}],"wp:featuredmedia":[{"embeddable":true,"href":"https:\/\/www.imtbike.com\/de\/wp-json\/wp\/v2\/media\/12404"}],"wp:attachment":[{"href":"https:\/\/www.imtbike.com\/de\/wp-json\/wp\/v2\/media?parent=3811"}],"curies":[{"name":"wp","href":"https:\/\/api.w.org\/{rel}","templated":true}]}}