{"id":3806,"date":"2014-04-02T09:48:21","date_gmt":"2014-04-02T13:48:21","guid":{"rendered":"https:\/\/www.imtbike.com\/?page_id=3806"},"modified":"2023-07-11T16:08:04","modified_gmt":"2023-07-11T20:08:04","slug":"madrid","status":"publish","type":"page","link":"https:\/\/www.imtbike.com\/de\/motorradvermietung-in-spanien-portugal\/vermietstationen\/madrid\/","title":{"rendered":"Motorradvermietung in Madrid"},"content":{"rendered":"<p>Madrid, die Hauptstadt Spaniens liegt mitten im Zentrum der Iberischen Halbinsel auf dem zentralen Hochplateau, umgeben von drei Bergketten. Madrids Altstadt ist eine Mischung aus malerischen labyrinthischen Stra\u00dfen, Pl\u00e4tzen und Parks, die tags\u00fcber zum Bummeln einladen. Am Abend wird Madrid lebhaft und ist bekannt f\u00fcr sein quirliges Nachtleben in den zahlreichen Bars und Restaurants, wo sowohl Einheimische als auch Touristen gleicherma\u00dfen Live-Musik genie\u00dfen. &#8220;De Madrid al Cielo&#8221; (von Madrid zum Himmel) ist der Slogan dieser pulsierenden Stadt und die Madrilenen sind nicht ganz zu Unrecht \u00fcberzeugt, dass es sich nur im Himmel besser lebt.<a href=\"https:\/\/www.imtbike.com\/be\/wp-content\/uploads\/2014\/04\/Madrid.jpg\" rel=\"attachment wp-att-12997\"><img decoding=\"async\" loading=\"lazy\" class=\"size-medium wp-image-12997 alignright\" src=\"https:\/\/www.imtbike.com\/be\/wp-content\/uploads\/2014\/04\/Madrid-300x194.jpg\" alt=\"motorcycle-rental-in-madrid\" width=\"300\" height=\"194\" srcset=\"https:\/\/www.imtbike.com\/be\/wp-content\/uploads\/2014\/04\/Madrid-300x194.jpg 300w, https:\/\/www.imtbike.com\/be\/wp-content\/uploads\/2014\/04\/Madrid.jpg 322w\" sizes=\"(max-width: 300px) 100vw, 300px\" \/><\/a><\/p>\n<p>Madrid hat schon immer Motorrad-Tradition und auf den Stra\u00dfen sieht man das ganze Jahr \u00fcber Motorradfahrer. Nur 30 Minuten au\u00dferhalb von Madrid gibt es ein Motorrad-Paradies mit perfekten Motorradstrecken. Wenige Kilometer weiter finden Sie die Jarama-Rennstrecke, auf der viele Motorrad-Weltmeisterschaften gefahren wurden.<\/p>\n<h3>Madrids Sehensw\u00fcrdigkeiten<\/h3>\n<p>Man sollte in Madrid das Prado-Museum, die \u201ePuerta del Sol\u201c, den \u201ePlaza Mayor\u201c und den Retiro-Park besuchen. Und wenn Sie zuf\u00e4llig an einem Sonntag in Madrid sein sollten, gehen Sie schon fr\u00fch morgens zum \u201eRastro\u201c, dem traditionellen Flohmarkt in den Stra\u00dfen der Stadt. Auch wenn Sie nichts kaufen, lohnt es sich, einmal in das einzigartige Ambiente einzutauchen.<\/p>\n<h3>IMTBike Motorradtouren<\/h3>\n<p>Sind Sie auf der Suche nach einem entspannten und unbeschwerten Motorrad-Urlaub? Dann kann Ihnen IMTBike auch hervorragend organisierte und selbstgef\u00fchrte Motorradtouren in Spanien, Portugal, Marokko, Frankreich und Italien anbieten. Wir buchen erstklassige und motorradfreundliche Hotels und garantieren Ihnen Tag f\u00fcr Tag die besten Motorradstrecken f\u00fcr ein unvergessliches Fahrvergn\u00fcgen! F\u00fcr weitere Informationen zu unseren IMTBike-Touren <a href=\"https:\/\/www.imtbike.com\/de\/motorradtouren\/\">klicken Sie Bitte hier.<\/a><\/p>\n","protected":false},"excerpt":{"rendered":"<p>Madrid, die Hauptstadt Spaniens liegt mitten im Zentrum der Iberischen Halbinsel auf dem zentralen Hochplateau, umgeben von drei Bergketten. Madrids Altstadt ist eine Mischung aus malerischen labyrinthischen Stra\u00dfen, Pl\u00e4tzen und Parks,<\/p>\n<p> <a class=\"read-more\" href=\"https:\/\/www.imtbike.com\/de\/motorradvermietung-in-spanien-portugal\/vermietstationen\/madrid\/\"> Read More<\/a><\/p>\n","protected":false},"author":21,"featured_media":12400,"parent":3783,"menu_order":0,"comment_status":"open","ping_status":"closed","template":"","meta":{"footnotes":""},"acf":[],"yoast_head":"<!-- This site is optimized with the Yoast SEO plugin v22.6 - https:\/\/yoast.com\/wordpress\/plugins\/seo\/ -->\n<title>Motorradvermietung in Madrid - IMTBike<\/title>\n<meta name=\"description\" content=\"IMTBike vermietet voll ausgestattete BMW-Motorr\u00e4der in Madrid. 17 Jahre hervorragender Service macht IMTBike zu Ihrer ersten Wahl als Motorradvermieter.\" \/>\n<meta name=\"robots\" content=\"index, follow, max-snippet:-1, max-image-preview:large, max-video-preview:-1\" \/>\n<link rel=\"canonical\" href=\"https:\/\/www.imtbike.com\/de\/motorradvermietung-in-spanien-portugal\/vermietstationen\/madrid\/\" \/>\n<meta property=\"og:locale\" content=\"de_DE\" \/>\n<meta property=\"og:type\" content=\"article\" \/>\n<meta property=\"og:title\" content=\"Motorradvermietung in Madrid - IMTBike\" \/>\n<meta property=\"og:description\" content=\"IMTBike vermietet voll ausgestattete BMW-Motorr\u00e4der in Madrid. 17 Jahre hervorragender Service macht IMTBike zu Ihrer ersten Wahl als Motorradvermieter.\" \/>\n<meta property=\"og:url\" content=\"https:\/\/www.imtbike.com\/de\/motorradvermietung-in-spanien-portugal\/vermietstationen\/madrid\/\" \/>\n<meta property=\"og:site_name\" content=\"IMTBike\" \/>\n<meta property=\"article:modified_time\" content=\"2023-07-11T20:08:04+00:00\" \/>\n<meta property=\"og:image\" content=\"https:\/\/www.imtbike.com\/be\/wp-content\/uploads\/2014\/04\/madrid-1.jpg\" \/>\n\t<meta property=\"og:image:width\" content=\"1198\" \/>\n\t<meta property=\"og:image:height\" content=\"421\" \/>\n\t<meta property=\"og:image:type\" content=\"image\/jpeg\" \/>\n<meta name=\"twitter:label1\" content=\"Est. reading time\" \/>\n\t<meta name=\"twitter:data1\" content=\"2 minutes\" \/>\n<script type=\"application\/ld+json\" class=\"yoast-schema-graph\">{\"@context\":\"https:\/\/schema.org\",\"@graph\":[{\"@type\":\"WebPage\",\"@id\":\"https:\/\/www.imtbike.com\/de\/motorradvermietung-in-spanien-portugal\/vermietstationen\/madrid\/\",\"url\":\"https:\/\/www.imtbike.com\/de\/motorradvermietung-in-spanien-portugal\/vermietstationen\/madrid\/\",\"name\":\"Motorradvermietung in Madrid - IMTBike\",\"isPartOf\":{\"@id\":\"https:\/\/www.imtbike.com\/#website\"},\"primaryImageOfPage\":{\"@id\":\"https:\/\/www.imtbike.com\/de\/motorradvermietung-in-spanien-portugal\/vermietstationen\/madrid\/#primaryimage\"},\"image\":{\"@id\":\"https:\/\/www.imtbike.com\/de\/motorradvermietung-in-spanien-portugal\/vermietstationen\/madrid\/#primaryimage\"},\"thumbnailUrl\":\"https:\/\/www.imtbike.com\/be\/wp-content\/uploads\/2014\/04\/madrid-1.jpg\",\"datePublished\":\"2014-04-02T13:48:21+00:00\",\"dateModified\":\"2023-07-11T20:08:04+00:00\",\"description\":\"IMTBike vermietet voll ausgestattete BMW-Motorr\u00e4der in Madrid. 17 Jahre hervorragender Service macht IMTBike zu Ihrer ersten Wahl als Motorradvermieter.\",\"breadcrumb\":{\"@id\":\"https:\/\/www.imtbike.com\/de\/motorradvermietung-in-spanien-portugal\/vermietstationen\/madrid\/#breadcrumb\"},\"inLanguage\":\"de-DE\",\"potentialAction\":[{\"@type\":\"ReadAction\",\"target\":[\"https:\/\/www.imtbike.com\/de\/motorradvermietung-in-spanien-portugal\/vermietstationen\/madrid\/\"]}]},{\"@type\":\"ImageObject\",\"inLanguage\":\"de-DE\",\"@id\":\"https:\/\/www.imtbike.com\/de\/motorradvermietung-in-spanien-portugal\/vermietstationen\/madrid\/#primaryimage\",\"url\":\"https:\/\/www.imtbike.com\/be\/wp-content\/uploads\/2014\/04\/madrid-1.jpg\",\"contentUrl\":\"https:\/\/www.imtbike.com\/be\/wp-content\/uploads\/2014\/04\/madrid-1.jpg\",\"width\":1198,\"height\":421},{\"@type\":\"BreadcrumbList\",\"@id\":\"https:\/\/www.imtbike.com\/de\/motorradvermietung-in-spanien-portugal\/vermietstationen\/madrid\/#breadcrumb\",\"itemListElement\":[{\"@type\":\"ListItem\",\"position\":1,\"name\":\"Home\",\"item\":\"https:\/\/www.imtbike.com\/de\/\"},{\"@type\":\"ListItem\",\"position\":2,\"name\":\"Motorradvermietung in Spanien &#038; Portugal\",\"item\":\"https:\/\/www.imtbike.com\/motorcycle-rentals\/\"},{\"@type\":\"ListItem\",\"position\":3,\"name\":\"Motorrad Vermietstationen\",\"item\":\"https:\/\/www.imtbike.com\/de\/motorradvermietung-in-spanien-portugal\/vermietstationen\/\"},{\"@type\":\"ListItem\",\"position\":4,\"name\":\"Motorradvermietung in Madrid\"}]},{\"@type\":\"WebSite\",\"@id\":\"https:\/\/www.imtbike.com\/#website\",\"url\":\"https:\/\/www.imtbike.com\/\",\"name\":\"IMTBike\",\"description\":\"Passion for Motorcycling\",\"potentialAction\":[{\"@type\":\"SearchAction\",\"target\":{\"@type\":\"EntryPoint\",\"urlTemplate\":\"https:\/\/www.imtbike.com\/?s={search_term_string}\"},\"query-input\":\"required name=search_term_string\"}],\"inLanguage\":\"de-DE\"}]}<\/script>\n<!-- \/ Yoast SEO plugin. -->","yoast_head_json":{"title":"Motorradvermietung in Madrid - IMTBike","description":"IMTBike vermietet voll ausgestattete BMW-Motorr\u00e4der in Madrid. 17 Jahre hervorragender Service macht IMTBike zu Ihrer ersten Wahl als Motorradvermieter.","robots":{"index":"index","follow":"follow","max-snippet":"max-snippet:-1","max-image-preview":"max-image-preview:large","max-video-preview":"max-video-preview:-1"},"canonical":"https:\/\/www.imtbike.com\/de\/motorradvermietung-in-spanien-portugal\/vermietstationen\/madrid\/","og_locale":"de_DE","og_type":"article","og_title":"Motorradvermietung in Madrid - IMTBike","og_description":"IMTBike vermietet voll ausgestattete BMW-Motorr\u00e4der in Madrid. 17 Jahre hervorragender Service macht IMTBike zu Ihrer ersten Wahl als Motorradvermieter.","og_url":"https:\/\/www.imtbike.com\/de\/motorradvermietung-in-spanien-portugal\/vermietstationen\/madrid\/","og_site_name":"IMTBike","article_modified_time":"2023-07-11T20:08:04+00:00","og_image":[{"width":1198,"height":421,"url":"https:\/\/www.imtbike.com\/be\/wp-content\/uploads\/2014\/04\/madrid-1.jpg","type":"image\/jpeg"}],"twitter_misc":{"Est. reading time":"2 minutes"},"schema":{"@context":"https:\/\/schema.org","@graph":[{"@type":"WebPage","@id":"https:\/\/www.imtbike.com\/de\/motorradvermietung-in-spanien-portugal\/vermietstationen\/madrid\/","url":"https:\/\/www.imtbike.com\/de\/motorradvermietung-in-spanien-portugal\/vermietstationen\/madrid\/","name":"Motorradvermietung in Madrid - IMTBike","isPartOf":{"@id":"https:\/\/www.imtbike.com\/#website"},"primaryImageOfPage":{"@id":"https:\/\/www.imtbike.com\/de\/motorradvermietung-in-spanien-portugal\/vermietstationen\/madrid\/#primaryimage"},"image":{"@id":"https:\/\/www.imtbike.com\/de\/motorradvermietung-in-spanien-portugal\/vermietstationen\/madrid\/#primaryimage"},"thumbnailUrl":"https:\/\/www.imtbike.com\/be\/wp-content\/uploads\/2014\/04\/madrid-1.jpg","datePublished":"2014-04-02T13:48:21+00:00","dateModified":"2023-07-11T20:08:04+00:00","description":"IMTBike vermietet voll ausgestattete BMW-Motorr\u00e4der in Madrid. 17 Jahre hervorragender Service macht IMTBike zu Ihrer ersten Wahl als Motorradvermieter.","breadcrumb":{"@id":"https:\/\/www.imtbike.com\/de\/motorradvermietung-in-spanien-portugal\/vermietstationen\/madrid\/#breadcrumb"},"inLanguage":"de-DE","potentialAction":[{"@type":"ReadAction","target":["https:\/\/www.imtbike.com\/de\/motorradvermietung-in-spanien-portugal\/vermietstationen\/madrid\/"]}]},{"@type":"ImageObject","inLanguage":"de-DE","@id":"https:\/\/www.imtbike.com\/de\/motorradvermietung-in-spanien-portugal\/vermietstationen\/madrid\/#primaryimage","url":"https:\/\/www.imtbike.com\/be\/wp-content\/uploads\/2014\/04\/madrid-1.jpg","contentUrl":"https:\/\/www.imtbike.com\/be\/wp-content\/uploads\/2014\/04\/madrid-1.jpg","width":1198,"height":421},{"@type":"BreadcrumbList","@id":"https:\/\/www.imtbike.com\/de\/motorradvermietung-in-spanien-portugal\/vermietstationen\/madrid\/#breadcrumb","itemListElement":[{"@type":"ListItem","position":1,"name":"Home","item":"https:\/\/www.imtbike.com\/de\/"},{"@type":"ListItem","position":2,"name":"Motorradvermietung in Spanien &#038; Portugal","item":"https:\/\/www.imtbike.com\/motorcycle-rentals\/"},{"@type":"ListItem","position":3,"name":"Motorrad Vermietstationen","item":"https:\/\/www.imtbike.com\/de\/motorradvermietung-in-spanien-portugal\/vermietstationen\/"},{"@type":"ListItem","position":4,"name":"Motorradvermietung in Madrid"}]},{"@type":"WebSite","@id":"https:\/\/www.imtbike.com\/#website","url":"https:\/\/www.imtbike.com\/","name":"IMTBike","description":"Passion for Motorcycling","potentialAction":[{"@type":"SearchAction","target":{"@type":"EntryPoint","urlTemplate":"https:\/\/www.imtbike.com\/?s={search_term_string}"},"query-input":"required name=search_term_string"}],"inLanguage":"de-DE"}]}},"jetpack_sharing_enabled":true,"_links":{"self":[{"href":"https:\/\/www.imtbike.com\/de\/wp-json\/wp\/v2\/pages\/3806"}],"collection":[{"href":"https:\/\/www.imtbike.com\/de\/wp-json\/wp\/v2\/pages"}],"about":[{"href":"https:\/\/www.imtbike.com\/de\/wp-json\/wp\/v2\/types\/page"}],"author":[{"embeddable":true,"href":"https:\/\/www.imtbike.com\/de\/wp-json\/wp\/v2\/users\/21"}],"replies":[{"embeddable":true,"href":"https:\/\/www.imtbike.com\/de\/wp-json\/wp\/v2\/comments?post=3806"}],"version-history":[{"count":2,"href":"https:\/\/www.imtbike.com\/de\/wp-json\/wp\/v2\/pages\/3806\/revisions"}],"predecessor-version":[{"id":40362,"href":"https:\/\/www.imtbike.com\/de\/wp-json\/wp\/v2\/pages\/3806\/revisions\/40362"}],"up":[{"embeddable":true,"href":"https:\/\/www.imtbike.com\/de\/wp-json\/wp\/v2\/pages\/3783"}],"wp:featuredmedia":[{"embeddable":true,"href":"https:\/\/www.imtbike.com\/de\/wp-json\/wp\/v2\/media\/12400"}],"wp:attachment":[{"href":"https:\/\/www.imtbike.com\/de\/wp-json\/wp\/v2\/media?parent=3806"}],"curies":[{"name":"wp","href":"https:\/\/api.w.org\/{rel}","templated":true}]}}