{"id":3801,"date":"2014-04-02T11:13:44","date_gmt":"2014-04-02T15:13:44","guid":{"rendered":"https:\/\/www.imtbike.com\/?page_id=3801"},"modified":"2026-01-19T05:05:22","modified_gmt":"2026-01-19T10:05:22","slug":"bilbao","status":"publish","type":"page","link":"https:\/\/www.imtbike.com\/de\/motorradvermietung-in-spanien-portugal\/vermietstationen\/bilbao\/","title":{"rendered":"Motorradvermietung in Bilbao"},"content":{"rendered":"<p>Bilbao ist die Hauptstadt der Provinz Biskaia und gr\u00f6\u00dfte Stadt des Baskenlands in Nordspanien. Historisch ist sie eine wichtige Industrie- und Hafenstadt, bekannt f\u00fcr ihre Schiffbau-Industrie. Aber in den letzten Jahren hat der Tourismus stark zugenommen. Dieser Tourismus-Boom kam nicht nur wegen des Guggenheim-Museums, das durch sein spektakul\u00e4res \u00c4u\u00dferes aus Titan, Kalkstein und Glas zu recht ein Wahrzeichen der Stadt geworden ist. Bilbao bietet viel mehr: Schlendern Sie durch die eleganten Stra\u00dfen und kosten Sie die renommierte baskische K\u00fcche in einem der vielen kleinen Restaurants. Oder kehren Sie in eine der Bars ein und lassen Sie sich von den leckeren \u201ePintxos\u201c (Spiesschen) und einem Glas \u201eTxacol\u00ed\u201c (trockener Weisswein) verf\u00fchren. <a href=\"https:\/\/www.imtbike.com\/be\/wp-content\/uploads\/2014\/04\/bilbao-1.jpg\" rel=\"attachment wp-att-13011\"><img decoding=\"async\" loading=\"lazy\" class=\"alignnone size-medium wp-image-13011 alignright\" src=\"https:\/\/www.imtbike.com\/be\/wp-content\/uploads\/2014\/04\/bilbao-1-300x194.jpg\" alt=\"motorcycle-rental-in-bilbao\" width=\"300\" height=\"194\" srcset=\"https:\/\/www.imtbike.com\/be\/wp-content\/uploads\/2014\/04\/bilbao-1-300x194.jpg 300w, https:\/\/www.imtbike.com\/be\/wp-content\/uploads\/2014\/04\/bilbao-1.jpg 322w\" sizes=\"(max-width: 300px) 100vw, 300px\" \/><\/a>F\u00fcr Motorradfahrer liegt Bilbao idealerweise zwischen gr\u00fcnem K\u00fcstengebiet und bewaldeten Bergen. Hier gibt es entlang der K\u00fcste unglaublich sch\u00f6ne Motorradstrecken, die Sie bis in die nahen Pyren\u00e4en und den Gebirgszug der \u201ePicos de Europa\u201c f\u00fchren. Hier k\u00f6nnen Sie einige der besten Motorradstra\u00dfen weltweit erleben!<\/p>\n<h3>Bilbao Sehensw\u00fcrdigkeiten<\/h3>\n<p>Gehen Sie nicht nach Bilbao, ohne das Guggenheim-Museum zu besuchen. Auch wenn Sie kein Liebhaber der modernen Kunst sind, lohnt es sich, allein die Architektur des Geb\u00e4udes zu bewundern. Die Santos Juanes Kirche, das Maritime Museum und die Flusspromenade sind ebenfalls einen Besuch wert.<\/p>\n<h3>IMTBIKE Motorradtouren<\/h3>\n<p>Sind Sie auf der Suche nach einem entspannten und unbeschwerten Motorrad-Urlaub? Dann kann Ihnen IMTBIKE auch hervorragend organisierte und selbstgef\u00fchrte Motorradtouren in Spanien, Portugal, Marokko, Frankreich und Italien anbieten. Wir buchen erstklassige und motorradfreundliche Hotels und garantieren Ihnen Tag f\u00fcr Tag die besten Motorradstrecken f\u00fcr ein unvergessliches Fahrvergn\u00fcgen! F\u00fcr weitere Informationen zu unseren IMTBike-Touren <a href=\"https:\/\/www.imtbike.com\/de\/motorradtouren\/\">klicken Sie Bitte hier.<\/a><\/p>\n","protected":false},"excerpt":{"rendered":"<p>Bilbao ist die Hauptstadt der Provinz Biskaia und gr\u00f6\u00dfte Stadt des Baskenlands in Nordspanien. Historisch ist sie eine wichtige Industrie- und Hafenstadt, bekannt f\u00fcr ihre Schiffbau-Industrie. Aber in den letzten Jahren hat der Tourismus stark zugenommen.<\/p>\n<p> <a class=\"read-more\" href=\"https:\/\/www.imtbike.com\/de\/motorradvermietung-in-spanien-portugal\/vermietstationen\/bilbao\/\"> Read More<\/a><\/p>\n","protected":false},"author":21,"featured_media":12379,"parent":3783,"menu_order":0,"comment_status":"open","ping_status":"closed","template":"","meta":{"footnotes":""},"acf":[],"yoast_head":"<!-- This site is optimized with the Yoast SEO plugin v22.6 - https:\/\/yoast.com\/wordpress\/plugins\/seo\/ -->\n<title>Motorradvermietung in Bilbao - IMTBIKE<\/title>\n<meta name=\"description\" content=\"Miete ein voll ausgestattetes BMW Motorrad aus unserer Vermietstation in Bilbao und fahre damit durch ganz Europa.\" \/>\n<meta name=\"robots\" content=\"index, follow, max-snippet:-1, max-image-preview:large, max-video-preview:-1\" \/>\n<link rel=\"canonical\" href=\"https:\/\/www.imtbike.com\/de\/motorradvermietung-in-spanien-portugal\/vermietstationen\/bilbao\/\" \/>\n<meta property=\"og:locale\" content=\"de_DE\" \/>\n<meta property=\"og:type\" content=\"article\" \/>\n<meta property=\"og:title\" content=\"Motorradvermietung in Bilbao - IMTBIKE\" \/>\n<meta property=\"og:description\" content=\"Miete ein voll ausgestattetes BMW Motorrad aus unserer Vermietstation in Bilbao und fahre damit durch ganz Europa.\" \/>\n<meta property=\"og:url\" content=\"https:\/\/www.imtbike.com\/de\/motorradvermietung-in-spanien-portugal\/vermietstationen\/bilbao\/\" \/>\n<meta property=\"og:site_name\" content=\"IMTBike\" \/>\n<meta property=\"article:modified_time\" content=\"2026-01-19T10:05:22+00:00\" \/>\n<meta property=\"og:image\" content=\"https:\/\/www.imtbike.com\/be\/wp-content\/uploads\/2014\/04\/Bilbao.jpg\" \/>\n\t<meta property=\"og:image:width\" content=\"1198\" \/>\n\t<meta property=\"og:image:height\" content=\"421\" \/>\n\t<meta property=\"og:image:type\" content=\"image\/jpeg\" \/>\n<meta name=\"twitter:label1\" content=\"Est. reading time\" \/>\n\t<meta name=\"twitter:data1\" content=\"2 minutes\" \/>\n<script type=\"application\/ld+json\" class=\"yoast-schema-graph\">{\"@context\":\"https:\/\/schema.org\",\"@graph\":[{\"@type\":\"WebPage\",\"@id\":\"https:\/\/www.imtbike.com\/de\/motorradvermietung-in-spanien-portugal\/vermietstationen\/bilbao\/\",\"url\":\"https:\/\/www.imtbike.com\/de\/motorradvermietung-in-spanien-portugal\/vermietstationen\/bilbao\/\",\"name\":\"Motorradvermietung in Bilbao - IMTBIKE\",\"isPartOf\":{\"@id\":\"https:\/\/www.imtbike.com\/#website\"},\"primaryImageOfPage\":{\"@id\":\"https:\/\/www.imtbike.com\/de\/motorradvermietung-in-spanien-portugal\/vermietstationen\/bilbao\/#primaryimage\"},\"image\":{\"@id\":\"https:\/\/www.imtbike.com\/de\/motorradvermietung-in-spanien-portugal\/vermietstationen\/bilbao\/#primaryimage\"},\"thumbnailUrl\":\"https:\/\/www.imtbike.com\/be\/wp-content\/uploads\/2014\/04\/Bilbao.jpg\",\"datePublished\":\"2014-04-02T15:13:44+00:00\",\"dateModified\":\"2026-01-19T10:05:22+00:00\",\"description\":\"Miete ein voll ausgestattetes BMW Motorrad aus unserer Vermietstation in Bilbao und fahre damit durch ganz Europa.\",\"breadcrumb\":{\"@id\":\"https:\/\/www.imtbike.com\/de\/motorradvermietung-in-spanien-portugal\/vermietstationen\/bilbao\/#breadcrumb\"},\"inLanguage\":\"de-DE\",\"potentialAction\":[{\"@type\":\"ReadAction\",\"target\":[\"https:\/\/www.imtbike.com\/de\/motorradvermietung-in-spanien-portugal\/vermietstationen\/bilbao\/\"]}]},{\"@type\":\"ImageObject\",\"inLanguage\":\"de-DE\",\"@id\":\"https:\/\/www.imtbike.com\/de\/motorradvermietung-in-spanien-portugal\/vermietstationen\/bilbao\/#primaryimage\",\"url\":\"https:\/\/www.imtbike.com\/be\/wp-content\/uploads\/2014\/04\/Bilbao.jpg\",\"contentUrl\":\"https:\/\/www.imtbike.com\/be\/wp-content\/uploads\/2014\/04\/Bilbao.jpg\",\"width\":1198,\"height\":421},{\"@type\":\"BreadcrumbList\",\"@id\":\"https:\/\/www.imtbike.com\/de\/motorradvermietung-in-spanien-portugal\/vermietstationen\/bilbao\/#breadcrumb\",\"itemListElement\":[{\"@type\":\"ListItem\",\"position\":1,\"name\":\"Home\",\"item\":\"https:\/\/www.imtbike.com\/de\/\"},{\"@type\":\"ListItem\",\"position\":2,\"name\":\"Motorradvermietung in Spanien &#038; Portugal\",\"item\":\"https:\/\/www.imtbike.com\/motorcycle-rentals\/\"},{\"@type\":\"ListItem\",\"position\":3,\"name\":\"Motorrad Vermietstationen\",\"item\":\"https:\/\/www.imtbike.com\/de\/motorradvermietung-in-spanien-portugal\/vermietstationen\/\"},{\"@type\":\"ListItem\",\"position\":4,\"name\":\"Motorradvermietung in Bilbao\"}]},{\"@type\":\"WebSite\",\"@id\":\"https:\/\/www.imtbike.com\/#website\",\"url\":\"https:\/\/www.imtbike.com\/\",\"name\":\"IMTBike\",\"description\":\"Passion for Motorcycling\",\"potentialAction\":[{\"@type\":\"SearchAction\",\"target\":{\"@type\":\"EntryPoint\",\"urlTemplate\":\"https:\/\/www.imtbike.com\/?s={search_term_string}\"},\"query-input\":\"required name=search_term_string\"}],\"inLanguage\":\"de-DE\"}]}<\/script>\n<!-- \/ Yoast SEO plugin. -->","yoast_head_json":{"title":"Motorradvermietung in Bilbao - IMTBIKE","description":"Miete ein voll ausgestattetes BMW Motorrad aus unserer Vermietstation in Bilbao und fahre damit durch ganz Europa.","robots":{"index":"index","follow":"follow","max-snippet":"max-snippet:-1","max-image-preview":"max-image-preview:large","max-video-preview":"max-video-preview:-1"},"canonical":"https:\/\/www.imtbike.com\/de\/motorradvermietung-in-spanien-portugal\/vermietstationen\/bilbao\/","og_locale":"de_DE","og_type":"article","og_title":"Motorradvermietung in Bilbao - IMTBIKE","og_description":"Miete ein voll ausgestattetes BMW Motorrad aus unserer Vermietstation in Bilbao und fahre damit durch ganz Europa.","og_url":"https:\/\/www.imtbike.com\/de\/motorradvermietung-in-spanien-portugal\/vermietstationen\/bilbao\/","og_site_name":"IMTBike","article_modified_time":"2026-01-19T10:05:22+00:00","og_image":[{"width":1198,"height":421,"url":"https:\/\/www.imtbike.com\/be\/wp-content\/uploads\/2014\/04\/Bilbao.jpg","type":"image\/jpeg"}],"twitter_misc":{"Est. reading time":"2 minutes"},"schema":{"@context":"https:\/\/schema.org","@graph":[{"@type":"WebPage","@id":"https:\/\/www.imtbike.com\/de\/motorradvermietung-in-spanien-portugal\/vermietstationen\/bilbao\/","url":"https:\/\/www.imtbike.com\/de\/motorradvermietung-in-spanien-portugal\/vermietstationen\/bilbao\/","name":"Motorradvermietung in Bilbao - IMTBIKE","isPartOf":{"@id":"https:\/\/www.imtbike.com\/#website"},"primaryImageOfPage":{"@id":"https:\/\/www.imtbike.com\/de\/motorradvermietung-in-spanien-portugal\/vermietstationen\/bilbao\/#primaryimage"},"image":{"@id":"https:\/\/www.imtbike.com\/de\/motorradvermietung-in-spanien-portugal\/vermietstationen\/bilbao\/#primaryimage"},"thumbnailUrl":"https:\/\/www.imtbike.com\/be\/wp-content\/uploads\/2014\/04\/Bilbao.jpg","datePublished":"2014-04-02T15:13:44+00:00","dateModified":"2026-01-19T10:05:22+00:00","description":"Miete ein voll ausgestattetes BMW Motorrad aus unserer Vermietstation in Bilbao und fahre damit durch ganz Europa.","breadcrumb":{"@id":"https:\/\/www.imtbike.com\/de\/motorradvermietung-in-spanien-portugal\/vermietstationen\/bilbao\/#breadcrumb"},"inLanguage":"de-DE","potentialAction":[{"@type":"ReadAction","target":["https:\/\/www.imtbike.com\/de\/motorradvermietung-in-spanien-portugal\/vermietstationen\/bilbao\/"]}]},{"@type":"ImageObject","inLanguage":"de-DE","@id":"https:\/\/www.imtbike.com\/de\/motorradvermietung-in-spanien-portugal\/vermietstationen\/bilbao\/#primaryimage","url":"https:\/\/www.imtbike.com\/be\/wp-content\/uploads\/2014\/04\/Bilbao.jpg","contentUrl":"https:\/\/www.imtbike.com\/be\/wp-content\/uploads\/2014\/04\/Bilbao.jpg","width":1198,"height":421},{"@type":"BreadcrumbList","@id":"https:\/\/www.imtbike.com\/de\/motorradvermietung-in-spanien-portugal\/vermietstationen\/bilbao\/#breadcrumb","itemListElement":[{"@type":"ListItem","position":1,"name":"Home","item":"https:\/\/www.imtbike.com\/de\/"},{"@type":"ListItem","position":2,"name":"Motorradvermietung in Spanien &#038; Portugal","item":"https:\/\/www.imtbike.com\/motorcycle-rentals\/"},{"@type":"ListItem","position":3,"name":"Motorrad Vermietstationen","item":"https:\/\/www.imtbike.com\/de\/motorradvermietung-in-spanien-portugal\/vermietstationen\/"},{"@type":"ListItem","position":4,"name":"Motorradvermietung in Bilbao"}]},{"@type":"WebSite","@id":"https:\/\/www.imtbike.com\/#website","url":"https:\/\/www.imtbike.com\/","name":"IMTBike","description":"Passion for Motorcycling","potentialAction":[{"@type":"SearchAction","target":{"@type":"EntryPoint","urlTemplate":"https:\/\/www.imtbike.com\/?s={search_term_string}"},"query-input":"required name=search_term_string"}],"inLanguage":"de-DE"}]}},"jetpack_sharing_enabled":true,"_links":{"self":[{"href":"https:\/\/www.imtbike.com\/de\/wp-json\/wp\/v2\/pages\/3801"}],"collection":[{"href":"https:\/\/www.imtbike.com\/de\/wp-json\/wp\/v2\/pages"}],"about":[{"href":"https:\/\/www.imtbike.com\/de\/wp-json\/wp\/v2\/types\/page"}],"author":[{"embeddable":true,"href":"https:\/\/www.imtbike.com\/de\/wp-json\/wp\/v2\/users\/21"}],"replies":[{"embeddable":true,"href":"https:\/\/www.imtbike.com\/de\/wp-json\/wp\/v2\/comments?post=3801"}],"version-history":[{"count":6,"href":"https:\/\/www.imtbike.com\/de\/wp-json\/wp\/v2\/pages\/3801\/revisions"}],"predecessor-version":[{"id":47827,"href":"https:\/\/www.imtbike.com\/de\/wp-json\/wp\/v2\/pages\/3801\/revisions\/47827"}],"up":[{"embeddable":true,"href":"https:\/\/www.imtbike.com\/de\/wp-json\/wp\/v2\/pages\/3783"}],"wp:featuredmedia":[{"embeddable":true,"href":"https:\/\/www.imtbike.com\/de\/wp-json\/wp\/v2\/media\/12379"}],"wp:attachment":[{"href":"https:\/\/www.imtbike.com\/de\/wp-json\/wp\/v2\/media?parent=3801"}],"curies":[{"name":"wp","href":"https:\/\/api.w.org\/{rel}","templated":true}]}}