{"id":3796,"date":"2014-04-02T11:24:17","date_gmt":"2014-04-02T15:24:17","guid":{"rendered":"https:\/\/www.imtbike.com\/?page_id=3796"},"modified":"2023-07-11T16:07:56","modified_gmt":"2023-07-11T20:07:56","slug":"lissabon","status":"publish","type":"page","link":"https:\/\/www.imtbike.com\/de\/motorradvermietung-in-spanien-portugal\/vermietstationen\/lissabon\/","title":{"rendered":"Motorradvermietung in Lissabon"},"content":{"rendered":"<p>Lissabon ist die Hauptstadt Portugals und liegt an der Flussm\u00fcndung des Tejo. Sie wird auch die Perle Portugals genannt und blickt auf eine geschichtstr\u00e4chtige Vergangenheit zur\u00fcck. Portugal wurde auf 7 H\u00fcgeln erbaut. Tauchen Sie ein in die Altstadt, steigen Sie in die kopfsteingepflasterten schmalen Stra\u00dfen hinauf, oder fahren Sie mit einer der ber\u00fchmten Stra\u00dfenbahnen. Genie\u00dfen Sie von einem der zahlreichen Aussichtspunkten die spektakul\u00e4re Aussicht auf den Tejo, auf das Schloss und auf die umliegende Landschaft. Geniessen Sie das Nachtleben in einen der vielen Tavernen und Bars, in denen melancholischer Fado erklingt.<a href=\"https:\/\/www.imtbike.com\/be\/wp-content\/uploads\/2014\/04\/motorcycle-rental-in-lisbon-1.jpg\" rel=\"attachment wp-att-12367\"><img decoding=\"async\" loading=\"lazy\" class=\"size-medium wp-image-12367 alignright\" src=\"https:\/\/www.imtbike.com\/be\/wp-content\/uploads\/2014\/04\/motorcycle-rental-in-lisbon-1-300x200.jpg\" alt=\"motorcycle-rental-in-lisbon\" width=\"300\" height=\"200\" srcset=\"https:\/\/www.imtbike.com\/be\/wp-content\/uploads\/2014\/04\/motorcycle-rental-in-lisbon-1-300x200.jpg 300w, https:\/\/www.imtbike.com\/be\/wp-content\/uploads\/2014\/04\/motorcycle-rental-in-lisbon-1.jpg 640w\" sizes=\"(max-width: 300px) 100vw, 300px\" \/><\/a><\/p>\n<p>Portugal liebt uns Motorradfahrer und einer der attraktiven Ziele ist Estoril mit seiner ber\u00fchmten Rennstrecke. Keine 20 Minuten Fahrt von Lissabon entfernt wird der ruhige Badeort von Motorradfahrern aus ganz Europa f\u00fcr das MotoGP-Rennen angefahren. Auf perfekten kurvenreichen Strecken k\u00f6nnen Sie in der Umgebung von Portugal und bis nach Cabo da Roca, dem westlichsten Punkt Europas fahren.<\/p>\n<h3>Lissabons Sehensw\u00fcrdigkeiten<\/h3>\n<p>Allein das Flanieren in Lissabons Altstadt ist erlebenswert und genie\u00dfen Sie die k\u00f6stliche portugiesische K\u00fcche. Probieren Sie Bacalo und ein Glas Vino Verde. Schauen Sie sich das Schloss San Jorge und den Turm von Belen an. Beides geschichtstr\u00e4chtige Monumente Portugals.<\/p>\n<h3>IMTBIKE Motorradtouren<\/h3>\n<p>Sind Sie auf der Suche nach einem entspannten und unbeschwerten Motorrad-Urlaub? Dann kann Ihnen IMTBIKEauch hervorragend organisierte und selbstgef\u00fchrte Motorradtouren in Spanien, Portugal, Marokko, Frankreich und Italien anbieten. Wir buchen erstklassige und motorradfreundliche Hotels und garantieren Ihnen Tag f\u00fcr Tag die besten Motorradstrecken f\u00fcr ein unvergessliches Fahrvergn\u00fcgen! F\u00fcr weitere Informationen zu unseren IMTBike-Touren <a href=\"https:\/\/www.imtbike.com\/de\/motorradtouren\/\">klicken Sie Bitte hier.<\/a><\/p>\n","protected":false},"excerpt":{"rendered":"<p>Lissabon ist die Hauptstadt Portugals und liegt an der Flussm\u00fcndung des Tejo. Sie wird auch die Perle Portugals genannt und blickt auf eine geschichtstr\u00e4chtige Vergangenheit zur\u00fcck. Portugal wurde auf 7 H\u00fcgeln erbaut.<\/p>\n<p> <a class=\"read-more\" href=\"https:\/\/www.imtbike.com\/de\/motorradvermietung-in-spanien-portugal\/vermietstationen\/lissabon\/\"> Read More<\/a><\/p>\n","protected":false},"author":21,"featured_media":12417,"parent":3783,"menu_order":0,"comment_status":"open","ping_status":"closed","template":"","meta":{"footnotes":""},"acf":[],"yoast_head":"<!-- This site is optimized with the Yoast SEO plugin v22.6 - https:\/\/yoast.com\/wordpress\/plugins\/seo\/ -->\n<title>Motorradvermietung in Lissabon - IMTBike<\/title>\n<meta name=\"description\" content=\"IMTBike vermietet voll ausgestattete BMW-Motorr\u00e4der in Lissabon. 17 Jahre hervorragender Service macht IMTBike zu Ihrer ersten Wahl als Motorradvermieter.\" \/>\n<meta name=\"robots\" content=\"index, follow, max-snippet:-1, max-image-preview:large, max-video-preview:-1\" \/>\n<link rel=\"canonical\" href=\"https:\/\/www.imtbike.com\/de\/motorradvermietung-in-spanien-portugal\/vermietstationen\/lissabon\/\" \/>\n<meta property=\"og:locale\" content=\"de_DE\" \/>\n<meta property=\"og:type\" content=\"article\" \/>\n<meta property=\"og:title\" content=\"Motorradvermietung in Lissabon - IMTBike\" \/>\n<meta property=\"og:description\" content=\"IMTBike vermietet voll ausgestattete BMW-Motorr\u00e4der in Lissabon. 17 Jahre hervorragender Service macht IMTBike zu Ihrer ersten Wahl als Motorradvermieter.\" \/>\n<meta property=\"og:url\" content=\"https:\/\/www.imtbike.com\/de\/motorradvermietung-in-spanien-portugal\/vermietstationen\/lissabon\/\" \/>\n<meta property=\"og:site_name\" content=\"IMTBike\" \/>\n<meta property=\"article:modified_time\" content=\"2023-07-11T20:07:56+00:00\" \/>\n<meta property=\"og:image\" content=\"https:\/\/www.imtbike.com\/be\/wp-content\/uploads\/2014\/04\/rent-a-motorcycle-in-portugal.jpg\" \/>\n\t<meta property=\"og:image:width\" content=\"1440\" \/>\n\t<meta property=\"og:image:height\" content=\"360\" \/>\n\t<meta property=\"og:image:type\" content=\"image\/jpeg\" \/>\n<meta name=\"twitter:label1\" content=\"Est. reading time\" \/>\n\t<meta name=\"twitter:data1\" content=\"2 minutes\" \/>\n<script type=\"application\/ld+json\" class=\"yoast-schema-graph\">{\"@context\":\"https:\/\/schema.org\",\"@graph\":[{\"@type\":\"WebPage\",\"@id\":\"https:\/\/www.imtbike.com\/de\/motorradvermietung-in-spanien-portugal\/vermietstationen\/lissabon\/\",\"url\":\"https:\/\/www.imtbike.com\/de\/motorradvermietung-in-spanien-portugal\/vermietstationen\/lissabon\/\",\"name\":\"Motorradvermietung in Lissabon - IMTBike\",\"isPartOf\":{\"@id\":\"https:\/\/www.imtbike.com\/#website\"},\"primaryImageOfPage\":{\"@id\":\"https:\/\/www.imtbike.com\/de\/motorradvermietung-in-spanien-portugal\/vermietstationen\/lissabon\/#primaryimage\"},\"image\":{\"@id\":\"https:\/\/www.imtbike.com\/de\/motorradvermietung-in-spanien-portugal\/vermietstationen\/lissabon\/#primaryimage\"},\"thumbnailUrl\":\"https:\/\/www.imtbike.com\/be\/wp-content\/uploads\/2014\/04\/rent-a-motorcycle-in-portugal.jpg\",\"datePublished\":\"2014-04-02T15:24:17+00:00\",\"dateModified\":\"2023-07-11T20:07:56+00:00\",\"description\":\"IMTBike vermietet voll ausgestattete BMW-Motorr\u00e4der in Lissabon. 17 Jahre hervorragender Service macht IMTBike zu Ihrer ersten Wahl als Motorradvermieter.\",\"breadcrumb\":{\"@id\":\"https:\/\/www.imtbike.com\/de\/motorradvermietung-in-spanien-portugal\/vermietstationen\/lissabon\/#breadcrumb\"},\"inLanguage\":\"de-DE\",\"potentialAction\":[{\"@type\":\"ReadAction\",\"target\":[\"https:\/\/www.imtbike.com\/de\/motorradvermietung-in-spanien-portugal\/vermietstationen\/lissabon\/\"]}]},{\"@type\":\"ImageObject\",\"inLanguage\":\"de-DE\",\"@id\":\"https:\/\/www.imtbike.com\/de\/motorradvermietung-in-spanien-portugal\/vermietstationen\/lissabon\/#primaryimage\",\"url\":\"https:\/\/www.imtbike.com\/be\/wp-content\/uploads\/2014\/04\/rent-a-motorcycle-in-portugal.jpg\",\"contentUrl\":\"https:\/\/www.imtbike.com\/be\/wp-content\/uploads\/2014\/04\/rent-a-motorcycle-in-portugal.jpg\",\"width\":1440,\"height\":360,\"caption\":\"rent-a-motorcycle-in-portugal\"},{\"@type\":\"BreadcrumbList\",\"@id\":\"https:\/\/www.imtbike.com\/de\/motorradvermietung-in-spanien-portugal\/vermietstationen\/lissabon\/#breadcrumb\",\"itemListElement\":[{\"@type\":\"ListItem\",\"position\":1,\"name\":\"Home\",\"item\":\"https:\/\/www.imtbike.com\/de\/\"},{\"@type\":\"ListItem\",\"position\":2,\"name\":\"Motorradvermietung in Spanien &#038; Portugal\",\"item\":\"https:\/\/www.imtbike.com\/motorcycle-rentals\/\"},{\"@type\":\"ListItem\",\"position\":3,\"name\":\"Motorrad Vermietstationen\",\"item\":\"https:\/\/www.imtbike.com\/de\/motorradvermietung-in-spanien-portugal\/vermietstationen\/\"},{\"@type\":\"ListItem\",\"position\":4,\"name\":\"Motorradvermietung in Lissabon\"}]},{\"@type\":\"WebSite\",\"@id\":\"https:\/\/www.imtbike.com\/#website\",\"url\":\"https:\/\/www.imtbike.com\/\",\"name\":\"IMTBike\",\"description\":\"Passion for Motorcycling\",\"potentialAction\":[{\"@type\":\"SearchAction\",\"target\":{\"@type\":\"EntryPoint\",\"urlTemplate\":\"https:\/\/www.imtbike.com\/?s={search_term_string}\"},\"query-input\":\"required name=search_term_string\"}],\"inLanguage\":\"de-DE\"}]}<\/script>\n<!-- \/ Yoast SEO plugin. -->","yoast_head_json":{"title":"Motorradvermietung in Lissabon - IMTBike","description":"IMTBike vermietet voll ausgestattete BMW-Motorr\u00e4der in Lissabon. 17 Jahre hervorragender Service macht IMTBike zu Ihrer ersten Wahl als Motorradvermieter.","robots":{"index":"index","follow":"follow","max-snippet":"max-snippet:-1","max-image-preview":"max-image-preview:large","max-video-preview":"max-video-preview:-1"},"canonical":"https:\/\/www.imtbike.com\/de\/motorradvermietung-in-spanien-portugal\/vermietstationen\/lissabon\/","og_locale":"de_DE","og_type":"article","og_title":"Motorradvermietung in Lissabon - IMTBike","og_description":"IMTBike vermietet voll ausgestattete BMW-Motorr\u00e4der in Lissabon. 17 Jahre hervorragender Service macht IMTBike zu Ihrer ersten Wahl als Motorradvermieter.","og_url":"https:\/\/www.imtbike.com\/de\/motorradvermietung-in-spanien-portugal\/vermietstationen\/lissabon\/","og_site_name":"IMTBike","article_modified_time":"2023-07-11T20:07:56+00:00","og_image":[{"width":1440,"height":360,"url":"https:\/\/www.imtbike.com\/be\/wp-content\/uploads\/2014\/04\/rent-a-motorcycle-in-portugal.jpg","type":"image\/jpeg"}],"twitter_misc":{"Est. reading time":"2 minutes"},"schema":{"@context":"https:\/\/schema.org","@graph":[{"@type":"WebPage","@id":"https:\/\/www.imtbike.com\/de\/motorradvermietung-in-spanien-portugal\/vermietstationen\/lissabon\/","url":"https:\/\/www.imtbike.com\/de\/motorradvermietung-in-spanien-portugal\/vermietstationen\/lissabon\/","name":"Motorradvermietung in Lissabon - IMTBike","isPartOf":{"@id":"https:\/\/www.imtbike.com\/#website"},"primaryImageOfPage":{"@id":"https:\/\/www.imtbike.com\/de\/motorradvermietung-in-spanien-portugal\/vermietstationen\/lissabon\/#primaryimage"},"image":{"@id":"https:\/\/www.imtbike.com\/de\/motorradvermietung-in-spanien-portugal\/vermietstationen\/lissabon\/#primaryimage"},"thumbnailUrl":"https:\/\/www.imtbike.com\/be\/wp-content\/uploads\/2014\/04\/rent-a-motorcycle-in-portugal.jpg","datePublished":"2014-04-02T15:24:17+00:00","dateModified":"2023-07-11T20:07:56+00:00","description":"IMTBike vermietet voll ausgestattete BMW-Motorr\u00e4der in Lissabon. 17 Jahre hervorragender Service macht IMTBike zu Ihrer ersten Wahl als Motorradvermieter.","breadcrumb":{"@id":"https:\/\/www.imtbike.com\/de\/motorradvermietung-in-spanien-portugal\/vermietstationen\/lissabon\/#breadcrumb"},"inLanguage":"de-DE","potentialAction":[{"@type":"ReadAction","target":["https:\/\/www.imtbike.com\/de\/motorradvermietung-in-spanien-portugal\/vermietstationen\/lissabon\/"]}]},{"@type":"ImageObject","inLanguage":"de-DE","@id":"https:\/\/www.imtbike.com\/de\/motorradvermietung-in-spanien-portugal\/vermietstationen\/lissabon\/#primaryimage","url":"https:\/\/www.imtbike.com\/be\/wp-content\/uploads\/2014\/04\/rent-a-motorcycle-in-portugal.jpg","contentUrl":"https:\/\/www.imtbike.com\/be\/wp-content\/uploads\/2014\/04\/rent-a-motorcycle-in-portugal.jpg","width":1440,"height":360,"caption":"rent-a-motorcycle-in-portugal"},{"@type":"BreadcrumbList","@id":"https:\/\/www.imtbike.com\/de\/motorradvermietung-in-spanien-portugal\/vermietstationen\/lissabon\/#breadcrumb","itemListElement":[{"@type":"ListItem","position":1,"name":"Home","item":"https:\/\/www.imtbike.com\/de\/"},{"@type":"ListItem","position":2,"name":"Motorradvermietung in Spanien &#038; Portugal","item":"https:\/\/www.imtbike.com\/motorcycle-rentals\/"},{"@type":"ListItem","position":3,"name":"Motorrad Vermietstationen","item":"https:\/\/www.imtbike.com\/de\/motorradvermietung-in-spanien-portugal\/vermietstationen\/"},{"@type":"ListItem","position":4,"name":"Motorradvermietung in Lissabon"}]},{"@type":"WebSite","@id":"https:\/\/www.imtbike.com\/#website","url":"https:\/\/www.imtbike.com\/","name":"IMTBike","description":"Passion for Motorcycling","potentialAction":[{"@type":"SearchAction","target":{"@type":"EntryPoint","urlTemplate":"https:\/\/www.imtbike.com\/?s={search_term_string}"},"query-input":"required name=search_term_string"}],"inLanguage":"de-DE"}]}},"jetpack_sharing_enabled":true,"_links":{"self":[{"href":"https:\/\/www.imtbike.com\/de\/wp-json\/wp\/v2\/pages\/3796"}],"collection":[{"href":"https:\/\/www.imtbike.com\/de\/wp-json\/wp\/v2\/pages"}],"about":[{"href":"https:\/\/www.imtbike.com\/de\/wp-json\/wp\/v2\/types\/page"}],"author":[{"embeddable":true,"href":"https:\/\/www.imtbike.com\/de\/wp-json\/wp\/v2\/users\/21"}],"replies":[{"embeddable":true,"href":"https:\/\/www.imtbike.com\/de\/wp-json\/wp\/v2\/comments?post=3796"}],"version-history":[{"count":3,"href":"https:\/\/www.imtbike.com\/de\/wp-json\/wp\/v2\/pages\/3796\/revisions"}],"predecessor-version":[{"id":40361,"href":"https:\/\/www.imtbike.com\/de\/wp-json\/wp\/v2\/pages\/3796\/revisions\/40361"}],"up":[{"embeddable":true,"href":"https:\/\/www.imtbike.com\/de\/wp-json\/wp\/v2\/pages\/3783"}],"wp:featuredmedia":[{"embeddable":true,"href":"https:\/\/www.imtbike.com\/de\/wp-json\/wp\/v2\/media\/12417"}],"wp:attachment":[{"href":"https:\/\/www.imtbike.com\/de\/wp-json\/wp\/v2\/media?parent=3796"}],"curies":[{"name":"wp","href":"https:\/\/api.w.org\/{rel}","templated":true}]}}