{"id":3791,"date":"2014-04-02T08:46:10","date_gmt":"2014-04-02T12:46:10","guid":{"rendered":"https:\/\/www.imtbike.com\/?page_id=3791"},"modified":"2023-07-11T16:07:39","modified_gmt":"2023-07-11T20:07:39","slug":"barcelona","status":"publish","type":"page","link":"https:\/\/www.imtbike.com\/de\/motorradvermietung-in-spanien-portugal\/vermietstationen\/barcelona\/","title":{"rendered":"Motorradvermietung in Barcelona"},"content":{"rendered":"<p>Barcelona ist die Hauptstadt der Autonomen Region Katalonien und liegt direkt am Mittelmeer ca. 200km s\u00fcdlich der Grenze zu Frankreich. Barcelona ist die zweitgr\u00f6\u00dfte Stadt Spaniens und dank seiner Str\u00e4nde, seiner Museen und seines Nachtlebens ein bekanntes Touristenziel. Die Stadt spielte schon immer eine wichtige Rolle in der Motorradwelt und ist Ursprung bekannter spanische Motorradmarken wie Bultaco, Montesa und Ossa. Ebenso ist Barcelona die Heimat weltbekannter Motorrradrennfahrer wie z.B. Weltmeister \u00c0lex Crivill\u00e9 und Dani Pedrosa, Sete Gibernau, Carles Checa, Toni El\u00edas und nicht zu vergessen des siebenfachen Trial-Weltmeisters Jordi Tarr\u00e9s.<a href=\"https:\/\/www.imtbike.com\/be\/wp-content\/uploads\/2014\/04\/Barcelona-2.jpg\" rel=\"attachment wp-att-13003\"><img decoding=\"async\" loading=\"lazy\" class=\"size-medium wp-image-13003 alignright\" src=\"https:\/\/www.imtbike.com\/be\/wp-content\/uploads\/2014\/04\/Barcelona-2-300x194.jpg\" alt=\"motorcycle-rental-in-barcelona\" width=\"300\" height=\"194\" srcset=\"https:\/\/www.imtbike.com\/be\/wp-content\/uploads\/2014\/04\/Barcelona-2-300x194.jpg 300w, https:\/\/www.imtbike.com\/be\/wp-content\/uploads\/2014\/04\/Barcelona-2.jpg 322w\" sizes=\"(max-width: 300px) 100vw, 300px\" \/><\/a><\/p>\n<p>Barcelona ist zudem bekannt f\u00fcr seine <strong>Rennstrecke Montemelo<\/strong>, wo jedes Jahr hunderttausende begeisterte Motorradfans das MotoGP-Wochenende feiern. Es ist nicht \u00fcbertrieben zu sagen, dass Barcelona eine der europ\u00e4ischen St\u00e4dte mit der meisten Motorradkultur ist.<\/p>\n<p>Es wundert nicht, dass das gebirgige Umland eine gro\u00dfe Vielfalt an leicht zu erreichenden ausgezeichneten Motorradrouten bietet und auch die Traumstra\u00dfen der Pyren\u00e4en sind nicht weit entfernt.<\/p>\n<h3>Barcelona&#8217;s Sehensw\u00fcrdigkeiten<\/h3>\n<p>Barcelona ist eine fantastische Stadt, in der es viel zu sehen gibt. Ganz oben auf der Liste steht ohne Zweifel die weltber\u00fchmte Kathedrale \u201cSagrada Familia\u201c, gefolgt von der Flaniermeile \u201cLas Ramblas\u201c mit seiner Markthalle \u201cLa Boquer\u00eda\u201c, der Gaud\u00ed-Garten \u201cPark G\u00fcell\u201c, der Stadtberg Montjuic mit seiner Festung und ein Spaziergang durch die Stra\u00dfen der Viertel Eixample, Born und Gracia.<\/p>\n<h3>IMTBIKE Tours<\/h3>\n<p>Sind Sie auf der Suche nach einem entspannten und unbeschwerten Motorrad-Urlaub? Dann kann Ihnen IMTBike auch hervorragend organisierte und selbstgef\u00fchrte Motorradtouren in Spanien, Portugal, Marokko, Frankreich und Italien anbieten. Wir buchen erstklassige und motorradfreundliche Hotels und garantieren Ihnen Tag f\u00fcr Tag die besten Motorradstrecken f\u00fcr ein unvergessliches Fahrvergn\u00fcgen! F\u00fcr weitere Informationen zu unseren IMTBike-Touren&nbsp;<a href=\"https:\/\/www.imtbike.com\/de\/motorradtouren\/\">klicken sie bitte hier.<\/a><\/p>\n","protected":false},"excerpt":{"rendered":"<p>Barcelona ist die Hauptstadt der Autonomen Region Katalonien und liegt direkt am Mittelmeer ca. 200km s\u00fcdlich der Grenze zu Frankreich. Barcelona ist die zweitgr\u00f6\u00dfte Stadt Spaniens und dank seiner Str\u00e4nde,<\/p>\n<p> <a class=\"read-more\" href=\"https:\/\/www.imtbike.com\/de\/motorradvermietung-in-spanien-portugal\/vermietstationen\/barcelona\/\"> Read More<\/a><\/p>\n","protected":false},"author":21,"featured_media":12378,"parent":3783,"menu_order":0,"comment_status":"open","ping_status":"closed","template":"","meta":{"footnotes":""},"acf":[],"yoast_head":"<!-- This site is optimized with the Yoast SEO plugin v22.6 - https:\/\/yoast.com\/wordpress\/plugins\/seo\/ -->\n<title>Barcelona Motorcycle Rentals<\/title>\n<meta name=\"description\" content=\"IMTBike offers new fully equipped BMW motorcycle rentals in Barcelona. 21 yrs of outstanding service makes IMTBike the right choice for motorbike hire.\" \/>\n<meta name=\"robots\" content=\"index, follow, max-snippet:-1, max-image-preview:large, max-video-preview:-1\" \/>\n<link rel=\"canonical\" href=\"https:\/\/www.imtbike.com\/de\/motorradvermietung-in-spanien-portugal\/vermietstationen\/barcelona\/\" \/>\n<meta property=\"og:locale\" content=\"de_DE\" \/>\n<meta property=\"og:type\" content=\"article\" \/>\n<meta property=\"og:title\" content=\"Barcelona Motorcycle Rentals\" \/>\n<meta property=\"og:description\" content=\"IMTBike offers new fully equipped BMW motorcycle rentals in Barcelona. 21 yrs of outstanding service makes IMTBike the right choice for motorbike hire.\" \/>\n<meta property=\"og:url\" content=\"https:\/\/www.imtbike.com\/de\/motorradvermietung-in-spanien-portugal\/vermietstationen\/barcelona\/\" \/>\n<meta property=\"og:site_name\" content=\"IMTBike\" \/>\n<meta property=\"article:modified_time\" content=\"2023-07-11T20:07:39+00:00\" \/>\n<meta property=\"og:image\" content=\"https:\/\/www.imtbike.com\/be\/wp-content\/uploads\/2014\/04\/Barcelona-1.jpg\" \/>\n\t<meta property=\"og:image:width\" content=\"1198\" \/>\n\t<meta property=\"og:image:height\" content=\"421\" \/>\n\t<meta property=\"og:image:type\" content=\"image\/jpeg\" \/>\n<meta name=\"twitter:label1\" content=\"Est. reading time\" \/>\n\t<meta name=\"twitter:data1\" content=\"2 minutes\" \/>\n<script type=\"application\/ld+json\" class=\"yoast-schema-graph\">{\"@context\":\"https:\/\/schema.org\",\"@graph\":[{\"@type\":\"WebPage\",\"@id\":\"https:\/\/www.imtbike.com\/de\/motorradvermietung-in-spanien-portugal\/vermietstationen\/barcelona\/\",\"url\":\"https:\/\/www.imtbike.com\/de\/motorradvermietung-in-spanien-portugal\/vermietstationen\/barcelona\/\",\"name\":\"Barcelona Motorcycle Rentals\",\"isPartOf\":{\"@id\":\"https:\/\/www.imtbike.com\/#website\"},\"primaryImageOfPage\":{\"@id\":\"https:\/\/www.imtbike.com\/de\/motorradvermietung-in-spanien-portugal\/vermietstationen\/barcelona\/#primaryimage\"},\"image\":{\"@id\":\"https:\/\/www.imtbike.com\/de\/motorradvermietung-in-spanien-portugal\/vermietstationen\/barcelona\/#primaryimage\"},\"thumbnailUrl\":\"https:\/\/www.imtbike.com\/be\/wp-content\/uploads\/2014\/04\/Barcelona-1.jpg\",\"datePublished\":\"2014-04-02T12:46:10+00:00\",\"dateModified\":\"2023-07-11T20:07:39+00:00\",\"description\":\"IMTBike offers new fully equipped BMW motorcycle rentals in Barcelona. 21 yrs of outstanding service makes IMTBike the right choice for motorbike hire.\",\"breadcrumb\":{\"@id\":\"https:\/\/www.imtbike.com\/de\/motorradvermietung-in-spanien-portugal\/vermietstationen\/barcelona\/#breadcrumb\"},\"inLanguage\":\"de-DE\",\"potentialAction\":[{\"@type\":\"ReadAction\",\"target\":[\"https:\/\/www.imtbike.com\/de\/motorradvermietung-in-spanien-portugal\/vermietstationen\/barcelona\/\"]}]},{\"@type\":\"ImageObject\",\"inLanguage\":\"de-DE\",\"@id\":\"https:\/\/www.imtbike.com\/de\/motorradvermietung-in-spanien-portugal\/vermietstationen\/barcelona\/#primaryimage\",\"url\":\"https:\/\/www.imtbike.com\/be\/wp-content\/uploads\/2014\/04\/Barcelona-1.jpg\",\"contentUrl\":\"https:\/\/www.imtbike.com\/be\/wp-content\/uploads\/2014\/04\/Barcelona-1.jpg\",\"width\":1198,\"height\":421},{\"@type\":\"BreadcrumbList\",\"@id\":\"https:\/\/www.imtbike.com\/de\/motorradvermietung-in-spanien-portugal\/vermietstationen\/barcelona\/#breadcrumb\",\"itemListElement\":[{\"@type\":\"ListItem\",\"position\":1,\"name\":\"Home\",\"item\":\"https:\/\/www.imtbike.com\/de\/\"},{\"@type\":\"ListItem\",\"position\":2,\"name\":\"Motorradvermietung in Spanien &#038; Portugal\",\"item\":\"https:\/\/www.imtbike.com\/motorcycle-rentals\/\"},{\"@type\":\"ListItem\",\"position\":3,\"name\":\"Motorrad Vermietstationen\",\"item\":\"https:\/\/www.imtbike.com\/de\/motorradvermietung-in-spanien-portugal\/vermietstationen\/\"},{\"@type\":\"ListItem\",\"position\":4,\"name\":\"Motorradvermietung in Barcelona\"}]},{\"@type\":\"WebSite\",\"@id\":\"https:\/\/www.imtbike.com\/#website\",\"url\":\"https:\/\/www.imtbike.com\/\",\"name\":\"IMTBike\",\"description\":\"Passion for Motorcycling\",\"potentialAction\":[{\"@type\":\"SearchAction\",\"target\":{\"@type\":\"EntryPoint\",\"urlTemplate\":\"https:\/\/www.imtbike.com\/?s={search_term_string}\"},\"query-input\":\"required name=search_term_string\"}],\"inLanguage\":\"de-DE\"}]}<\/script>\n<!-- \/ Yoast SEO plugin. -->","yoast_head_json":{"title":"Barcelona Motorcycle Rentals","description":"IMTBike offers new fully equipped BMW motorcycle rentals in Barcelona. 21 yrs of outstanding service makes IMTBike the right choice for motorbike hire.","robots":{"index":"index","follow":"follow","max-snippet":"max-snippet:-1","max-image-preview":"max-image-preview:large","max-video-preview":"max-video-preview:-1"},"canonical":"https:\/\/www.imtbike.com\/de\/motorradvermietung-in-spanien-portugal\/vermietstationen\/barcelona\/","og_locale":"de_DE","og_type":"article","og_title":"Barcelona Motorcycle Rentals","og_description":"IMTBike offers new fully equipped BMW motorcycle rentals in Barcelona. 21 yrs of outstanding service makes IMTBike the right choice for motorbike hire.","og_url":"https:\/\/www.imtbike.com\/de\/motorradvermietung-in-spanien-portugal\/vermietstationen\/barcelona\/","og_site_name":"IMTBike","article_modified_time":"2023-07-11T20:07:39+00:00","og_image":[{"width":1198,"height":421,"url":"https:\/\/www.imtbike.com\/be\/wp-content\/uploads\/2014\/04\/Barcelona-1.jpg","type":"image\/jpeg"}],"twitter_misc":{"Est. reading time":"2 minutes"},"schema":{"@context":"https:\/\/schema.org","@graph":[{"@type":"WebPage","@id":"https:\/\/www.imtbike.com\/de\/motorradvermietung-in-spanien-portugal\/vermietstationen\/barcelona\/","url":"https:\/\/www.imtbike.com\/de\/motorradvermietung-in-spanien-portugal\/vermietstationen\/barcelona\/","name":"Barcelona Motorcycle Rentals","isPartOf":{"@id":"https:\/\/www.imtbike.com\/#website"},"primaryImageOfPage":{"@id":"https:\/\/www.imtbike.com\/de\/motorradvermietung-in-spanien-portugal\/vermietstationen\/barcelona\/#primaryimage"},"image":{"@id":"https:\/\/www.imtbike.com\/de\/motorradvermietung-in-spanien-portugal\/vermietstationen\/barcelona\/#primaryimage"},"thumbnailUrl":"https:\/\/www.imtbike.com\/be\/wp-content\/uploads\/2014\/04\/Barcelona-1.jpg","datePublished":"2014-04-02T12:46:10+00:00","dateModified":"2023-07-11T20:07:39+00:00","description":"IMTBike offers new fully equipped BMW motorcycle rentals in Barcelona. 21 yrs of outstanding service makes IMTBike the right choice for motorbike hire.","breadcrumb":{"@id":"https:\/\/www.imtbike.com\/de\/motorradvermietung-in-spanien-portugal\/vermietstationen\/barcelona\/#breadcrumb"},"inLanguage":"de-DE","potentialAction":[{"@type":"ReadAction","target":["https:\/\/www.imtbike.com\/de\/motorradvermietung-in-spanien-portugal\/vermietstationen\/barcelona\/"]}]},{"@type":"ImageObject","inLanguage":"de-DE","@id":"https:\/\/www.imtbike.com\/de\/motorradvermietung-in-spanien-portugal\/vermietstationen\/barcelona\/#primaryimage","url":"https:\/\/www.imtbike.com\/be\/wp-content\/uploads\/2014\/04\/Barcelona-1.jpg","contentUrl":"https:\/\/www.imtbike.com\/be\/wp-content\/uploads\/2014\/04\/Barcelona-1.jpg","width":1198,"height":421},{"@type":"BreadcrumbList","@id":"https:\/\/www.imtbike.com\/de\/motorradvermietung-in-spanien-portugal\/vermietstationen\/barcelona\/#breadcrumb","itemListElement":[{"@type":"ListItem","position":1,"name":"Home","item":"https:\/\/www.imtbike.com\/de\/"},{"@type":"ListItem","position":2,"name":"Motorradvermietung in Spanien &#038; Portugal","item":"https:\/\/www.imtbike.com\/motorcycle-rentals\/"},{"@type":"ListItem","position":3,"name":"Motorrad Vermietstationen","item":"https:\/\/www.imtbike.com\/de\/motorradvermietung-in-spanien-portugal\/vermietstationen\/"},{"@type":"ListItem","position":4,"name":"Motorradvermietung in Barcelona"}]},{"@type":"WebSite","@id":"https:\/\/www.imtbike.com\/#website","url":"https:\/\/www.imtbike.com\/","name":"IMTBike","description":"Passion for Motorcycling","potentialAction":[{"@type":"SearchAction","target":{"@type":"EntryPoint","urlTemplate":"https:\/\/www.imtbike.com\/?s={search_term_string}"},"query-input":"required name=search_term_string"}],"inLanguage":"de-DE"}]}},"jetpack_sharing_enabled":true,"_links":{"self":[{"href":"https:\/\/www.imtbike.com\/de\/wp-json\/wp\/v2\/pages\/3791"}],"collection":[{"href":"https:\/\/www.imtbike.com\/de\/wp-json\/wp\/v2\/pages"}],"about":[{"href":"https:\/\/www.imtbike.com\/de\/wp-json\/wp\/v2\/types\/page"}],"author":[{"embeddable":true,"href":"https:\/\/www.imtbike.com\/de\/wp-json\/wp\/v2\/users\/21"}],"replies":[{"embeddable":true,"href":"https:\/\/www.imtbike.com\/de\/wp-json\/wp\/v2\/comments?post=3791"}],"version-history":[{"count":5,"href":"https:\/\/www.imtbike.com\/de\/wp-json\/wp\/v2\/pages\/3791\/revisions"}],"predecessor-version":[{"id":40359,"href":"https:\/\/www.imtbike.com\/de\/wp-json\/wp\/v2\/pages\/3791\/revisions\/40359"}],"up":[{"embeddable":true,"href":"https:\/\/www.imtbike.com\/de\/wp-json\/wp\/v2\/pages\/3783"}],"wp:featuredmedia":[{"embeddable":true,"href":"https:\/\/www.imtbike.com\/de\/wp-json\/wp\/v2\/media\/12378"}],"wp:attachment":[{"href":"https:\/\/www.imtbike.com\/de\/wp-json\/wp\/v2\/media?parent=3791"}],"curies":[{"name":"wp","href":"https:\/\/api.w.org\/{rel}","templated":true}]}}