{"id":3778,"date":"2014-06-12T14:40:18","date_gmt":"2014-06-12T18:40:18","guid":{"rendered":"https:\/\/www.imtbike.com\/?page_id=3778"},"modified":"2023-01-13T02:42:38","modified_gmt":"2023-01-13T07:42:38","slug":"faq","status":"publish","type":"page","link":"https:\/\/www.imtbike.com\/de\/motorradtouren\/faq\/","title":{"rendered":"Motorradtouren FAQ"},"content":{"rendered":"<ul class=\"left paddingTop\">\n<li>\n<h3>Ist ein internationaler F\u00fchrerschein erforderlich?<\/h3>\n<p>Der Internationale F\u00fchrerschein ist ein zeitlich befristetes und weltweit g\u00fcltiges Zusatzdokument zu Ihrem nationalen F\u00fchrerschein und ist nur in Kombination mit diesem g\u00fcltig. Es ist nicht zwingend gesetzlich vorgeschrieben, erleichtert jedoch im Bedarfsfall die Abwicklung mit den lokalen Beh\u00f6rden! Kontaktieren Sie Ihren Automobilclub in Ihrer N\u00e4he f\u00fcr weitere Informationen.<\/li>\n<li>\n<h3>Welche Distanzen werden an einem Tag gefahren?<\/h3>\n<p>Wir fahren zwischen 200 und 400 km pro Tag, je nach Tourencharakter. Genauere Informationen finden Sie in der Tourenbeschreibung. Wir halten normalerweise alle 1-1,5 Stunden an f\u00fcr ein Erfrischungsgetr\u00e4nk, Mittagessen oder ein gutes Foto.<\/li>\n<li>\n<h3>Wieviele Tourenteilnehmer gibt es pro Tour?<\/h3>\n<p>IMTBike h\u00e4lt seine Reisegruppen gerne klein und pers\u00f6nlich. Auf jeder Tour gibt es meistens 8 bis 12 Personen. Dies ist erfahrungsgem\u00e4\u00df die ideale Gr\u00f6\u00dfe, damit sich alle Reisenden wohl und bestens betreut f\u00fchlen.<\/li>\n<li>\n<h3>Welche Kleidung muss ich mitbringen?<\/h3>\n<p>Die Kleiderordnung ist leger und unser Van wird Ihr Gep\u00e4ck transportieren. Neben Ihrer Motorradbekleidung (Helm, Jacke, Hose, Regenkombi, etc.) sollten Sie Badeanzug, T-Shirts, Jeans, Hosen und Pullover einpacken. Unser Tourenhandbuch, das Sie sp\u00e4testens zwei Wochen vor Beginn der Reise erhalten, f\u00fchrt alle wichtigen Vorab-Informationen auf wie Kleidung, Sitten, Ankunftszeit, Hotelliste und Routenbeschreibung.<\/li>\n<li>\n<h3>Besteht Helmpflicht?<\/h3>\n<p>Ja, in Spanien und allen anderen L\u00e4ndern besteht Helmpflicht. IMTBike empfiehlt Integralhelme zu tragen.<\/li>\n<li>\n<h3>Wer sind die anderen Reiseteilnehmer?<\/h3>\n<p>Unsere Teilnehmer kommen aus der ganzen Welt. Jeder kann sich gerne mit Erlebnissen aus seinem eigenen Land einbringen, was den Reisegenuss noch um einiges erh\u00f6ht.<\/li>\n<li>\n<h3>Wieviel Bargeld werde ich auf der Tour ben\u00f6tigen?<\/h3>\n<p>Sie brauchen Geld f\u00fcr Mittagessen, Snacks, Getr\u00e4nke, Trinkgeld, Benzin, Mautgeb\u00fchren und Ihre pers\u00f6nlichen Ausgaben.<\/li>\n<li>\n<h3>Kann ich mit meinem eigenen Motorrad reisen?<\/h3>\n<p>Selbstverst\u00e4ndlich k\u00f6nnen Sie Ihr eigenes Motorrad mitbringen, egal welche Marke oder welches Modell. In diesem Fall bezahlen Sie f\u00fcr die Tour den Passagier- statt den Fahrer-Preis.<\/li>\n<li>\n<h3>Was ist mit meinem Gep\u00e4ck?<\/h3>\n<p>IMTBike hat ein Begleitfahrzeug dabei. Es transportiert Ihr Reisegep\u00e4ck und alle weiteren Dinge, die Sie auf der Reise kaufen. Es gibt auch immer einen Platz im Van f\u00fcr einen Nichtmotorradfahrer der Gruppe.<\/li>\n<li>\n<h3>Was ist an den Rasttagen?<\/h3>\n<p>Die Rasttage sind in der Regel nach einigen Tagen an kulturellen und landschaftlich reizvollen Orten eingeplant. Sie dienen zur Erholung und Sie k\u00f6nnen diese Zeit frei nach Ihrem Geschmack gestalten. Sie k\u00f6nnen entspannen, die Sehensw\u00fcrdigkeiten genie\u00dfen oder auch gerne einen Motorradausflug machen und die Umgebung auf eigene Faust erkunden. Oder wir schlagen Ihnen eine Tour vor und wir fahren gemeinsam los.<\/li>\n<li>\n<h3>Wie erfahren sind die anderen Motorradfahrer?<\/h3>\n<p>Die Teilnehmer haben sehr unterschiedliche Erfahrung. Einige fahren seit vielen Jahren und sind hervorragende Motorradfahrer, andere haben erst vor kurzem mit dem Motorradfahren begonnen. Fahren Sie bitte immer Ihr eigenes Tempo, das Ihnen einen entspannten Fahrgenuss erlaubt. Das ist uns sehr wichtig! Gerne geben unsere erfahrenen Tourguides Tipps und Hinweise, wie Sie Ihre F\u00e4higkeiten verbessern und zu einem noch sichereren Motorradfahrer werden k\u00f6nnen.<\/li>\n<li>\n<h3>Kann mein Motorradclub oder Freundeskreis eine eigene Strecke ausarbeiten?<\/h3>\n<p>Bei mindestens 10 Reiseteilnehmern kann IMTBike Ihnen gerne eine Motorradroute gem\u00e4\u00df Ihren Anforderungen und W\u00fcnschen \u201ema\u00dfschneidern\u201c. Wenn Ihr Motorradclub oder Ihr Freundeskreis daran interessiert ist, eine individuelle Tour zu machen, kontaktieren Sie uns gerne.<\/li>\n<li>\n<h3>Wie ist der Ablauf von selbstgef\u00fchrten Touren?<\/h3>\n<p>Alle von IMTBike organisierten Touren k\u00f6nnen in \u201eselbstgef\u00fchrte Touren\u201c umgewandelt werden. Sie brauchen uns nur zu sagen, an welcher Tour Sie interessiert sind und zu welcher Zeit Sie fahren wollen. Wir organisieren dann Ihre Reise bis ins kleinste Detail. Ein IMTBike Tourguide wird Sie am ersten Abend vor der Tour treffen und mit Ihnen die Reise besprechen und aufkommende Fragen beantworten. Sie bekommen auch ein GPS mit, auf dem die Route abgespeichert ist.<\/li>\n<\/ul>\n","protected":false},"excerpt":{"rendered":"<ul class=\"left paddingTop\">\n<li>\nIst ein internationaler F\u00fchrerschein erforderlich?<\/p>\n<p>Der Internationale F\u00fchrerschein ist ein zeitlich befristetes und weltweit g\u00fcltiges Zusatzdokument zu Ihrem nationalen F\u00fchrerschein und ist nur in Kombination mit diesem g\u00fcltig.<\/p>\n<\/li>\n<\/ul>\n<p> <a class=\"read-more\" href=\"https:\/\/www.imtbike.com\/de\/motorradtouren\/faq\/\"> Read More<\/a><\/p>\n","protected":false},"author":21,"featured_media":29256,"parent":3772,"menu_order":0,"comment_status":"open","ping_status":"open","template":"","meta":{"footnotes":""},"acf":[],"yoast_head":"<!-- This site is optimized with the Yoast SEO plugin v22.6 - https:\/\/yoast.com\/wordpress\/plugins\/seo\/ -->\n<title>IMTBike Motorcycle Tour Frequently Asked Questions (FAQ)<\/title>\n<meta name=\"description\" content=\"Frequently asked questions about IMTBike Motorcycle tours.\" \/>\n<meta name=\"robots\" content=\"index, follow, max-snippet:-1, max-image-preview:large, max-video-preview:-1\" \/>\n<link rel=\"canonical\" href=\"https:\/\/www.imtbike.com\/motorcycle-tours\/faq\/\" \/>\n<meta property=\"og:locale\" content=\"de_DE\" \/>\n<meta property=\"og:type\" content=\"article\" \/>\n<meta property=\"og:title\" content=\"IMTBike Motorcycle Tour Frequently Asked Questions (FAQ)\" \/>\n<meta property=\"og:description\" content=\"Frequently asked questions about IMTBike Motorcycle tours.\" \/>\n<meta property=\"og:url\" content=\"https:\/\/www.imtbike.com\/motorcycle-tours\/faq\/\" \/>\n<meta property=\"og:site_name\" content=\"IMTBike\" \/>\n<meta property=\"article:modified_time\" content=\"2023-01-13T07:42:38+00:00\" \/>\n<meta property=\"og:image\" content=\"https:\/\/www.imtbike.com\/be\/wp-content\/uploads\/2014\/06\/tours-faq.jpg\" \/>\n\t<meta property=\"og:image:width\" content=\"1440\" \/>\n\t<meta property=\"og:image:height\" content=\"350\" \/>\n\t<meta property=\"og:image:type\" content=\"image\/jpeg\" \/>\n<meta name=\"twitter:label1\" content=\"Est. reading time\" \/>\n\t<meta name=\"twitter:data1\" content=\"3 minutes\" \/>\n<script type=\"application\/ld+json\" class=\"yoast-schema-graph\">{\"@context\":\"https:\/\/schema.org\",\"@graph\":[{\"@type\":\"WebPage\",\"@id\":\"https:\/\/www.imtbike.com\/motorcycle-tours\/faq\/\",\"url\":\"https:\/\/www.imtbike.com\/motorcycle-tours\/faq\/\",\"name\":\"IMTBike Motorcycle Tour Frequently Asked Questions (FAQ)\",\"isPartOf\":{\"@id\":\"https:\/\/www.imtbike.com\/#website\"},\"primaryImageOfPage\":{\"@id\":\"https:\/\/www.imtbike.com\/motorcycle-tours\/faq\/#primaryimage\"},\"image\":{\"@id\":\"https:\/\/www.imtbike.com\/motorcycle-tours\/faq\/#primaryimage\"},\"thumbnailUrl\":\"https:\/\/www.imtbike.com\/be\/wp-content\/uploads\/2014\/06\/tours-faq.jpg\",\"datePublished\":\"2014-06-12T18:40:18+00:00\",\"dateModified\":\"2023-01-13T07:42:38+00:00\",\"description\":\"Frequently asked questions about IMTBike Motorcycle tours.\",\"breadcrumb\":{\"@id\":\"https:\/\/www.imtbike.com\/motorcycle-tours\/faq\/#breadcrumb\"},\"inLanguage\":\"de-DE\",\"potentialAction\":[{\"@type\":\"ReadAction\",\"target\":[\"https:\/\/www.imtbike.com\/motorcycle-tours\/faq\/\"]}]},{\"@type\":\"ImageObject\",\"inLanguage\":\"de-DE\",\"@id\":\"https:\/\/www.imtbike.com\/motorcycle-tours\/faq\/#primaryimage\",\"url\":\"https:\/\/www.imtbike.com\/be\/wp-content\/uploads\/2014\/06\/tours-faq.jpg\",\"contentUrl\":\"https:\/\/www.imtbike.com\/be\/wp-content\/uploads\/2014\/06\/tours-faq.jpg\",\"width\":1440,\"height\":350},{\"@type\":\"BreadcrumbList\",\"@id\":\"https:\/\/www.imtbike.com\/motorcycle-tours\/faq\/#breadcrumb\",\"itemListElement\":[{\"@type\":\"ListItem\",\"position\":1,\"name\":\"Home\",\"item\":\"https:\/\/www.imtbike.com\/de\/\"},{\"@type\":\"ListItem\",\"position\":2,\"name\":\"Motorradtouren\",\"item\":\"https:\/\/www.imtbike.com\/motorcycle-tours\/\"},{\"@type\":\"ListItem\",\"position\":3,\"name\":\"Motorradtouren FAQ\"}]},{\"@type\":\"WebSite\",\"@id\":\"https:\/\/www.imtbike.com\/#website\",\"url\":\"https:\/\/www.imtbike.com\/\",\"name\":\"IMTBike\",\"description\":\"Passion for Motorcycling\",\"potentialAction\":[{\"@type\":\"SearchAction\",\"target\":{\"@type\":\"EntryPoint\",\"urlTemplate\":\"https:\/\/www.imtbike.com\/?s={search_term_string}\"},\"query-input\":\"required name=search_term_string\"}],\"inLanguage\":\"de-DE\"}]}<\/script>\n<!-- \/ Yoast SEO plugin. -->","yoast_head_json":{"title":"IMTBike Motorcycle Tour Frequently Asked Questions (FAQ)","description":"Frequently asked questions about IMTBike Motorcycle tours.","robots":{"index":"index","follow":"follow","max-snippet":"max-snippet:-1","max-image-preview":"max-image-preview:large","max-video-preview":"max-video-preview:-1"},"canonical":"https:\/\/www.imtbike.com\/motorcycle-tours\/faq\/","og_locale":"de_DE","og_type":"article","og_title":"IMTBike Motorcycle Tour Frequently Asked Questions (FAQ)","og_description":"Frequently asked questions about IMTBike Motorcycle tours.","og_url":"https:\/\/www.imtbike.com\/motorcycle-tours\/faq\/","og_site_name":"IMTBike","article_modified_time":"2023-01-13T07:42:38+00:00","og_image":[{"width":1440,"height":350,"url":"https:\/\/www.imtbike.com\/be\/wp-content\/uploads\/2014\/06\/tours-faq.jpg","type":"image\/jpeg"}],"twitter_misc":{"Est. reading time":"3 minutes"},"schema":{"@context":"https:\/\/schema.org","@graph":[{"@type":"WebPage","@id":"https:\/\/www.imtbike.com\/motorcycle-tours\/faq\/","url":"https:\/\/www.imtbike.com\/motorcycle-tours\/faq\/","name":"IMTBike Motorcycle Tour Frequently Asked Questions (FAQ)","isPartOf":{"@id":"https:\/\/www.imtbike.com\/#website"},"primaryImageOfPage":{"@id":"https:\/\/www.imtbike.com\/motorcycle-tours\/faq\/#primaryimage"},"image":{"@id":"https:\/\/www.imtbike.com\/motorcycle-tours\/faq\/#primaryimage"},"thumbnailUrl":"https:\/\/www.imtbike.com\/be\/wp-content\/uploads\/2014\/06\/tours-faq.jpg","datePublished":"2014-06-12T18:40:18+00:00","dateModified":"2023-01-13T07:42:38+00:00","description":"Frequently asked questions about IMTBike Motorcycle tours.","breadcrumb":{"@id":"https:\/\/www.imtbike.com\/motorcycle-tours\/faq\/#breadcrumb"},"inLanguage":"de-DE","potentialAction":[{"@type":"ReadAction","target":["https:\/\/www.imtbike.com\/motorcycle-tours\/faq\/"]}]},{"@type":"ImageObject","inLanguage":"de-DE","@id":"https:\/\/www.imtbike.com\/motorcycle-tours\/faq\/#primaryimage","url":"https:\/\/www.imtbike.com\/be\/wp-content\/uploads\/2014\/06\/tours-faq.jpg","contentUrl":"https:\/\/www.imtbike.com\/be\/wp-content\/uploads\/2014\/06\/tours-faq.jpg","width":1440,"height":350},{"@type":"BreadcrumbList","@id":"https:\/\/www.imtbike.com\/motorcycle-tours\/faq\/#breadcrumb","itemListElement":[{"@type":"ListItem","position":1,"name":"Home","item":"https:\/\/www.imtbike.com\/de\/"},{"@type":"ListItem","position":2,"name":"Motorradtouren","item":"https:\/\/www.imtbike.com\/motorcycle-tours\/"},{"@type":"ListItem","position":3,"name":"Motorradtouren FAQ"}]},{"@type":"WebSite","@id":"https:\/\/www.imtbike.com\/#website","url":"https:\/\/www.imtbike.com\/","name":"IMTBike","description":"Passion for Motorcycling","potentialAction":[{"@type":"SearchAction","target":{"@type":"EntryPoint","urlTemplate":"https:\/\/www.imtbike.com\/?s={search_term_string}"},"query-input":"required name=search_term_string"}],"inLanguage":"de-DE"}]}},"jetpack_sharing_enabled":true,"_links":{"self":[{"href":"https:\/\/www.imtbike.com\/de\/wp-json\/wp\/v2\/pages\/3778"}],"collection":[{"href":"https:\/\/www.imtbike.com\/de\/wp-json\/wp\/v2\/pages"}],"about":[{"href":"https:\/\/www.imtbike.com\/de\/wp-json\/wp\/v2\/types\/page"}],"author":[{"embeddable":true,"href":"https:\/\/www.imtbike.com\/de\/wp-json\/wp\/v2\/users\/21"}],"replies":[{"embeddable":true,"href":"https:\/\/www.imtbike.com\/de\/wp-json\/wp\/v2\/comments?post=3778"}],"version-history":[{"count":1,"href":"https:\/\/www.imtbike.com\/de\/wp-json\/wp\/v2\/pages\/3778\/revisions"}],"predecessor-version":[{"id":26930,"href":"https:\/\/www.imtbike.com\/de\/wp-json\/wp\/v2\/pages\/3778\/revisions\/26930"}],"up":[{"embeddable":true,"href":"https:\/\/www.imtbike.com\/de\/wp-json\/wp\/v2\/pages\/3772"}],"wp:featuredmedia":[{"embeddable":true,"href":"https:\/\/www.imtbike.com\/de\/wp-json\/wp\/v2\/media\/29256"}],"wp:attachment":[{"href":"https:\/\/www.imtbike.com\/de\/wp-json\/wp\/v2\/media?parent=3778"}],"curies":[{"name":"wp","href":"https:\/\/api.w.org\/{rel}","templated":true}]}}