{"id":18696,"date":"2020-01-16T12:15:32","date_gmt":"2020-01-16T17:15:32","guid":{"rendered":"https:\/\/www.imtbike.com\/?page_id=18696"},"modified":"2025-05-23T05:38:31","modified_gmt":"2025-05-23T09:38:31","slug":"4-day-kurztrips-booking","status":"publish","type":"page","link":"https:\/\/www.imtbike.com\/de\/selbstgefuhrte-touren\/4-day-kurztrips-booking\/","title":{"rendered":"4-t\u00e4gige Kurztrips Booking"},"content":{"rendered":"\n<div class=\"wpcf7 no-js\" id=\"wpcf7-f19507-o1\" lang=\"en-US\" dir=\"ltr\">\n<div class=\"screen-reader-response\"><p role=\"status\" aria-live=\"polite\" aria-atomic=\"true\"><\/p> <ul><\/ul><\/div>\n<form action=\"\/de\/wp-json\/wp\/v2\/pages\/18696#wpcf7-f19507-o1\" method=\"post\" class=\"wpcf7-form init\" aria-label=\"Contact form\" novalidate=\"novalidate\" data-status=\"init\">\n<div style=\"display: none;\">\n<input type=\"hidden\" name=\"_wpcf7\" value=\"19507\" \/>\n<input type=\"hidden\" name=\"_wpcf7_version\" value=\"5.9.8\" \/>\n<input type=\"hidden\" name=\"_wpcf7_locale\" value=\"en_US\" \/>\n<input type=\"hidden\" name=\"_wpcf7_unit_tag\" value=\"wpcf7-f19507-o1\" \/>\n<input type=\"hidden\" name=\"_wpcf7_container_post\" value=\"0\" \/>\n<input type=\"hidden\" name=\"_wpcf7_posted_data_hash\" value=\"\" \/>\n<input type=\"hidden\" name=\"_wpcf7_recaptcha_response\" value=\"\" \/>\n<\/div>\n<p>Name *\n<\/p>\n<p><span class=\"wpcf7-form-control-wrap\" data-name=\"your-name\"><input size=\"40\" maxlength=\"400\" class=\"wpcf7-form-control wpcf7-text wpcf7-validates-as-required border tborder rborder full\" aria-required=\"true\" aria-invalid=\"false\" value=\"\" type=\"text\" name=\"your-name\" \/><\/span>\n<\/p>\n<p class=\"left full\">Land *\n<\/p>\n<p><span class=\"wpcf7-form-control-wrap\" data-name=\"countrylist\"><select class=\"wpcf7-form-control wpcf7-select\" aria-invalid=\"false\" name=\"countrylist\"><option value=\"\">&#8212;Please choose an option&#8212;<\/option><option value=\"Anderes\">Anderes<\/option><option value=\"Afghanistan\">Afghanistan<\/option><option value=\"\u00c4gypten\">\u00c4gypten<\/option><option value=\"Algerien\">Algerien<\/option><option value=\"Andorra\">Andorra<\/option><option value=\"Argentinien\">Argentinien<\/option><option value=\"Australien\">Australien<\/option><option value=\"Bahrain\">Bahrain<\/option><option value=\"Barbados\">Barbados<\/option><option value=\"Belgien\">Belgien<\/option><option value=\"Bermuda\">Bermuda<\/option><option value=\"Bolivien\">Bolivien<\/option><option value=\"Bosnien and Herzegowina\">Bosnien and Herzegowina<\/option><option value=\"Brasilien\">Brasilien<\/option><option value=\"British Virgin Islands\">British Virgin Islands<\/option><option value=\"Bulgarien\">Bulgarien<\/option><option value=\"Chile\">Chile<\/option><option value=\"China\">China<\/option><option value=\"Costa Rica\">Costa Rica<\/option><option value=\"D\u00e4nemark\">D\u00e4nemark<\/option><option value=\"Deutschland\">Deutschland<\/option><option value=\"Dominikanische Republik\">Dominikanische Republik<\/option><option value=\"Ecuador\">Ecuador<\/option><option value=\"El Salvador\">El Salvador<\/option><option value=\"Elfenbein K\u00fcste\">Elfenbein K\u00fcste<\/option><option value=\"Estonia\">Estonia<\/option><option value=\"Finnland\">Finnland<\/option><option value=\"Frankreich\">Frankreich<\/option><option value=\"Gibraltar\">Gibraltar<\/option><option value=\"Griechenland\">Griechenland<\/option><option value=\"Gro\u00dfbritannien\">Gro\u00dfbritannien<\/option><option value=\"Guatemala\">Guatemala<\/option><option value=\"Honduras\">Honduras<\/option><option value=\"Hong Kong\">Hong Kong<\/option><option value=\"Indien\">Indien<\/option><option value=\"Indonesien\">Indonesien<\/option><option value=\"Irland\">Irland<\/option><option value=\"Island\">Island<\/option><option value=\"Israel\">Israel<\/option><option value=\"Italien\">Italien<\/option><option value=\"Jamaika\">Jamaika<\/option><option value=\"Japan\">Japan<\/option><option value=\"Jordanien\">Jordanien<\/option><option value=\"Kanada\">Kanada<\/option><option value=\"Kaschstan\">Kaschstan<\/option><option value=\"Katar\">Katar<\/option><option value=\"Kenia\">Kenia<\/option><option value=\"Kolumbien\">Kolumbien<\/option><option value=\"Kroatien\">Kroatien<\/option><option value=\"Kuwait\">Kuwait<\/option><option value=\"Lettland\">Lettland<\/option><option value=\"Libanon\">Libanon<\/option><option value=\"Libya\">Libya<\/option><option value=\"Liechstenstein\">Liechstenstein<\/option><option value=\"Litauen\">Litauen<\/option><option value=\"Luxemburg\">Luxemburg<\/option><option value=\"Macao\">Macao<\/option><option value=\"Malaysia\">Malaysia<\/option><option value=\"Malta\">Malta<\/option><option value=\"Marokko\">Marokko<\/option><option value=\"Mazedonien\">Mazedonien<\/option><option value=\"Mexiko\">Mexiko<\/option><option value=\"Monaco\">Monaco<\/option><option value=\"Neuseeland\">Neuseeland<\/option><option value=\"Nicaragua\">Nicaragua<\/option><option value=\"Niederlande\">Niederlande<\/option><option value=\"Nigeria\">Nigeria<\/option><option value=\"Norwegen\">Norwegen<\/option><option value=\"\u00d6sterreich\">\u00d6sterreich<\/option><option value=\"Pakistan\">Pakistan<\/option><option value=\"Panama\">Panama<\/option><option value=\"Paraguay\">Paraguay<\/option><option value=\"Peru\">Peru<\/option><option value=\"Philippinen\">Philippinen<\/option><option value=\"Polen\">Polen<\/option><option value=\"Portugal\">Portugal<\/option><option value=\"Puerto Rico\">Puerto Rico<\/option><option value=\"Rum\u00e4nien\">Rum\u00e4nien<\/option><option value=\"Russland\">Russland<\/option><option value=\"Saudi-Arabien\">Saudi-Arabien<\/option><option value=\"Schweden\">Schweden<\/option><option value=\"Schweiz\">Schweiz<\/option><option value=\"Serbien\">Serbien<\/option><option value=\"Singapur\">Singapur<\/option><option value=\"Slowakei\">Slowakei<\/option><option value=\"Slowenien\">Slowenien<\/option><option value=\"Spanien\">Spanien<\/option><option value=\"Sri Lanka\">Sri Lanka<\/option><option value=\"S\u00fcdafrika\">S\u00fcdafrika<\/option><option value=\"S\u00fcdkorea\">S\u00fcdkorea<\/option><option value=\"Taiwan\">Taiwan<\/option><option value=\"Thailand\">Thailand<\/option><option value=\"Tschechien\">Tschechien<\/option><option value=\"Tunesien\">Tunesien<\/option><option value=\"T\u00fcrkei\">T\u00fcrkei<\/option><option value=\"Ukraine\">Ukraine<\/option><option value=\"Ungarn\">Ungarn<\/option><option value=\"Uruguay\">Uruguay<\/option><option value=\"USA\">USA<\/option><option value=\"Venezuela\">Venezuela<\/option><option value=\"Vereinigte Arabische Emirate\">Vereinigte Arabische Emirate<\/option><option value=\"Vietnam\">Vietnam<\/option><option value=\"Weissrussland\">Weissrussland<\/option><option value=\"Zypern\">Zypern<\/option><\/select><\/span>\n<\/p>\n<p>Telefonnummer *\n<\/p>\n<p><span class=\"wpcf7-form-control-wrap\" data-name=\"phonenumber\"><input size=\"40\" maxlength=\"400\" class=\"wpcf7-form-control wpcf7-text wpcf7-validates-as-required border tborder rborder full\" aria-required=\"true\" aria-invalid=\"false\" value=\"\" type=\"text\" name=\"phonenumber\" \/><\/span>\n<\/p>\n<p>Email *\n<\/p>\n<p><span class=\"wpcf7-form-control-wrap\" data-name=\"your-email\"><input size=\"40\" maxlength=\"400\" class=\"wpcf7-form-control wpcf7-email wpcf7-validates-as-required wpcf7-text wpcf7-validates-as-email border tborder rborder full\" aria-required=\"true\" aria-invalid=\"false\" value=\"\" type=\"email\" name=\"your-email\" \/><\/span>\n<\/p>\n<p>Tour *\n<\/p>\n<p><span class=\"wpcf7-form-control-wrap\" data-name=\"WhatTour\"><select class=\"wpcf7-form-control wpcf7-select\" aria-invalid=\"false\" name=\"WhatTour\"><option value=\"Madrid - Gebirge &amp; Geschichte\">Madrid - Gebirge &amp; Geschichte<\/option><option value=\"Barcelona - Unber\u00fchrte Pyren\u00e4en\">Barcelona - Unber\u00fchrte Pyren\u00e4en<\/option><option value=\"Malaga - Einmalig sch\u00f6nes Andalusien\">Malaga - Einmalig sch\u00f6nes Andalusien<\/option><option value=\"Lissabon - Portugal Kurven &amp; Schl\u00f6sser\">Lissabon - Portugal Kurven &amp; Schl\u00f6sser<\/option><option value=\"Bilbao - Picos de Europa und Costa Verde\">Bilbao - Picos de Europa und Costa Verde<\/option><\/select><\/span>\n<\/p>\n<p>gew\u00fcnschter Reisestermin *\n<\/p>\n<p><span class=\"wpcf7-form-control-wrap TourStartDate\"><input size=\"40\" class=\"wpcf7-form-control wpcf7-datetime wpcf7-validates-as-required wpcf7-date border tborder rborder full\" type=\"text\" aria-required=\"true\" value=\"\" name=\"TourStartDate\" \/> <\/span>\n<\/p>\n<p>Motorrad *\n<\/p>\n<p><span class=\"wpcf7-form-control-wrap\" data-name=\"motorcycle\"><select class=\"wpcf7-form-control wpcf7-select wpcf7-validates-as-required\" aria-required=\"true\" aria-invalid=\"false\" name=\"motorcycle\"><option value=\"BMW G310R\">BMW G310R<\/option><option value=\"BMW F750GS\">BMW F750GS<\/option><option value=\"BMW F800GS\">BMW F800GS<\/option><option value=\"BMW F900XR\">BMW F900XR<\/option><option value=\"BMW F900GS ADV\">BMW F900GS ADV<\/option><option value=\"BMW S1000XR\">BMW S1000XR<\/option><option value=\"BMW R1300GS\">BMW R1300GS<\/option><option value=\"BMW R1300RT\">BMW R1300RT<\/option><option value=\"BMW R1300RS\">BMW R1300RS<\/option><option value=\"BMW R1300GSA\">BMW R1300GSA<\/option><option value=\"BMW K1600GT\">BMW K1600GT<\/option><option value=\"Bringen Sie Ihr eigenes Fahrrad mit\">Bringen Sie Ihr eigenes Fahrrad mit<\/option><\/select><\/span>\n<\/p>\n<p>Einzelzimmer Aufpreis\n<\/p>\n<p><span class=\"wpcf7-form-control-wrap\" data-name=\"SingleRoom\"><span class=\"wpcf7-form-control wpcf7-radio\"><span class=\"wpcf7-list-item first\"><input type=\"radio\" name=\"SingleRoom\" value=\"Ja\" checked=\"checked\" \/><span class=\"wpcf7-list-item-label\">Ja<\/span><\/span><span class=\"wpcf7-list-item last\"><input type=\"radio\" name=\"SingleRoom\" value=\"Nein\" \/><span class=\"wpcf7-list-item-label\">Nein<\/span><\/span><\/span><\/span>\n<\/p>\n<p>Anzahl der Personen, die mit Ihnen reist *\n<\/p>\n<p><span class=\"wpcf7-form-control-wrap\" data-name=\"NumberPeople\"><input class=\"wpcf7-form-control wpcf7-number wpcf7-validates-as-required wpcf7-validates-as-number border tborder rborder full\" aria-required=\"true\" aria-invalid=\"false\" value=\"\" type=\"number\" name=\"NumberPeople\" \/><\/span>\n<\/p>\n<p>Sind Sie schon einmal mit uns gereist? *\n<\/p>\n<p><span class=\"wpcf7-form-control-wrap\" data-name=\"TravelledBefore\"><span class=\"wpcf7-form-control wpcf7-radio\"><span class=\"wpcf7-list-item first\"><input type=\"radio\" name=\"TravelledBefore\" value=\"Ja\" checked=\"checked\" \/><span class=\"wpcf7-list-item-label\">Ja<\/span><\/span><span class=\"wpcf7-list-item last\"><input type=\"radio\" name=\"TravelledBefore\" value=\"Nein\" \/><span class=\"wpcf7-list-item-label\">Nein<\/span><\/span><\/span><\/span>\n<\/p>\n<p>Fragen, Bedenken und besondere W\u00fcnsche *\n<\/p>\n<p><span class=\"wpcf7-form-control-wrap\" data-name=\"your-message\"><textarea cols=\"40\" rows=\"10\" maxlength=\"2000\" class=\"wpcf7-form-control wpcf7-textarea border tborder rborder full\" aria-invalid=\"false\" name=\"your-message\"><\/textarea><\/span>\n<\/p>\n<div style=\"display: none;\">\n\t<p><span class=\"wpcf7-form-control-wrap\" data-name=\"DBLANGUAGE\"><select class=\"wpcf7-form-control wpcf7-select\" id=\"mce-DBLANGUAGE\" aria-invalid=\"false\" name=\"DBLANGUAGE\"><option value=\"de\">de<\/option><\/select><\/span><br \/>\n<span class=\"wpcf7-form-control-wrap\" data-name=\"DBBROCHURE\"><select class=\"wpcf7-form-control wpcf7-select\" id=\"mce-DBBROCHURE\" aria-invalid=\"false\" name=\"DBBROCHURE\"><option value=\"yes\">yes<\/option><\/select><\/span>\n\t<\/p>\n<\/div>\n<div class=\"clear\">\n<\/div>\n<p><input class=\"wpcf7-form-control wpcf7-submit has-spinner\" type=\"submit\" value=\"senden\" \/>\n<\/p><div class=\"wpcf7-response-output\" aria-hidden=\"true\"><\/div>\n<\/form>\n<\/div>\n\n<hr \/>\n<div style=\"padding-bottom: 10em; padding-top: 2em;\">\n<p><strong>Im Preis der 4-t\u00e4gige Kurztrips sind enthalten:<\/strong><\/p>\n<div class=\"grid_6\">\n<ul>\n<li style=\"text-align: left; font-size: 15px;\">\u00dcbernachtungen in ausgew\u00e4hlten erstklassigen Hotels<\/li>\n<li style=\"text-align: left; font-size: 15px;\">Jeden Morgen ein ergiebiges Fr\u00fchst\u00fccksbuffet<\/li>\n<li style=\"text-align: left; font-size: 15px;\">Aktuelle, bestens ausgestattete BMW Motorr\u00e4der mit Seitenkoffern und Topcase<\/li>\n<li style=\"text-align: left; font-size: 15px;\">Ein BMW Navigationssystem vorbereitet mit allen Tagesetappen<\/li>\n<li style=\"text-align: left; font-size: 15px;\">Michelin Stra\u00dfenkarten, markiert mit den Routen und zus\u00e4tzlichen Fahroptionen<\/li>\n<li style=\"text-align: left; font-size: 15px;\">Umfangreiches Tour Handbuch mit allen Infos zur Reise<\/li>\n<\/ul>\n<\/div>\n<div class=\"grid_6\">\n<ul>\n<li style=\"text-align: left; font-size: 15px;\">Auflistung gro\u00dfartiger Restaurantempfehlungen und Tapas-Bars entlang der Strecke<\/li>\n<li style=\"text-align: left; font-size: 15px;\">Vollkaskoversicherung<\/li>\n<li style=\"text-align: left; font-size: 15px;\">24-st\u00fcndige telefonische Erreichbarkeit von IMTBIKE falls Fragen aufkommen<\/li>\n<li style=\"text-align: left; font-size: 15px;\">Rund-um-die-Uhr Pannenhilfe<\/li>\n<li style=\"text-align: left; font-size: 15px;\">Souvenirgeschenke von der Reise<\/li>\n<\/ul>\n<\/div>\n<\/div>\n","protected":false},"excerpt":{"rendered":"<p>Im Preis der 4-t\u00e4gige Kurztrips sind enthalten:<\/p>\n<ul>\n<li style=\"text-align: left; font-size: 15px;\">\u00dcbernachtungen in ausgew\u00e4hlten erstklassigen Hotels<\/li>\n<li style=\"text-align: left; font-size: 15px;\">Jeden Morgen ein ergiebiges Fr\u00fchst\u00fccksbuffet<\/li>\n<li style=\"text-align: left; font-size: 15px;\">Aktuelle, bestens ausgestattete BMW Motorr\u00e4der mit Seitenkoffern und Topcase<\/li>\n<li style=\"text-align: left; font-size: 15px;\">Ein BMW Navigationssystem vorbereitet mit allen Tagesetappen<\/li>\n<li style=\"text-align: left; font-size: 15px;\">Michelin Stra\u00dfenkarten,<\/li>\n<\/ul>\n<p> <a class=\"read-more\" href=\"https:\/\/www.imtbike.com\/de\/selbstgefuhrte-touren\/4-day-kurztrips-booking\/\"> Read More<\/a><\/p>\n","protected":false},"author":21,"featured_media":18256,"parent":9051,"menu_order":0,"comment_status":"closed","ping_status":"closed","template":"","meta":{"footnotes":""},"acf":[],"yoast_head":"<!-- This site is optimized with the Yoast SEO plugin v22.6 - https:\/\/yoast.com\/wordpress\/plugins\/seo\/ -->\n<title>4-t\u00e4gige Kurztrips Booking - IMTBike<\/title>\n<meta name=\"description\" content=\"Buchen Sie Ihren 4-t\u00e4gigen selbstgef\u00fchrten Kurztrip mit IMTBIKE! Flexible BMW Motorradtouren mit geplanten Routen und Hotelreservierungen.\" \/>\n<meta name=\"robots\" content=\"index, follow, max-snippet:-1, max-image-preview:large, max-video-preview:-1\" \/>\n<link rel=\"canonical\" href=\"https:\/\/www.imtbike.com\/de\/selbstgefuhrte-touren\/4-day-kurztrips-booking\/\" \/>\n<meta property=\"og:locale\" content=\"de_DE\" \/>\n<meta property=\"og:type\" content=\"article\" \/>\n<meta property=\"og:title\" content=\"4-t\u00e4gige Kurztrips Booking - IMTBike\" \/>\n<meta property=\"og:description\" content=\"Buchen Sie Ihren 4-t\u00e4gigen selbstgef\u00fchrten Kurztrip mit IMTBIKE! Flexible BMW Motorradtouren mit geplanten Routen und Hotelreservierungen.\" \/>\n<meta property=\"og:url\" content=\"https:\/\/www.imtbike.com\/de\/selbstgefuhrte-touren\/4-day-kurztrips-booking\/\" \/>\n<meta property=\"og:site_name\" content=\"IMTBike\" \/>\n<meta property=\"article:modified_time\" content=\"2025-05-23T09:38:31+00:00\" \/>\n<meta property=\"og:image\" content=\"https:\/\/www.imtbike.com\/be\/wp-content\/uploads\/2019\/12\/4-day-banner.jpg\" \/>\n\t<meta property=\"og:image:width\" content=\"1200\" \/>\n\t<meta property=\"og:image:height\" content=\"451\" \/>\n\t<meta property=\"og:image:type\" content=\"image\/jpeg\" \/>\n<meta name=\"twitter:label1\" content=\"Est. reading time\" \/>\n\t<meta name=\"twitter:data1\" content=\"1 minute\" \/>\n<script type=\"application\/ld+json\" class=\"yoast-schema-graph\">{\"@context\":\"https:\/\/schema.org\",\"@graph\":[{\"@type\":\"WebPage\",\"@id\":\"https:\/\/www.imtbike.com\/de\/selbstgefuhrte-touren\/4-day-kurztrips-booking\/\",\"url\":\"https:\/\/www.imtbike.com\/de\/selbstgefuhrte-touren\/4-day-kurztrips-booking\/\",\"name\":\"4-t\u00e4gige Kurztrips Booking - IMTBike\",\"isPartOf\":{\"@id\":\"https:\/\/www.imtbike.com\/#website\"},\"primaryImageOfPage\":{\"@id\":\"https:\/\/www.imtbike.com\/de\/selbstgefuhrte-touren\/4-day-kurztrips-booking\/#primaryimage\"},\"image\":{\"@id\":\"https:\/\/www.imtbike.com\/de\/selbstgefuhrte-touren\/4-day-kurztrips-booking\/#primaryimage\"},\"thumbnailUrl\":\"https:\/\/www.imtbike.com\/be\/wp-content\/uploads\/2019\/12\/4-day-banner.jpg\",\"datePublished\":\"2020-01-16T17:15:32+00:00\",\"dateModified\":\"2025-05-23T09:38:31+00:00\",\"description\":\"Buchen Sie Ihren 4-t\u00e4gigen selbstgef\u00fchrten Kurztrip mit IMTBIKE! Flexible BMW Motorradtouren mit geplanten Routen und Hotelreservierungen.\",\"breadcrumb\":{\"@id\":\"https:\/\/www.imtbike.com\/de\/selbstgefuhrte-touren\/4-day-kurztrips-booking\/#breadcrumb\"},\"inLanguage\":\"de-DE\",\"potentialAction\":[{\"@type\":\"ReadAction\",\"target\":[\"https:\/\/www.imtbike.com\/de\/selbstgefuhrte-touren\/4-day-kurztrips-booking\/\"]}]},{\"@type\":\"ImageObject\",\"inLanguage\":\"de-DE\",\"@id\":\"https:\/\/www.imtbike.com\/de\/selbstgefuhrte-touren\/4-day-kurztrips-booking\/#primaryimage\",\"url\":\"https:\/\/www.imtbike.com\/be\/wp-content\/uploads\/2019\/12\/4-day-banner.jpg\",\"contentUrl\":\"https:\/\/www.imtbike.com\/be\/wp-content\/uploads\/2019\/12\/4-day-banner.jpg\",\"width\":1200,\"height\":451},{\"@type\":\"BreadcrumbList\",\"@id\":\"https:\/\/www.imtbike.com\/de\/selbstgefuhrte-touren\/4-day-kurztrips-booking\/#breadcrumb\",\"itemListElement\":[{\"@type\":\"ListItem\",\"position\":1,\"name\":\"Home\",\"item\":\"https:\/\/www.imtbike.com\/de\/\"},{\"@type\":\"ListItem\",\"position\":2,\"name\":\"Selbstgef\u00fchrte Touren\",\"item\":\"https:\/\/www.imtbike.com\/de\/selbstgefuhrte-touren\/\"},{\"@type\":\"ListItem\",\"position\":3,\"name\":\"4-t\u00e4gige Kurztrips Booking\"}]},{\"@type\":\"WebSite\",\"@id\":\"https:\/\/www.imtbike.com\/#website\",\"url\":\"https:\/\/www.imtbike.com\/\",\"name\":\"IMTBike\",\"description\":\"Passion for Motorcycling\",\"potentialAction\":[{\"@type\":\"SearchAction\",\"target\":{\"@type\":\"EntryPoint\",\"urlTemplate\":\"https:\/\/www.imtbike.com\/?s={search_term_string}\"},\"query-input\":\"required name=search_term_string\"}],\"inLanguage\":\"de-DE\"}]}<\/script>\n<!-- \/ Yoast SEO plugin. -->","yoast_head_json":{"title":"4-t\u00e4gige Kurztrips Booking - IMTBike","description":"Buchen Sie Ihren 4-t\u00e4gigen selbstgef\u00fchrten Kurztrip mit IMTBIKE! Flexible BMW Motorradtouren mit geplanten Routen und Hotelreservierungen.","robots":{"index":"index","follow":"follow","max-snippet":"max-snippet:-1","max-image-preview":"max-image-preview:large","max-video-preview":"max-video-preview:-1"},"canonical":"https:\/\/www.imtbike.com\/de\/selbstgefuhrte-touren\/4-day-kurztrips-booking\/","og_locale":"de_DE","og_type":"article","og_title":"4-t\u00e4gige Kurztrips Booking - IMTBike","og_description":"Buchen Sie Ihren 4-t\u00e4gigen selbstgef\u00fchrten Kurztrip mit IMTBIKE! Flexible BMW Motorradtouren mit geplanten Routen und Hotelreservierungen.","og_url":"https:\/\/www.imtbike.com\/de\/selbstgefuhrte-touren\/4-day-kurztrips-booking\/","og_site_name":"IMTBike","article_modified_time":"2025-05-23T09:38:31+00:00","og_image":[{"width":1200,"height":451,"url":"https:\/\/www.imtbike.com\/be\/wp-content\/uploads\/2019\/12\/4-day-banner.jpg","type":"image\/jpeg"}],"twitter_misc":{"Est. reading time":"1 minute"},"schema":{"@context":"https:\/\/schema.org","@graph":[{"@type":"WebPage","@id":"https:\/\/www.imtbike.com\/de\/selbstgefuhrte-touren\/4-day-kurztrips-booking\/","url":"https:\/\/www.imtbike.com\/de\/selbstgefuhrte-touren\/4-day-kurztrips-booking\/","name":"4-t\u00e4gige Kurztrips Booking - IMTBike","isPartOf":{"@id":"https:\/\/www.imtbike.com\/#website"},"primaryImageOfPage":{"@id":"https:\/\/www.imtbike.com\/de\/selbstgefuhrte-touren\/4-day-kurztrips-booking\/#primaryimage"},"image":{"@id":"https:\/\/www.imtbike.com\/de\/selbstgefuhrte-touren\/4-day-kurztrips-booking\/#primaryimage"},"thumbnailUrl":"https:\/\/www.imtbike.com\/be\/wp-content\/uploads\/2019\/12\/4-day-banner.jpg","datePublished":"2020-01-16T17:15:32+00:00","dateModified":"2025-05-23T09:38:31+00:00","description":"Buchen Sie Ihren 4-t\u00e4gigen selbstgef\u00fchrten Kurztrip mit IMTBIKE! Flexible BMW Motorradtouren mit geplanten Routen und Hotelreservierungen.","breadcrumb":{"@id":"https:\/\/www.imtbike.com\/de\/selbstgefuhrte-touren\/4-day-kurztrips-booking\/#breadcrumb"},"inLanguage":"de-DE","potentialAction":[{"@type":"ReadAction","target":["https:\/\/www.imtbike.com\/de\/selbstgefuhrte-touren\/4-day-kurztrips-booking\/"]}]},{"@type":"ImageObject","inLanguage":"de-DE","@id":"https:\/\/www.imtbike.com\/de\/selbstgefuhrte-touren\/4-day-kurztrips-booking\/#primaryimage","url":"https:\/\/www.imtbike.com\/be\/wp-content\/uploads\/2019\/12\/4-day-banner.jpg","contentUrl":"https:\/\/www.imtbike.com\/be\/wp-content\/uploads\/2019\/12\/4-day-banner.jpg","width":1200,"height":451},{"@type":"BreadcrumbList","@id":"https:\/\/www.imtbike.com\/de\/selbstgefuhrte-touren\/4-day-kurztrips-booking\/#breadcrumb","itemListElement":[{"@type":"ListItem","position":1,"name":"Home","item":"https:\/\/www.imtbike.com\/de\/"},{"@type":"ListItem","position":2,"name":"Selbstgef\u00fchrte Touren","item":"https:\/\/www.imtbike.com\/de\/selbstgefuhrte-touren\/"},{"@type":"ListItem","position":3,"name":"4-t\u00e4gige Kurztrips Booking"}]},{"@type":"WebSite","@id":"https:\/\/www.imtbike.com\/#website","url":"https:\/\/www.imtbike.com\/","name":"IMTBike","description":"Passion for Motorcycling","potentialAction":[{"@type":"SearchAction","target":{"@type":"EntryPoint","urlTemplate":"https:\/\/www.imtbike.com\/?s={search_term_string}"},"query-input":"required name=search_term_string"}],"inLanguage":"de-DE"}]}},"jetpack_sharing_enabled":true,"_links":{"self":[{"href":"https:\/\/www.imtbike.com\/de\/wp-json\/wp\/v2\/pages\/18696"}],"collection":[{"href":"https:\/\/www.imtbike.com\/de\/wp-json\/wp\/v2\/pages"}],"about":[{"href":"https:\/\/www.imtbike.com\/de\/wp-json\/wp\/v2\/types\/page"}],"author":[{"embeddable":true,"href":"https:\/\/www.imtbike.com\/de\/wp-json\/wp\/v2\/users\/21"}],"replies":[{"embeddable":true,"href":"https:\/\/www.imtbike.com\/de\/wp-json\/wp\/v2\/comments?post=18696"}],"version-history":[{"count":8,"href":"https:\/\/www.imtbike.com\/de\/wp-json\/wp\/v2\/pages\/18696\/revisions"}],"predecessor-version":[{"id":46516,"href":"https:\/\/www.imtbike.com\/de\/wp-json\/wp\/v2\/pages\/18696\/revisions\/46516"}],"up":[{"embeddable":true,"href":"https:\/\/www.imtbike.com\/de\/wp-json\/wp\/v2\/pages\/9051"}],"wp:featuredmedia":[{"embeddable":true,"href":"https:\/\/www.imtbike.com\/de\/wp-json\/wp\/v2\/media\/18256"}],"wp:attachment":[{"href":"https:\/\/www.imtbike.com\/de\/wp-json\/wp\/v2\/media?parent=18696"}],"curies":[{"name":"wp","href":"https:\/\/api.w.org\/{rel}","templated":true}]}}