{"id":18259,"date":"2019-12-03T12:23:56","date_gmt":"2019-12-03T17:23:56","guid":{"rendered":"https:\/\/www.imtbike.com\/?page_id=18259"},"modified":"2025-05-23T05:23:40","modified_gmt":"2025-05-23T09:23:40","slug":"4-tagige-kurztrips","status":"publish","type":"page","link":"https:\/\/www.imtbike.com\/de\/selbstgefuhrte-touren\/4-tagige-kurztrips\/","title":{"rendered":"4-t\u00e4gige Kurztrips"},"content":{"rendered":"<div class=\"left grid_12\">\n<h3 style=\"margin-bottom: 1.25em;\">Wir k\u00fcmmern uns um alles<\/h3>\n<\/div>\n<div class=\"left grid_6\">\nDu bist Deines Gl\u00fcckes Schmied und wir verstehen, dass Du hin und wieder eine kleine Auszeit brauchst, um Deine Batterien wieder aufzuladen. Aus diesem Grund hat IMTBIKE ein Urlaubspaket zusammengestellt, das alles enth\u00e4lt, um Deinen K\u00f6rper, Geist und Seele genussvoll zu verw\u00f6hnen. Bei unseren 4-t\u00e4gigen Kurztrips kannst Du aus vier verschiedenen Routen ausw\u00e4hlen, die bestens auf Dich abgestimmt sind und hervorragende Hotels und perfekte, weniger bekannte Motorradstrecken enthalten. Dann nimm\u2018 noch die spanische und portugiesische Gastronomie sowie die lokalen Weine dazu und Du wirst Dich mit Deinem Motorrad wie im Paradies f\u00fchlen.<\/p>\n<p><strong>Es ist SO einfach<\/strong><\/p>\n<p>Buche Dir einen Flug, IMTBIKE holt Dich ab und bringt Dich zu unserer Station, wo ein neues BMW Modell in makellosem Zustand mit drei Topcases auf Dich wartet. Das GPS mit der von Dir gew\u00e4hlten viert\u00e4gigen Route ist vorinstalliert. Deine Hotels sind gebucht und warten auf Dich. Alles was Du tun musst, ist loszufahren!<\/p>\n<\/div>\n<div class=\"left grid_6\">\n<p><strong>Unsere \u201eGo Minimal\u201c Option<\/strong><\/p>\n<p>Bringe Deine eigene Ausr\u00fcstung mit oder spare Dir Gep\u00e4ckgeb\u00fchren und verwende eine unserer hochwertigen Ausr\u00fcstung und Helme. Bringe einen Sozius oder eine Gruppe mit &#8211; wir sind bereit, Euch alle schnell auf die Stra\u00dfe zu bringen.<\/p>\n<p><strong>Keine gro\u00dfen Vorbereitungen, nur Motorradfahren<\/strong><\/p>\n<p>Du w\u00e4hlst die Region, die Du bereisen m\u00f6chtest und den Zeitraum, IMTBIKE plant die Tour f\u00fcr Dich. Unsere benutzerdefinierten Routen wurden entwickelt, um Dir den perfekten 4-Tages-Kurzurlaub zu erm\u00f6glichen. Wir brauchen nur ein paar Tage im Voraus und bereiten alles vor f\u00fcr Dich und Deinen Kurztrip!<\/p>\n<h4 class=\"button left darkBlueBG self-guided-button\"><a href=\"https:\/\/www.imtbike.com\/de\/selbstgefuhrte-touren\/4-day-kurztrips-booking\/\" class=\"ahh book-link\" style=\"padding-left: 10px; padding-right: 10px;\">Buchen Sie jetzt Ihre Kurztrip  \u2192<\/a><\/h4>\n<\/div>\n","protected":false},"excerpt":{"rendered":"<p>Wir k\u00fcmmern uns um alles<\/p>\n<p>Du bist Deines Gl\u00fcckes Schmied und wir verstehen, dass Du hin und wieder eine kleine Auszeit brauchst, um Deine Batterien wieder aufzuladen. Aus diesem Grund hat IMTBIKE ein Urlaubspaket zusammengestellt, <a class=\"read-more\" href=\"https:\/\/www.imtbike.com\/de\/selbstgefuhrte-touren\/4-tagige-kurztrips\/\"> Read More<\/a><\/p>\n","protected":false},"author":21,"featured_media":19491,"parent":9051,"menu_order":0,"comment_status":"closed","ping_status":"closed","template":"","meta":{"footnotes":""},"acf":[],"yoast_head":"<!-- This site is optimized with the Yoast SEO plugin v22.6 - https:\/\/yoast.com\/wordpress\/plugins\/seo\/ -->\n<title>4-t\u00e4gige Kurztrips - IMTBike<\/title>\n<meta name=\"description\" content=\"Selbstgef\u00fchrte 4-t\u00e4gige Motorradtouren mit IMTBIKE! Entdecken Sie Spaniens Highlights flexibel auf BMWs mit geplanten Routen und Hotelreservierungen.\" \/>\n<meta name=\"robots\" content=\"index, follow, max-snippet:-1, max-image-preview:large, max-video-preview:-1\" \/>\n<link rel=\"canonical\" href=\"https:\/\/www.imtbike.com\/de\/selbstgefuhrte-touren\/4-tagige-kurztrips\/\" \/>\n<meta property=\"og:locale\" content=\"de_DE\" \/>\n<meta property=\"og:type\" content=\"article\" \/>\n<meta property=\"og:title\" content=\"4-t\u00e4gige Kurztrips - IMTBike\" \/>\n<meta property=\"og:description\" content=\"Selbstgef\u00fchrte 4-t\u00e4gige Motorradtouren mit IMTBIKE! Entdecken Sie Spaniens Highlights flexibel auf BMWs mit geplanten Routen und Hotelreservierungen.\" \/>\n<meta property=\"og:url\" content=\"https:\/\/www.imtbike.com\/de\/selbstgefuhrte-touren\/4-tagige-kurztrips\/\" \/>\n<meta property=\"og:site_name\" content=\"IMTBike\" \/>\n<meta property=\"article:modified_time\" content=\"2025-05-23T09:23:40+00:00\" \/>\n<meta property=\"og:image\" content=\"https:\/\/www.imtbike.com\/be\/wp-content\/uploads\/2020\/04\/4-day-banner-de.jpg\" \/>\n\t<meta property=\"og:image:width\" content=\"1200\" \/>\n\t<meta property=\"og:image:height\" content=\"451\" \/>\n\t<meta property=\"og:image:type\" content=\"image\/jpeg\" \/>\n<meta name=\"twitter:label1\" content=\"Est. reading time\" \/>\n\t<meta name=\"twitter:data1\" content=\"2 minutes\" \/>\n<script type=\"application\/ld+json\" class=\"yoast-schema-graph\">{\"@context\":\"https:\/\/schema.org\",\"@graph\":[{\"@type\":\"WebPage\",\"@id\":\"https:\/\/www.imtbike.com\/de\/selbstgefuhrte-touren\/4-tagige-kurztrips\/\",\"url\":\"https:\/\/www.imtbike.com\/de\/selbstgefuhrte-touren\/4-tagige-kurztrips\/\",\"name\":\"4-t\u00e4gige Kurztrips - IMTBike\",\"isPartOf\":{\"@id\":\"https:\/\/www.imtbike.com\/#website\"},\"primaryImageOfPage\":{\"@id\":\"https:\/\/www.imtbike.com\/de\/selbstgefuhrte-touren\/4-tagige-kurztrips\/#primaryimage\"},\"image\":{\"@id\":\"https:\/\/www.imtbike.com\/de\/selbstgefuhrte-touren\/4-tagige-kurztrips\/#primaryimage\"},\"thumbnailUrl\":\"https:\/\/www.imtbike.com\/be\/wp-content\/uploads\/2020\/04\/4-day-banner-de.jpg\",\"datePublished\":\"2019-12-03T17:23:56+00:00\",\"dateModified\":\"2025-05-23T09:23:40+00:00\",\"description\":\"Selbstgef\u00fchrte 4-t\u00e4gige Motorradtouren mit IMTBIKE! Entdecken Sie Spaniens Highlights flexibel auf BMWs mit geplanten Routen und Hotelreservierungen.\",\"breadcrumb\":{\"@id\":\"https:\/\/www.imtbike.com\/de\/selbstgefuhrte-touren\/4-tagige-kurztrips\/#breadcrumb\"},\"inLanguage\":\"de-DE\",\"potentialAction\":[{\"@type\":\"ReadAction\",\"target\":[\"https:\/\/www.imtbike.com\/de\/selbstgefuhrte-touren\/4-tagige-kurztrips\/\"]}]},{\"@type\":\"ImageObject\",\"inLanguage\":\"de-DE\",\"@id\":\"https:\/\/www.imtbike.com\/de\/selbstgefuhrte-touren\/4-tagige-kurztrips\/#primaryimage\",\"url\":\"https:\/\/www.imtbike.com\/be\/wp-content\/uploads\/2020\/04\/4-day-banner-de.jpg\",\"contentUrl\":\"https:\/\/www.imtbike.com\/be\/wp-content\/uploads\/2020\/04\/4-day-banner-de.jpg\",\"width\":1200,\"height\":451},{\"@type\":\"BreadcrumbList\",\"@id\":\"https:\/\/www.imtbike.com\/de\/selbstgefuhrte-touren\/4-tagige-kurztrips\/#breadcrumb\",\"itemListElement\":[{\"@type\":\"ListItem\",\"position\":1,\"name\":\"Home\",\"item\":\"https:\/\/www.imtbike.com\/de\/\"},{\"@type\":\"ListItem\",\"position\":2,\"name\":\"Selbstgef\u00fchrte Touren\",\"item\":\"https:\/\/www.imtbike.com\/de\/selbstgefuhrte-touren\/\"},{\"@type\":\"ListItem\",\"position\":3,\"name\":\"4-t\u00e4gige Kurztrips\"}]},{\"@type\":\"WebSite\",\"@id\":\"https:\/\/www.imtbike.com\/#website\",\"url\":\"https:\/\/www.imtbike.com\/\",\"name\":\"IMTBike\",\"description\":\"Passion for Motorcycling\",\"potentialAction\":[{\"@type\":\"SearchAction\",\"target\":{\"@type\":\"EntryPoint\",\"urlTemplate\":\"https:\/\/www.imtbike.com\/?s={search_term_string}\"},\"query-input\":\"required name=search_term_string\"}],\"inLanguage\":\"de-DE\"}]}<\/script>\n<!-- \/ Yoast SEO plugin. -->","yoast_head_json":{"title":"4-t\u00e4gige Kurztrips - IMTBike","description":"Selbstgef\u00fchrte 4-t\u00e4gige Motorradtouren mit IMTBIKE! Entdecken Sie Spaniens Highlights flexibel auf BMWs mit geplanten Routen und Hotelreservierungen.","robots":{"index":"index","follow":"follow","max-snippet":"max-snippet:-1","max-image-preview":"max-image-preview:large","max-video-preview":"max-video-preview:-1"},"canonical":"https:\/\/www.imtbike.com\/de\/selbstgefuhrte-touren\/4-tagige-kurztrips\/","og_locale":"de_DE","og_type":"article","og_title":"4-t\u00e4gige Kurztrips - IMTBike","og_description":"Selbstgef\u00fchrte 4-t\u00e4gige Motorradtouren mit IMTBIKE! Entdecken Sie Spaniens Highlights flexibel auf BMWs mit geplanten Routen und Hotelreservierungen.","og_url":"https:\/\/www.imtbike.com\/de\/selbstgefuhrte-touren\/4-tagige-kurztrips\/","og_site_name":"IMTBike","article_modified_time":"2025-05-23T09:23:40+00:00","og_image":[{"width":1200,"height":451,"url":"https:\/\/www.imtbike.com\/be\/wp-content\/uploads\/2020\/04\/4-day-banner-de.jpg","type":"image\/jpeg"}],"twitter_misc":{"Est. reading time":"2 minutes"},"schema":{"@context":"https:\/\/schema.org","@graph":[{"@type":"WebPage","@id":"https:\/\/www.imtbike.com\/de\/selbstgefuhrte-touren\/4-tagige-kurztrips\/","url":"https:\/\/www.imtbike.com\/de\/selbstgefuhrte-touren\/4-tagige-kurztrips\/","name":"4-t\u00e4gige Kurztrips - IMTBike","isPartOf":{"@id":"https:\/\/www.imtbike.com\/#website"},"primaryImageOfPage":{"@id":"https:\/\/www.imtbike.com\/de\/selbstgefuhrte-touren\/4-tagige-kurztrips\/#primaryimage"},"image":{"@id":"https:\/\/www.imtbike.com\/de\/selbstgefuhrte-touren\/4-tagige-kurztrips\/#primaryimage"},"thumbnailUrl":"https:\/\/www.imtbike.com\/be\/wp-content\/uploads\/2020\/04\/4-day-banner-de.jpg","datePublished":"2019-12-03T17:23:56+00:00","dateModified":"2025-05-23T09:23:40+00:00","description":"Selbstgef\u00fchrte 4-t\u00e4gige Motorradtouren mit IMTBIKE! Entdecken Sie Spaniens Highlights flexibel auf BMWs mit geplanten Routen und Hotelreservierungen.","breadcrumb":{"@id":"https:\/\/www.imtbike.com\/de\/selbstgefuhrte-touren\/4-tagige-kurztrips\/#breadcrumb"},"inLanguage":"de-DE","potentialAction":[{"@type":"ReadAction","target":["https:\/\/www.imtbike.com\/de\/selbstgefuhrte-touren\/4-tagige-kurztrips\/"]}]},{"@type":"ImageObject","inLanguage":"de-DE","@id":"https:\/\/www.imtbike.com\/de\/selbstgefuhrte-touren\/4-tagige-kurztrips\/#primaryimage","url":"https:\/\/www.imtbike.com\/be\/wp-content\/uploads\/2020\/04\/4-day-banner-de.jpg","contentUrl":"https:\/\/www.imtbike.com\/be\/wp-content\/uploads\/2020\/04\/4-day-banner-de.jpg","width":1200,"height":451},{"@type":"BreadcrumbList","@id":"https:\/\/www.imtbike.com\/de\/selbstgefuhrte-touren\/4-tagige-kurztrips\/#breadcrumb","itemListElement":[{"@type":"ListItem","position":1,"name":"Home","item":"https:\/\/www.imtbike.com\/de\/"},{"@type":"ListItem","position":2,"name":"Selbstgef\u00fchrte Touren","item":"https:\/\/www.imtbike.com\/de\/selbstgefuhrte-touren\/"},{"@type":"ListItem","position":3,"name":"4-t\u00e4gige Kurztrips"}]},{"@type":"WebSite","@id":"https:\/\/www.imtbike.com\/#website","url":"https:\/\/www.imtbike.com\/","name":"IMTBike","description":"Passion for Motorcycling","potentialAction":[{"@type":"SearchAction","target":{"@type":"EntryPoint","urlTemplate":"https:\/\/www.imtbike.com\/?s={search_term_string}"},"query-input":"required name=search_term_string"}],"inLanguage":"de-DE"}]}},"jetpack_sharing_enabled":true,"_links":{"self":[{"href":"https:\/\/www.imtbike.com\/de\/wp-json\/wp\/v2\/pages\/18259"}],"collection":[{"href":"https:\/\/www.imtbike.com\/de\/wp-json\/wp\/v2\/pages"}],"about":[{"href":"https:\/\/www.imtbike.com\/de\/wp-json\/wp\/v2\/types\/page"}],"author":[{"embeddable":true,"href":"https:\/\/www.imtbike.com\/de\/wp-json\/wp\/v2\/users\/21"}],"replies":[{"embeddable":true,"href":"https:\/\/www.imtbike.com\/de\/wp-json\/wp\/v2\/comments?post=18259"}],"version-history":[{"count":5,"href":"https:\/\/www.imtbike.com\/de\/wp-json\/wp\/v2\/pages\/18259\/revisions"}],"predecessor-version":[{"id":46513,"href":"https:\/\/www.imtbike.com\/de\/wp-json\/wp\/v2\/pages\/18259\/revisions\/46513"}],"up":[{"embeddable":true,"href":"https:\/\/www.imtbike.com\/de\/wp-json\/wp\/v2\/pages\/9051"}],"wp:featuredmedia":[{"embeddable":true,"href":"https:\/\/www.imtbike.com\/de\/wp-json\/wp\/v2\/media\/19491"}],"wp:attachment":[{"href":"https:\/\/www.imtbike.com\/de\/wp-json\/wp\/v2\/media?parent=18259"}],"curies":[{"name":"wp","href":"https:\/\/api.w.org\/{rel}","templated":true}]}}