{"id":15807,"date":"2019-03-05T10:34:52","date_gmt":"2019-03-05T15:34:52","guid":{"rendered":"https:\/\/www.imtbike.com\/?page_id=15807"},"modified":"2020-06-23T12:17:31","modified_gmt":"2020-06-23T16:17:31","slug":"cookies","status":"publish","type":"page","link":"https:\/\/www.imtbike.com\/de\/cookies\/","title":{"rendered":"Cookies"},"content":{"rendered":"<p>Die von unserer Website verwendeten Cookies sind folgende Typen: &#8211; Cookies, die f\u00fcr die Bereitstellung bestimmter Dienste erforderlich sind, die vom Benutzer ausdr\u00fccklich angefordert werden: Wenn diese Cookies deaktiviert sind, k\u00f6nnen sie unsere Inhalte und Dienste nicht korrekt empfangen. und &#8211; analytische Cookies (zur \u00dcberwachung und statistischen Analyse des Verhaltens aller Nutzer), Werbung (zur Verwaltung von Werbefl\u00e4chen nach Kriterien wie H\u00e4ufigkeit der Anzeigenschaltung) und Verhalten (f\u00fcr die Verwaltung von Werbung). Werbefl\u00e4chen nach dem spezifischen Profil des Nutzers): Wenn diese Cookies deaktiviert sind, kann die Website weiter betrieben werden, ohne dass dadurch beeintr\u00e4chtigt wird, dass die durch diese Cookies gesammelten Informationen \u00fcber die Nutzung unserer Website und den Erfolg der darin gezeigten Werbung dies zulassen Verbessern Sie unsere Dienstleistungen und erzielen Sie Einkommen, mit denen wir viele Inhalte kostenlos anbieten k\u00f6nnen. Die durch diese Cookies erhaltenen Informationen, die sich auf die Ger\u00e4te des Benutzers beziehen, d\u00fcrfen nur dann mit Ihren pers\u00f6nlichen Daten kombiniert werden, wenn Sie auf dieser Website registriert sind.\u00a0Cookies\u00a0dienen auch zur Nutzung von Online-Marketing-Diensten wie Remarketing und zur Nutzung personalisierter Zielgruppen auf Internetseiten wie Google, Facebook, Instagram, Linkedin oder anderen Werbeportalen.<\/p>\n<h3>DEAKTIVIERUNG VON COOKIES<\/h3>\n<p>Der Benutzer kann jederzeit \u00fcber die Browsereinstellungen ausw\u00e4hlen, welche Cookies er auf dieser Website bearbeiten m\u00f6chte. zum beispiel:\u00a0&#8211; Chrome von\u00a0<a href=\"http:\/\/support.google.com\/chrome\/bin\/answer.py?hl=de&amp;answer=95647\">http:\/\/support.google.com\/chrome\/bin\/answer.py?hl=de&amp;answer=95647<\/a>\u00a0&#8211; Explorer von\u00a0<a href=\"http:\/\/windows.microsoft.com\/es-es\/windows7\/how-to-manage-cookies-in-internet-explorer-9\">http:\/\/windows.microsoft.com\/es-es\/windows7\/how-to-manage-cookies-in-internet-explorer-9<\/a>\u00a0&#8211; Firefox von\u00a0<a href=\"http:\/\/support.mozilla.org\/es\/kb\/habilitar-y-deshabilitar-cookies-que-los-sitios-we\">http:\/\/support.mozilla.org\/es\/kb\/habilitar-y-deshabilitar-cookies-que-los-sitios-we<\/a>\u00a0&#8211; Safari von\u00a0<a href=\"http:\/\/support.apple.com\/kb\/ph5042\">http:\/\/support.apple.com\/kb\/ph5042<\/a><\/p>\n<div class=\"paragraph_break\"><\/div>\n","protected":false},"excerpt":{"rendered":"<p>Die von unserer Website verwendeten Cookies sind folgende Typen: &#8211; Cookies, die f\u00fcr die Bereitstellung bestimmter Dienste erforderlich sind, die vom Benutzer ausdr\u00fccklich angefordert werden: Wenn diese Cookies deaktiviert sind,<\/p>\n<p> <a class=\"read-more\" href=\"https:\/\/www.imtbike.com\/de\/cookies\/\"> Read More<\/a><\/p>\n","protected":false},"author":21,"featured_media":0,"parent":0,"menu_order":0,"comment_status":"closed","ping_status":"closed","template":"","meta":{"footnotes":""},"acf":[],"yoast_head":"<!-- This site is optimized with the Yoast SEO plugin v22.6 - https:\/\/yoast.com\/wordpress\/plugins\/seo\/ -->\n<title>Cookies - IMTBike<\/title>\n<meta name=\"robots\" content=\"index, follow, max-snippet:-1, max-image-preview:large, max-video-preview:-1\" \/>\n<link rel=\"canonical\" href=\"https:\/\/www.imtbike.com\/cookie-policy\/\" \/>\n<meta property=\"og:locale\" content=\"de_DE\" \/>\n<meta property=\"og:type\" content=\"article\" \/>\n<meta property=\"og:title\" content=\"Cookies - IMTBike\" \/>\n<meta property=\"og:description\" content=\"Die von unserer Website verwendeten Cookies sind folgende Typen: &#8211; Cookies, die f\u00fcr die Bereitstellung bestimmter Dienste erforderlich sind, die vom Benutzer ausdr\u00fccklich angefordert werden: Wenn diese Cookies deaktiviert sind, Read More\" \/>\n<meta property=\"og:url\" content=\"https:\/\/www.imtbike.com\/cookie-policy\/\" \/>\n<meta property=\"og:site_name\" content=\"IMTBike\" \/>\n<meta property=\"article:modified_time\" content=\"2020-06-23T16:17:31+00:00\" \/>\n<meta property=\"og:image\" content=\"https:\/\/www.imtbike.com\/be\/wp-content\/uploads\/2016\/03\/default.jpg\" \/>\n<meta name=\"twitter:label1\" content=\"Est. reading time\" \/>\n\t<meta name=\"twitter:data1\" content=\"1 minute\" \/>\n<script type=\"application\/ld+json\" class=\"yoast-schema-graph\">{\"@context\":\"https:\/\/schema.org\",\"@graph\":[{\"@type\":\"WebPage\",\"@id\":\"https:\/\/www.imtbike.com\/cookie-policy\/\",\"url\":\"https:\/\/www.imtbike.com\/cookie-policy\/\",\"name\":\"Cookies - IMTBike\",\"isPartOf\":{\"@id\":\"https:\/\/www.imtbike.com\/#website\"},\"datePublished\":\"2019-03-05T15:34:52+00:00\",\"dateModified\":\"2020-06-23T16:17:31+00:00\",\"breadcrumb\":{\"@id\":\"https:\/\/www.imtbike.com\/cookie-policy\/#breadcrumb\"},\"inLanguage\":\"de-DE\",\"potentialAction\":[{\"@type\":\"ReadAction\",\"target\":[\"https:\/\/www.imtbike.com\/cookie-policy\/\"]}]},{\"@type\":\"BreadcrumbList\",\"@id\":\"https:\/\/www.imtbike.com\/cookie-policy\/#breadcrumb\",\"itemListElement\":[{\"@type\":\"ListItem\",\"position\":1,\"name\":\"Home\",\"item\":\"https:\/\/www.imtbike.com\/de\/\"},{\"@type\":\"ListItem\",\"position\":2,\"name\":\"Cookies\"}]},{\"@type\":\"WebSite\",\"@id\":\"https:\/\/www.imtbike.com\/#website\",\"url\":\"https:\/\/www.imtbike.com\/\",\"name\":\"IMTBike\",\"description\":\"Passion for Motorcycling\",\"potentialAction\":[{\"@type\":\"SearchAction\",\"target\":{\"@type\":\"EntryPoint\",\"urlTemplate\":\"https:\/\/www.imtbike.com\/?s={search_term_string}\"},\"query-input\":\"required name=search_term_string\"}],\"inLanguage\":\"de-DE\"}]}<\/script>\n<!-- \/ Yoast SEO plugin. -->","yoast_head_json":{"title":"Cookies - IMTBike","robots":{"index":"index","follow":"follow","max-snippet":"max-snippet:-1","max-image-preview":"max-image-preview:large","max-video-preview":"max-video-preview:-1"},"canonical":"https:\/\/www.imtbike.com\/cookie-policy\/","og_locale":"de_DE","og_type":"article","og_title":"Cookies - IMTBike","og_description":"Die von unserer Website verwendeten Cookies sind folgende Typen: &#8211; Cookies, die f\u00fcr die Bereitstellung bestimmter Dienste erforderlich sind, die vom Benutzer ausdr\u00fccklich angefordert werden: Wenn diese Cookies deaktiviert sind, Read More","og_url":"https:\/\/www.imtbike.com\/cookie-policy\/","og_site_name":"IMTBike","article_modified_time":"2020-06-23T16:17:31+00:00","og_image":[{"url":"https:\/\/www.imtbike.com\/be\/wp-content\/uploads\/2016\/03\/default.jpg"}],"twitter_misc":{"Est. reading time":"1 minute"},"schema":{"@context":"https:\/\/schema.org","@graph":[{"@type":"WebPage","@id":"https:\/\/www.imtbike.com\/cookie-policy\/","url":"https:\/\/www.imtbike.com\/cookie-policy\/","name":"Cookies - IMTBike","isPartOf":{"@id":"https:\/\/www.imtbike.com\/#website"},"datePublished":"2019-03-05T15:34:52+00:00","dateModified":"2020-06-23T16:17:31+00:00","breadcrumb":{"@id":"https:\/\/www.imtbike.com\/cookie-policy\/#breadcrumb"},"inLanguage":"de-DE","potentialAction":[{"@type":"ReadAction","target":["https:\/\/www.imtbike.com\/cookie-policy\/"]}]},{"@type":"BreadcrumbList","@id":"https:\/\/www.imtbike.com\/cookie-policy\/#breadcrumb","itemListElement":[{"@type":"ListItem","position":1,"name":"Home","item":"https:\/\/www.imtbike.com\/de\/"},{"@type":"ListItem","position":2,"name":"Cookies"}]},{"@type":"WebSite","@id":"https:\/\/www.imtbike.com\/#website","url":"https:\/\/www.imtbike.com\/","name":"IMTBike","description":"Passion for Motorcycling","potentialAction":[{"@type":"SearchAction","target":{"@type":"EntryPoint","urlTemplate":"https:\/\/www.imtbike.com\/?s={search_term_string}"},"query-input":"required name=search_term_string"}],"inLanguage":"de-DE"}]}},"jetpack_sharing_enabled":true,"_links":{"self":[{"href":"https:\/\/www.imtbike.com\/de\/wp-json\/wp\/v2\/pages\/15807"}],"collection":[{"href":"https:\/\/www.imtbike.com\/de\/wp-json\/wp\/v2\/pages"}],"about":[{"href":"https:\/\/www.imtbike.com\/de\/wp-json\/wp\/v2\/types\/page"}],"author":[{"embeddable":true,"href":"https:\/\/www.imtbike.com\/de\/wp-json\/wp\/v2\/users\/21"}],"replies":[{"embeddable":true,"href":"https:\/\/www.imtbike.com\/de\/wp-json\/wp\/v2\/comments?post=15807"}],"version-history":[{"count":3,"href":"https:\/\/www.imtbike.com\/de\/wp-json\/wp\/v2\/pages\/15807\/revisions"}],"predecessor-version":[{"id":22470,"href":"https:\/\/www.imtbike.com\/de\/wp-json\/wp\/v2\/pages\/15807\/revisions\/22470"}],"wp:attachment":[{"href":"https:\/\/www.imtbike.com\/de\/wp-json\/wp\/v2\/media?parent=15807"}],"curies":[{"name":"wp","href":"https:\/\/api.w.org\/{rel}","templated":true}]}}