{"id":13335,"date":"2018-06-14T09:14:42","date_gmt":"2018-06-14T13:14:42","guid":{"rendered":"https:\/\/www.imtbike.com\/?page_id=13335"},"modified":"2018-06-14T11:10:28","modified_gmt":"2018-06-14T15:10:28","slug":"datenschutzrichtlinie","status":"publish","type":"page","link":"https:\/\/www.imtbike.com\/de\/footer\/datenschutzrichtlinie\/","title":{"rendered":"Datenschutzrichtlinie"},"content":{"rendered":"<p>Gem\u00e4\u00df Verordnung (EU) 2016\/679 des Europ\u00e4ischen Parlaments und des Rates vom 27. April 2016\u00a0 &#8211; und im Einklang mit der DSGVO\u2013 erhebt, verarbeitet und nutzt IMTBIKE TOURS SL, mit Sitz in C\/CHAPINERIA, 6B (POLIGONO INDUSTRIAL VENTORRO DEL CANO) 28925 ALCORCON (MADRID), die von Ihnen zur Verf\u00fcgung gestellten personenbezogenen Daten f\u00fcr kommerzielle Zwecke und Werbung zu unseren Produkten und angebotenen Dienstleistungen, auf jegliche Art , einschlie\u00dflich elektronischer Kommunikationsmittel.<\/p>\n<p>Sie haben jederzeit das Recht, eine erteilte Einwilligung zur Nutzung Ihrer personenbezoge\u00adnen Daten zu widerrufen. Ihre Eingabe auf Auskunft, L\u00f6schung, Berichtigung, Widerspruch und\/oder Daten\u00fcbertragung, richten Sie bitte mit Kopie Ihres Personalausweises oder eines entsprechend anerkannten Dokumentes, an folgende Adresse: IMTBIKE TOURS SL, C\/CHAPINERIA, 6B (POLIGONO INDUSTRIAL VENTORRO DEL CANO) 28925 ALCORCON (MADRID).<\/p>\n","protected":false},"excerpt":{"rendered":"<p>Gem\u00e4\u00df Verordnung (EU) 2016\/679 des Europ\u00e4ischen Parlaments und des Rates vom 27. April 2016\u00a0 &#8211; und im Einklang mit der DSGVO\u2013 erhebt, verarbeitet und nutzt IMTBIKE TOURS SL, mit Sitz in C\/CHAPINERIA,<\/p>\n<p> <a class=\"read-more\" href=\"https:\/\/www.imtbike.com\/de\/footer\/datenschutzrichtlinie\/\"> Read More<\/a><\/p>\n","protected":false},"author":21,"featured_media":0,"parent":4342,"menu_order":0,"comment_status":"closed","ping_status":"closed","template":"","meta":{"footnotes":""},"acf":[],"yoast_head":"<!-- This site is optimized with the Yoast SEO plugin v22.6 - https:\/\/yoast.com\/wordpress\/plugins\/seo\/ -->\n<title>Datenschutzrichtlinie - IMTBike<\/title>\n<meta name=\"robots\" content=\"index, follow, max-snippet:-1, max-image-preview:large, max-video-preview:-1\" \/>\n<link rel=\"canonical\" href=\"https:\/\/www.imtbike.com\/footer\/privacy-policy\/\" \/>\n<meta property=\"og:locale\" content=\"de_DE\" \/>\n<meta property=\"og:type\" content=\"article\" \/>\n<meta property=\"og:title\" content=\"Datenschutzrichtlinie - IMTBike\" \/>\n<meta property=\"og:description\" content=\"Gem\u00e4\u00df Verordnung (EU) 2016\/679 des Europ\u00e4ischen Parlaments und des Rates vom 27. April 2016\u00a0 &#8211; und im Einklang mit der DSGVO\u2013 erhebt, verarbeitet und nutzt IMTBIKE TOURS SL, mit Sitz in C\/CHAPINERIA, Read More\" \/>\n<meta property=\"og:url\" content=\"https:\/\/www.imtbike.com\/footer\/privacy-policy\/\" \/>\n<meta property=\"og:site_name\" content=\"IMTBike\" \/>\n<meta property=\"article:modified_time\" content=\"2018-06-14T15:10:28+00:00\" \/>\n<meta property=\"og:image\" content=\"https:\/\/www.imtbike.com\/be\/wp-content\/uploads\/2016\/03\/default.jpg\" \/>\n<meta name=\"twitter:label1\" content=\"Est. reading time\" \/>\n\t<meta name=\"twitter:data1\" content=\"1 minute\" \/>\n<script type=\"application\/ld+json\" class=\"yoast-schema-graph\">{\"@context\":\"https:\/\/schema.org\",\"@graph\":[{\"@type\":\"WebPage\",\"@id\":\"https:\/\/www.imtbike.com\/footer\/privacy-policy\/\",\"url\":\"https:\/\/www.imtbike.com\/footer\/privacy-policy\/\",\"name\":\"Datenschutzrichtlinie - IMTBike\",\"isPartOf\":{\"@id\":\"https:\/\/www.imtbike.com\/#website\"},\"datePublished\":\"2018-06-14T13:14:42+00:00\",\"dateModified\":\"2018-06-14T15:10:28+00:00\",\"breadcrumb\":{\"@id\":\"https:\/\/www.imtbike.com\/footer\/privacy-policy\/#breadcrumb\"},\"inLanguage\":\"de-DE\",\"potentialAction\":[{\"@type\":\"ReadAction\",\"target\":[\"https:\/\/www.imtbike.com\/footer\/privacy-policy\/\"]}]},{\"@type\":\"BreadcrumbList\",\"@id\":\"https:\/\/www.imtbike.com\/footer\/privacy-policy\/#breadcrumb\",\"itemListElement\":[{\"@type\":\"ListItem\",\"position\":1,\"name\":\"Home\",\"item\":\"https:\/\/www.imtbike.com\/de\/\"},{\"@type\":\"ListItem\",\"position\":2,\"name\":\"Footer\",\"item\":\"https:\/\/www.imtbike.com\/footer\/\"},{\"@type\":\"ListItem\",\"position\":3,\"name\":\"Datenschutzrichtlinie\"}]},{\"@type\":\"WebSite\",\"@id\":\"https:\/\/www.imtbike.com\/#website\",\"url\":\"https:\/\/www.imtbike.com\/\",\"name\":\"IMTBike\",\"description\":\"Passion for Motorcycling\",\"potentialAction\":[{\"@type\":\"SearchAction\",\"target\":{\"@type\":\"EntryPoint\",\"urlTemplate\":\"https:\/\/www.imtbike.com\/?s={search_term_string}\"},\"query-input\":\"required name=search_term_string\"}],\"inLanguage\":\"de-DE\"}]}<\/script>\n<!-- \/ Yoast SEO plugin. -->","yoast_head_json":{"title":"Datenschutzrichtlinie - IMTBike","robots":{"index":"index","follow":"follow","max-snippet":"max-snippet:-1","max-image-preview":"max-image-preview:large","max-video-preview":"max-video-preview:-1"},"canonical":"https:\/\/www.imtbike.com\/footer\/privacy-policy\/","og_locale":"de_DE","og_type":"article","og_title":"Datenschutzrichtlinie - IMTBike","og_description":"Gem\u00e4\u00df Verordnung (EU) 2016\/679 des Europ\u00e4ischen Parlaments und des Rates vom 27. April 2016\u00a0 &#8211; und im Einklang mit der DSGVO\u2013 erhebt, verarbeitet und nutzt IMTBIKE TOURS SL, mit Sitz in C\/CHAPINERIA, Read More","og_url":"https:\/\/www.imtbike.com\/footer\/privacy-policy\/","og_site_name":"IMTBike","article_modified_time":"2018-06-14T15:10:28+00:00","og_image":[{"url":"https:\/\/www.imtbike.com\/be\/wp-content\/uploads\/2016\/03\/default.jpg"}],"twitter_misc":{"Est. reading time":"1 minute"},"schema":{"@context":"https:\/\/schema.org","@graph":[{"@type":"WebPage","@id":"https:\/\/www.imtbike.com\/footer\/privacy-policy\/","url":"https:\/\/www.imtbike.com\/footer\/privacy-policy\/","name":"Datenschutzrichtlinie - IMTBike","isPartOf":{"@id":"https:\/\/www.imtbike.com\/#website"},"datePublished":"2018-06-14T13:14:42+00:00","dateModified":"2018-06-14T15:10:28+00:00","breadcrumb":{"@id":"https:\/\/www.imtbike.com\/footer\/privacy-policy\/#breadcrumb"},"inLanguage":"de-DE","potentialAction":[{"@type":"ReadAction","target":["https:\/\/www.imtbike.com\/footer\/privacy-policy\/"]}]},{"@type":"BreadcrumbList","@id":"https:\/\/www.imtbike.com\/footer\/privacy-policy\/#breadcrumb","itemListElement":[{"@type":"ListItem","position":1,"name":"Home","item":"https:\/\/www.imtbike.com\/de\/"},{"@type":"ListItem","position":2,"name":"Footer","item":"https:\/\/www.imtbike.com\/footer\/"},{"@type":"ListItem","position":3,"name":"Datenschutzrichtlinie"}]},{"@type":"WebSite","@id":"https:\/\/www.imtbike.com\/#website","url":"https:\/\/www.imtbike.com\/","name":"IMTBike","description":"Passion for Motorcycling","potentialAction":[{"@type":"SearchAction","target":{"@type":"EntryPoint","urlTemplate":"https:\/\/www.imtbike.com\/?s={search_term_string}"},"query-input":"required name=search_term_string"}],"inLanguage":"de-DE"}]}},"jetpack_sharing_enabled":true,"_links":{"self":[{"href":"https:\/\/www.imtbike.com\/de\/wp-json\/wp\/v2\/pages\/13335"}],"collection":[{"href":"https:\/\/www.imtbike.com\/de\/wp-json\/wp\/v2\/pages"}],"about":[{"href":"https:\/\/www.imtbike.com\/de\/wp-json\/wp\/v2\/types\/page"}],"author":[{"embeddable":true,"href":"https:\/\/www.imtbike.com\/de\/wp-json\/wp\/v2\/users\/21"}],"replies":[{"embeddable":true,"href":"https:\/\/www.imtbike.com\/de\/wp-json\/wp\/v2\/comments?post=13335"}],"version-history":[{"count":0,"href":"https:\/\/www.imtbike.com\/de\/wp-json\/wp\/v2\/pages\/13335\/revisions"}],"up":[{"embeddable":true,"href":"https:\/\/www.imtbike.com\/de\/wp-json\/wp\/v2\/pages\/4342"}],"wp:attachment":[{"href":"https:\/\/www.imtbike.com\/de\/wp-json\/wp\/v2\/media?parent=13335"}],"curies":[{"name":"wp","href":"https:\/\/api.w.org\/{rel}","templated":true}]}}