{"id":12281,"date":"2018-02-02T10:21:49","date_gmt":"2018-02-02T15:21:49","guid":{"rendered":"https:\/\/www.imtbike.com\/rewards\/rewards-faq\/"},"modified":"2021-09-29T17:23:09","modified_gmt":"2021-09-29T21:23:09","slug":"rewards-faq","status":"publish","type":"page","link":"https:\/\/www.imtbike.com\/de\/rewards\/rewards-faq\/","title":{"rendered":"Rewards FAQ"},"content":{"rendered":"<p>Wenn Sie noch keine passende Antwort auf Ihre Frage gefunden haben, kontaktieren Sie uns bitte per <a class=\"green\" title=\"Contact\" href=\"https:\/\/www.imtbike.com\/contact\/\">Mail<\/a> oder telefonisch unter (+34) 91 633 72 22.<\/p>\n<ul class=\"left full noMargin whiteBG\" style=\"list-style: none;\">\n<li>\n<h3>Wie finde ich heraus, wie viele Punkte ich bereits gesammelt habe?<\/h3>\n<p>Das geht ganz einfach: loggen Sie sich mit Ihrem Benutzernamen und Passwort ein unter\u00a0MyIMTBike<\/li>\n<li>\n<h3>Muss ich mich irgendwo anmelden, um am IMTBike Rewards teilnehmen zu k\u00f6nnen?<\/h3>\n<p>Nein, Sie m\u00fcssen sich nirgends registrieren, um in den Genuss der IMTBIKE Rewards zu kommen. Jeder, der seit 2007 mit uns gefahren ist, oder ein Motorrad gemietet hat, hat bereits Punkte gesammelt. Alle neuen Kunden werden automatisch registriert und erhalten Punkte.<\/li>\n<li>\n<h3>Wie komme ich an die Rewards?<\/h3>\n<p>Sie k\u00f6nnen Ihre Pr\u00e4mie ganz einfach bei Ihrer n\u00e4chsten Buchung im Internet eintauschen. Einmal bei MyIMTBike eingeloggt, erscheint die Liste der Pr\u00e4mien. Die Pr\u00e4mie, f\u00fcr die Sie sich entscheiden, wird automatisch bei Ihrer n\u00e4chsten Tour oder Anmietung angerechnet.<\/li>\n<li>\n<h3>Kann ich Punkte von jemand anderem verwenden?<\/h3>\n<p>Nein, Punkte k\u00f6nnen nicht auf andere Personen \u00fcbertragen werden.<\/li>\n<li>\n<h3>Ab wann kann ich meine Punkte einsetzen?<\/h3>\n<p>Ihre Punkte werden 7 Tage nach Beendigung Ihrer Tour oder Anmietung gutgeschrieben und k\u00f6nnen ab diesem Zeitpunkt eingesetzt werden.<\/li>\n<li>\n<h3>Wie kann ich meine Punkte in Geld eintauschen?<\/h3>\n<p>Sie k\u00f6nnen Ihre Punkte ganz einfach bei Ihrer n\u00e4chsten Buchung im Internet eintauschen. Einmal bei MyIMTBike eingeloggt, f\u00fcllen Sie das Formular aus und das System zeigt Ihnen automatisch Ihre angesammelten Punkte an (= Euro).\u00a0 Tragen Sie die Punkte ein, die Sie f\u00fcr Ihre Reservierung benutzen wollen und sie werden automatisch vom Endbetrag Ihrer Reisebuchung oder Anmietung abgezogen.<\/li>\n<li>\n<h3>Wieviele Punkte kann ich sammeln?<\/h3>\n<p>Das IMTBike Pr\u00e4mien-Programm erlaubt Ihnen eine unbegrenzte Anzahl an Punkten zu sammeln.<\/li>\n<li>\n<h3>Wie lange wird das IMTBike-Pr\u00e4miein-Programm bestehen?<\/h3>\n<p>Das IMTBike Rewards Programm wurde auf unbestimmte Zeit erstellt. IMTBike beh\u00e4lt sich jedoch das Recht vor, es jederzeit auszusetzen oder zu \u00e4ndern.<\/li>\n<li>\n<h3>K\u00f6nnen meine Punkte verfallen?<\/h3>\n<p>IMTBIKE Rewards Punkte verfallen nach 3 Jahren, wenn sie nicht f\u00fcr eine Tour oder eine Anmietung angerechnet wurden. \u00a0Alle Kunden, die bereits mit ihren Punkten eingeschrieben sind, k\u00f6nnen ihre Punkte bis zum 1 M\u00e4rz 2019 f\u00fcr eine Tour oder eine Motorradanmietung nutzen.<\/p>\n<p>Das Verfalldatum richtet sich nach dem Buchungsdatum. Wenn Sie zum Beispiel Punkte haben, die im M\u00e4rz 2019 verfallen und Sie eine Tour oder ein Motorrad vor diesem Datum buchen, sind Ihre Punkte auch dann g\u00fcltig, wenn die neue Reservierung f\u00fcr einen Zeitpunkt nach dem Verfallsdatum gemacht wurde.<\/li>\n<\/ul>\n","protected":false},"excerpt":{"rendered":"<p>Wenn Sie noch keine passende Antwort auf Ihre Frage gefunden haben, kontaktieren Sie uns bitte per <a class=\"green\" title=\"Contact\" href=\"https:\/\/www.imtbike.com\/contact\/\">Mail<\/a> oder telefonisch unter (+34) 91 633 72 22.<\/p>\n<ul class=\"left full noMargin whiteBG\" style=\"list-style: none;\">\n<li>\nWie finde ich heraus,<\/li>\n<\/ul>\n<p> <a class=\"read-more\" href=\"https:\/\/www.imtbike.com\/de\/rewards\/rewards-faq\/\"> Read More<\/a><\/p>\n","protected":false},"author":21,"featured_media":0,"parent":4401,"menu_order":0,"comment_status":"closed","ping_status":"closed","template":"","meta":{"footnotes":""},"acf":[],"yoast_head":"<!-- This site is optimized with the Yoast SEO plugin v22.6 - https:\/\/yoast.com\/wordpress\/plugins\/seo\/ -->\n<title>Rewards FAQ - IMTBike<\/title>\n<meta name=\"robots\" content=\"index, follow, max-snippet:-1, max-image-preview:large, max-video-preview:-1\" \/>\n<link rel=\"canonical\" href=\"https:\/\/www.imtbike.com\/myimtbike-rewards\/rewards-faq\/\" \/>\n<meta property=\"og:locale\" content=\"de_DE\" \/>\n<meta property=\"og:type\" content=\"article\" \/>\n<meta property=\"og:title\" content=\"Rewards FAQ - IMTBike\" \/>\n<meta property=\"og:description\" content=\"Wenn Sie noch keine passende Antwort auf Ihre Frage gefunden haben, kontaktieren Sie uns bitte per Mail oder telefonisch unter (+34) 91 633 72 22.  Wie finde ich heraus, Read More\" \/>\n<meta property=\"og:url\" content=\"https:\/\/www.imtbike.com\/myimtbike-rewards\/rewards-faq\/\" \/>\n<meta property=\"og:site_name\" content=\"IMTBike\" \/>\n<meta property=\"article:modified_time\" content=\"2021-09-29T21:23:09+00:00\" \/>\n<meta property=\"og:image\" content=\"https:\/\/www.imtbike.com\/be\/wp-content\/uploads\/2016\/03\/default.jpg\" \/>\n<meta name=\"twitter:label1\" content=\"Est. reading time\" \/>\n\t<meta name=\"twitter:data1\" content=\"2 minutes\" \/>\n<script type=\"application\/ld+json\" class=\"yoast-schema-graph\">{\"@context\":\"https:\/\/schema.org\",\"@graph\":[{\"@type\":\"WebPage\",\"@id\":\"https:\/\/www.imtbike.com\/myimtbike-rewards\/rewards-faq\/\",\"url\":\"https:\/\/www.imtbike.com\/myimtbike-rewards\/rewards-faq\/\",\"name\":\"Rewards FAQ - IMTBike\",\"isPartOf\":{\"@id\":\"https:\/\/www.imtbike.com\/#website\"},\"datePublished\":\"2018-02-02T15:21:49+00:00\",\"dateModified\":\"2021-09-29T21:23:09+00:00\",\"breadcrumb\":{\"@id\":\"https:\/\/www.imtbike.com\/myimtbike-rewards\/rewards-faq\/#breadcrumb\"},\"inLanguage\":\"de-DE\",\"potentialAction\":[{\"@type\":\"ReadAction\",\"target\":[\"https:\/\/www.imtbike.com\/myimtbike-rewards\/rewards-faq\/\"]}]},{\"@type\":\"BreadcrumbList\",\"@id\":\"https:\/\/www.imtbike.com\/myimtbike-rewards\/rewards-faq\/#breadcrumb\",\"itemListElement\":[{\"@type\":\"ListItem\",\"position\":1,\"name\":\"Home\",\"item\":\"https:\/\/www.imtbike.com\/de\/\"},{\"@type\":\"ListItem\",\"position\":2,\"name\":\"IMTBIKE Rewards\",\"item\":\"https:\/\/www.imtbike.com\/myimtbike-rewards\/\"},{\"@type\":\"ListItem\",\"position\":3,\"name\":\"Rewards FAQ\"}]},{\"@type\":\"WebSite\",\"@id\":\"https:\/\/www.imtbike.com\/#website\",\"url\":\"https:\/\/www.imtbike.com\/\",\"name\":\"IMTBike\",\"description\":\"Passion for Motorcycling\",\"potentialAction\":[{\"@type\":\"SearchAction\",\"target\":{\"@type\":\"EntryPoint\",\"urlTemplate\":\"https:\/\/www.imtbike.com\/?s={search_term_string}\"},\"query-input\":\"required name=search_term_string\"}],\"inLanguage\":\"de-DE\"}]}<\/script>\n<!-- \/ Yoast SEO plugin. -->","yoast_head_json":{"title":"Rewards FAQ - IMTBike","robots":{"index":"index","follow":"follow","max-snippet":"max-snippet:-1","max-image-preview":"max-image-preview:large","max-video-preview":"max-video-preview:-1"},"canonical":"https:\/\/www.imtbike.com\/myimtbike-rewards\/rewards-faq\/","og_locale":"de_DE","og_type":"article","og_title":"Rewards FAQ - IMTBike","og_description":"Wenn Sie noch keine passende Antwort auf Ihre Frage gefunden haben, kontaktieren Sie uns bitte per Mail oder telefonisch unter (+34) 91 633 72 22.  Wie finde ich heraus, Read More","og_url":"https:\/\/www.imtbike.com\/myimtbike-rewards\/rewards-faq\/","og_site_name":"IMTBike","article_modified_time":"2021-09-29T21:23:09+00:00","og_image":[{"url":"https:\/\/www.imtbike.com\/be\/wp-content\/uploads\/2016\/03\/default.jpg"}],"twitter_misc":{"Est. reading time":"2 minutes"},"schema":{"@context":"https:\/\/schema.org","@graph":[{"@type":"WebPage","@id":"https:\/\/www.imtbike.com\/myimtbike-rewards\/rewards-faq\/","url":"https:\/\/www.imtbike.com\/myimtbike-rewards\/rewards-faq\/","name":"Rewards FAQ - IMTBike","isPartOf":{"@id":"https:\/\/www.imtbike.com\/#website"},"datePublished":"2018-02-02T15:21:49+00:00","dateModified":"2021-09-29T21:23:09+00:00","breadcrumb":{"@id":"https:\/\/www.imtbike.com\/myimtbike-rewards\/rewards-faq\/#breadcrumb"},"inLanguage":"de-DE","potentialAction":[{"@type":"ReadAction","target":["https:\/\/www.imtbike.com\/myimtbike-rewards\/rewards-faq\/"]}]},{"@type":"BreadcrumbList","@id":"https:\/\/www.imtbike.com\/myimtbike-rewards\/rewards-faq\/#breadcrumb","itemListElement":[{"@type":"ListItem","position":1,"name":"Home","item":"https:\/\/www.imtbike.com\/de\/"},{"@type":"ListItem","position":2,"name":"IMTBIKE Rewards","item":"https:\/\/www.imtbike.com\/myimtbike-rewards\/"},{"@type":"ListItem","position":3,"name":"Rewards FAQ"}]},{"@type":"WebSite","@id":"https:\/\/www.imtbike.com\/#website","url":"https:\/\/www.imtbike.com\/","name":"IMTBike","description":"Passion for Motorcycling","potentialAction":[{"@type":"SearchAction","target":{"@type":"EntryPoint","urlTemplate":"https:\/\/www.imtbike.com\/?s={search_term_string}"},"query-input":"required name=search_term_string"}],"inLanguage":"de-DE"}]}},"jetpack_sharing_enabled":true,"_links":{"self":[{"href":"https:\/\/www.imtbike.com\/de\/wp-json\/wp\/v2\/pages\/12281"}],"collection":[{"href":"https:\/\/www.imtbike.com\/de\/wp-json\/wp\/v2\/pages"}],"about":[{"href":"https:\/\/www.imtbike.com\/de\/wp-json\/wp\/v2\/types\/page"}],"author":[{"embeddable":true,"href":"https:\/\/www.imtbike.com\/de\/wp-json\/wp\/v2\/users\/21"}],"replies":[{"embeddable":true,"href":"https:\/\/www.imtbike.com\/de\/wp-json\/wp\/v2\/comments?post=12281"}],"version-history":[{"count":1,"href":"https:\/\/www.imtbike.com\/de\/wp-json\/wp\/v2\/pages\/12281\/revisions"}],"predecessor-version":[{"id":25032,"href":"https:\/\/www.imtbike.com\/de\/wp-json\/wp\/v2\/pages\/12281\/revisions\/25032"}],"up":[{"embeddable":true,"href":"https:\/\/www.imtbike.com\/de\/wp-json\/wp\/v2\/pages\/4401"}],"wp:attachment":[{"href":"https:\/\/www.imtbike.com\/de\/wp-json\/wp\/v2\/media?parent=12281"}],"curies":[{"name":"wp","href":"https:\/\/api.w.org\/{rel}","templated":true}]}}