{"id":10174,"date":"2017-02-01T10:54:18","date_gmt":"2017-02-01T15:54:18","guid":{"rendered":"https:\/\/www.imtbike.com\/?page_id=10174"},"modified":"2018-03-06T11:26:25","modified_gmt":"2018-03-06T16:26:25","slug":"hotels-gastronomie","status":"publish","type":"page","link":"https:\/\/www.imtbike.com\/de\/motorradtouren\/hotels-gastronomie\/","title":{"rendered":"Hotels &#038; Gastronomie"},"content":{"rendered":"<div class=\"horizontalSpacer verticalSpacer\">Wir bei IMTBIKE sind immer leidenschaftlich dabei f\u00fcr Sie Touren zu entwickeln, auf denen Sie mit dem Motorrad formvollendet dem Alltag entfliehen k\u00f6nnen. Dabei streben wir bis ins kleinste Detail nach Perfektion, sei es bei den Reisen oder bei der Motorradvermietung. Was bekommen Sie von uns, wenn Ihre ungebremste Leidenschaft f\u00fcrs Motorradfahren auf unsere Liebe zum Detail trifft? Eine wahrlich ausgefallene Motorradtour mit IMTBIKE.Wir bei IMTBIKE sind sehr stolz auf den hervorragenden Ruf, den wir seit unserer Er\u00f6ffnung in 1997 erworben haben. Unsere hervorragenden Guides, die einzigartigen Hotels, eine sorgf\u00e4ltig ausgew\u00e4hlte einheimische K\u00fcche, auserlesene regionale Weine, tadellose Motorr\u00e4der, professionell ausgearbeitete Routen, machen unsere Touren zu einem au\u00dfergew\u00f6hnlichen Erlebnis.<\/p>\n<\/div>\n<div class=\"tborder flexCentered\">\n<div class=\"grid_8\">\n<h2>Sch\u00f6ne Hotels<\/h2>\n<p>Einzigartige Unterk\u00fcnfte sind unser Markenzeichen. Wir bieten Ihnen mehr als ein Hotelzimmer, wir w\u00fcnschen Ihnen ein ganz besonders sch\u00f6nes Erlebnis. Das bedeutet, wir suchen mit gr\u00f6\u00dfter Sorgfalt Unterk\u00fcnfte aus, die einen hervorragenden Service bieten, Inbegriff der \u00f6rtlichen Kultur sind und den dortigen Charme verspr\u00fchen. Und wir sorgen vor Ort daf\u00fcr, dass Ihnen nichts fehlt und Sie sich auf das Wesentliche Ihrer Reise konzentrieren k\u00f6nnen: sch\u00f6ne Erinnerungen zu sammeln.<\/p>\n<\/div>\n<div class=\"grid_4 noPadding\"><img decoding=\"async\" loading=\"lazy\" width=\"320\" height=\"275\" class=\"alignnone wp-image-8863 size-medium full\" src=\"https:\/\/www.imtbike.com\/be\/wp-content\/uploads\/2016\/08\/awesome-hotels.jpg\" alt=\"awesome-hotels\" srcset=\"https:\/\/www.imtbike.com\/be\/wp-content\/uploads\/2016\/08\/awesome-hotels.jpg 320w, https:\/\/www.imtbike.com\/be\/wp-content\/uploads\/2016\/08\/awesome-hotels-300x258.jpg 300w\" sizes=\"(max-width: 320px) 100vw, 320px\" \/><\/div>\n<\/div>\n<div class=\"clear\"><\/div>\n<div class=\"tborder flexCentered\">\n<div class=\"grid_4 noPadding\"><img decoding=\"async\" loading=\"lazy\" width=\"320\" height=\"275\" class=\"alignnone size-medium wp-image-8864 full\" src=\"https:\/\/www.imtbike.com\/be\/wp-content\/uploads\/2016\/08\/gastronomy.jpg\" alt=\"gastronomy\" srcset=\"https:\/\/www.imtbike.com\/be\/wp-content\/uploads\/2016\/08\/gastronomy.jpg 320w, https:\/\/www.imtbike.com\/be\/wp-content\/uploads\/2016\/08\/gastronomy-300x258.jpg 300w\" sizes=\"(max-width: 320px) 100vw, 320px\" \/><\/div>\n<div class=\"grid_8\">\n<h2>Gastronomie<\/h2>\n<p>Wir w\u00fcnschen uns, dass f\u00fcr Sie jeder Restaurantbesuch zu einem ganz besonderen Erlebnis wird. Von daher suchen unsere kulinarischen Experten nach Adressen mit der besten K\u00fcche am Ort. Sie kosten Geschichte und Kultur von Gastwirten, die gutes Essen lieben und Ihnen brillanten Service und besten Wein anbieten. Sie werden die kulinarischen Abenteuer, die Atmosph\u00e4re einzigartiger Lokale und den Genuss eines gro\u00dfartigen Mahls am Ende eines ereignisreichen Tages lieben.<\/p>\n<\/div>\n<\/div>\n","protected":false},"excerpt":{"rendered":"<p>Wir bei IMTBIKE sind immer leidenschaftlich dabei f\u00fcr Sie Touren zu entwickeln, auf denen Sie mit dem Motorrad formvollendet dem Alltag entfliehen k\u00f6nnen. Dabei streben wir bis ins kleinste Detail nach Perfektion, <a class=\"read-more\" href=\"https:\/\/www.imtbike.com\/de\/motorradtouren\/hotels-gastronomie\/\"> Read More<\/a><\/p>\n","protected":false},"author":21,"featured_media":8939,"parent":3772,"menu_order":0,"comment_status":"closed","ping_status":"closed","template":"","meta":{"footnotes":""},"acf":[],"yoast_head":"<!-- This site is optimized with the Yoast SEO plugin v22.6 - https:\/\/yoast.com\/wordpress\/plugins\/seo\/ -->\n<title>Hotels &amp; Gastronomie - IMTBike<\/title>\n<meta name=\"robots\" content=\"index, follow, max-snippet:-1, max-image-preview:large, max-video-preview:-1\" \/>\n<link rel=\"canonical\" href=\"https:\/\/www.imtbike.com\/motorcycle-tours\/hotels-gastronomy\/\" \/>\n<meta property=\"og:locale\" content=\"de_DE\" \/>\n<meta property=\"og:type\" content=\"article\" \/>\n<meta property=\"og:title\" content=\"Hotels &amp; Gastronomie - IMTBike\" \/>\n<meta property=\"og:description\" content=\"Wir bei IMTBIKE sind immer leidenschaftlich dabei f\u00fcr Sie Touren zu entwickeln, auf denen Sie mit dem Motorrad formvollendet dem Alltag entfliehen k\u00f6nnen. Dabei streben wir bis ins kleinste Detail nach Perfektion, Read More\" \/>\n<meta property=\"og:url\" content=\"https:\/\/www.imtbike.com\/motorcycle-tours\/hotels-gastronomy\/\" \/>\n<meta property=\"og:site_name\" content=\"IMTBike\" \/>\n<meta property=\"article:modified_time\" content=\"2018-03-06T16:26:25+00:00\" \/>\n<meta property=\"og:image\" content=\"https:\/\/www.imtbike.com\/be\/wp-content\/uploads\/2016\/08\/hotels-gastronomy-header.jpg\" \/>\n\t<meta property=\"og:image:width\" content=\"960\" \/>\n\t<meta property=\"og:image:height\" content=\"413\" \/>\n\t<meta property=\"og:image:type\" content=\"image\/jpeg\" \/>\n<meta name=\"twitter:label1\" content=\"Est. reading time\" \/>\n\t<meta name=\"twitter:data1\" content=\"1 minute\" \/>\n<script type=\"application\/ld+json\" class=\"yoast-schema-graph\">{\"@context\":\"https:\/\/schema.org\",\"@graph\":[{\"@type\":\"WebPage\",\"@id\":\"https:\/\/www.imtbike.com\/motorcycle-tours\/hotels-gastronomy\/\",\"url\":\"https:\/\/www.imtbike.com\/motorcycle-tours\/hotels-gastronomy\/\",\"name\":\"Hotels & Gastronomie - IMTBike\",\"isPartOf\":{\"@id\":\"https:\/\/www.imtbike.com\/#website\"},\"primaryImageOfPage\":{\"@id\":\"https:\/\/www.imtbike.com\/motorcycle-tours\/hotels-gastronomy\/#primaryimage\"},\"image\":{\"@id\":\"https:\/\/www.imtbike.com\/motorcycle-tours\/hotels-gastronomy\/#primaryimage\"},\"thumbnailUrl\":\"https:\/\/www.imtbike.com\/be\/wp-content\/uploads\/2016\/08\/hotels-gastronomy-header.jpg\",\"datePublished\":\"2017-02-01T15:54:18+00:00\",\"dateModified\":\"2018-03-06T16:26:25+00:00\",\"breadcrumb\":{\"@id\":\"https:\/\/www.imtbike.com\/motorcycle-tours\/hotels-gastronomy\/#breadcrumb\"},\"inLanguage\":\"de-DE\",\"potentialAction\":[{\"@type\":\"ReadAction\",\"target\":[\"https:\/\/www.imtbike.com\/motorcycle-tours\/hotels-gastronomy\/\"]}]},{\"@type\":\"ImageObject\",\"inLanguage\":\"de-DE\",\"@id\":\"https:\/\/www.imtbike.com\/motorcycle-tours\/hotels-gastronomy\/#primaryimage\",\"url\":\"https:\/\/www.imtbike.com\/be\/wp-content\/uploads\/2016\/08\/hotels-gastronomy-header.jpg\",\"contentUrl\":\"https:\/\/www.imtbike.com\/be\/wp-content\/uploads\/2016\/08\/hotels-gastronomy-header.jpg\",\"width\":960,\"height\":413},{\"@type\":\"BreadcrumbList\",\"@id\":\"https:\/\/www.imtbike.com\/motorcycle-tours\/hotels-gastronomy\/#breadcrumb\",\"itemListElement\":[{\"@type\":\"ListItem\",\"position\":1,\"name\":\"Home\",\"item\":\"https:\/\/www.imtbike.com\/de\/\"},{\"@type\":\"ListItem\",\"position\":2,\"name\":\"Motorradtouren\",\"item\":\"https:\/\/www.imtbike.com\/motorcycle-tours\/\"},{\"@type\":\"ListItem\",\"position\":3,\"name\":\"Hotels &#038; Gastronomie\"}]},{\"@type\":\"WebSite\",\"@id\":\"https:\/\/www.imtbike.com\/#website\",\"url\":\"https:\/\/www.imtbike.com\/\",\"name\":\"IMTBike\",\"description\":\"Passion for Motorcycling\",\"potentialAction\":[{\"@type\":\"SearchAction\",\"target\":{\"@type\":\"EntryPoint\",\"urlTemplate\":\"https:\/\/www.imtbike.com\/?s={search_term_string}\"},\"query-input\":\"required name=search_term_string\"}],\"inLanguage\":\"de-DE\"}]}<\/script>\n<!-- \/ Yoast SEO plugin. -->","yoast_head_json":{"title":"Hotels & Gastronomie - IMTBike","robots":{"index":"index","follow":"follow","max-snippet":"max-snippet:-1","max-image-preview":"max-image-preview:large","max-video-preview":"max-video-preview:-1"},"canonical":"https:\/\/www.imtbike.com\/motorcycle-tours\/hotels-gastronomy\/","og_locale":"de_DE","og_type":"article","og_title":"Hotels & Gastronomie - IMTBike","og_description":"Wir bei IMTBIKE sind immer leidenschaftlich dabei f\u00fcr Sie Touren zu entwickeln, auf denen Sie mit dem Motorrad formvollendet dem Alltag entfliehen k\u00f6nnen. Dabei streben wir bis ins kleinste Detail nach Perfektion, Read More","og_url":"https:\/\/www.imtbike.com\/motorcycle-tours\/hotels-gastronomy\/","og_site_name":"IMTBike","article_modified_time":"2018-03-06T16:26:25+00:00","og_image":[{"width":960,"height":413,"url":"https:\/\/www.imtbike.com\/be\/wp-content\/uploads\/2016\/08\/hotels-gastronomy-header.jpg","type":"image\/jpeg"}],"twitter_misc":{"Est. reading time":"1 minute"},"schema":{"@context":"https:\/\/schema.org","@graph":[{"@type":"WebPage","@id":"https:\/\/www.imtbike.com\/motorcycle-tours\/hotels-gastronomy\/","url":"https:\/\/www.imtbike.com\/motorcycle-tours\/hotels-gastronomy\/","name":"Hotels & Gastronomie - IMTBike","isPartOf":{"@id":"https:\/\/www.imtbike.com\/#website"},"primaryImageOfPage":{"@id":"https:\/\/www.imtbike.com\/motorcycle-tours\/hotels-gastronomy\/#primaryimage"},"image":{"@id":"https:\/\/www.imtbike.com\/motorcycle-tours\/hotels-gastronomy\/#primaryimage"},"thumbnailUrl":"https:\/\/www.imtbike.com\/be\/wp-content\/uploads\/2016\/08\/hotels-gastronomy-header.jpg","datePublished":"2017-02-01T15:54:18+00:00","dateModified":"2018-03-06T16:26:25+00:00","breadcrumb":{"@id":"https:\/\/www.imtbike.com\/motorcycle-tours\/hotels-gastronomy\/#breadcrumb"},"inLanguage":"de-DE","potentialAction":[{"@type":"ReadAction","target":["https:\/\/www.imtbike.com\/motorcycle-tours\/hotels-gastronomy\/"]}]},{"@type":"ImageObject","inLanguage":"de-DE","@id":"https:\/\/www.imtbike.com\/motorcycle-tours\/hotels-gastronomy\/#primaryimage","url":"https:\/\/www.imtbike.com\/be\/wp-content\/uploads\/2016\/08\/hotels-gastronomy-header.jpg","contentUrl":"https:\/\/www.imtbike.com\/be\/wp-content\/uploads\/2016\/08\/hotels-gastronomy-header.jpg","width":960,"height":413},{"@type":"BreadcrumbList","@id":"https:\/\/www.imtbike.com\/motorcycle-tours\/hotels-gastronomy\/#breadcrumb","itemListElement":[{"@type":"ListItem","position":1,"name":"Home","item":"https:\/\/www.imtbike.com\/de\/"},{"@type":"ListItem","position":2,"name":"Motorradtouren","item":"https:\/\/www.imtbike.com\/motorcycle-tours\/"},{"@type":"ListItem","position":3,"name":"Hotels &#038; Gastronomie"}]},{"@type":"WebSite","@id":"https:\/\/www.imtbike.com\/#website","url":"https:\/\/www.imtbike.com\/","name":"IMTBike","description":"Passion for Motorcycling","potentialAction":[{"@type":"SearchAction","target":{"@type":"EntryPoint","urlTemplate":"https:\/\/www.imtbike.com\/?s={search_term_string}"},"query-input":"required name=search_term_string"}],"inLanguage":"de-DE"}]}},"jetpack_sharing_enabled":true,"_links":{"self":[{"href":"https:\/\/www.imtbike.com\/de\/wp-json\/wp\/v2\/pages\/10174"}],"collection":[{"href":"https:\/\/www.imtbike.com\/de\/wp-json\/wp\/v2\/pages"}],"about":[{"href":"https:\/\/www.imtbike.com\/de\/wp-json\/wp\/v2\/types\/page"}],"author":[{"embeddable":true,"href":"https:\/\/www.imtbike.com\/de\/wp-json\/wp\/v2\/users\/21"}],"replies":[{"embeddable":true,"href":"https:\/\/www.imtbike.com\/de\/wp-json\/wp\/v2\/comments?post=10174"}],"version-history":[{"count":0,"href":"https:\/\/www.imtbike.com\/de\/wp-json\/wp\/v2\/pages\/10174\/revisions"}],"up":[{"embeddable":true,"href":"https:\/\/www.imtbike.com\/de\/wp-json\/wp\/v2\/pages\/3772"}],"wp:featuredmedia":[{"embeddable":true,"href":"https:\/\/www.imtbike.com\/de\/wp-json\/wp\/v2\/media\/8939"}],"wp:attachment":[{"href":"https:\/\/www.imtbike.com\/de\/wp-json\/wp\/v2\/media?parent=10174"}],"curies":[{"name":"wp","href":"https:\/\/api.w.org\/{rel}","templated":true}]}}